{"id":9252,"date":"2025-09-16T14:27:04","date_gmt":"2025-09-16T12:27:04","guid":{"rendered":"https:\/\/thetatauhome.com\/?post_type=product&#038;p=9252"},"modified":"2025-09-16T14:31:18","modified_gmt":"2025-09-16T12:31:18","slug":"pecron-e2400lfp-estacion-de-energia-portatil-2048wh-56-4v-36ah-generador-solar-portatil-2400w-pico-4800w","status":"publish","type":"product","link":"https:\/\/thetatauhome.com\/es\/producto\/pecron-e2400lfp-estacion-de-energia-portatil-2048wh-56-4v-36ah-generador-solar-portatil-2400w-pico-4800w\/","title":{"rendered":"Pecron E2400LFP Estaci\u00f3n de Energ\u00eda Port\u00e1til 2048Wh (56.4V 36Ah) | Generador Solar Port\u00e1til  | 2400W (Pico 4800W)"},"content":{"rendered":"<p><img fetchpriority=\"high\" decoding=\"async\" src=\"https:\/\/pecron.es\/wp-content\/uploads\/2025\/08\/1464x600_3_051dedc7-1d8d-41a5-ad01-2e2d8465fa66-1024x420.webp\" sizes=\"(max-width: 1024px) 100vw, 1024px\" srcset=\"https:\/\/pecron.es\/wp-content\/uploads\/2025\/08\/1464x600_3_051dedc7-1d8d-41a5-ad01-2e2d8465fa66-1024x420.webp 1024w, https:\/\/pecron.es\/wp-content\/uploads\/2025\/08\/1464x600_3_051dedc7-1d8d-41a5-ad01-2e2d8465fa66-300x123.webp 300w, https:\/\/pecron.es\/wp-content\/uploads\/2025\/08\/1464x600_3_051dedc7-1d8d-41a5-ad01-2e2d8465fa66-768x315.webp 768w, https:\/\/pecron.es\/wp-content\/uploads\/2025\/08\/1464x600_3_051dedc7-1d8d-41a5-ad01-2e2d8465fa66-600x246.webp 600w, https:\/\/pecron.es\/wp-content\/uploads\/2025\/08\/1464x600_3_051dedc7-1d8d-41a5-ad01-2e2d8465fa66.webp 1464w\" alt=\"\" width=\"1024\" height=\"420\" \/> <img decoding=\"async\" src=\"https:\/\/pecron.es\/wp-content\/uploads\/2025\/08\/pecron-e2400lfp-pecron-espana-1024x1024.png\" sizes=\"(max-width: 1024px) 100vw, 1024px\" srcset=\"https:\/\/pecron.es\/wp-content\/uploads\/2025\/08\/pecron-e2400lfp-pecron-espana-1024x1024.png 1024w, https:\/\/pecron.es\/wp-content\/uploads\/2025\/08\/pecron-e2400lfp-pecron-espana-300x300.png 300w, https:\/\/pecron.es\/wp-content\/uploads\/2025\/08\/pecron-e2400lfp-pecron-espana-600x600.png 600w, https:\/\/pecron.es\/wp-content\/uploads\/2025\/08\/pecron-e2400lfp-pecron-espana-150x150.png 150w, https:\/\/pecron.es\/wp-content\/uploads\/2025\/08\/pecron-e2400lfp-pecron-espana-768x768.png 768w, https:\/\/pecron.es\/wp-content\/uploads\/2025\/08\/pecron-e2400lfp-pecron-espana.png 1500w\" alt=\"\" width=\"1024\" height=\"1024\" \/><\/p>\n<h2>Potencia y capacidad de bater\u00eda<\/h2>\n<p data-start=\"192\" data-end=\"632\">La estaci\u00f3n de energ\u00eda port\u00e1til Pecron E2400LFP incorpora un inversor de onda sinusoidal pura de 2400 W de potencia continua y hasta 4000 W de pico, lo que garantiza un suministro estable incluso para aparatos de alta demanda. Su bater\u00eda de 2048 Wh con tecnolog\u00eda LiFePO\u2084 (51,2 V \/ 40 Ah) asegura m\u00e1s de 3.500 ciclos de vida al 80 %, ofreciendo una mayor durabilidad, seguridad y rendimiento frente a otras qu\u00edmicas de bater\u00eda.<\/p>\n<p><img decoding=\"async\" src=\"https:\/\/pecron.es\/wp-content\/uploads\/2025\/08\/pecron-e2400lfp-charging-1024x420.webp\" sizes=\"(max-width: 1024px) 100vw, 1024px\" srcset=\"https:\/\/pecron.es\/wp-content\/uploads\/2025\/08\/pecron-e2400lfp-charging-1024x420.webp 1024w, https:\/\/pecron.es\/wp-content\/uploads\/2025\/08\/pecron-e2400lfp-charging-300x123.webp 300w, https:\/\/pecron.es\/wp-content\/uploads\/2025\/08\/pecron-e2400lfp-charging-768x315.webp 768w, https:\/\/pecron.es\/wp-content\/uploads\/2025\/08\/pecron-e2400lfp-charging-600x246.webp 600w, https:\/\/pecron.es\/wp-content\/uploads\/2025\/08\/pecron-e2400lfp-charging.webp 1464w\" alt=\"\" width=\"1024\" height=\"420\" \/> <img loading=\"lazy\" decoding=\"async\" src=\"https:\/\/pecron.es\/wp-content\/uploads\/2025\/08\/E600LFP-pecron-espana.png\" sizes=\"(max-width: 500px) 100vw, 500px\" srcset=\"https:\/\/pecron.es\/wp-content\/uploads\/2025\/08\/E600LFP-pecron-espana.png 500w, https:\/\/pecron.es\/wp-content\/uploads\/2025\/08\/E600LFP-pecron-espana-300x300.png 300w, https:\/\/pecron.es\/wp-content\/uploads\/2025\/08\/E600LFP-pecron-espana-150x150.png 150w\" alt=\"\" width=\"500\" height=\"500\" \/><\/p>\n<h2>Modos de recarga r\u00e1pidos y vers\u00e1tiles<\/h2>\n<p data-start=\"156\" data-end=\"494\">La Pecron E600LFP utiliza una bater\u00eda LiFePO\u2084 (fosfato de hierro y litio) de \u00faltima generaci\u00f3n, capaz de mantener hasta el 80% de su capacidad original incluso despu\u00e9s de 3.500 ciclos de carga completos. Esto garantiza m\u00e1s de 10 a\u00f1os de uso fiable, muy por encima de la vida \u00fatil de las bater\u00edas de litio convencionales.<\/p>\n<p data-start=\"496\" data-end=\"802\">Su sistema de gesti\u00f3n inteligente BMS monitoriza en tiempo real el voltaje, la corriente y la temperatura de la bater\u00eda. En caso de sobrecarga, cortocircuito o sobrecalentamiento, el suministro de energ\u00eda se interrumpe autom\u00e1ticamente, asegurando protecci\u00f3n total para tus dispositivos y para ti.<\/p>\n<p data-start=\"804\" data-end=\"1066\">Adem\u00e1s de ofrecer energ\u00eda estable y segura, la E600LFP es compatible con carga mediante paneles solares, lo que te permite aprovechar energ\u00eda limpia y gratuita para reducir tu huella de carbono y ahorrar en la factura el\u00e9ctrica durante todo el a\u00f1o.<\/p>\n<p><img loading=\"lazy\" decoding=\"async\" src=\"https:\/\/pecron.es\/wp-content\/uploads\/2025\/08\/Pecron-e2400lfp-app-1024x1024.webp\" sizes=\"(max-width: 1024px) 100vw, 1024px\" srcset=\"https:\/\/pecron.es\/wp-content\/uploads\/2025\/08\/Pecron-e2400lfp-app-1024x1024.webp 1024w, https:\/\/pecron.es\/wp-content\/uploads\/2025\/08\/Pecron-e2400lfp-app-300x300.webp 300w, https:\/\/pecron.es\/wp-content\/uploads\/2025\/08\/Pecron-e2400lfp-app-150x150.webp 150w, https:\/\/pecron.es\/wp-content\/uploads\/2025\/08\/Pecron-e2400lfp-app-768x768.webp 768w, https:\/\/pecron.es\/wp-content\/uploads\/2025\/08\/Pecron-e2400lfp-app-600x600.webp 600w, https:\/\/pecron.es\/wp-content\/uploads\/2025\/08\/Pecron-e2400lfp-app.webp 1500w\" alt=\"\" width=\"1024\" height=\"1024\" \/><\/p>\n<h2>Control inteligente con APP y Wi-Fi<\/h2>\n<p data-start=\"156\" data-end=\"332\">Otro de sus grandes atractivos es el control inteligente a trav\u00e9s de APP y Wi-Fi. Desde el m\u00f3vil se pueden supervisar los niveles de bater\u00eda, ajustar la velocidad de carga y gestionar las diferentes salidas de energ\u00eda, ofreciendo comodidad y control total en todo momento.<\/p>\n<p><img loading=\"lazy\" decoding=\"async\" src=\"https:\/\/pecron.es\/wp-content\/uploads\/2025\/08\/pecron-e2400lfp-metodos-de-charging-1024x420.webp\" sizes=\"(max-width: 1024px) 100vw, 1024px\" srcset=\"https:\/\/pecron.es\/wp-content\/uploads\/2025\/08\/pecron-e2400lfp-metodos-de-charging-1024x420.webp 1024w, https:\/\/pecron.es\/wp-content\/uploads\/2025\/08\/pecron-e2400lfp-metodos-de-charging-300x123.webp 300w, https:\/\/pecron.es\/wp-content\/uploads\/2025\/08\/pecron-e2400lfp-metodos-de-charging-768x315.webp 768w, https:\/\/pecron.es\/wp-content\/uploads\/2025\/08\/pecron-e2400lfp-metodos-de-charging-600x246.webp 600w, https:\/\/pecron.es\/wp-content\/uploads\/2025\/08\/pecron-e2400lfp-metodos-de-charging.webp 1464w\" alt=\"\" width=\"1024\" height=\"420\" \/><\/p>\n<p data-start=\"604\" data-end=\"691\">La E2400LFP ofrece diferentes formas de recarga que se adaptan a cualquier situaci\u00f3n:<\/p>\n<ul data-start=\"692\" data-end=\"1076\">\n<li data-start=\"692\" data-end=\"797\">\n<p data-start=\"694\" data-end=\"797\">Carga ultrarr\u00e1pida AC: recarga completa en solo 1,5 horas gracias a su entrada de 1800 W.<\/p>\n<\/li>\n<li data-start=\"798\" data-end=\"919\">\n<p data-start=\"800\" data-end=\"919\">Energ\u00eda solar: admite hasta 800 W de entrada solar, ideal para viajes, campings o entornos sin red el\u00e9ctrica.<\/p>\n<\/li>\n<li data-start=\"920\" data-end=\"1000\">\n<p data-start=\"922\" data-end=\"1000\">Carga en coche (12 V) o mediante generador, para mayor flexibilidad.<\/p>\n<\/li>\n<li data-start=\"1001\" data-end=\"1076\">\n<p data-start=\"1003\" data-end=\"1076\">Combinaci\u00f3n de AC + solar, reduciendo a\u00fan m\u00e1s los tiempos de carga.<\/p>\n<\/li>\n<\/ul>\n<p><img loading=\"lazy\" decoding=\"async\" src=\"https:\/\/pecron.es\/wp-content\/uploads\/2025\/08\/pecron-e2400lfp-bateria.webp\" sizes=\"(max-width: 800px) 100vw, 800px\" srcset=\"https:\/\/pecron.es\/wp-content\/uploads\/2025\/08\/pecron-e2400lfp-bateria.webp 800w, https:\/\/pecron.es\/wp-content\/uploads\/2025\/08\/pecron-e2400lfp-bateria-300x300.webp 300w, https:\/\/pecron.es\/wp-content\/uploads\/2025\/08\/pecron-e2400lfp-bateria-150x150.webp 150w, https:\/\/pecron.es\/wp-content\/uploads\/2025\/08\/pecron-e2400lfp-bateria-768x768.webp 768w, https:\/\/pecron.es\/wp-content\/uploads\/2025\/08\/pecron-e2400lfp-bateria-600x600.webp 600w\" alt=\"\" width=\"800\" height=\"800\" \/><\/p>\n<h2>Especificaciones t\u00e9cnicas de la Pecron E2400LFP<\/h2>\n<ul>\n<li style=\"text-align: left;\" data-start=\"1596\" data-end=\"1627\">Potencia continua: 2400 W<\/li>\n<li style=\"text-align: left;\" data-start=\"1628\" data-end=\"1657\">\n<p data-start=\"1630\" data-end=\"1657\">Potencia pico: 4000 W<\/p>\n<\/li>\n<li style=\"text-align: left;\" data-start=\"1658\" data-end=\"1721\">\n<p data-start=\"1660\" data-end=\"1721\">Capacidad de bater\u00eda: 2048 Wh (LiFePO\u2084, 51,2 V \/ 40 Ah)<\/p>\n<\/li>\n<li style=\"text-align: left;\" data-start=\"1722\" data-end=\"1767\">\n<p data-start=\"1724\" data-end=\"1767\">Ciclos de vida: +3.500 ciclos al 80 %<\/p>\n<\/li>\n<li style=\"text-align: left;\" data-start=\"1768\" data-end=\"1819\">\n<p data-start=\"1770\" data-end=\"1819\">Carga AC r\u00e1pida: 1,5 horas (entrada 1800 W)<\/p>\n<\/li>\n<li style=\"text-align: left;\" data-start=\"1820\" data-end=\"1854\">\n<p data-start=\"1822\" data-end=\"1854\">Entrada solar: hasta 800 W<\/p>\n<\/li>\n<li style=\"text-align: left;\" data-start=\"1855\" data-end=\"2021\">\n<p data-start=\"1857\" data-end=\"1883\">Salidas disponibles:<\/p>\n<ul data-start=\"1886\" data-end=\"2021\">\n<li data-start=\"1886\" data-end=\"1896\">\n<p data-start=\"1888\" data-end=\"1896\">3 \u00d7 AC<\/p>\n<\/li>\n<li data-start=\"1899\" data-end=\"1923\">\n<p data-start=\"1901\" data-end=\"1923\">2 \u00d7 USB-C PD (100 W)<\/p>\n<\/li>\n<li data-start=\"1926\" data-end=\"1939\">\n<p data-start=\"1928\" data-end=\"1939\">4 \u00d7 USB-A<\/p>\n<\/li>\n<li data-start=\"1942\" data-end=\"1966\">\n<p data-start=\"1944\" data-end=\"1966\">1 \u00d7 XT60 30 A (12 V)<\/p>\n<\/li>\n<li data-start=\"1969\" data-end=\"1983\">\n<p data-start=\"1971\" data-end=\"1983\">1 \u00d7 DC5525<\/p>\n<\/li>\n<li data-start=\"1986\" data-end=\"2021\">\n<p data-start=\"1988\" data-end=\"2021\">1 \u00d7 toma de mechero (cigarette)<\/p>\n<\/li>\n<\/ul>\n<\/li>\n<li style=\"text-align: left;\" data-start=\"2022\" data-end=\"2109\">\n<p data-start=\"2024\" data-end=\"2109\">Expansi\u00f3n de capacidad: hasta 8192 Wh mediante bater\u00edas adicionales EP3000-48 V<\/p>\n<\/li>\n<li style=\"text-align: left;\" data-start=\"2110\" data-end=\"2157\">\n<p data-start=\"2112\" data-end=\"2157\">Dimensiones: aprox. 37,6 \u00d7 23,6 \u00d7 33 cm<\/p>\n<\/li>\n<li style=\"text-align: left;\" data-start=\"2158\" data-end=\"2186\">\n<p data-start=\"2160\" data-end=\"2186\">Peso: aprox. 20,5 kg<\/p>\n<\/li>\n<li data-start=\"2187\" data-end=\"2274\">\n<p style=\"text-align: left;\" data-start=\"2189\" data-end=\"2274\">Funciones extra: modo UPS, velocidad de carga ajustable, control por APP\/Wi-Fi.<\/p>\n<\/li>\n<\/ul>\n<p><img loading=\"lazy\" decoding=\"async\" src=\"https:\/\/pecron.es\/wp-content\/uploads\/2025\/08\/pf-dee04625-9-1024x1024.webp\" sizes=\"(max-width: 1024px) 100vw, 1024px\" srcset=\"https:\/\/pecron.es\/wp-content\/uploads\/2025\/08\/pf-dee04625-9-1024x1024.webp 1024w, https:\/\/pecron.es\/wp-content\/uploads\/2025\/08\/pf-dee04625-9-300x300.webp 300w, https:\/\/pecron.es\/wp-content\/uploads\/2025\/08\/pf-dee04625-9-150x150.webp 150w, https:\/\/pecron.es\/wp-content\/uploads\/2025\/08\/pf-dee04625-9-768x768.webp 768w, https:\/\/pecron.es\/wp-content\/uploads\/2025\/08\/pf-dee04625-9-1536x1536.webp 1536w, https:\/\/pecron.es\/wp-content\/uploads\/2025\/08\/pf-dee04625-9-600x600.webp 600w, https:\/\/pecron.es\/wp-content\/uploads\/2025\/08\/pf-dee04625-9.webp 2000w\" alt=\"\" width=\"1024\" height=\"1024\" \/><\/p>\n<h2>Mucho viaje, mucha energ\u00eda<\/h2>\n<p data-start=\"156\" data-end=\"332\">La Pecron E2400LFP es ideal para camping, caravanas, viajes en furgoneta, emergencias dom\u00e9sticas, cortes de luz o entornos profesionales donde se necesita energ\u00eda port\u00e1til confiable. Permite alimentar desde peque\u00f1os electrodom\u00e9sticos, routers, ordenadores y dispositivos m\u00e9dicos como CPAP, hasta equipos m\u00e1s exigentes como refrigeradores port\u00e1tiles o herramientas de trabajo. Con esta estaci\u00f3n de energ\u00eda, Pecron ofrece una soluci\u00f3n completa para quienes buscan potencia, rapidez de carga, control inteligente y versatilidad de uso, consolid\u00e1ndose como una de las mejores opciones en el mercado espa\u00f1ol de generadores solares port\u00e1tiles.<\/p>\n<h2>FAQs<\/h2>\n<h4>P1:\u00bfQu\u00e9 tipo de bater\u00eda se utiliza en E1500LFP? \u00bfCu\u00e1nto tiempo puede durar?<\/h4>\n<p>&nbsp;<\/p>\n<h4>P2: \u00bfQu\u00e9 dispositivos pueden E1500LFP alimentar?<\/h4>\n<p>&nbsp;<\/p>\n<h4>P3: \u00bfSe puede usar el E2400LFP como UPS?<\/h4>\n<p>&nbsp;<\/p>\n<h4>P4: \u00bfSe puede cargar el E2400LFP mientras se descarga?<\/h4>\n<p>&nbsp;<\/p>\n<h4>P5: \u00bfC\u00f3mo calcular el tiempo de ejecuci\u00f3n de E2400 LFP?<\/h4>\n<p>&nbsp;<\/p>\n<h4>P6: \u00bfPuedo usar el E1500LFP en interiores y cargar el E600LFP en interiores?<\/h4>\n<p>&nbsp;<\/p>\n<h4>P7: \u00bfC\u00f3mo almacenar E1500LFP?<\/h4>\n<p>&nbsp;<\/p>\n<h2>Especificaciones t\u00e9cnicas<\/h2>\n<table>\n<tbody>\n<tr>\n<th>Model<\/th>\n<th>E2400LFP<\/th>\n<\/tr>\n<tr>\n<th>Rated Power<\/th>\n<td>2400W<\/td>\n<\/tr>\n<tr>\n<th>Peak Power<\/th>\n<td>4000W (10ms)<\/td>\n<\/tr>\n<tr>\n<th>Capacity<\/th>\n<td>2048Wh<\/td>\n<\/tr>\n<tr>\n<th>Output Volts<\/th>\n<td>100V~120V Pure Sine Wave<\/td>\n<\/tr>\n<tr>\n<th>Dimension<\/th>\n<td>L14.8*W9.3*H13 in<\/td>\n<\/tr>\n<tr>\n<th>Battery Type<\/th>\n<td>LiFePo4<\/td>\n<\/tr>\n<tr>\n<th>Weight<\/th>\n<td>45lbs(20.5Kg)<\/td>\n<\/tr>\n<tr>\n<th>DC Output<\/th>\n<td>30A(12V)<\/td>\n<\/tr>\n<tr>\n<th>Solar Input<\/th>\n<td>DC5521: Voc 12V~18V \/ 100W Max \/7A Max<br \/>\nGX16MF: Voc 32V~95V \/ 700W Max \/ 15A Max<\/td>\n<\/tr>\n<tr>\n<th>Car Input<\/th>\n<td>DC 12V~18V-100W Max<\/td>\n<\/tr>\n<tr>\n<th>AC Input<\/th>\n<td>100V~120V\/ 1800W<\/td>\n<\/tr>\n<tr>\n<th>Charging Time<\/th>\n<td>1.5 Hours<\/td>\n<\/tr>\n<tr>\n<th>Smart APP<\/th>\n<td>APP Control.<\/td>\n<\/tr>\n<tr>\n<th>Wifi connect<\/th>\n<td>Wifi remote control<\/td>\n<\/tr>\n<tr>\n<th>Charge Temperature<\/th>\n<td>0\u00b0C~45\u00b0C \/ 32\u00b0F-113\u00b0F<\/td>\n<\/tr>\n<tr>\n<th>Discharge Temperature<\/th>\n<td>-20\u00b0C~45\u00b0C \/ -4\u00b0F-113\u00b0F<\/td>\n<\/tr>\n<\/tbody>\n<\/table>","protected":false},"excerpt":{"rendered":"<p>\u00b7 12 salidas vers\u00e1tiles: 3 x AC, 2 x USB-C, 4 x USB-A, XT60, mechero, DC5525<br data-start=\"263\" data-end=\"266\" \/>\u00b7 Gran capacidad de 2048Wh, expandible hasta 8192Wh con bater\u00edas EP3000-48V<br data-start=\"341\" data-end=\"344\" \/>\u00b7 Carga r\u00e1pida: 100 % en solo 90 minutos<br data-start=\"384\" data-end=\"387\" \/>\u00b7 Potencia continua de 2400W, ideal para electrodom\u00e9sticos, camping y caravanas<br data-start=\"466\" data-end=\"469\" data-is-only-node=\"\" \/>\u00b7 Incluye cables de carga (AC, solar, coche), pinzas 12V, bolsa de accesorios<br data-start=\"546\" data-end=\"549\" \/>\u00b7 Garant\u00eda de 3 a\u00f1os (2 a\u00f1os completa + 1 a\u00f1o soporte EU con recambios en 48h)<\/p>","protected":false},"featured_media":9254,"comment_status":"open","ping_status":"closed","template":"","meta":{"om_disable_all_campaigns":false,"_monsterinsights_skip_tracking":false,"_monsterinsights_sitenote_active":false,"_monsterinsights_sitenote_note":"","_monsterinsights_sitenote_category":0,"_joinchat":[]},"product_brand":[],"product_cat":[54,26],"product_tag":[],"class_list":{"0":"post-9252","1":"product","2":"type-product","3":"status-publish","4":"has-post-thumbnail","6":"product_cat-pecron-power-station","7":"product_cat-x-epower","9":"first","10":"instock","11":"sale","12":"featured","13":"taxable","14":"shipping-taxable","15":"purchasable","16":"product-type-simple"},"aioseo_notices":[],"jetpack_sharing_enabled":true,"_links":{"self":[{"href":"https:\/\/thetatauhome.com\/es\/wp-json\/wp\/v2\/product\/9252","targetHints":{"allow":["GET"]}}],"collection":[{"href":"https:\/\/thetatauhome.com\/es\/wp-json\/wp\/v2\/product"}],"about":[{"href":"https:\/\/thetatauhome.com\/es\/wp-json\/wp\/v2\/types\/product"}],"replies":[{"embeddable":true,"href":"https:\/\/thetatauhome.com\/es\/wp-json\/wp\/v2\/comments?post=9252"}],"version-history":[{"count":1,"href":"https:\/\/thetatauhome.com\/es\/wp-json\/wp\/v2\/product\/9252\/revisions"}],"predecessor-version":[{"id":9255,"href":"https:\/\/thetatauhome.com\/es\/wp-json\/wp\/v2\/product\/9252\/revisions\/9255"}],"wp:featuredmedia":[{"embeddable":true,"href":"https:\/\/thetatauhome.com\/es\/wp-json\/wp\/v2\/media\/9254"}],"wp:attachment":[{"href":"https:\/\/thetatauhome.com\/es\/wp-json\/wp\/v2\/media?parent=9252"}],"wp:term":[{"taxonomy":"product_brand","embeddable":true,"href":"https:\/\/thetatauhome.com\/es\/wp-json\/wp\/v2\/product_brand?post=9252"},{"taxonomy":"product_cat","embeddable":true,"href":"https:\/\/thetatauhome.com\/es\/wp-json\/wp\/v2\/product_cat?post=9252"},{"taxonomy":"product_tag","embeddable":true,"href":"https:\/\/thetatauhome.com\/es\/wp-json\/wp\/v2\/product_tag?post=9252"}],"curies":[{"name":"wp","href":"https:\/\/api.w.org\/{rel}","templated":true}]}}