{"id":8334,"date":"2024-12-11T21:02:37","date_gmt":"2024-12-11T20:02:37","guid":{"rendered":"https:\/\/thetatauhome.com\/?post_type=product&#038;p=8334"},"modified":"2025-03-17T08:46:57","modified_gmt":"2025-03-17T07:46:57","slug":"anker-solix-f1500-portable-power-station-estacion-de-energia-portatil-bateria-lifepo4-capacidad-1536wh-480000mah-potencia-1800w-2400w","status":"publish","type":"product","link":"https:\/\/thetatauhome.com\/es\/producto\/anker-solix-f1500-portable-power-station-estacion-de-energia-portatil-bateria-lifepo4-capacidad-1536wh-480000mah-potencia-1800w-2400w\/","title":{"rendered":"Anker SOLIX F1500 Portable Power Station | Estaci\u00f3n de energ\u00eda port\u00e1til | Bater\u00eda LiFePO4 | Capacidad 1536Wh (480000mAh) | Potencia 1800W-2400W"},"content":{"rendered":"<div data-elementor-type=\"product-post\" data-elementor-id=\"8334\" class=\"elementor elementor-8334\" data-elementor-post-type=\"product\">\n\t\t\t\t\t\t<section class=\"elementor-section elementor-top-section elementor-element elementor-element-b451742 elementor-section-boxed elementor-section-height-default elementor-section-height-default\" data-id=\"b451742\" data-element_type=\"section\" data-e-type=\"section\">\n\t\t\t\t\t\t<div class=\"elementor-container elementor-column-gap-default\">\n\t\t\t\t\t<div class=\"elementor-column elementor-col-100 elementor-top-column elementor-element elementor-element-57f6739\" data-id=\"57f6739\" data-element_type=\"column\" data-e-type=\"column\">\n\t\t\t<div class=\"elementor-widget-wrap elementor-element-populated\">\n\t\t\t\t\t\t<div class=\"elementor-element elementor-element-183ccde elementor-widget elementor-widget-image\" data-id=\"183ccde\" data-element_type=\"widget\" data-e-type=\"widget\" data-widget_type=\"image.default\">\n\t\t\t\t\t\t\t\t\t\t\t\t\t\t\t<img fetchpriority=\"high\" decoding=\"async\" width=\"819\" height=\"1024\" src=\"https:\/\/thetatauhome.com\/wp-content\/uploads\/2024\/12\/A1772_TD02_V1-819x1024.jpg\" class=\"attachment-large size-large wp-image-8346\" alt=\"\" srcset=\"https:\/\/thetatauhome.com\/wp-content\/uploads\/2024\/12\/A1772_TD02_V1-819x1024.jpg 819w, https:\/\/thetatauhome.com\/wp-content\/uploads\/2024\/12\/A1772_TD02_V1-240x300.jpg 240w, https:\/\/thetatauhome.com\/wp-content\/uploads\/2024\/12\/A1772_TD02_V1-768x960.jpg 768w, https:\/\/thetatauhome.com\/wp-content\/uploads\/2024\/12\/A1772_TD02_V1-1229x1536.jpg 1229w, https:\/\/thetatauhome.com\/wp-content\/uploads\/2024\/12\/A1772_TD02_V1-1638x2048.jpg 1638w, https:\/\/thetatauhome.com\/wp-content\/uploads\/2024\/12\/A1772_TD02_V1-10x12.jpg 10w, https:\/\/thetatauhome.com\/wp-content\/uploads\/2024\/12\/A1772_TD02_V1-300x375.jpg 300w, https:\/\/thetatauhome.com\/wp-content\/uploads\/2024\/12\/A1772_TD02_V1-600x750.jpg 600w, https:\/\/thetatauhome.com\/wp-content\/uploads\/2024\/12\/A1772_TD02_V1-64x80.jpg 64w, https:\/\/thetatauhome.com\/wp-content\/uploads\/2024\/12\/A1772_TD02_V1-scaled.jpg 2048w\" sizes=\"(max-width: 819px) 100vw, 819px\" \/>\t\t\t\t\t\t\t\t\t\t\t\t\t\t\t<\/div>\n\t\t\t\t\t<\/div>\n\t\t<\/div>\n\t\t\t\t\t<\/div>\n\t\t<\/section>\n\t\t\t\t<section class=\"elementor-section elementor-top-section elementor-element elementor-element-14e7160 elementor-section-boxed elementor-section-height-default elementor-section-height-default\" data-id=\"14e7160\" data-element_type=\"section\" data-e-type=\"section\">\n\t\t\t\t\t\t<div class=\"elementor-container elementor-column-gap-default\">\n\t\t\t\t\t<div class=\"elementor-column elementor-col-100 elementor-top-column elementor-element elementor-element-905b011\" data-id=\"905b011\" data-element_type=\"column\" data-e-type=\"column\">\n\t\t\t<div class=\"elementor-widget-wrap elementor-element-populated\">\n\t\t\t\t\t\t<div class=\"elementor-element elementor-element-ffade81 elementor-widget elementor-widget-image\" data-id=\"ffade81\" data-element_type=\"widget\" data-e-type=\"widget\" data-widget_type=\"image.default\">\n\t\t\t\t\t\t\t\t\t\t\t\t\t\t\t<img decoding=\"async\" width=\"819\" height=\"1024\" src=\"https:\/\/thetatauhome.com\/wp-content\/uploads\/2024\/12\/A1772_TD03_V1-819x1024.jpg\" class=\"attachment-large size-large wp-image-8347\" alt=\"\" srcset=\"https:\/\/thetatauhome.com\/wp-content\/uploads\/2024\/12\/A1772_TD03_V1-819x1024.jpg 819w, https:\/\/thetatauhome.com\/wp-content\/uploads\/2024\/12\/A1772_TD03_V1-240x300.jpg 240w, https:\/\/thetatauhome.com\/wp-content\/uploads\/2024\/12\/A1772_TD03_V1-768x960.jpg 768w, https:\/\/thetatauhome.com\/wp-content\/uploads\/2024\/12\/A1772_TD03_V1-1229x1536.jpg 1229w, https:\/\/thetatauhome.com\/wp-content\/uploads\/2024\/12\/A1772_TD03_V1-1638x2048.jpg 1638w, https:\/\/thetatauhome.com\/wp-content\/uploads\/2024\/12\/A1772_TD03_V1-10x12.jpg 10w, https:\/\/thetatauhome.com\/wp-content\/uploads\/2024\/12\/A1772_TD03_V1-300x375.jpg 300w, https:\/\/thetatauhome.com\/wp-content\/uploads\/2024\/12\/A1772_TD03_V1-600x750.jpg 600w, https:\/\/thetatauhome.com\/wp-content\/uploads\/2024\/12\/A1772_TD03_V1-64x80.jpg 64w, https:\/\/thetatauhome.com\/wp-content\/uploads\/2024\/12\/A1772_TD03_V1-scaled.jpg 2048w\" sizes=\"(max-width: 819px) 100vw, 819px\" \/>\t\t\t\t\t\t\t\t\t\t\t\t\t\t\t<\/div>\n\t\t\t\t\t<\/div>\n\t\t<\/div>\n\t\t\t\t\t<\/div>\n\t\t<\/section>\n\t\t\t\t<section class=\"elementor-section elementor-top-section elementor-element elementor-element-dea4b88 elementor-section-boxed elementor-section-height-default elementor-section-height-default\" data-id=\"dea4b88\" data-element_type=\"section\" data-e-type=\"section\">\n\t\t\t\t\t\t<div class=\"elementor-container elementor-column-gap-default\">\n\t\t\t\t\t<div class=\"elementor-column elementor-col-100 elementor-top-column elementor-element elementor-element-fe57868\" data-id=\"fe57868\" data-element_type=\"column\" data-e-type=\"column\">\n\t\t\t<div class=\"elementor-widget-wrap elementor-element-populated\">\n\t\t\t\t\t\t<div class=\"elementor-element elementor-element-d92e024 elementor-widget elementor-widget-image\" data-id=\"d92e024\" data-element_type=\"widget\" data-e-type=\"widget\" data-widget_type=\"image.default\">\n\t\t\t\t\t\t\t\t\t\t\t\t\t\t\t<img decoding=\"async\" width=\"819\" height=\"1024\" src=\"https:\/\/thetatauhome.com\/wp-content\/uploads\/2024\/12\/A1772_TD04_V1-819x1024.jpg\" class=\"attachment-large size-large wp-image-8348\" alt=\"\" srcset=\"https:\/\/thetatauhome.com\/wp-content\/uploads\/2024\/12\/A1772_TD04_V1-819x1024.jpg 819w, https:\/\/thetatauhome.com\/wp-content\/uploads\/2024\/12\/A1772_TD04_V1-240x300.jpg 240w, https:\/\/thetatauhome.com\/wp-content\/uploads\/2024\/12\/A1772_TD04_V1-768x960.jpg 768w, https:\/\/thetatauhome.com\/wp-content\/uploads\/2024\/12\/A1772_TD04_V1-1229x1536.jpg 1229w, https:\/\/thetatauhome.com\/wp-content\/uploads\/2024\/12\/A1772_TD04_V1-1638x2048.jpg 1638w, https:\/\/thetatauhome.com\/wp-content\/uploads\/2024\/12\/A1772_TD04_V1-10x12.jpg 10w, https:\/\/thetatauhome.com\/wp-content\/uploads\/2024\/12\/A1772_TD04_V1-300x375.jpg 300w, https:\/\/thetatauhome.com\/wp-content\/uploads\/2024\/12\/A1772_TD04_V1-600x750.jpg 600w, https:\/\/thetatauhome.com\/wp-content\/uploads\/2024\/12\/A1772_TD04_V1-64x80.jpg 64w, https:\/\/thetatauhome.com\/wp-content\/uploads\/2024\/12\/A1772_TD04_V1-scaled.jpg 2048w\" sizes=\"(max-width: 819px) 100vw, 819px\" \/>\t\t\t\t\t\t\t\t\t\t\t\t\t\t\t<\/div>\n\t\t\t\t\t<\/div>\n\t\t<\/div>\n\t\t\t\t\t<\/div>\n\t\t<\/section>\n\t\t\t\t<section class=\"elementor-section elementor-top-section elementor-element elementor-element-2cda362 elementor-section-boxed elementor-section-height-default elementor-section-height-default\" data-id=\"2cda362\" data-element_type=\"section\" data-e-type=\"section\">\n\t\t\t\t\t\t<div class=\"elementor-container elementor-column-gap-default\">\n\t\t\t\t\t<div class=\"elementor-column elementor-col-100 elementor-top-column elementor-element elementor-element-245b1fd\" data-id=\"245b1fd\" data-element_type=\"column\" data-e-type=\"column\">\n\t\t\t<div class=\"elementor-widget-wrap elementor-element-populated\">\n\t\t\t\t\t\t<div class=\"elementor-element elementor-element-523227c elementor-widget elementor-widget-image\" data-id=\"523227c\" data-element_type=\"widget\" data-e-type=\"widget\" data-widget_type=\"image.default\">\n\t\t\t\t\t\t\t\t\t\t\t\t\t\t\t<img loading=\"lazy\" decoding=\"async\" width=\"819\" height=\"1024\" src=\"https:\/\/thetatauhome.com\/wp-content\/uploads\/2024\/12\/A1772_TD05_V1-819x1024.jpg\" class=\"attachment-large size-large wp-image-8349\" alt=\"\" srcset=\"https:\/\/thetatauhome.com\/wp-content\/uploads\/2024\/12\/A1772_TD05_V1-819x1024.jpg 819w, https:\/\/thetatauhome.com\/wp-content\/uploads\/2024\/12\/A1772_TD05_V1-240x300.jpg 240w, https:\/\/thetatauhome.com\/wp-content\/uploads\/2024\/12\/A1772_TD05_V1-768x960.jpg 768w, https:\/\/thetatauhome.com\/wp-content\/uploads\/2024\/12\/A1772_TD05_V1-1229x1536.jpg 1229w, https:\/\/thetatauhome.com\/wp-content\/uploads\/2024\/12\/A1772_TD05_V1-1638x2048.jpg 1638w, https:\/\/thetatauhome.com\/wp-content\/uploads\/2024\/12\/A1772_TD05_V1-10x12.jpg 10w, https:\/\/thetatauhome.com\/wp-content\/uploads\/2024\/12\/A1772_TD05_V1-300x375.jpg 300w, https:\/\/thetatauhome.com\/wp-content\/uploads\/2024\/12\/A1772_TD05_V1-600x750.jpg 600w, https:\/\/thetatauhome.com\/wp-content\/uploads\/2024\/12\/A1772_TD05_V1-64x80.jpg 64w, https:\/\/thetatauhome.com\/wp-content\/uploads\/2024\/12\/A1772_TD05_V1-scaled.jpg 2048w\" sizes=\"(max-width: 819px) 100vw, 819px\" \/>\t\t\t\t\t\t\t\t\t\t\t\t\t\t\t<\/div>\n\t\t\t\t\t<\/div>\n\t\t<\/div>\n\t\t\t\t\t<\/div>\n\t\t<\/section>\n\t\t\t\t<section class=\"elementor-section elementor-top-section elementor-element elementor-element-3625c10 elementor-section-boxed elementor-section-height-default elementor-section-height-default\" data-id=\"3625c10\" data-element_type=\"section\" data-e-type=\"section\">\n\t\t\t\t\t\t<div class=\"elementor-container elementor-column-gap-default\">\n\t\t\t\t\t<div class=\"elementor-column elementor-col-100 elementor-top-column elementor-element elementor-element-a97ce0f\" data-id=\"a97ce0f\" data-element_type=\"column\" data-e-type=\"column\">\n\t\t\t<div class=\"elementor-widget-wrap elementor-element-populated\">\n\t\t\t\t\t\t<div class=\"elementor-element elementor-element-6a45696 elementor-widget elementor-widget-image\" data-id=\"6a45696\" data-element_type=\"widget\" data-e-type=\"widget\" data-widget_type=\"image.default\">\n\t\t\t\t\t\t\t\t\t\t\t\t\t\t\t<img loading=\"lazy\" decoding=\"async\" width=\"819\" height=\"1024\" src=\"https:\/\/thetatauhome.com\/wp-content\/uploads\/2024\/12\/A1772_TD06_V1-819x1024.jpg\" class=\"attachment-large size-large wp-image-8350\" alt=\"\" srcset=\"https:\/\/thetatauhome.com\/wp-content\/uploads\/2024\/12\/A1772_TD06_V1-819x1024.jpg 819w, https:\/\/thetatauhome.com\/wp-content\/uploads\/2024\/12\/A1772_TD06_V1-240x300.jpg 240w, https:\/\/thetatauhome.com\/wp-content\/uploads\/2024\/12\/A1772_TD06_V1-768x960.jpg 768w, https:\/\/thetatauhome.com\/wp-content\/uploads\/2024\/12\/A1772_TD06_V1-1229x1536.jpg 1229w, https:\/\/thetatauhome.com\/wp-content\/uploads\/2024\/12\/A1772_TD06_V1-1638x2048.jpg 1638w, https:\/\/thetatauhome.com\/wp-content\/uploads\/2024\/12\/A1772_TD06_V1-10x12.jpg 10w, https:\/\/thetatauhome.com\/wp-content\/uploads\/2024\/12\/A1772_TD06_V1-300x375.jpg 300w, https:\/\/thetatauhome.com\/wp-content\/uploads\/2024\/12\/A1772_TD06_V1-600x750.jpg 600w, https:\/\/thetatauhome.com\/wp-content\/uploads\/2024\/12\/A1772_TD06_V1-64x80.jpg 64w, https:\/\/thetatauhome.com\/wp-content\/uploads\/2024\/12\/A1772_TD06_V1-scaled.jpg 2048w\" sizes=\"(max-width: 819px) 100vw, 819px\" \/>\t\t\t\t\t\t\t\t\t\t\t\t\t\t\t<\/div>\n\t\t\t\t\t<\/div>\n\t\t<\/div>\n\t\t\t\t\t<\/div>\n\t\t<\/section>\n\t\t\t\t<section class=\"elementor-section elementor-top-section elementor-element elementor-element-d74259c elementor-section-boxed elementor-section-height-default elementor-section-height-default\" data-id=\"d74259c\" data-element_type=\"section\" data-e-type=\"section\">\n\t\t\t\t\t\t<div class=\"elementor-container elementor-column-gap-default\">\n\t\t\t\t\t<div class=\"elementor-column elementor-col-100 elementor-top-column elementor-element elementor-element-5c96cda\" data-id=\"5c96cda\" data-element_type=\"column\" data-e-type=\"column\">\n\t\t\t<div class=\"elementor-widget-wrap elementor-element-populated\">\n\t\t\t\t\t\t<div class=\"elementor-element elementor-element-f0b6a23 elementor-widget elementor-widget-image\" data-id=\"f0b6a23\" data-element_type=\"widget\" data-e-type=\"widget\" data-widget_type=\"image.default\">\n\t\t\t\t\t\t\t\t\t\t\t\t\t\t\t<img decoding=\"async\" src=\"\" title=\"\" alt=\"A1772_TD07_V1\" loading=\"lazy\" \/>\t\t\t\t\t\t\t\t\t\t\t\t\t\t\t<\/div>\n\t\t\t\t\t<\/div>\n\t\t<\/div>\n\t\t\t\t\t<\/div>\n\t\t<\/section>\n\t\t\t\t<\/div>","protected":false},"excerpt":{"rendered":"","protected":false},"featured_media":8335,"comment_status":"open","ping_status":"closed","template":"","meta":{"om_disable_all_campaigns":false,"_monsterinsights_skip_tracking":false,"_monsterinsights_sitenote_active":false,"_monsterinsights_sitenote_note":"","_monsterinsights_sitenote_category":0,"_joinchat":[]},"product_brand":[],"product_cat":[103,26],"product_tag":[],"class_list":{"0":"post-8334","1":"product","2":"type-product","3":"status-publish","4":"has-post-thumbnail","6":"product_cat-anker-power-station","7":"product_cat-x-epower","8":"product_shipping_class-kits","10":"first","11":"outofstock","12":"taxable","13":"shipping-taxable","14":"purchasable","15":"product-type-simple"},"aioseo_notices":[],"jetpack_sharing_enabled":true,"_links":{"self":[{"href":"https:\/\/thetatauhome.com\/es\/wp-json\/wp\/v2\/product\/8334","targetHints":{"allow":["GET"]}}],"collection":[{"href":"https:\/\/thetatauhome.com\/es\/wp-json\/wp\/v2\/product"}],"about":[{"href":"https:\/\/thetatauhome.com\/es\/wp-json\/wp\/v2\/types\/product"}],"replies":[{"embeddable":true,"href":"https:\/\/thetatauhome.com\/es\/wp-json\/wp\/v2\/comments?post=8334"}],"version-history":[{"count":5,"href":"https:\/\/thetatauhome.com\/es\/wp-json\/wp\/v2\/product\/8334\/revisions"}],"predecessor-version":[{"id":8438,"href":"https:\/\/thetatauhome.com\/es\/wp-json\/wp\/v2\/product\/8334\/revisions\/8438"}],"wp:featuredmedia":[{"embeddable":true,"href":"https:\/\/thetatauhome.com\/es\/wp-json\/wp\/v2\/media\/8335"}],"wp:attachment":[{"href":"https:\/\/thetatauhome.com\/es\/wp-json\/wp\/v2\/media?parent=8334"}],"wp:term":[{"taxonomy":"product_brand","embeddable":true,"href":"https:\/\/thetatauhome.com\/es\/wp-json\/wp\/v2\/product_brand?post=8334"},{"taxonomy":"product_cat","embeddable":true,"href":"https:\/\/thetatauhome.com\/es\/wp-json\/wp\/v2\/product_cat?post=8334"},{"taxonomy":"product_tag","embeddable":true,"href":"https:\/\/thetatauhome.com\/es\/wp-json\/wp\/v2\/product_tag?post=8334"}],"curies":[{"name":"wp","href":"https:\/\/api.w.org\/{rel}","templated":true}]}}