{"id":8302,"date":"2024-12-11T18:37:30","date_gmt":"2024-12-11T17:37:30","guid":{"rendered":"https:\/\/thetatauhome.com\/?post_type=product&#038;p=8302"},"modified":"2025-03-17T08:47:48","modified_gmt":"2025-03-17T07:47:48","slug":"anker-solix-c1000x-portable-power-station-estacion-de-energia-portatil-bateria-lifepo4-capacidad-1056wh-330000mah-potencia-1800w-2400w","status":"publish","type":"product","link":"https:\/\/thetatauhome.com\/es\/producto\/anker-solix-c1000x-portable-power-station-estacion-de-energia-portatil-bateria-lifepo4-capacidad-1056wh-330000mah-potencia-1800w-2400w\/","title":{"rendered":"Anker SOLIX C1000X Portable Power Station | Estaci\u00f3n de energ\u00eda port\u00e1til | Bater\u00eda LiFePO4 | Capacidad 1056Wh (330000mAh) | Potencia 1800W-2400W"},"content":{"rendered":"<div data-elementor-type=\"product-post\" data-elementor-id=\"8302\" class=\"elementor elementor-8302\" data-elementor-post-type=\"product\">\n\t\t\t\t\t\t<section class=\"elementor-section elementor-top-section elementor-element elementor-element-e8de827 elementor-section-boxed elementor-section-height-default elementor-section-height-default\" data-id=\"e8de827\" data-element_type=\"section\" data-e-type=\"section\">\n\t\t\t\t\t\t<div class=\"elementor-container elementor-column-gap-default\">\n\t\t\t\t\t<div class=\"elementor-column elementor-col-100 elementor-top-column elementor-element elementor-element-5cc69a8\" data-id=\"5cc69a8\" data-element_type=\"column\" data-e-type=\"column\">\n\t\t\t<div class=\"elementor-widget-wrap elementor-element-populated\">\n\t\t\t\t\t\t<div class=\"elementor-element elementor-element-65fd056 elementor-widget elementor-widget-image\" data-id=\"65fd056\" data-element_type=\"widget\" data-e-type=\"widget\" data-widget_type=\"image.default\">\n\t\t\t\t\t\t\t\t\t\t\t\t\t\t\t<img fetchpriority=\"high\" decoding=\"async\" width=\"1024\" height=\"768\" src=\"https:\/\/thetatauhome.com\/wp-content\/uploads\/2024\/12\/A1761211_MRC_TD04_Offline-Dark_V3-1024x768.jpg\" class=\"attachment-large size-large wp-image-8324\" alt=\"\" srcset=\"https:\/\/thetatauhome.com\/wp-content\/uploads\/2024\/12\/A1761211_MRC_TD04_Offline-Dark_V3-1024x768.jpg 1024w, https:\/\/thetatauhome.com\/wp-content\/uploads\/2024\/12\/A1761211_MRC_TD04_Offline-Dark_V3-300x225.jpg 300w, https:\/\/thetatauhome.com\/wp-content\/uploads\/2024\/12\/A1761211_MRC_TD04_Offline-Dark_V3-768x576.jpg 768w, https:\/\/thetatauhome.com\/wp-content\/uploads\/2024\/12\/A1761211_MRC_TD04_Offline-Dark_V3-16x12.jpg 16w, https:\/\/thetatauhome.com\/wp-content\/uploads\/2024\/12\/A1761211_MRC_TD04_Offline-Dark_V3-600x450.jpg 600w, https:\/\/thetatauhome.com\/wp-content\/uploads\/2024\/12\/A1761211_MRC_TD04_Offline-Dark_V3-64x48.jpg 64w, https:\/\/thetatauhome.com\/wp-content\/uploads\/2024\/12\/A1761211_MRC_TD04_Offline-Dark_V3.jpg 1200w\" sizes=\"(max-width: 1024px) 100vw, 1024px\" \/>\t\t\t\t\t\t\t\t\t\t\t\t\t\t\t<\/div>\n\t\t\t\t<div class=\"elementor-element elementor-element-fcf417f elementor-widget elementor-widget-image\" data-id=\"fcf417f\" data-element_type=\"widget\" data-e-type=\"widget\" data-widget_type=\"image.default\">\n\t\t\t\t\t\t\t\t\t\t\t\t\t\t\t<img decoding=\"async\" width=\"1024\" height=\"768\" src=\"https:\/\/thetatauhome.com\/wp-content\/uploads\/2024\/12\/A1761211_MRC_TD03_Offline-Dark_V3-1024x768.jpg\" class=\"attachment-large size-large wp-image-8323\" alt=\"\" srcset=\"https:\/\/thetatauhome.com\/wp-content\/uploads\/2024\/12\/A1761211_MRC_TD03_Offline-Dark_V3-1024x768.jpg 1024w, https:\/\/thetatauhome.com\/wp-content\/uploads\/2024\/12\/A1761211_MRC_TD03_Offline-Dark_V3-300x225.jpg 300w, https:\/\/thetatauhome.com\/wp-content\/uploads\/2024\/12\/A1761211_MRC_TD03_Offline-Dark_V3-768x576.jpg 768w, https:\/\/thetatauhome.com\/wp-content\/uploads\/2024\/12\/A1761211_MRC_TD03_Offline-Dark_V3-16x12.jpg 16w, https:\/\/thetatauhome.com\/wp-content\/uploads\/2024\/12\/A1761211_MRC_TD03_Offline-Dark_V3-600x450.jpg 600w, https:\/\/thetatauhome.com\/wp-content\/uploads\/2024\/12\/A1761211_MRC_TD03_Offline-Dark_V3-64x48.jpg 64w, https:\/\/thetatauhome.com\/wp-content\/uploads\/2024\/12\/A1761211_MRC_TD03_Offline-Dark_V3.jpg 1200w\" sizes=\"(max-width: 1024px) 100vw, 1024px\" \/>\t\t\t\t\t\t\t\t\t\t\t\t\t\t\t<\/div>\n\t\t\t\t<div class=\"elementor-element elementor-element-f337d66 elementor-widget elementor-widget-image\" data-id=\"f337d66\" data-element_type=\"widget\" data-e-type=\"widget\" data-widget_type=\"image.default\">\n\t\t\t\t\t\t\t\t\t\t\t\t\t\t\t<img decoding=\"async\" width=\"1024\" height=\"768\" src=\"https:\/\/thetatauhome.com\/wp-content\/uploads\/2024\/12\/A1761211_MRC_TD12_Offline-Dark_V3-1024x768.jpg\" class=\"attachment-large size-large wp-image-8325\" alt=\"\" srcset=\"https:\/\/thetatauhome.com\/wp-content\/uploads\/2024\/12\/A1761211_MRC_TD12_Offline-Dark_V3-1024x768.jpg 1024w, https:\/\/thetatauhome.com\/wp-content\/uploads\/2024\/12\/A1761211_MRC_TD12_Offline-Dark_V3-300x225.jpg 300w, https:\/\/thetatauhome.com\/wp-content\/uploads\/2024\/12\/A1761211_MRC_TD12_Offline-Dark_V3-768x576.jpg 768w, https:\/\/thetatauhome.com\/wp-content\/uploads\/2024\/12\/A1761211_MRC_TD12_Offline-Dark_V3-16x12.jpg 16w, https:\/\/thetatauhome.com\/wp-content\/uploads\/2024\/12\/A1761211_MRC_TD12_Offline-Dark_V3-600x450.jpg 600w, https:\/\/thetatauhome.com\/wp-content\/uploads\/2024\/12\/A1761211_MRC_TD12_Offline-Dark_V3-64x48.jpg 64w, https:\/\/thetatauhome.com\/wp-content\/uploads\/2024\/12\/A1761211_MRC_TD12_Offline-Dark_V3.jpg 1200w\" sizes=\"(max-width: 1024px) 100vw, 1024px\" \/>\t\t\t\t\t\t\t\t\t\t\t\t\t\t\t<\/div>\n\t\t\t\t<div class=\"elementor-element elementor-element-ef057be elementor-widget elementor-widget-image\" data-id=\"ef057be\" data-element_type=\"widget\" data-e-type=\"widget\" data-widget_type=\"image.default\">\n\t\t\t\t\t\t\t\t\t\t\t\t\t\t\t<img loading=\"lazy\" decoding=\"async\" width=\"819\" height=\"1024\" src=\"https:\/\/thetatauhome.com\/wp-content\/uploads\/2024\/12\/A1761211_TD02_V1-819x1024.jpg\" class=\"attachment-large size-large wp-image-8322\" alt=\"\" srcset=\"https:\/\/thetatauhome.com\/wp-content\/uploads\/2024\/12\/A1761211_TD02_V1-819x1024.jpg 819w, https:\/\/thetatauhome.com\/wp-content\/uploads\/2024\/12\/A1761211_TD02_V1-240x300.jpg 240w, https:\/\/thetatauhome.com\/wp-content\/uploads\/2024\/12\/A1761211_TD02_V1-768x960.jpg 768w, https:\/\/thetatauhome.com\/wp-content\/uploads\/2024\/12\/A1761211_TD02_V1-1229x1536.jpg 1229w, https:\/\/thetatauhome.com\/wp-content\/uploads\/2024\/12\/A1761211_TD02_V1-10x12.jpg 10w, https:\/\/thetatauhome.com\/wp-content\/uploads\/2024\/12\/A1761211_TD02_V1-300x375.jpg 300w, https:\/\/thetatauhome.com\/wp-content\/uploads\/2024\/12\/A1761211_TD02_V1-600x750.jpg 600w, https:\/\/thetatauhome.com\/wp-content\/uploads\/2024\/12\/A1761211_TD02_V1-64x80.jpg 64w, https:\/\/thetatauhome.com\/wp-content\/uploads\/2024\/12\/A1761211_TD02_V1.jpg 1600w\" sizes=\"(max-width: 819px) 100vw, 819px\" \/>\t\t\t\t\t\t\t\t\t\t\t\t\t\t\t<\/div>\n\t\t\t\t<div class=\"elementor-element elementor-element-b35bf8f elementor-widget elementor-widget-image\" data-id=\"b35bf8f\" data-element_type=\"widget\" data-e-type=\"widget\" data-widget_type=\"image.default\">\n\t\t\t\t\t\t\t\t\t\t\t\t\t\t\t<img loading=\"lazy\" decoding=\"async\" width=\"819\" height=\"1024\" src=\"https:\/\/thetatauhome.com\/wp-content\/uploads\/2024\/12\/A1761211_TD05_V1-819x1024.jpg\" class=\"attachment-large size-large wp-image-8321\" alt=\"\" srcset=\"https:\/\/thetatauhome.com\/wp-content\/uploads\/2024\/12\/A1761211_TD05_V1-819x1024.jpg 819w, https:\/\/thetatauhome.com\/wp-content\/uploads\/2024\/12\/A1761211_TD05_V1-240x300.jpg 240w, https:\/\/thetatauhome.com\/wp-content\/uploads\/2024\/12\/A1761211_TD05_V1-768x960.jpg 768w, https:\/\/thetatauhome.com\/wp-content\/uploads\/2024\/12\/A1761211_TD05_V1-1229x1536.jpg 1229w, https:\/\/thetatauhome.com\/wp-content\/uploads\/2024\/12\/A1761211_TD05_V1-10x12.jpg 10w, https:\/\/thetatauhome.com\/wp-content\/uploads\/2024\/12\/A1761211_TD05_V1-300x375.jpg 300w, https:\/\/thetatauhome.com\/wp-content\/uploads\/2024\/12\/A1761211_TD05_V1-600x750.jpg 600w, https:\/\/thetatauhome.com\/wp-content\/uploads\/2024\/12\/A1761211_TD05_V1-64x80.jpg 64w, https:\/\/thetatauhome.com\/wp-content\/uploads\/2024\/12\/A1761211_TD05_V1.jpg 1600w\" sizes=\"(max-width: 819px) 100vw, 819px\" \/>\t\t\t\t\t\t\t\t\t\t\t\t\t\t\t<\/div>\n\t\t\t\t<div class=\"elementor-element elementor-element-10cb7e1 elementor-widget elementor-widget-image\" data-id=\"10cb7e1\" data-element_type=\"widget\" data-e-type=\"widget\" data-widget_type=\"image.default\">\n\t\t\t\t\t\t\t\t\t\t\t\t\t\t\t<img loading=\"lazy\" decoding=\"async\" width=\"819\" height=\"1024\" src=\"https:\/\/thetatauhome.com\/wp-content\/uploads\/2024\/12\/A1761211_TD03_Offline-Dark_V3-819x1024.jpg\" class=\"attachment-large size-large wp-image-8326\" alt=\"\" srcset=\"https:\/\/thetatauhome.com\/wp-content\/uploads\/2024\/12\/A1761211_TD03_Offline-Dark_V3-819x1024.jpg 819w, https:\/\/thetatauhome.com\/wp-content\/uploads\/2024\/12\/A1761211_TD03_Offline-Dark_V3-240x300.jpg 240w, https:\/\/thetatauhome.com\/wp-content\/uploads\/2024\/12\/A1761211_TD03_Offline-Dark_V3-768x960.jpg 768w, https:\/\/thetatauhome.com\/wp-content\/uploads\/2024\/12\/A1761211_TD03_Offline-Dark_V3-1229x1536.jpg 1229w, https:\/\/thetatauhome.com\/wp-content\/uploads\/2024\/12\/A1761211_TD03_Offline-Dark_V3-10x12.jpg 10w, https:\/\/thetatauhome.com\/wp-content\/uploads\/2024\/12\/A1761211_TD03_Offline-Dark_V3-300x375.jpg 300w, https:\/\/thetatauhome.com\/wp-content\/uploads\/2024\/12\/A1761211_TD03_Offline-Dark_V3-600x750.jpg 600w, https:\/\/thetatauhome.com\/wp-content\/uploads\/2024\/12\/A1761211_TD03_Offline-Dark_V3-64x80.jpg 64w, https:\/\/thetatauhome.com\/wp-content\/uploads\/2024\/12\/A1761211_TD03_Offline-Dark_V3.jpg 1600w\" sizes=\"(max-width: 819px) 100vw, 819px\" \/>\t\t\t\t\t\t\t\t\t\t\t\t\t\t\t<\/div>\n\t\t\t\t<div class=\"elementor-element elementor-element-3dc7263 elementor-widget elementor-widget-image\" data-id=\"3dc7263\" data-element_type=\"widget\" data-e-type=\"widget\" data-widget_type=\"image.default\">\n\t\t\t\t\t\t\t\t\t\t\t\t\t\t\t<img loading=\"lazy\" decoding=\"async\" width=\"819\" height=\"1024\" src=\"https:\/\/thetatauhome.com\/wp-content\/uploads\/2024\/12\/A1761211_TD04_V1-819x1024.jpg\" class=\"attachment-large size-large wp-image-8328\" alt=\"\" srcset=\"https:\/\/thetatauhome.com\/wp-content\/uploads\/2024\/12\/A1761211_TD04_V1-819x1024.jpg 819w, https:\/\/thetatauhome.com\/wp-content\/uploads\/2024\/12\/A1761211_TD04_V1-240x300.jpg 240w, https:\/\/thetatauhome.com\/wp-content\/uploads\/2024\/12\/A1761211_TD04_V1-768x960.jpg 768w, https:\/\/thetatauhome.com\/wp-content\/uploads\/2024\/12\/A1761211_TD04_V1-1229x1536.jpg 1229w, https:\/\/thetatauhome.com\/wp-content\/uploads\/2024\/12\/A1761211_TD04_V1-10x12.jpg 10w, https:\/\/thetatauhome.com\/wp-content\/uploads\/2024\/12\/A1761211_TD04_V1-300x375.jpg 300w, https:\/\/thetatauhome.com\/wp-content\/uploads\/2024\/12\/A1761211_TD04_V1-600x750.jpg 600w, https:\/\/thetatauhome.com\/wp-content\/uploads\/2024\/12\/A1761211_TD04_V1-64x80.jpg 64w, https:\/\/thetatauhome.com\/wp-content\/uploads\/2024\/12\/A1761211_TD04_V1.jpg 1600w\" sizes=\"(max-width: 819px) 100vw, 819px\" \/>\t\t\t\t\t\t\t\t\t\t\t\t\t\t\t<\/div>\n\t\t\t\t<div class=\"elementor-element elementor-element-4f69761 elementor-widget elementor-widget-image\" data-id=\"4f69761\" data-element_type=\"widget\" data-e-type=\"widget\" data-widget_type=\"image.default\">\n\t\t\t\t\t\t\t\t\t\t\t\t\t\t\t<img loading=\"lazy\" decoding=\"async\" width=\"819\" height=\"1024\" src=\"https:\/\/thetatauhome.com\/wp-content\/uploads\/2024\/12\/A1761211_TD06_V1-819x1024.jpg\" class=\"attachment-large size-large wp-image-8329\" alt=\"\" srcset=\"https:\/\/thetatauhome.com\/wp-content\/uploads\/2024\/12\/A1761211_TD06_V1-819x1024.jpg 819w, https:\/\/thetatauhome.com\/wp-content\/uploads\/2024\/12\/A1761211_TD06_V1-240x300.jpg 240w, https:\/\/thetatauhome.com\/wp-content\/uploads\/2024\/12\/A1761211_TD06_V1-768x960.jpg 768w, https:\/\/thetatauhome.com\/wp-content\/uploads\/2024\/12\/A1761211_TD06_V1-1229x1536.jpg 1229w, https:\/\/thetatauhome.com\/wp-content\/uploads\/2024\/12\/A1761211_TD06_V1-10x12.jpg 10w, https:\/\/thetatauhome.com\/wp-content\/uploads\/2024\/12\/A1761211_TD06_V1-300x375.jpg 300w, https:\/\/thetatauhome.com\/wp-content\/uploads\/2024\/12\/A1761211_TD06_V1-600x750.jpg 600w, https:\/\/thetatauhome.com\/wp-content\/uploads\/2024\/12\/A1761211_TD06_V1-64x80.jpg 64w, https:\/\/thetatauhome.com\/wp-content\/uploads\/2024\/12\/A1761211_TD06_V1.jpg 1600w\" sizes=\"(max-width: 819px) 100vw, 819px\" \/>\t\t\t\t\t\t\t\t\t\t\t\t\t\t\t<\/div>\n\t\t\t\t<div class=\"elementor-element elementor-element-0ed774a elementor-widget elementor-widget-image\" data-id=\"0ed774a\" data-element_type=\"widget\" data-e-type=\"widget\" data-widget_type=\"image.default\">\n\t\t\t\t\t\t\t\t\t\t\t\t\t\t\t<img loading=\"lazy\" decoding=\"async\" width=\"819\" height=\"1024\" src=\"https:\/\/thetatauhome.com\/wp-content\/uploads\/2024\/12\/A1761211_TD07_V1-819x1024.jpg\" class=\"attachment-large size-large wp-image-8330\" alt=\"\" srcset=\"https:\/\/thetatauhome.com\/wp-content\/uploads\/2024\/12\/A1761211_TD07_V1-819x1024.jpg 819w, https:\/\/thetatauhome.com\/wp-content\/uploads\/2024\/12\/A1761211_TD07_V1-240x300.jpg 240w, https:\/\/thetatauhome.com\/wp-content\/uploads\/2024\/12\/A1761211_TD07_V1-768x960.jpg 768w, https:\/\/thetatauhome.com\/wp-content\/uploads\/2024\/12\/A1761211_TD07_V1-1229x1536.jpg 1229w, https:\/\/thetatauhome.com\/wp-content\/uploads\/2024\/12\/A1761211_TD07_V1-10x12.jpg 10w, https:\/\/thetatauhome.com\/wp-content\/uploads\/2024\/12\/A1761211_TD07_V1-300x375.jpg 300w, https:\/\/thetatauhome.com\/wp-content\/uploads\/2024\/12\/A1761211_TD07_V1-600x750.jpg 600w, https:\/\/thetatauhome.com\/wp-content\/uploads\/2024\/12\/A1761211_TD07_V1-64x80.jpg 64w, https:\/\/thetatauhome.com\/wp-content\/uploads\/2024\/12\/A1761211_TD07_V1.jpg 1600w\" sizes=\"(max-width: 819px) 100vw, 819px\" \/>\t\t\t\t\t\t\t\t\t\t\t\t\t\t\t<\/div>\n\t\t\t\t\t<\/div>\n\t\t<\/div>\n\t\t\t\t\t<\/div>\n\t\t<\/section>\n\t\t\t\t<\/div>","protected":false},"excerpt":{"rendered":"<ul>\n<li>Alcanza el 80 % de capacidad de la bater\u00eda en solo 43 minutos y una carga completa en menos de una hora.<\/li>\n<li>Alimenta hasta el 99 % de los electrodom\u00e9sticos a la vez con acceso a 2400 W y 11 puertos.<\/li>\n<li>Ofrece recarga solar r\u00e1pida de hasta 600 W, lo que permite cargar completamente el dispositivo en solo 1,8 horas.<\/li>\n<li>Controla la energ\u00eda de forma inteligente a trav\u00e9s de la aplicaci\u00f3n. Con\u00e9ctate con Bluetooth y Wi-Fi.<\/li>\n<li>Bater\u00edas LFP de larga duraci\u00f3n con 3000 ciclos y garant\u00eda de 5 a\u00f1os sin complicaciones.<\/li>\n<li>Ofrece compatibilidad y capacidad incomparables para veh\u00edculos recreativos y campamentos al aire libre.<\/li>\n<\/ul>","protected":false},"featured_media":8305,"comment_status":"open","ping_status":"closed","template":"","meta":{"om_disable_all_campaigns":false,"_monsterinsights_skip_tracking":false,"_monsterinsights_sitenote_active":false,"_monsterinsights_sitenote_note":"","_monsterinsights_sitenote_category":0,"_joinchat":[]},"product_brand":[],"product_cat":[103,26],"product_tag":[],"class_list":{"0":"post-8302","1":"product","2":"type-product","3":"status-publish","4":"has-post-thumbnail","6":"product_cat-anker-power-station","7":"product_cat-x-epower","9":"first","10":"outofstock","11":"taxable","12":"shipping-taxable","13":"purchasable","14":"product-type-variable"},"aioseo_notices":[],"jetpack_sharing_enabled":true,"_links":{"self":[{"href":"https:\/\/thetatauhome.com\/es\/wp-json\/wp\/v2\/product\/8302","targetHints":{"allow":["GET"]}}],"collection":[{"href":"https:\/\/thetatauhome.com\/es\/wp-json\/wp\/v2\/product"}],"about":[{"href":"https:\/\/thetatauhome.com\/es\/wp-json\/wp\/v2\/types\/product"}],"replies":[{"embeddable":true,"href":"https:\/\/thetatauhome.com\/es\/wp-json\/wp\/v2\/comments?post=8302"}],"version-history":[{"count":5,"href":"https:\/\/thetatauhome.com\/es\/wp-json\/wp\/v2\/product\/8302\/revisions"}],"predecessor-version":[{"id":8851,"href":"https:\/\/thetatauhome.com\/es\/wp-json\/wp\/v2\/product\/8302\/revisions\/8851"}],"wp:featuredmedia":[{"embeddable":true,"href":"https:\/\/thetatauhome.com\/es\/wp-json\/wp\/v2\/media\/8305"}],"wp:attachment":[{"href":"https:\/\/thetatauhome.com\/es\/wp-json\/wp\/v2\/media?parent=8302"}],"wp:term":[{"taxonomy":"product_brand","embeddable":true,"href":"https:\/\/thetatauhome.com\/es\/wp-json\/wp\/v2\/product_brand?post=8302"},{"taxonomy":"product_cat","embeddable":true,"href":"https:\/\/thetatauhome.com\/es\/wp-json\/wp\/v2\/product_cat?post=8302"},{"taxonomy":"product_tag","embeddable":true,"href":"https:\/\/thetatauhome.com\/es\/wp-json\/wp\/v2\/product_tag?post=8302"}],"curies":[{"name":"wp","href":"https:\/\/api.w.org\/{rel}","templated":true}]}}