{"id":8259,"date":"2024-12-10T18:17:33","date_gmt":"2024-12-10T17:17:33","guid":{"rendered":"https:\/\/thetatauhome.com\/?post_type=product&#038;p=8259"},"modified":"2025-03-17T08:47:57","modified_gmt":"2025-03-17T07:47:57","slug":"anker-solix-c800x-portable-power-station-estacion-de-energia-portatil-bateria-lifepo4-capacidad-768wh-2600mah-potencia-1200w-1920w","status":"publish","type":"product","link":"https:\/\/thetatauhome.com\/es\/producto\/anker-solix-c800x-portable-power-station-estacion-de-energia-portatil-bateria-lifepo4-capacidad-768wh-2600mah-potencia-1200w-1920w\/","title":{"rendered":"Anker SOLIX C800X Portable Power Station | Estaci\u00f3n de energ\u00eda port\u00e1til | Bater\u00eda LiFePO4 | Capacidad 768Wh (2600mAh) | Potencia 1200W-1920W"},"content":{"rendered":"<div data-elementor-type=\"product-post\" data-elementor-id=\"8259\" class=\"elementor elementor-8259\" data-elementor-post-type=\"product\">\n\t\t\t\t\t\t<section class=\"elementor-section elementor-top-section elementor-element elementor-element-f6bd1c8 elementor-section-boxed elementor-section-height-default elementor-section-height-default\" data-id=\"f6bd1c8\" data-element_type=\"section\" data-e-type=\"section\">\n\t\t\t\t\t\t<div class=\"elementor-container elementor-column-gap-default\">\n\t\t\t\t\t<div class=\"elementor-column elementor-col-100 elementor-top-column elementor-element elementor-element-4183fc1\" data-id=\"4183fc1\" data-element_type=\"column\" data-e-type=\"column\">\n\t\t\t<div class=\"elementor-widget-wrap elementor-element-populated\">\n\t\t\t\t\t\t<div class=\"elementor-element elementor-element-05dc3d7 elementor-widget elementor-widget-image\" data-id=\"05dc3d7\" data-element_type=\"widget\" data-e-type=\"widget\" data-widget_type=\"image.default\">\n\t\t\t\t\t\t\t\t\t\t\t\t\t\t\t<img fetchpriority=\"high\" decoding=\"async\" width=\"1024\" height=\"420\" src=\"https:\/\/thetatauhome.com\/wp-content\/uploads\/2024\/12\/A1755311_EU_PRC_TD08_V1-1024x420.jpg\" class=\"attachment-large size-large wp-image-8282\" alt=\"\" srcset=\"https:\/\/thetatauhome.com\/wp-content\/uploads\/2024\/12\/A1755311_EU_PRC_TD08_V1-1024x420.jpg 1024w, https:\/\/thetatauhome.com\/wp-content\/uploads\/2024\/12\/A1755311_EU_PRC_TD08_V1-300x123.jpg 300w, https:\/\/thetatauhome.com\/wp-content\/uploads\/2024\/12\/A1755311_EU_PRC_TD08_V1-768x315.jpg 768w, https:\/\/thetatauhome.com\/wp-content\/uploads\/2024\/12\/A1755311_EU_PRC_TD08_V1-18x7.jpg 18w, https:\/\/thetatauhome.com\/wp-content\/uploads\/2024\/12\/A1755311_EU_PRC_TD08_V1-600x246.jpg 600w, https:\/\/thetatauhome.com\/wp-content\/uploads\/2024\/12\/A1755311_EU_PRC_TD08_V1-64x26.jpg 64w, https:\/\/thetatauhome.com\/wp-content\/uploads\/2024\/12\/A1755311_EU_PRC_TD08_V1.jpg 1464w\" sizes=\"(max-width: 1024px) 100vw, 1024px\" \/>\t\t\t\t\t\t\t\t\t\t\t\t\t\t\t<\/div>\n\t\t\t\t<div class=\"elementor-element elementor-element-14fb4fb elementor-widget elementor-widget-image\" data-id=\"14fb4fb\" data-element_type=\"widget\" data-e-type=\"widget\" data-widget_type=\"image.default\">\n\t\t\t\t\t\t\t\t\t\t\t\t\t\t\t<img decoding=\"async\" width=\"1024\" height=\"420\" src=\"https:\/\/thetatauhome.com\/wp-content\/uploads\/2024\/12\/A1755311_EU_PRC_TD09_V1-1024x420.jpg\" class=\"attachment-large size-large wp-image-8283\" alt=\"\" srcset=\"https:\/\/thetatauhome.com\/wp-content\/uploads\/2024\/12\/A1755311_EU_PRC_TD09_V1-1024x420.jpg 1024w, https:\/\/thetatauhome.com\/wp-content\/uploads\/2024\/12\/A1755311_EU_PRC_TD09_V1-300x123.jpg 300w, https:\/\/thetatauhome.com\/wp-content\/uploads\/2024\/12\/A1755311_EU_PRC_TD09_V1-768x315.jpg 768w, https:\/\/thetatauhome.com\/wp-content\/uploads\/2024\/12\/A1755311_EU_PRC_TD09_V1-18x7.jpg 18w, https:\/\/thetatauhome.com\/wp-content\/uploads\/2024\/12\/A1755311_EU_PRC_TD09_V1-600x246.jpg 600w, https:\/\/thetatauhome.com\/wp-content\/uploads\/2024\/12\/A1755311_EU_PRC_TD09_V1-64x26.jpg 64w, https:\/\/thetatauhome.com\/wp-content\/uploads\/2024\/12\/A1755311_EU_PRC_TD09_V1.jpg 1464w\" sizes=\"(max-width: 1024px) 100vw, 1024px\" \/>\t\t\t\t\t\t\t\t\t\t\t\t\t\t\t<\/div>\n\t\t\t\t<div class=\"elementor-element elementor-element-6a96659 elementor-widget elementor-widget-image\" data-id=\"6a96659\" data-element_type=\"widget\" data-e-type=\"widget\" data-widget_type=\"image.default\">\n\t\t\t\t\t\t\t\t\t\t\t\t\t\t\t<img decoding=\"async\" width=\"1024\" height=\"420\" src=\"https:\/\/thetatauhome.com\/wp-content\/uploads\/2024\/12\/A1755311_EU_PRC_TD10_V1-1024x420.jpg\" class=\"attachment-large size-large wp-image-8284\" alt=\"\" srcset=\"https:\/\/thetatauhome.com\/wp-content\/uploads\/2024\/12\/A1755311_EU_PRC_TD10_V1-1024x420.jpg 1024w, https:\/\/thetatauhome.com\/wp-content\/uploads\/2024\/12\/A1755311_EU_PRC_TD10_V1-300x123.jpg 300w, https:\/\/thetatauhome.com\/wp-content\/uploads\/2024\/12\/A1755311_EU_PRC_TD10_V1-768x315.jpg 768w, https:\/\/thetatauhome.com\/wp-content\/uploads\/2024\/12\/A1755311_EU_PRC_TD10_V1-18x7.jpg 18w, https:\/\/thetatauhome.com\/wp-content\/uploads\/2024\/12\/A1755311_EU_PRC_TD10_V1-600x246.jpg 600w, https:\/\/thetatauhome.com\/wp-content\/uploads\/2024\/12\/A1755311_EU_PRC_TD10_V1-64x26.jpg 64w, https:\/\/thetatauhome.com\/wp-content\/uploads\/2024\/12\/A1755311_EU_PRC_TD10_V1.jpg 1464w\" sizes=\"(max-width: 1024px) 100vw, 1024px\" \/>\t\t\t\t\t\t\t\t\t\t\t\t\t\t\t<\/div>\n\t\t\t\t<div class=\"elementor-element elementor-element-1ce155a elementor-widget elementor-widget-image\" data-id=\"1ce155a\" data-element_type=\"widget\" data-e-type=\"widget\" data-widget_type=\"image.default\">\n\t\t\t\t\t\t\t\t\t\t\t\t\t\t\t<img loading=\"lazy\" decoding=\"async\" width=\"1024\" height=\"420\" src=\"https:\/\/thetatauhome.com\/wp-content\/uploads\/2024\/12\/A1755311_EU_PRC_TD11_V1-1024x420.jpg\" class=\"attachment-large size-large wp-image-8285\" alt=\"\" srcset=\"https:\/\/thetatauhome.com\/wp-content\/uploads\/2024\/12\/A1755311_EU_PRC_TD11_V1-1024x420.jpg 1024w, https:\/\/thetatauhome.com\/wp-content\/uploads\/2024\/12\/A1755311_EU_PRC_TD11_V1-300x123.jpg 300w, https:\/\/thetatauhome.com\/wp-content\/uploads\/2024\/12\/A1755311_EU_PRC_TD11_V1-768x315.jpg 768w, https:\/\/thetatauhome.com\/wp-content\/uploads\/2024\/12\/A1755311_EU_PRC_TD11_V1-18x7.jpg 18w, https:\/\/thetatauhome.com\/wp-content\/uploads\/2024\/12\/A1755311_EU_PRC_TD11_V1-600x246.jpg 600w, https:\/\/thetatauhome.com\/wp-content\/uploads\/2024\/12\/A1755311_EU_PRC_TD11_V1-64x26.jpg 64w, https:\/\/thetatauhome.com\/wp-content\/uploads\/2024\/12\/A1755311_EU_PRC_TD11_V1.jpg 1464w\" sizes=\"(max-width: 1024px) 100vw, 1024px\" \/>\t\t\t\t\t\t\t\t\t\t\t\t\t\t\t<\/div>\n\t\t\t\t<div class=\"elementor-element elementor-element-9d1ae11 elementor-widget elementor-widget-image\" data-id=\"9d1ae11\" data-element_type=\"widget\" data-e-type=\"widget\" data-widget_type=\"image.default\">\n\t\t\t\t\t\t\t\t\t\t\t\t\t\t\t<img loading=\"lazy\" decoding=\"async\" width=\"1024\" height=\"420\" src=\"https:\/\/thetatauhome.com\/wp-content\/uploads\/2024\/12\/A1755311_EU_PRC_TD12_V1-1024x420.jpg\" class=\"attachment-large size-large wp-image-8286\" alt=\"\" srcset=\"https:\/\/thetatauhome.com\/wp-content\/uploads\/2024\/12\/A1755311_EU_PRC_TD12_V1-1024x420.jpg 1024w, https:\/\/thetatauhome.com\/wp-content\/uploads\/2024\/12\/A1755311_EU_PRC_TD12_V1-300x123.jpg 300w, https:\/\/thetatauhome.com\/wp-content\/uploads\/2024\/12\/A1755311_EU_PRC_TD12_V1-768x315.jpg 768w, https:\/\/thetatauhome.com\/wp-content\/uploads\/2024\/12\/A1755311_EU_PRC_TD12_V1-18x7.jpg 18w, https:\/\/thetatauhome.com\/wp-content\/uploads\/2024\/12\/A1755311_EU_PRC_TD12_V1-600x246.jpg 600w, https:\/\/thetatauhome.com\/wp-content\/uploads\/2024\/12\/A1755311_EU_PRC_TD12_V1-64x26.jpg 64w, https:\/\/thetatauhome.com\/wp-content\/uploads\/2024\/12\/A1755311_EU_PRC_TD12_V1.jpg 1464w\" sizes=\"(max-width: 1024px) 100vw, 1024px\" \/>\t\t\t\t\t\t\t\t\t\t\t\t\t\t\t<\/div>\n\t\t\t\t<div class=\"elementor-element elementor-element-245861d elementor-widget elementor-widget-image\" data-id=\"245861d\" data-element_type=\"widget\" data-e-type=\"widget\" data-widget_type=\"image.default\">\n\t\t\t\t\t\t\t\t\t\t\t\t\t\t\t<img loading=\"lazy\" decoding=\"async\" width=\"1024\" height=\"420\" src=\"https:\/\/thetatauhome.com\/wp-content\/uploads\/2024\/12\/A1755311_EU_PRC_TD13_V1-1024x420.jpg\" class=\"attachment-large size-large wp-image-8287\" alt=\"\" srcset=\"https:\/\/thetatauhome.com\/wp-content\/uploads\/2024\/12\/A1755311_EU_PRC_TD13_V1-1024x420.jpg 1024w, https:\/\/thetatauhome.com\/wp-content\/uploads\/2024\/12\/A1755311_EU_PRC_TD13_V1-300x123.jpg 300w, https:\/\/thetatauhome.com\/wp-content\/uploads\/2024\/12\/A1755311_EU_PRC_TD13_V1-768x315.jpg 768w, https:\/\/thetatauhome.com\/wp-content\/uploads\/2024\/12\/A1755311_EU_PRC_TD13_V1-18x7.jpg 18w, https:\/\/thetatauhome.com\/wp-content\/uploads\/2024\/12\/A1755311_EU_PRC_TD13_V1-600x246.jpg 600w, https:\/\/thetatauhome.com\/wp-content\/uploads\/2024\/12\/A1755311_EU_PRC_TD13_V1-64x26.jpg 64w, https:\/\/thetatauhome.com\/wp-content\/uploads\/2024\/12\/A1755311_EU_PRC_TD13_V1.jpg 1464w\" sizes=\"(max-width: 1024px) 100vw, 1024px\" \/>\t\t\t\t\t\t\t\t\t\t\t\t\t\t\t<\/div>\n\t\t\t\t<div class=\"elementor-element elementor-element-ee44520 elementor-widget elementor-widget-image\" data-id=\"ee44520\" data-element_type=\"widget\" data-e-type=\"widget\" data-widget_type=\"image.default\">\n\t\t\t\t\t\t\t\t\t\t\t\t\t\t\t<img loading=\"lazy\" decoding=\"async\" width=\"1024\" height=\"420\" src=\"https:\/\/thetatauhome.com\/wp-content\/uploads\/2024\/12\/A1755311_EU_PRC_TD14_V1-1024x420.jpg\" class=\"attachment-large size-large wp-image-8288\" alt=\"\" srcset=\"https:\/\/thetatauhome.com\/wp-content\/uploads\/2024\/12\/A1755311_EU_PRC_TD14_V1-1024x420.jpg 1024w, https:\/\/thetatauhome.com\/wp-content\/uploads\/2024\/12\/A1755311_EU_PRC_TD14_V1-300x123.jpg 300w, https:\/\/thetatauhome.com\/wp-content\/uploads\/2024\/12\/A1755311_EU_PRC_TD14_V1-768x315.jpg 768w, https:\/\/thetatauhome.com\/wp-content\/uploads\/2024\/12\/A1755311_EU_PRC_TD14_V1-18x7.jpg 18w, https:\/\/thetatauhome.com\/wp-content\/uploads\/2024\/12\/A1755311_EU_PRC_TD14_V1-600x246.jpg 600w, https:\/\/thetatauhome.com\/wp-content\/uploads\/2024\/12\/A1755311_EU_PRC_TD14_V1-64x26.jpg 64w, https:\/\/thetatauhome.com\/wp-content\/uploads\/2024\/12\/A1755311_EU_PRC_TD14_V1.jpg 1464w\" sizes=\"(max-width: 1024px) 100vw, 1024px\" \/>\t\t\t\t\t\t\t\t\t\t\t\t\t\t\t<\/div>\n\t\t\t\t<div class=\"elementor-element elementor-element-5bf1253 elementor-widget elementor-widget-image\" data-id=\"5bf1253\" data-element_type=\"widget\" data-e-type=\"widget\" data-widget_type=\"image.default\">\n\t\t\t\t\t\t\t\t\t\t\t\t\t\t\t<img loading=\"lazy\" decoding=\"async\" width=\"1024\" height=\"420\" src=\"https:\/\/thetatauhome.com\/wp-content\/uploads\/2024\/12\/A1755311_EU_PRC_TD15_V1-1024x420.jpg\" class=\"attachment-large size-large wp-image-8289\" alt=\"\" srcset=\"https:\/\/thetatauhome.com\/wp-content\/uploads\/2024\/12\/A1755311_EU_PRC_TD15_V1-1024x420.jpg 1024w, https:\/\/thetatauhome.com\/wp-content\/uploads\/2024\/12\/A1755311_EU_PRC_TD15_V1-300x123.jpg 300w, https:\/\/thetatauhome.com\/wp-content\/uploads\/2024\/12\/A1755311_EU_PRC_TD15_V1-768x315.jpg 768w, https:\/\/thetatauhome.com\/wp-content\/uploads\/2024\/12\/A1755311_EU_PRC_TD15_V1-18x7.jpg 18w, https:\/\/thetatauhome.com\/wp-content\/uploads\/2024\/12\/A1755311_EU_PRC_TD15_V1-600x246.jpg 600w, https:\/\/thetatauhome.com\/wp-content\/uploads\/2024\/12\/A1755311_EU_PRC_TD15_V1-64x26.jpg 64w, https:\/\/thetatauhome.com\/wp-content\/uploads\/2024\/12\/A1755311_EU_PRC_TD15_V1.jpg 1464w\" sizes=\"(max-width: 1024px) 100vw, 1024px\" \/>\t\t\t\t\t\t\t\t\t\t\t\t\t\t\t<\/div>\n\t\t\t\t<div class=\"elementor-element elementor-element-399d435 elementor-widget elementor-widget-image\" data-id=\"399d435\" data-element_type=\"widget\" data-e-type=\"widget\" data-widget_type=\"image.default\">\n\t\t\t\t\t\t\t\t\t\t\t\t\t\t\t<img loading=\"lazy\" decoding=\"async\" width=\"819\" height=\"1024\" src=\"https:\/\/thetatauhome.com\/wp-content\/uploads\/2024\/12\/A1755311_EU_TD1_V1-819x1024.jpg\" class=\"attachment-large size-large wp-image-8290\" alt=\"\" srcset=\"https:\/\/thetatauhome.com\/wp-content\/uploads\/2024\/12\/A1755311_EU_TD1_V1-819x1024.jpg 819w, https:\/\/thetatauhome.com\/wp-content\/uploads\/2024\/12\/A1755311_EU_TD1_V1-240x300.jpg 240w, https:\/\/thetatauhome.com\/wp-content\/uploads\/2024\/12\/A1755311_EU_TD1_V1-768x960.jpg 768w, https:\/\/thetatauhome.com\/wp-content\/uploads\/2024\/12\/A1755311_EU_TD1_V1-1229x1536.jpg 1229w, https:\/\/thetatauhome.com\/wp-content\/uploads\/2024\/12\/A1755311_EU_TD1_V1-10x12.jpg 10w, https:\/\/thetatauhome.com\/wp-content\/uploads\/2024\/12\/A1755311_EU_TD1_V1-300x375.jpg 300w, https:\/\/thetatauhome.com\/wp-content\/uploads\/2024\/12\/A1755311_EU_TD1_V1-600x750.jpg 600w, https:\/\/thetatauhome.com\/wp-content\/uploads\/2024\/12\/A1755311_EU_TD1_V1-64x80.jpg 64w, https:\/\/thetatauhome.com\/wp-content\/uploads\/2024\/12\/A1755311_EU_TD1_V1.jpg 1600w\" sizes=\"(max-width: 819px) 100vw, 819px\" \/>\t\t\t\t\t\t\t\t\t\t\t\t\t\t\t<\/div>\n\t\t\t\t<div class=\"elementor-element elementor-element-de8d58e elementor-widget elementor-widget-image\" data-id=\"de8d58e\" data-element_type=\"widget\" data-e-type=\"widget\" data-widget_type=\"image.default\">\n\t\t\t\t\t\t\t\t\t\t\t\t\t\t\t<img loading=\"lazy\" decoding=\"async\" width=\"819\" height=\"1024\" src=\"https:\/\/thetatauhome.com\/wp-content\/uploads\/2024\/12\/A1755311_EU_TD3_V1-819x1024.jpg\" class=\"attachment-large size-large wp-image-8291\" alt=\"\" srcset=\"https:\/\/thetatauhome.com\/wp-content\/uploads\/2024\/12\/A1755311_EU_TD3_V1-819x1024.jpg 819w, https:\/\/thetatauhome.com\/wp-content\/uploads\/2024\/12\/A1755311_EU_TD3_V1-240x300.jpg 240w, https:\/\/thetatauhome.com\/wp-content\/uploads\/2024\/12\/A1755311_EU_TD3_V1-768x960.jpg 768w, https:\/\/thetatauhome.com\/wp-content\/uploads\/2024\/12\/A1755311_EU_TD3_V1-1229x1536.jpg 1229w, https:\/\/thetatauhome.com\/wp-content\/uploads\/2024\/12\/A1755311_EU_TD3_V1-10x12.jpg 10w, https:\/\/thetatauhome.com\/wp-content\/uploads\/2024\/12\/A1755311_EU_TD3_V1-300x375.jpg 300w, https:\/\/thetatauhome.com\/wp-content\/uploads\/2024\/12\/A1755311_EU_TD3_V1-600x750.jpg 600w, https:\/\/thetatauhome.com\/wp-content\/uploads\/2024\/12\/A1755311_EU_TD3_V1-64x80.jpg 64w, https:\/\/thetatauhome.com\/wp-content\/uploads\/2024\/12\/A1755311_EU_TD3_V1.jpg 1600w\" sizes=\"(max-width: 819px) 100vw, 819px\" \/>\t\t\t\t\t\t\t\t\t\t\t\t\t\t\t<\/div>\n\t\t\t\t<div class=\"elementor-element elementor-element-901018f elementor-widget elementor-widget-image\" data-id=\"901018f\" data-element_type=\"widget\" data-e-type=\"widget\" data-widget_type=\"image.default\">\n\t\t\t\t\t\t\t\t\t\t\t\t\t\t\t<img loading=\"lazy\" decoding=\"async\" width=\"819\" height=\"1024\" src=\"https:\/\/thetatauhome.com\/wp-content\/uploads\/2024\/12\/A1755311_EU_TD4_V1-819x1024.jpg\" class=\"attachment-large size-large wp-image-8292\" alt=\"\" srcset=\"https:\/\/thetatauhome.com\/wp-content\/uploads\/2024\/12\/A1755311_EU_TD4_V1-819x1024.jpg 819w, https:\/\/thetatauhome.com\/wp-content\/uploads\/2024\/12\/A1755311_EU_TD4_V1-240x300.jpg 240w, https:\/\/thetatauhome.com\/wp-content\/uploads\/2024\/12\/A1755311_EU_TD4_V1-768x960.jpg 768w, https:\/\/thetatauhome.com\/wp-content\/uploads\/2024\/12\/A1755311_EU_TD4_V1-1229x1536.jpg 1229w, https:\/\/thetatauhome.com\/wp-content\/uploads\/2024\/12\/A1755311_EU_TD4_V1-10x12.jpg 10w, https:\/\/thetatauhome.com\/wp-content\/uploads\/2024\/12\/A1755311_EU_TD4_V1-300x375.jpg 300w, https:\/\/thetatauhome.com\/wp-content\/uploads\/2024\/12\/A1755311_EU_TD4_V1-600x750.jpg 600w, https:\/\/thetatauhome.com\/wp-content\/uploads\/2024\/12\/A1755311_EU_TD4_V1-64x80.jpg 64w, https:\/\/thetatauhome.com\/wp-content\/uploads\/2024\/12\/A1755311_EU_TD4_V1.jpg 1600w\" sizes=\"(max-width: 819px) 100vw, 819px\" \/>\t\t\t\t\t\t\t\t\t\t\t\t\t\t\t<\/div>\n\t\t\t\t<div class=\"elementor-element elementor-element-1492c43 elementor-widget elementor-widget-image\" data-id=\"1492c43\" data-element_type=\"widget\" data-e-type=\"widget\" data-widget_type=\"image.default\">\n\t\t\t\t\t\t\t\t\t\t\t\t\t\t\t<img loading=\"lazy\" decoding=\"async\" width=\"819\" height=\"1024\" src=\"https:\/\/thetatauhome.com\/wp-content\/uploads\/2024\/12\/A1755311_EU_TD5_V1-819x1024.jpg\" class=\"attachment-large size-large wp-image-8293\" alt=\"\" srcset=\"https:\/\/thetatauhome.com\/wp-content\/uploads\/2024\/12\/A1755311_EU_TD5_V1-819x1024.jpg 819w, https:\/\/thetatauhome.com\/wp-content\/uploads\/2024\/12\/A1755311_EU_TD5_V1-240x300.jpg 240w, https:\/\/thetatauhome.com\/wp-content\/uploads\/2024\/12\/A1755311_EU_TD5_V1-768x960.jpg 768w, https:\/\/thetatauhome.com\/wp-content\/uploads\/2024\/12\/A1755311_EU_TD5_V1-1229x1536.jpg 1229w, https:\/\/thetatauhome.com\/wp-content\/uploads\/2024\/12\/A1755311_EU_TD5_V1-10x12.jpg 10w, https:\/\/thetatauhome.com\/wp-content\/uploads\/2024\/12\/A1755311_EU_TD5_V1-300x375.jpg 300w, https:\/\/thetatauhome.com\/wp-content\/uploads\/2024\/12\/A1755311_EU_TD5_V1-600x750.jpg 600w, https:\/\/thetatauhome.com\/wp-content\/uploads\/2024\/12\/A1755311_EU_TD5_V1-64x80.jpg 64w, https:\/\/thetatauhome.com\/wp-content\/uploads\/2024\/12\/A1755311_EU_TD5_V1.jpg 1600w\" sizes=\"(max-width: 819px) 100vw, 819px\" \/>\t\t\t\t\t\t\t\t\t\t\t\t\t\t\t<\/div>\n\t\t\t\t<div class=\"elementor-element elementor-element-50f16bc elementor-widget elementor-widget-image\" data-id=\"50f16bc\" data-element_type=\"widget\" data-e-type=\"widget\" data-widget_type=\"image.default\">\n\t\t\t\t\t\t\t\t\t\t\t\t\t\t\t<img loading=\"lazy\" decoding=\"async\" width=\"819\" height=\"1024\" src=\"https:\/\/thetatauhome.com\/wp-content\/uploads\/2024\/12\/A1755311_EU_TD6_V1-819x1024.jpg\" class=\"attachment-large size-large wp-image-8294\" alt=\"\" srcset=\"https:\/\/thetatauhome.com\/wp-content\/uploads\/2024\/12\/A1755311_EU_TD6_V1-819x1024.jpg 819w, https:\/\/thetatauhome.com\/wp-content\/uploads\/2024\/12\/A1755311_EU_TD6_V1-240x300.jpg 240w, https:\/\/thetatauhome.com\/wp-content\/uploads\/2024\/12\/A1755311_EU_TD6_V1-768x960.jpg 768w, https:\/\/thetatauhome.com\/wp-content\/uploads\/2024\/12\/A1755311_EU_TD6_V1-1229x1536.jpg 1229w, https:\/\/thetatauhome.com\/wp-content\/uploads\/2024\/12\/A1755311_EU_TD6_V1-10x12.jpg 10w, https:\/\/thetatauhome.com\/wp-content\/uploads\/2024\/12\/A1755311_EU_TD6_V1-300x375.jpg 300w, https:\/\/thetatauhome.com\/wp-content\/uploads\/2024\/12\/A1755311_EU_TD6_V1-600x750.jpg 600w, https:\/\/thetatauhome.com\/wp-content\/uploads\/2024\/12\/A1755311_EU_TD6_V1-64x80.jpg 64w, https:\/\/thetatauhome.com\/wp-content\/uploads\/2024\/12\/A1755311_EU_TD6_V1.jpg 1600w\" sizes=\"(max-width: 819px) 100vw, 819px\" \/>\t\t\t\t\t\t\t\t\t\t\t\t\t\t\t<\/div>\n\t\t\t\t<div class=\"elementor-element elementor-element-e48bd80 elementor-widget elementor-widget-image\" data-id=\"e48bd80\" data-element_type=\"widget\" data-e-type=\"widget\" data-widget_type=\"image.default\">\n\t\t\t\t\t\t\t\t\t\t\t\t\t\t\t<img loading=\"lazy\" decoding=\"async\" width=\"819\" height=\"1024\" src=\"https:\/\/thetatauhome.com\/wp-content\/uploads\/2024\/12\/A1755311_EU_TD7_V1-819x1024.jpg\" class=\"attachment-large size-large wp-image-8295\" alt=\"\" srcset=\"https:\/\/thetatauhome.com\/wp-content\/uploads\/2024\/12\/A1755311_EU_TD7_V1-819x1024.jpg 819w, https:\/\/thetatauhome.com\/wp-content\/uploads\/2024\/12\/A1755311_EU_TD7_V1-240x300.jpg 240w, https:\/\/thetatauhome.com\/wp-content\/uploads\/2024\/12\/A1755311_EU_TD7_V1-768x960.jpg 768w, https:\/\/thetatauhome.com\/wp-content\/uploads\/2024\/12\/A1755311_EU_TD7_V1-1229x1536.jpg 1229w, https:\/\/thetatauhome.com\/wp-content\/uploads\/2024\/12\/A1755311_EU_TD7_V1-10x12.jpg 10w, https:\/\/thetatauhome.com\/wp-content\/uploads\/2024\/12\/A1755311_EU_TD7_V1-300x375.jpg 300w, https:\/\/thetatauhome.com\/wp-content\/uploads\/2024\/12\/A1755311_EU_TD7_V1-600x750.jpg 600w, https:\/\/thetatauhome.com\/wp-content\/uploads\/2024\/12\/A1755311_EU_TD7_V1-64x80.jpg 64w, https:\/\/thetatauhome.com\/wp-content\/uploads\/2024\/12\/A1755311_EU_TD7_V1.jpg 1600w\" sizes=\"(max-width: 819px) 100vw, 819px\" \/>\t\t\t\t\t\t\t\t\t\t\t\t\t\t\t<\/div>\n\t\t\t\t\t<\/div>\n\t\t<\/div>\n\t\t\t\t\t<\/div>\n\t\t<\/section>\n\t\t\t\t<section class=\"elementor-section elementor-top-section elementor-element elementor-element-dcc2609 elementor-section-boxed elementor-section-height-default elementor-section-height-default\" data-id=\"dcc2609\" data-element_type=\"section\" data-e-type=\"section\">\n\t\t\t\t\t\t<div class=\"elementor-container elementor-column-gap-default\">\n\t\t\t\t\t<div class=\"elementor-column elementor-col-100 elementor-top-column elementor-element elementor-element-1ee2d76\" data-id=\"1ee2d76\" data-element_type=\"column\" data-e-type=\"column\">\n\t\t\t<div class=\"elementor-widget-wrap\">\n\t\t\t\t\t\t\t<\/div>\n\t\t<\/div>\n\t\t\t\t\t<\/div>\n\t\t<\/section>\n\t\t\t\t<\/div>","protected":false},"excerpt":{"rendered":"<ul>\n<li>768 Wh y potencia nominal de alto rendimiento de 1200 W<\/li>\n<li>Sin l\u00edmites de energ\u00eda con la tecnolog\u00eda SurgePad de 1600 W<\/li>\n<li>El almacenamiento integrado mantiene el equipo seguro y organizado<\/li>\n<li>Bater\u00edas LFP de mayor duraci\u00f3n con 3000 ciclos<\/li>\n<li>Recarga HyperFast\u2122 al 100 % en 58 minutos<\/li>\n<li>10 puertos para conectar varios dispositivos<\/li>\n<li>Entrada solar m\u00e1xima de 300 W<\/li>\n<li>Control remoto mediante aplicaci\u00f3nl<\/li>\n<\/ul>","protected":false},"featured_media":8260,"comment_status":"open","ping_status":"closed","template":"","meta":{"om_disable_all_campaigns":false,"_monsterinsights_skip_tracking":false,"_monsterinsights_sitenote_active":false,"_monsterinsights_sitenote_note":"","_monsterinsights_sitenote_category":0,"_joinchat":[]},"product_brand":[],"product_cat":[103,26],"product_tag":[],"class_list":{"0":"post-8259","1":"product","2":"type-product","3":"status-publish","4":"has-post-thumbnail","6":"product_cat-anker-power-station","7":"product_cat-x-epower","8":"product_shipping_class-small-standard","10":"first","11":"outofstock","12":"taxable","13":"shipping-taxable","14":"purchasable","15":"product-type-simple"},"aioseo_notices":[],"jetpack_sharing_enabled":true,"_links":{"self":[{"href":"https:\/\/thetatauhome.com\/es\/wp-json\/wp\/v2\/product\/8259","targetHints":{"allow":["GET"]}}],"collection":[{"href":"https:\/\/thetatauhome.com\/es\/wp-json\/wp\/v2\/product"}],"about":[{"href":"https:\/\/thetatauhome.com\/es\/wp-json\/wp\/v2\/types\/product"}],"replies":[{"embeddable":true,"href":"https:\/\/thetatauhome.com\/es\/wp-json\/wp\/v2\/comments?post=8259"}],"version-history":[{"count":8,"href":"https:\/\/thetatauhome.com\/es\/wp-json\/wp\/v2\/product\/8259\/revisions"}],"predecessor-version":[{"id":8439,"href":"https:\/\/thetatauhome.com\/es\/wp-json\/wp\/v2\/product\/8259\/revisions\/8439"}],"wp:featuredmedia":[{"embeddable":true,"href":"https:\/\/thetatauhome.com\/es\/wp-json\/wp\/v2\/media\/8260"}],"wp:attachment":[{"href":"https:\/\/thetatauhome.com\/es\/wp-json\/wp\/v2\/media?parent=8259"}],"wp:term":[{"taxonomy":"product_brand","embeddable":true,"href":"https:\/\/thetatauhome.com\/es\/wp-json\/wp\/v2\/product_brand?post=8259"},{"taxonomy":"product_cat","embeddable":true,"href":"https:\/\/thetatauhome.com\/es\/wp-json\/wp\/v2\/product_cat?post=8259"},{"taxonomy":"product_tag","embeddable":true,"href":"https:\/\/thetatauhome.com\/es\/wp-json\/wp\/v2\/product_tag?post=8259"}],"curies":[{"name":"wp","href":"https:\/\/api.w.org\/{rel}","templated":true}]}}