{"id":8197,"date":"2024-12-09T23:14:11","date_gmt":"2024-12-09T22:14:11","guid":{"rendered":"https:\/\/thetatauhome.com\/?post_type=product&#038;p=8197"},"modified":"2025-03-31T10:40:13","modified_gmt":"2025-03-31T08:40:13","slug":"anker-solix-c300x-portable-power-station-estacion-energia-portatil-bateria-lifepo4-capacidad-288wh-potencia-600w","status":"publish","type":"product","link":"https:\/\/thetatauhome.com\/es\/producto\/anker-solix-c300x-portable-power-station-estacion-energia-portatil-bateria-lifepo4-capacidad-288wh-potencia-600w\/","title":{"rendered":"Anker SOLIX C300X Portable Power Station | Estaci\u00f3n energ\u00eda port\u00e1til | Bater\u00eda LiFePO4 | Capacidad 288Wh | Potencia 300W-600W"},"content":{"rendered":"<div data-elementor-type=\"product-post\" data-elementor-id=\"8197\" class=\"elementor elementor-8197\" data-elementor-post-type=\"product\">\n\t\t\t\t\t\t<section class=\"elementor-section elementor-top-section elementor-element elementor-element-20104a1 elementor-section-boxed elementor-section-height-default elementor-section-height-default\" data-id=\"20104a1\" data-element_type=\"section\" data-e-type=\"section\">\n\t\t\t\t\t\t<div class=\"elementor-container elementor-column-gap-default\">\n\t\t\t\t\t<div class=\"elementor-column elementor-col-100 elementor-top-column elementor-element elementor-element-9acc81d\" data-id=\"9acc81d\" data-element_type=\"column\" data-e-type=\"column\">\n\t\t\t<div class=\"elementor-widget-wrap elementor-element-populated\">\n\t\t\t\t\t\t<div class=\"elementor-element elementor-element-b75d348 elementor-widget elementor-widget-image\" data-id=\"b75d348\" data-element_type=\"widget\" data-e-type=\"widget\" data-widget_type=\"image.default\">\n\t\t\t\t\t\t\t\t\t\t\t\t\t\t\t<img fetchpriority=\"high\" decoding=\"async\" width=\"819\" height=\"1024\" src=\"https:\/\/thetatauhome.com\/wp-content\/uploads\/2024\/12\/Anker-C300X-Descripcion-2-819x1024.png\" class=\"attachment-large size-large wp-image-8210\" alt=\"\" srcset=\"https:\/\/thetatauhome.com\/wp-content\/uploads\/2024\/12\/Anker-C300X-Descripcion-2-819x1024.png 819w, https:\/\/thetatauhome.com\/wp-content\/uploads\/2024\/12\/Anker-C300X-Descripcion-2-240x300.png 240w, https:\/\/thetatauhome.com\/wp-content\/uploads\/2024\/12\/Anker-C300X-Descripcion-2-768x960.png 768w, https:\/\/thetatauhome.com\/wp-content\/uploads\/2024\/12\/Anker-C300X-Descripcion-2-1229x1536.png 1229w, https:\/\/thetatauhome.com\/wp-content\/uploads\/2024\/12\/Anker-C300X-Descripcion-2-1639x2048.png 1639w, https:\/\/thetatauhome.com\/wp-content\/uploads\/2024\/12\/Anker-C300X-Descripcion-2-10x12.png 10w, https:\/\/thetatauhome.com\/wp-content\/uploads\/2024\/12\/Anker-C300X-Descripcion-2-300x375.png 300w, https:\/\/thetatauhome.com\/wp-content\/uploads\/2024\/12\/Anker-C300X-Descripcion-2-600x750.png 600w, https:\/\/thetatauhome.com\/wp-content\/uploads\/2024\/12\/Anker-C300X-Descripcion-2-64x80.png 64w\" sizes=\"(max-width: 819px) 100vw, 819px\" \/>\t\t\t\t\t\t\t\t\t\t\t\t\t\t\t<\/div>\n\t\t\t\t<div class=\"elementor-element elementor-element-c87bf4f elementor-widget elementor-widget-image\" data-id=\"c87bf4f\" data-element_type=\"widget\" data-e-type=\"widget\" data-widget_type=\"image.default\">\n\t\t\t\t\t\t\t\t\t\t\t\t\t\t\t<img decoding=\"async\" width=\"819\" height=\"1024\" src=\"https:\/\/thetatauhome.com\/wp-content\/uploads\/2024\/12\/Anker-C300X-Descripcion-6-819x1024.png\" class=\"attachment-large size-large wp-image-8215\" alt=\"\" srcset=\"https:\/\/thetatauhome.com\/wp-content\/uploads\/2024\/12\/Anker-C300X-Descripcion-6-819x1024.png 819w, https:\/\/thetatauhome.com\/wp-content\/uploads\/2024\/12\/Anker-C300X-Descripcion-6-240x300.png 240w, https:\/\/thetatauhome.com\/wp-content\/uploads\/2024\/12\/Anker-C300X-Descripcion-6-768x960.png 768w, https:\/\/thetatauhome.com\/wp-content\/uploads\/2024\/12\/Anker-C300X-Descripcion-6-1229x1536.png 1229w, https:\/\/thetatauhome.com\/wp-content\/uploads\/2024\/12\/Anker-C300X-Descripcion-6-1639x2048.png 1639w, https:\/\/thetatauhome.com\/wp-content\/uploads\/2024\/12\/Anker-C300X-Descripcion-6-10x12.png 10w, https:\/\/thetatauhome.com\/wp-content\/uploads\/2024\/12\/Anker-C300X-Descripcion-6-300x375.png 300w, https:\/\/thetatauhome.com\/wp-content\/uploads\/2024\/12\/Anker-C300X-Descripcion-6-600x750.png 600w, https:\/\/thetatauhome.com\/wp-content\/uploads\/2024\/12\/Anker-C300X-Descripcion-6-64x80.png 64w\" sizes=\"(max-width: 819px) 100vw, 819px\" \/>\t\t\t\t\t\t\t\t\t\t\t\t\t\t\t<\/div>\n\t\t\t\t<div class=\"elementor-element elementor-element-f932f78 elementor-widget elementor-widget-image\" data-id=\"f932f78\" data-element_type=\"widget\" data-e-type=\"widget\" data-widget_type=\"image.default\">\n\t\t\t\t\t\t\t\t\t\t\t\t\t\t\t<img decoding=\"async\" width=\"819\" height=\"1024\" src=\"https:\/\/thetatauhome.com\/wp-content\/uploads\/2024\/12\/Anker-C300X-Descripcion-3-819x1024.png\" class=\"attachment-large size-large wp-image-8211\" alt=\"\" srcset=\"https:\/\/thetatauhome.com\/wp-content\/uploads\/2024\/12\/Anker-C300X-Descripcion-3-819x1024.png 819w, https:\/\/thetatauhome.com\/wp-content\/uploads\/2024\/12\/Anker-C300X-Descripcion-3-240x300.png 240w, https:\/\/thetatauhome.com\/wp-content\/uploads\/2024\/12\/Anker-C300X-Descripcion-3-768x960.png 768w, https:\/\/thetatauhome.com\/wp-content\/uploads\/2024\/12\/Anker-C300X-Descripcion-3-1229x1536.png 1229w, https:\/\/thetatauhome.com\/wp-content\/uploads\/2024\/12\/Anker-C300X-Descripcion-3-1639x2048.png 1639w, https:\/\/thetatauhome.com\/wp-content\/uploads\/2024\/12\/Anker-C300X-Descripcion-3-10x12.png 10w, https:\/\/thetatauhome.com\/wp-content\/uploads\/2024\/12\/Anker-C300X-Descripcion-3-300x375.png 300w, https:\/\/thetatauhome.com\/wp-content\/uploads\/2024\/12\/Anker-C300X-Descripcion-3-600x750.png 600w, https:\/\/thetatauhome.com\/wp-content\/uploads\/2024\/12\/Anker-C300X-Descripcion-3-64x80.png 64w\" sizes=\"(max-width: 819px) 100vw, 819px\" \/>\t\t\t\t\t\t\t\t\t\t\t\t\t\t\t<\/div>\n\t\t\t\t<div class=\"elementor-element elementor-element-960298f elementor-widget elementor-widget-image\" data-id=\"960298f\" data-element_type=\"widget\" data-e-type=\"widget\" data-widget_type=\"image.default\">\n\t\t\t\t\t\t\t\t\t\t\t\t\t\t\t<img loading=\"lazy\" decoding=\"async\" width=\"819\" height=\"1024\" src=\"https:\/\/thetatauhome.com\/wp-content\/uploads\/2024\/12\/Anker-C300X-Descripcion-8-819x1024.png\" class=\"attachment-large size-large wp-image-8218\" alt=\"\" srcset=\"https:\/\/thetatauhome.com\/wp-content\/uploads\/2024\/12\/Anker-C300X-Descripcion-8-819x1024.png 819w, https:\/\/thetatauhome.com\/wp-content\/uploads\/2024\/12\/Anker-C300X-Descripcion-8-240x300.png 240w, https:\/\/thetatauhome.com\/wp-content\/uploads\/2024\/12\/Anker-C300X-Descripcion-8-768x960.png 768w, https:\/\/thetatauhome.com\/wp-content\/uploads\/2024\/12\/Anker-C300X-Descripcion-8-1229x1536.png 1229w, https:\/\/thetatauhome.com\/wp-content\/uploads\/2024\/12\/Anker-C300X-Descripcion-8-1639x2048.png 1639w, https:\/\/thetatauhome.com\/wp-content\/uploads\/2024\/12\/Anker-C300X-Descripcion-8-10x12.png 10w, https:\/\/thetatauhome.com\/wp-content\/uploads\/2024\/12\/Anker-C300X-Descripcion-8-300x375.png 300w, https:\/\/thetatauhome.com\/wp-content\/uploads\/2024\/12\/Anker-C300X-Descripcion-8-600x750.png 600w, https:\/\/thetatauhome.com\/wp-content\/uploads\/2024\/12\/Anker-C300X-Descripcion-8-64x80.png 64w\" sizes=\"(max-width: 819px) 100vw, 819px\" \/>\t\t\t\t\t\t\t\t\t\t\t\t\t\t\t<\/div>\n\t\t\t\t\t<\/div>\n\t\t<\/div>\n\t\t\t\t\t<\/div>\n\t\t<\/section>\n\t\t\t\t<section class=\"elementor-section elementor-top-section elementor-element elementor-element-439a454 elementor-section-boxed elementor-section-height-default elementor-section-height-default\" data-id=\"439a454\" data-element_type=\"section\" data-e-type=\"section\">\n\t\t\t\t\t\t<div class=\"elementor-container elementor-column-gap-default\">\n\t\t\t\t\t<div class=\"elementor-column elementor-col-100 elementor-top-column elementor-element elementor-element-7613f85\" data-id=\"7613f85\" data-element_type=\"column\" data-e-type=\"column\">\n\t\t\t<div class=\"elementor-widget-wrap elementor-element-populated\">\n\t\t\t\t\t\t<div class=\"elementor-element elementor-element-1fd149d elementor-widget elementor-widget-image\" data-id=\"1fd149d\" data-element_type=\"widget\" data-e-type=\"widget\" data-widget_type=\"image.default\">\n\t\t\t\t\t\t\t\t\t\t\t\t\t\t\t<img loading=\"lazy\" decoding=\"async\" width=\"819\" height=\"1024\" src=\"https:\/\/thetatauhome.com\/wp-content\/uploads\/2024\/12\/Anker-C300X-Descripcion-5-819x1024.png\" class=\"attachment-large size-large wp-image-8214\" alt=\"\" srcset=\"https:\/\/thetatauhome.com\/wp-content\/uploads\/2024\/12\/Anker-C300X-Descripcion-5-819x1024.png 819w, https:\/\/thetatauhome.com\/wp-content\/uploads\/2024\/12\/Anker-C300X-Descripcion-5-240x300.png 240w, https:\/\/thetatauhome.com\/wp-content\/uploads\/2024\/12\/Anker-C300X-Descripcion-5-768x960.png 768w, https:\/\/thetatauhome.com\/wp-content\/uploads\/2024\/12\/Anker-C300X-Descripcion-5-1229x1536.png 1229w, https:\/\/thetatauhome.com\/wp-content\/uploads\/2024\/12\/Anker-C300X-Descripcion-5-1639x2048.png 1639w, https:\/\/thetatauhome.com\/wp-content\/uploads\/2024\/12\/Anker-C300X-Descripcion-5-10x12.png 10w, https:\/\/thetatauhome.com\/wp-content\/uploads\/2024\/12\/Anker-C300X-Descripcion-5-300x375.png 300w, https:\/\/thetatauhome.com\/wp-content\/uploads\/2024\/12\/Anker-C300X-Descripcion-5-600x750.png 600w, https:\/\/thetatauhome.com\/wp-content\/uploads\/2024\/12\/Anker-C300X-Descripcion-5-64x80.png 64w\" sizes=\"(max-width: 819px) 100vw, 819px\" \/>\t\t\t\t\t\t\t\t\t\t\t\t\t\t\t<\/div>\n\t\t\t\t<div class=\"elementor-element elementor-element-461dac2 elementor-widget elementor-widget-image\" data-id=\"461dac2\" data-element_type=\"widget\" data-e-type=\"widget\" data-widget_type=\"image.default\">\n\t\t\t\t\t\t\t\t\t\t\t\t\t\t\t<img loading=\"lazy\" decoding=\"async\" width=\"819\" height=\"1024\" src=\"https:\/\/thetatauhome.com\/wp-content\/uploads\/2024\/12\/Anker-C300X-Descripcion-4-819x1024.png\" class=\"attachment-large size-large wp-image-8212\" alt=\"\" srcset=\"https:\/\/thetatauhome.com\/wp-content\/uploads\/2024\/12\/Anker-C300X-Descripcion-4-819x1024.png 819w, https:\/\/thetatauhome.com\/wp-content\/uploads\/2024\/12\/Anker-C300X-Descripcion-4-240x300.png 240w, https:\/\/thetatauhome.com\/wp-content\/uploads\/2024\/12\/Anker-C300X-Descripcion-4-768x960.png 768w, https:\/\/thetatauhome.com\/wp-content\/uploads\/2024\/12\/Anker-C300X-Descripcion-4-1229x1536.png 1229w, https:\/\/thetatauhome.com\/wp-content\/uploads\/2024\/12\/Anker-C300X-Descripcion-4-1639x2048.png 1639w, https:\/\/thetatauhome.com\/wp-content\/uploads\/2024\/12\/Anker-C300X-Descripcion-4-10x12.png 10w, https:\/\/thetatauhome.com\/wp-content\/uploads\/2024\/12\/Anker-C300X-Descripcion-4-300x375.png 300w, https:\/\/thetatauhome.com\/wp-content\/uploads\/2024\/12\/Anker-C300X-Descripcion-4-600x750.png 600w, https:\/\/thetatauhome.com\/wp-content\/uploads\/2024\/12\/Anker-C300X-Descripcion-4-64x80.png 64w\" sizes=\"(max-width: 819px) 100vw, 819px\" \/>\t\t\t\t\t\t\t\t\t\t\t\t\t\t\t<\/div>\n\t\t\t\t\t<\/div>\n\t\t<\/div>\n\t\t\t\t\t<\/div>\n\t\t<\/section>\n\t\t\t\t<section class=\"elementor-section elementor-top-section elementor-element elementor-element-f9b97f3 elementor-section-boxed elementor-section-height-default elementor-section-height-default\" data-id=\"f9b97f3\" data-element_type=\"section\" data-e-type=\"section\">\n\t\t\t\t\t\t<div class=\"elementor-container elementor-column-gap-default\">\n\t\t\t\t\t<div class=\"elementor-column elementor-col-100 elementor-top-column elementor-element elementor-element-fefa0be\" data-id=\"fefa0be\" data-element_type=\"column\" data-e-type=\"column\">\n\t\t\t<div class=\"elementor-widget-wrap elementor-element-populated\">\n\t\t\t\t\t\t<div class=\"elementor-element elementor-element-4d71326 elementor-widget elementor-widget-image\" data-id=\"4d71326\" data-element_type=\"widget\" data-e-type=\"widget\" data-widget_type=\"image.default\">\n\t\t\t\t\t\t\t\t\t\t\t\t\t\t\t<img loading=\"lazy\" decoding=\"async\" width=\"819\" height=\"1024\" src=\"https:\/\/thetatauhome.com\/wp-content\/uploads\/2024\/12\/Anker-C300X-Descripcion-7-819x1024.png\" class=\"attachment-large size-large wp-image-8216\" alt=\"\" srcset=\"https:\/\/thetatauhome.com\/wp-content\/uploads\/2024\/12\/Anker-C300X-Descripcion-7-819x1024.png 819w, https:\/\/thetatauhome.com\/wp-content\/uploads\/2024\/12\/Anker-C300X-Descripcion-7-240x300.png 240w, https:\/\/thetatauhome.com\/wp-content\/uploads\/2024\/12\/Anker-C300X-Descripcion-7-768x960.png 768w, https:\/\/thetatauhome.com\/wp-content\/uploads\/2024\/12\/Anker-C300X-Descripcion-7-1229x1536.png 1229w, https:\/\/thetatauhome.com\/wp-content\/uploads\/2024\/12\/Anker-C300X-Descripcion-7-1639x2048.png 1639w, https:\/\/thetatauhome.com\/wp-content\/uploads\/2024\/12\/Anker-C300X-Descripcion-7-10x12.png 10w, https:\/\/thetatauhome.com\/wp-content\/uploads\/2024\/12\/Anker-C300X-Descripcion-7-300x375.png 300w, https:\/\/thetatauhome.com\/wp-content\/uploads\/2024\/12\/Anker-C300X-Descripcion-7-600x750.png 600w, https:\/\/thetatauhome.com\/wp-content\/uploads\/2024\/12\/Anker-C300X-Descripcion-7-64x80.png 64w\" sizes=\"(max-width: 819px) 100vw, 819px\" \/>\t\t\t\t\t\t\t\t\t\t\t\t\t\t\t<\/div>\n\t\t\t\t\t<\/div>\n\t\t<\/div>\n\t\t\t\t\t<\/div>\n\t\t<\/section>\n\t\t\t\t<section class=\"elementor-section elementor-top-section elementor-element elementor-element-5afd7b0 elementor-section-boxed elementor-section-height-default elementor-section-height-default\" data-id=\"5afd7b0\" data-element_type=\"section\" data-e-type=\"section\">\n\t\t\t\t\t\t<div class=\"elementor-container elementor-column-gap-default\">\n\t\t\t\t\t<div class=\"elementor-column elementor-col-100 elementor-top-column elementor-element elementor-element-91739ef\" data-id=\"91739ef\" data-element_type=\"column\" data-e-type=\"column\">\n\t\t\t<div class=\"elementor-widget-wrap\">\n\t\t\t\t\t\t\t<\/div>\n\t\t<\/div>\n\t\t\t\t\t<\/div>\n\t\t<\/section>\n\t\t\t\t<\/div>","protected":false},"excerpt":{"rendered":"<ul>\n<li>Alimenta tus dispositivos con 300 W (600 W de sobrecarga). La bater\u00eda de 288 Wh admite una carga r\u00e1pida USB-C bidireccional de 140 W.<br \/>\nAlimenta toda tu tecnolog\u00eda mientras viajas con versatilidad, sin importar el tipo de conexi\u00f3n.<\/li>\n<li>Un 15 % m\u00e1s peque\u00f1a que las estaciones de energ\u00eda similares, coloca la correa (se vende por separado) para transportar f\u00e1cilmente tu energ\u00eda.<\/li>\n<li>Cuando necesites una carga sin fin, hazlo de manera sencilla y sostenible con un panel solar de 100 W. Recomendamos un panel solar Anker de 100 W o 60 W. Esta estaci\u00f3n de energ\u00eda no es compatible con Anker SOLIX PS30 (u otros paneles USB-C de 5 V ~ 3 A), PS200, PS400.<\/li>\n<li>Recarga al 80 % en solo 50 minutos con un tomacorriente de pared. Tambi\u00e9n puedes usar paneles solares, tu auto o el puerto USB-C PD 3.1.<\/li>\n<li>Descansa mientras te cargas en la naturaleza. Esta estaci\u00f3n de energ\u00eda solo emite 25 dB desde una distancia de 1 m.<\/li>\n<li>En tan solo 10 ms, tendr\u00e1s energ\u00eda de respaldo para que siempre est\u00e9s a mano sin interrupciones.<\/li>\n<li>Personaliza tu energ\u00eda de manera inteligente a trav\u00e9s de la aplicaci\u00f3n Anker. Con\u00e9ctate con Bluetooth o Wi-Fi.<\/li>\n<li>Mant\u00e9n la energ\u00eda durante una d\u00e9cada gracias a las bater\u00edas LFP. Tu compra tambi\u00e9n est\u00e1 respaldada por una garant\u00eda de 5 a\u00f1os.<\/li>\n<\/ul>","protected":false},"featured_media":8198,"comment_status":"open","ping_status":"closed","template":"","meta":{"om_disable_all_campaigns":false,"_monsterinsights_skip_tracking":false,"_monsterinsights_sitenote_active":false,"_monsterinsights_sitenote_note":"","_monsterinsights_sitenote_category":0,"_joinchat":[]},"product_brand":[],"product_cat":[103,26],"product_tag":[],"class_list":{"0":"post-8197","1":"product","2":"type-product","3":"status-publish","4":"has-post-thumbnail","6":"product_cat-anker-power-station","7":"product_cat-x-epower","8":"product_shipping_class-small-standard","10":"first","11":"outofstock","12":"taxable","13":"shipping-taxable","14":"purchasable","15":"product-type-simple"},"aioseo_notices":[],"jetpack_sharing_enabled":true,"_links":{"self":[{"href":"https:\/\/thetatauhome.com\/es\/wp-json\/wp\/v2\/product\/8197","targetHints":{"allow":["GET"]}}],"collection":[{"href":"https:\/\/thetatauhome.com\/es\/wp-json\/wp\/v2\/product"}],"about":[{"href":"https:\/\/thetatauhome.com\/es\/wp-json\/wp\/v2\/types\/product"}],"replies":[{"embeddable":true,"href":"https:\/\/thetatauhome.com\/es\/wp-json\/wp\/v2\/comments?post=8197"}],"version-history":[{"count":7,"href":"https:\/\/thetatauhome.com\/es\/wp-json\/wp\/v2\/product\/8197\/revisions"}],"predecessor-version":[{"id":8223,"href":"https:\/\/thetatauhome.com\/es\/wp-json\/wp\/v2\/product\/8197\/revisions\/8223"}],"wp:featuredmedia":[{"embeddable":true,"href":"https:\/\/thetatauhome.com\/es\/wp-json\/wp\/v2\/media\/8198"}],"wp:attachment":[{"href":"https:\/\/thetatauhome.com\/es\/wp-json\/wp\/v2\/media?parent=8197"}],"wp:term":[{"taxonomy":"product_brand","embeddable":true,"href":"https:\/\/thetatauhome.com\/es\/wp-json\/wp\/v2\/product_brand?post=8197"},{"taxonomy":"product_cat","embeddable":true,"href":"https:\/\/thetatauhome.com\/es\/wp-json\/wp\/v2\/product_cat?post=8197"},{"taxonomy":"product_tag","embeddable":true,"href":"https:\/\/thetatauhome.com\/es\/wp-json\/wp\/v2\/product_tag?post=8197"}],"curies":[{"name":"wp","href":"https:\/\/api.w.org\/{rel}","templated":true}]}}