{"id":6771,"date":"2024-08-21T12:19:58","date_gmt":"2024-08-21T10:19:58","guid":{"rendered":"https:\/\/thetatauhome.com\/?post_type=product&#038;p=6771"},"modified":"2024-08-27T21:27:32","modified_gmt":"2024-08-27T19:27:32","slug":"naturehike-serie-accesorios-mosqueton-de-montanismo-en-forma-de-s-para-acampar-llaveros-de-aluminio-con-hebilla-colgante-correa-de-hombro-para-bolso-de-conexion-multifuncional","status":"publish","type":"product","link":"https:\/\/thetatauhome.com\/es\/producto\/naturehike-serie-accesorios-mosqueton-de-montanismo-en-forma-de-s-para-acampar-llaveros-de-aluminio-con-hebilla-colgante-correa-de-hombro-para-bolso-de-conexion-multifuncional\/","title":{"rendered":"Naturehike Serie-Accesorios Mosquet\u00f3n de monta\u00f1ismo en forma de S para acampar, llaveros de aluminio con hebilla colgante, correa de hombro para bolso de conexi\u00f3n multifuncional"},"content":{"rendered":"<div data-elementor-type=\"product-post\" data-elementor-id=\"6771\" class=\"elementor elementor-6771\" data-elementor-post-type=\"product\">\n\t\t\t\t\t\t<section class=\"elementor-section elementor-top-section elementor-element elementor-element-0665c58 elementor-section-boxed elementor-section-height-default elementor-section-height-default\" data-id=\"0665c58\" data-element_type=\"section\" data-e-type=\"section\">\n\t\t\t\t\t\t<div class=\"elementor-container elementor-column-gap-default\">\n\t\t\t\t\t<div class=\"elementor-column elementor-col-100 elementor-top-column elementor-element elementor-element-8352050\" data-id=\"8352050\" data-element_type=\"column\" data-e-type=\"column\">\n\t\t\t<div class=\"elementor-widget-wrap elementor-element-populated\">\n\t\t\t\t\t\t<div class=\"elementor-element elementor-element-56102ca elementor-widget elementor-widget-image\" data-id=\"56102ca\" data-element_type=\"widget\" data-e-type=\"widget\" data-widget_type=\"image.default\">\n\t\t\t\t\t\t\t\t\t\t\t\t\t\t\t<img fetchpriority=\"high\" decoding=\"async\" width=\"300\" height=\"300\" src=\"https:\/\/thetatauhome.com\/wp-content\/uploads\/2024\/01\/X-TENT-CARPA-300x300.png\" class=\"attachment-medium size-medium wp-image-3366\" alt=\"\" srcset=\"https:\/\/thetatauhome.com\/wp-content\/uploads\/2024\/01\/X-TENT-CARPA-300x300.png 300w, https:\/\/thetatauhome.com\/wp-content\/uploads\/2024\/01\/X-TENT-CARPA-150x150.png 150w, https:\/\/thetatauhome.com\/wp-content\/uploads\/2024\/01\/X-TENT-CARPA-12x12.png 12w, https:\/\/thetatauhome.com\/wp-content\/uploads\/2024\/01\/X-TENT-CARPA-100x100.png 100w, https:\/\/thetatauhome.com\/wp-content\/uploads\/2024\/01\/X-TENT-CARPA-64x64.png 64w, https:\/\/thetatauhome.com\/wp-content\/uploads\/2024\/01\/X-TENT-CARPA.png 600w\" sizes=\"(max-width: 300px) 100vw, 300px\" \/>\t\t\t\t\t\t\t\t\t\t\t\t\t\t\t<\/div>\n\t\t\t\t\t<\/div>\n\t\t<\/div>\n\t\t\t\t\t<\/div>\n\t\t<\/section>\n\t\t\t\t<section class=\"elementor-section elementor-top-section elementor-element elementor-element-55f0bc2 elementor-section-boxed elementor-section-height-default elementor-section-height-default\" data-id=\"55f0bc2\" data-element_type=\"section\" data-e-type=\"section\">\n\t\t\t\t\t\t<div class=\"elementor-container elementor-column-gap-default\">\n\t\t\t\t\t<div class=\"elementor-column elementor-col-100 elementor-top-column elementor-element elementor-element-31e6ddf\" data-id=\"31e6ddf\" data-element_type=\"column\" data-e-type=\"column\">\n\t\t\t<div class=\"elementor-widget-wrap elementor-element-populated\">\n\t\t\t\t\t\t<div class=\"elementor-element elementor-element-1aa8067 elementor-widget elementor-widget-image\" data-id=\"1aa8067\" data-element_type=\"widget\" data-e-type=\"widget\" data-widget_type=\"image.default\">\n\t\t\t\t\t\t\t\t\t\t\t\t\t\t\t<img decoding=\"async\" width=\"735\" height=\"1024\" src=\"https:\/\/thetatauhome.com\/wp-content\/uploads\/2024\/08\/S3fd5780213e042b486019e4937152d48L-735x1024.webp\" class=\"attachment-large size-large wp-image-6787\" alt=\"\" srcset=\"https:\/\/thetatauhome.com\/wp-content\/uploads\/2024\/08\/S3fd5780213e042b486019e4937152d48L-735x1024.webp 735w, https:\/\/thetatauhome.com\/wp-content\/uploads\/2024\/08\/S3fd5780213e042b486019e4937152d48L-215x300.webp 215w, https:\/\/thetatauhome.com\/wp-content\/uploads\/2024\/08\/S3fd5780213e042b486019e4937152d48L-768x1069.webp 768w, https:\/\/thetatauhome.com\/wp-content\/uploads\/2024\/08\/S3fd5780213e042b486019e4937152d48L-9x12.webp 9w, https:\/\/thetatauhome.com\/wp-content\/uploads\/2024\/08\/S3fd5780213e042b486019e4937152d48L-300x418.webp 300w, https:\/\/thetatauhome.com\/wp-content\/uploads\/2024\/08\/S3fd5780213e042b486019e4937152d48L-600x835.webp 600w, https:\/\/thetatauhome.com\/wp-content\/uploads\/2024\/08\/S3fd5780213e042b486019e4937152d48L-64x89.webp 64w, https:\/\/thetatauhome.com\/wp-content\/uploads\/2024\/08\/S3fd5780213e042b486019e4937152d48L.webp 790w\" sizes=\"(max-width: 735px) 100vw, 735px\" \/>\t\t\t\t\t\t\t\t\t\t\t\t\t\t\t<\/div>\n\t\t\t\t<div class=\"elementor-element elementor-element-f775d04 elementor-widget elementor-widget-image\" data-id=\"f775d04\" data-element_type=\"widget\" data-e-type=\"widget\" data-widget_type=\"image.default\">\n\t\t\t\t\t\t\t\t\t\t\t\t\t\t\t<img decoding=\"async\" width=\"688\" height=\"1024\" src=\"https:\/\/thetatauhome.com\/wp-content\/uploads\/2024\/08\/S62425ab800e24994aa39152beabe6c4ce-688x1024.webp\" class=\"attachment-large size-large wp-image-6789\" alt=\"\" srcset=\"https:\/\/thetatauhome.com\/wp-content\/uploads\/2024\/08\/S62425ab800e24994aa39152beabe6c4ce-688x1024.webp 688w, https:\/\/thetatauhome.com\/wp-content\/uploads\/2024\/08\/S62425ab800e24994aa39152beabe6c4ce-202x300.webp 202w, https:\/\/thetatauhome.com\/wp-content\/uploads\/2024\/08\/S62425ab800e24994aa39152beabe6c4ce-768x1142.webp 768w, https:\/\/thetatauhome.com\/wp-content\/uploads\/2024\/08\/S62425ab800e24994aa39152beabe6c4ce-8x12.webp 8w, https:\/\/thetatauhome.com\/wp-content\/uploads\/2024\/08\/S62425ab800e24994aa39152beabe6c4ce-300x446.webp 300w, https:\/\/thetatauhome.com\/wp-content\/uploads\/2024\/08\/S62425ab800e24994aa39152beabe6c4ce-600x892.webp 600w, https:\/\/thetatauhome.com\/wp-content\/uploads\/2024\/08\/S62425ab800e24994aa39152beabe6c4ce-64x95.webp 64w, https:\/\/thetatauhome.com\/wp-content\/uploads\/2024\/08\/S62425ab800e24994aa39152beabe6c4ce.webp 790w\" sizes=\"(max-width: 688px) 100vw, 688px\" \/>\t\t\t\t\t\t\t\t\t\t\t\t\t\t\t<\/div>\n\t\t\t\t<div class=\"elementor-element elementor-element-bdc295f elementor-widget elementor-widget-image\" data-id=\"bdc295f\" data-element_type=\"widget\" data-e-type=\"widget\" data-widget_type=\"image.default\">\n\t\t\t\t\t\t\t\t\t\t\t\t\t\t\t<img loading=\"lazy\" decoding=\"async\" width=\"790\" height=\"943\" src=\"https:\/\/thetatauhome.com\/wp-content\/uploads\/2024\/08\/S6617b8b72630462d9173fdc36ec87012d.webp\" class=\"attachment-large size-large wp-image-6788\" alt=\"\" srcset=\"https:\/\/thetatauhome.com\/wp-content\/uploads\/2024\/08\/S6617b8b72630462d9173fdc36ec87012d.webp 790w, https:\/\/thetatauhome.com\/wp-content\/uploads\/2024\/08\/S6617b8b72630462d9173fdc36ec87012d-251x300.webp 251w, https:\/\/thetatauhome.com\/wp-content\/uploads\/2024\/08\/S6617b8b72630462d9173fdc36ec87012d-768x917.webp 768w, https:\/\/thetatauhome.com\/wp-content\/uploads\/2024\/08\/S6617b8b72630462d9173fdc36ec87012d-10x12.webp 10w, https:\/\/thetatauhome.com\/wp-content\/uploads\/2024\/08\/S6617b8b72630462d9173fdc36ec87012d-300x358.webp 300w, https:\/\/thetatauhome.com\/wp-content\/uploads\/2024\/08\/S6617b8b72630462d9173fdc36ec87012d-600x716.webp 600w, https:\/\/thetatauhome.com\/wp-content\/uploads\/2024\/08\/S6617b8b72630462d9173fdc36ec87012d-64x76.webp 64w\" sizes=\"(max-width: 790px) 100vw, 790px\" \/>\t\t\t\t\t\t\t\t\t\t\t\t\t\t\t<\/div>\n\t\t\t\t<div class=\"elementor-element elementor-element-5102af8 elementor-widget elementor-widget-image\" data-id=\"5102af8\" data-element_type=\"widget\" data-e-type=\"widget\" data-widget_type=\"image.default\">\n\t\t\t\t\t\t\t\t\t\t\t\t\t\t\t<img loading=\"lazy\" decoding=\"async\" width=\"678\" height=\"1024\" src=\"https:\/\/thetatauhome.com\/wp-content\/uploads\/2024\/08\/Scf0a8c64d63a4f3ea1119266976b50a8n-678x1024.webp\" class=\"attachment-large size-large wp-image-6790\" alt=\"\" srcset=\"https:\/\/thetatauhome.com\/wp-content\/uploads\/2024\/08\/Scf0a8c64d63a4f3ea1119266976b50a8n-678x1024.webp 678w, https:\/\/thetatauhome.com\/wp-content\/uploads\/2024\/08\/Scf0a8c64d63a4f3ea1119266976b50a8n-198x300.webp 198w, https:\/\/thetatauhome.com\/wp-content\/uploads\/2024\/08\/Scf0a8c64d63a4f3ea1119266976b50a8n-768x1161.webp 768w, https:\/\/thetatauhome.com\/wp-content\/uploads\/2024\/08\/Scf0a8c64d63a4f3ea1119266976b50a8n-8x12.webp 8w, https:\/\/thetatauhome.com\/wp-content\/uploads\/2024\/08\/Scf0a8c64d63a4f3ea1119266976b50a8n-300x453.webp 300w, https:\/\/thetatauhome.com\/wp-content\/uploads\/2024\/08\/Scf0a8c64d63a4f3ea1119266976b50a8n-600x907.webp 600w, https:\/\/thetatauhome.com\/wp-content\/uploads\/2024\/08\/Scf0a8c64d63a4f3ea1119266976b50a8n-64x97.webp 64w, https:\/\/thetatauhome.com\/wp-content\/uploads\/2024\/08\/Scf0a8c64d63a4f3ea1119266976b50a8n.webp 790w\" sizes=\"(max-width: 678px) 100vw, 678px\" \/>\t\t\t\t\t\t\t\t\t\t\t\t\t\t\t<\/div>\n\t\t\t\t<div class=\"elementor-element elementor-element-e43a6ef elementor-widget elementor-widget-image\" data-id=\"e43a6ef\" data-element_type=\"widget\" data-e-type=\"widget\" data-widget_type=\"image.default\">\n\t\t\t\t\t\t\t\t\t\t\t\t\t\t\t<img loading=\"lazy\" decoding=\"async\" width=\"790\" height=\"981\" src=\"https:\/\/thetatauhome.com\/wp-content\/uploads\/2024\/08\/Se182678f50a3496cb09512785af6305eu.webp\" class=\"attachment-large size-large wp-image-6791\" alt=\"\" srcset=\"https:\/\/thetatauhome.com\/wp-content\/uploads\/2024\/08\/Se182678f50a3496cb09512785af6305eu.webp 790w, https:\/\/thetatauhome.com\/wp-content\/uploads\/2024\/08\/Se182678f50a3496cb09512785af6305eu-242x300.webp 242w, https:\/\/thetatauhome.com\/wp-content\/uploads\/2024\/08\/Se182678f50a3496cb09512785af6305eu-768x954.webp 768w, https:\/\/thetatauhome.com\/wp-content\/uploads\/2024\/08\/Se182678f50a3496cb09512785af6305eu-10x12.webp 10w, https:\/\/thetatauhome.com\/wp-content\/uploads\/2024\/08\/Se182678f50a3496cb09512785af6305eu-300x373.webp 300w, https:\/\/thetatauhome.com\/wp-content\/uploads\/2024\/08\/Se182678f50a3496cb09512785af6305eu-600x745.webp 600w, https:\/\/thetatauhome.com\/wp-content\/uploads\/2024\/08\/Se182678f50a3496cb09512785af6305eu-64x79.webp 64w\" sizes=\"(max-width: 790px) 100vw, 790px\" \/>\t\t\t\t\t\t\t\t\t\t\t\t\t\t\t<\/div>\n\t\t\t\t<div class=\"elementor-element elementor-element-6037306 elementor-widget elementor-widget-image\" data-id=\"6037306\" data-element_type=\"widget\" data-e-type=\"widget\" data-widget_type=\"image.default\">\n\t\t\t\t\t\t\t\t\t\t\t\t\t\t\t<img loading=\"lazy\" decoding=\"async\" width=\"790\" height=\"603\" src=\"https:\/\/thetatauhome.com\/wp-content\/uploads\/2024\/08\/S2f887e1e6a4d48c99294fa834c3296d5J.webp\" class=\"attachment-large size-large wp-image-6792\" alt=\"\" srcset=\"https:\/\/thetatauhome.com\/wp-content\/uploads\/2024\/08\/S2f887e1e6a4d48c99294fa834c3296d5J.webp 790w, https:\/\/thetatauhome.com\/wp-content\/uploads\/2024\/08\/S2f887e1e6a4d48c99294fa834c3296d5J-300x229.webp 300w, https:\/\/thetatauhome.com\/wp-content\/uploads\/2024\/08\/S2f887e1e6a4d48c99294fa834c3296d5J-768x586.webp 768w, https:\/\/thetatauhome.com\/wp-content\/uploads\/2024\/08\/S2f887e1e6a4d48c99294fa834c3296d5J-16x12.webp 16w, https:\/\/thetatauhome.com\/wp-content\/uploads\/2024\/08\/S2f887e1e6a4d48c99294fa834c3296d5J-600x458.webp 600w, https:\/\/thetatauhome.com\/wp-content\/uploads\/2024\/08\/S2f887e1e6a4d48c99294fa834c3296d5J-64x49.webp 64w\" sizes=\"(max-width: 790px) 100vw, 790px\" \/>\t\t\t\t\t\t\t\t\t\t\t\t\t\t\t<\/div>\n\t\t\t\t\t<\/div>\n\t\t<\/div>\n\t\t\t\t\t<\/div>\n\t\t<\/section>\n\t\t\t\t<section class=\"elementor-section elementor-top-section elementor-element elementor-element-7c0ddfe elementor-section-boxed elementor-section-height-default elementor-section-height-default\" data-id=\"7c0ddfe\" data-element_type=\"section\" data-e-type=\"section\">\n\t\t\t\t\t\t<div class=\"elementor-container elementor-column-gap-default\">\n\t\t\t\t\t<div class=\"elementor-column elementor-col-100 elementor-top-column elementor-element elementor-element-f02e63b\" data-id=\"f02e63b\" data-element_type=\"column\" data-e-type=\"column\">\n\t\t\t<div class=\"elementor-widget-wrap elementor-element-populated\">\n\t\t\t\t\t\t<div class=\"elementor-element elementor-element-6b8d95a elementor-widget elementor-widget-text-editor\" data-id=\"6b8d95a\" data-element_type=\"widget\" data-e-type=\"widget\" data-widget_type=\"text-editor.default\">\n\t\t\t\t\t\t\t\t\t<ul class=\"specification--list--GZuXzRX\" style=\"-webkit-tap-highlight-color: transparent; outline: 0px; list-style: none; border-bottom: 1px solid rgb(234, 234, 234); color: rgb(34, 34, 34); font-family: &quot;TT Norms Pro&quot;, &quot;Open Sans&quot;, Roboto, Arial, Helvetica, sans-serif, SimSun; font-size: 14px; text-align: start;\"><li class=\"specification--line--IXeRJI7\" style=\"-webkit-tap-highlight-color: transparent; outline: 0px; border-top: 1px solid rgb(234, 234, 234); display: flex;\"><div class=\"specification--prop--Jh28bKu\" style=\"-webkit-tap-highlight-color: transparent; outline: 0px; margin: 0px; padding: 0px; display: flex; float: left; line-height: 28px; list-style: none; max-width: 50%; position: relative; width: 504px;\"><div class=\"specification--title--SfH3sA8\" style=\"-webkit-tap-highlight-color: transparent; outline: 0px; margin: 0px; padding: 16px; background: var(--color-grey-1); color: var(--color-grey-10); width: 174px;\"><span style=\"-webkit-tap-highlight-color: transparent; outline: 0px; margin: 0px; padding: 0px; line-height: 20px;\">Tipo<\/span><\/div><div class=\"specification--desc--Dxx6W0W\" title=\"Otro\" style=\"-webkit-tap-highlight-color: transparent; outline: 0px; margin: 0px; padding: 16px; color: rgb(21, 21, 21); flex: 1 1 0%; word-break: break-word;\"><span style=\"-webkit-tap-highlight-color: transparent; outline: 0px; margin: 0px; padding: 0px; line-height: 20px;\">Otro<\/span><\/div><\/div><div class=\"specification--prop--Jh28bKu\" style=\"-webkit-tap-highlight-color: transparent; outline: 0px; margin: 0px; padding: 0px; display: flex; float: left; line-height: 28px; list-style: none; max-width: 50%; position: relative; width: 504px;\"><div class=\"specification--title--SfH3sA8\" style=\"-webkit-tap-highlight-color: transparent; outline: 0px; margin: 0px; padding: 16px; background: var(--color-grey-1); color: var(--color-grey-10); width: 174px;\"><span style=\"-webkit-tap-highlight-color: transparent; outline: 0px; margin: 0px; padding: 0px; line-height: 20px;\">Nombre de la marca<\/span><\/div><div class=\"specification--desc--Dxx6W0W\" title=\"Naturehike\" style=\"-webkit-tap-highlight-color: transparent; outline: 0px; margin: 0px; padding: 16px; color: rgb(21, 21, 21); flex: 1 1 0%; word-break: break-word;\"><span style=\"-webkit-tap-highlight-color: transparent; outline: 0px; margin: 0px; padding: 0px; line-height: 20px;\">Naturehike<\/span><\/div><\/div><\/li><li class=\"specification--line--IXeRJI7\" style=\"-webkit-tap-highlight-color: transparent; outline: 0px; border-top: 1px solid rgb(234, 234, 234); display: flex;\"><div class=\"specification--prop--Jh28bKu\" style=\"-webkit-tap-highlight-color: transparent; outline: 0px; margin: 0px; padding: 0px; display: flex; float: left; line-height: 28px; list-style: none; max-width: 50%; position: relative; width: 504px;\"><div class=\"specification--title--SfH3sA8\" style=\"-webkit-tap-highlight-color: transparent; outline: 0px; margin: 0px; padding: 16px; background: var(--color-grey-1); color: var(--color-grey-10); width: 174px;\"><span style=\"-webkit-tap-highlight-color: transparent; outline: 0px; margin: 0px; padding: 0px; line-height: 20px;\">Origen<\/span><\/div><div class=\"specification--desc--Dxx6W0W\" title=\"CN(Origen)\" style=\"-webkit-tap-highlight-color: transparent; outline: 0px; margin: 0px; padding: 16px; color: rgb(21, 21, 21); flex: 1 1 0%; word-break: break-word;\"><span style=\"-webkit-tap-highlight-color: transparent; outline: 0px; margin: 0px; padding: 0px; line-height: 20px;\">CN(Origen)<\/span><\/div><\/div><div class=\"specification--prop--Jh28bKu\" style=\"-webkit-tap-highlight-color: transparent; outline: 0px; margin: 0px; padding: 0px; display: flex; float: left; line-height: 28px; list-style: none; max-width: 50%; position: relative; width: 504px;\"><div class=\"specification--title--SfH3sA8\" style=\"-webkit-tap-highlight-color: transparent; outline: 0px; margin: 0px; padding: 16px; background: var(--color-grey-1); color: var(--color-grey-10); width: 174px;\"><span style=\"-webkit-tap-highlight-color: transparent; outline: 0px; margin: 0px; padding: 0px; line-height: 20px;\">Weight<\/span><\/div><div class=\"specification--desc--Dxx6W0W\" title=\"about 2.7g\\6g\\21.6g\" style=\"-webkit-tap-highlight-color: transparent; outline: 0px; margin: 0px; padding: 16px; color: rgb(21, 21, 21); flex: 1 1 0%; word-break: break-word;\"><span style=\"-webkit-tap-highlight-color: transparent; outline: 0px; margin: 0px; padding: 0px; line-height: 20px;\">about 2.7g\\6g\\21.6g<\/span><\/div><\/div><\/li><li class=\"specification--line--IXeRJI7\" style=\"-webkit-tap-highlight-color: transparent; outline: 0px; border-top: 1px solid rgb(234, 234, 234); display: flex;\"><div class=\"specification--prop--Jh28bKu\" style=\"-webkit-tap-highlight-color: transparent; outline: 0px; margin: 0px; padding: 0px; display: flex; float: left; line-height: 28px; list-style: none; max-width: 50%; position: relative; width: 504px;\"><div class=\"specification--title--SfH3sA8\" style=\"-webkit-tap-highlight-color: transparent; outline: 0px; margin: 0px; padding: 16px; background: var(--color-grey-1); color: var(--color-grey-10); width: 174px;\"><span style=\"-webkit-tap-highlight-color: transparent; outline: 0px; margin: 0px; padding: 0px; line-height: 20px;\">Size<\/span><\/div><div class=\"specification--desc--Dxx6W0W\" title=\"4x8.8cm\\2.3x5cm\\1.6x4cm\" data-spm-anchor-id=\"a2g0o.detail.0.i7.34d0soB3soB3v4\" style=\"-webkit-tap-highlight-color: transparent; outline: 0px; margin: 0px; padding: 16px; color: rgb(21, 21, 21); flex: 1 1 0%; word-break: break-word;\"><span style=\"-webkit-tap-highlight-color: transparent; outline: 0px; margin: 0px; padding: 0px; line-height: 20px;\">4&#215;8.8cm\\2.3x5cm\\1.6x4cm<\/span><\/div><\/div><\/li><\/ul>\t\t\t\t\t\t\t\t<\/div>\n\t\t\t\t\t<\/div>\n\t\t<\/div>\n\t\t\t\t\t<\/div>\n\t\t<\/section>\n\t\t\t\t<\/div>","protected":false},"excerpt":{"rendered":"<p>TipoOtroNombre de la marcaNaturehike OrigenCN(Origen)Weightabout 2.7g6g21.6g Size4x8.8cm2.3x5cm1.6x4cm<\/p>","protected":false},"featured_media":6775,"comment_status":"open","ping_status":"closed","template":"","meta":{"om_disable_all_campaigns":false,"_monsterinsights_skip_tracking":false,"_monsterinsights_sitenote_active":false,"_monsterinsights_sitenote_note":"","_monsterinsights_sitenote_category":0,"_joinchat":[]},"product_brand":[],"product_cat":[89,78],"product_tag":[],"class_list":{"0":"post-6771","1":"product","2":"type-product","3":"status-publish","4":"has-post-thumbnail","6":"product_cat-carabiner","7":"product_cat-x-accessories-2","8":"product_shipping_class-small-standard","10":"first","11":"onbackorder","12":"taxable","13":"shipping-taxable","14":"purchasable","15":"product-type-variable"},"aioseo_notices":[],"jetpack_sharing_enabled":true,"_links":{"self":[{"href":"https:\/\/thetatauhome.com\/es\/wp-json\/wp\/v2\/product\/6771","targetHints":{"allow":["GET"]}}],"collection":[{"href":"https:\/\/thetatauhome.com\/es\/wp-json\/wp\/v2\/product"}],"about":[{"href":"https:\/\/thetatauhome.com\/es\/wp-json\/wp\/v2\/types\/product"}],"replies":[{"embeddable":true,"href":"https:\/\/thetatauhome.com\/es\/wp-json\/wp\/v2\/comments?post=6771"}],"version-history":[{"count":5,"href":"https:\/\/thetatauhome.com\/es\/wp-json\/wp\/v2\/product\/6771\/revisions"}],"predecessor-version":[{"id":6928,"href":"https:\/\/thetatauhome.com\/es\/wp-json\/wp\/v2\/product\/6771\/revisions\/6928"}],"wp:featuredmedia":[{"embeddable":true,"href":"https:\/\/thetatauhome.com\/es\/wp-json\/wp\/v2\/media\/6775"}],"wp:attachment":[{"href":"https:\/\/thetatauhome.com\/es\/wp-json\/wp\/v2\/media?parent=6771"}],"wp:term":[{"taxonomy":"product_brand","embeddable":true,"href":"https:\/\/thetatauhome.com\/es\/wp-json\/wp\/v2\/product_brand?post=6771"},{"taxonomy":"product_cat","embeddable":true,"href":"https:\/\/thetatauhome.com\/es\/wp-json\/wp\/v2\/product_cat?post=6771"},{"taxonomy":"product_tag","embeddable":true,"href":"https:\/\/thetatauhome.com\/es\/wp-json\/wp\/v2\/product_tag?post=6771"}],"curies":[{"name":"wp","href":"https:\/\/api.w.org\/{rel}","templated":true}]}}