{"id":6719,"date":"2024-08-20T10:57:00","date_gmt":"2024-08-20T08:57:00","guid":{"rendered":"https:\/\/thetatauhome.com\/?post_type=product&#038;p=6719"},"modified":"2024-08-20T11:02:55","modified_gmt":"2024-08-20T09:02:55","slug":"naturehike-serie-accesorios-mini-mosqueton-para-exteriores-hebillas-colgantes-mosqueton-de-tipo-d-hebilla-para-botella-de-agua-tienda-de-campana-4cm-llavero-multiusos","status":"publish","type":"product","link":"https:\/\/thetatauhome.com\/es\/producto\/naturehike-serie-accesorios-mini-mosqueton-para-exteriores-hebillas-colgantes-mosqueton-de-tipo-d-hebilla-para-botella-de-agua-tienda-de-campana-4cm-llavero-multiusos\/","title":{"rendered":"Naturehike Serie-Accesorios Mini Mosquet\u00f3n para exteriores (Par) , hebillas colgantes, mosquet\u00f3n de tipo D, hebilla para botella de agua, tienda de campa\u00f1a, 4cm, llavero multiusos"},"content":{"rendered":"<div data-elementor-type=\"product-post\" data-elementor-id=\"6719\" class=\"elementor elementor-6719\" data-elementor-post-type=\"product\">\n\t\t\t\t\t\t<section class=\"elementor-section elementor-top-section elementor-element elementor-element-95060f1 elementor-section-boxed elementor-section-height-default elementor-section-height-default\" data-id=\"95060f1\" data-element_type=\"section\" data-e-type=\"section\">\n\t\t\t\t\t\t<div class=\"elementor-container elementor-column-gap-default\">\n\t\t\t\t\t<div class=\"elementor-column elementor-col-100 elementor-top-column elementor-element elementor-element-bd8195c\" data-id=\"bd8195c\" data-element_type=\"column\" data-e-type=\"column\">\n\t\t\t<div class=\"elementor-widget-wrap elementor-element-populated\">\n\t\t\t\t\t\t<div class=\"elementor-element elementor-element-cda0201 elementor-widget elementor-widget-image\" data-id=\"cda0201\" data-element_type=\"widget\" data-e-type=\"widget\" data-widget_type=\"image.default\">\n\t\t\t\t\t\t\t\t\t\t\t\t\t\t\t<img fetchpriority=\"high\" decoding=\"async\" width=\"300\" height=\"300\" src=\"https:\/\/thetatauhome.com\/wp-content\/uploads\/2024\/01\/X-TENT-CARPA-300x300.png\" class=\"attachment-medium size-medium wp-image-3366\" alt=\"\" srcset=\"https:\/\/thetatauhome.com\/wp-content\/uploads\/2024\/01\/X-TENT-CARPA-300x300.png 300w, https:\/\/thetatauhome.com\/wp-content\/uploads\/2024\/01\/X-TENT-CARPA-150x150.png 150w, https:\/\/thetatauhome.com\/wp-content\/uploads\/2024\/01\/X-TENT-CARPA-12x12.png 12w, https:\/\/thetatauhome.com\/wp-content\/uploads\/2024\/01\/X-TENT-CARPA-100x100.png 100w, https:\/\/thetatauhome.com\/wp-content\/uploads\/2024\/01\/X-TENT-CARPA-64x64.png 64w, https:\/\/thetatauhome.com\/wp-content\/uploads\/2024\/01\/X-TENT-CARPA.png 600w\" sizes=\"(max-width: 300px) 100vw, 300px\" \/>\t\t\t\t\t\t\t\t\t\t\t\t\t\t\t<\/div>\n\t\t\t\t\t<\/div>\n\t\t<\/div>\n\t\t\t\t\t<\/div>\n\t\t<\/section>\n\t\t\t\t<section class=\"elementor-section elementor-top-section elementor-element elementor-element-5f66a74 elementor-section-boxed elementor-section-height-default elementor-section-height-default\" data-id=\"5f66a74\" data-element_type=\"section\" data-e-type=\"section\">\n\t\t\t\t\t\t<div class=\"elementor-container elementor-column-gap-default\">\n\t\t\t\t\t<div class=\"elementor-column elementor-col-100 elementor-top-column elementor-element elementor-element-ff0685c\" data-id=\"ff0685c\" data-element_type=\"column\" data-e-type=\"column\">\n\t\t\t<div class=\"elementor-widget-wrap elementor-element-populated\">\n\t\t\t\t\t\t<div class=\"elementor-element elementor-element-2129c15 elementor-widget elementor-widget-image\" data-id=\"2129c15\" data-element_type=\"widget\" data-e-type=\"widget\" data-widget_type=\"image.default\">\n\t\t\t\t\t\t\t\t\t\t\t\t\t\t\t<img decoding=\"async\" width=\"790\" height=\"592\" src=\"https:\/\/thetatauhome.com\/wp-content\/uploads\/2024\/08\/S10fbdc9d2f1b47f3a8c29ebde6bd44d3g.webp\" class=\"attachment-large size-large wp-image-6734\" alt=\"\" srcset=\"https:\/\/thetatauhome.com\/wp-content\/uploads\/2024\/08\/S10fbdc9d2f1b47f3a8c29ebde6bd44d3g.webp 790w, https:\/\/thetatauhome.com\/wp-content\/uploads\/2024\/08\/S10fbdc9d2f1b47f3a8c29ebde6bd44d3g-300x225.webp 300w, https:\/\/thetatauhome.com\/wp-content\/uploads\/2024\/08\/S10fbdc9d2f1b47f3a8c29ebde6bd44d3g-768x576.webp 768w, https:\/\/thetatauhome.com\/wp-content\/uploads\/2024\/08\/S10fbdc9d2f1b47f3a8c29ebde6bd44d3g-16x12.webp 16w, https:\/\/thetatauhome.com\/wp-content\/uploads\/2024\/08\/S10fbdc9d2f1b47f3a8c29ebde6bd44d3g-600x450.webp 600w, https:\/\/thetatauhome.com\/wp-content\/uploads\/2024\/08\/S10fbdc9d2f1b47f3a8c29ebde6bd44d3g-64x48.webp 64w\" sizes=\"(max-width: 790px) 100vw, 790px\" \/>\t\t\t\t\t\t\t\t\t\t\t\t\t\t\t<\/div>\n\t\t\t\t<div class=\"elementor-element elementor-element-ebcc57e elementor-widget elementor-widget-image\" data-id=\"ebcc57e\" data-element_type=\"widget\" data-e-type=\"widget\" data-widget_type=\"image.default\">\n\t\t\t\t\t\t\t\t\t\t\t\t\t\t\t<img decoding=\"async\" width=\"790\" height=\"399\" src=\"https:\/\/thetatauhome.com\/wp-content\/uploads\/2024\/08\/S94301111bd574aa481e0ebc46cb222b4E.webp\" class=\"attachment-large size-large wp-image-6735\" alt=\"\" srcset=\"https:\/\/thetatauhome.com\/wp-content\/uploads\/2024\/08\/S94301111bd574aa481e0ebc46cb222b4E.webp 790w, https:\/\/thetatauhome.com\/wp-content\/uploads\/2024\/08\/S94301111bd574aa481e0ebc46cb222b4E-300x152.webp 300w, https:\/\/thetatauhome.com\/wp-content\/uploads\/2024\/08\/S94301111bd574aa481e0ebc46cb222b4E-768x388.webp 768w, https:\/\/thetatauhome.com\/wp-content\/uploads\/2024\/08\/S94301111bd574aa481e0ebc46cb222b4E-18x9.webp 18w, https:\/\/thetatauhome.com\/wp-content\/uploads\/2024\/08\/S94301111bd574aa481e0ebc46cb222b4E-600x303.webp 600w, https:\/\/thetatauhome.com\/wp-content\/uploads\/2024\/08\/S94301111bd574aa481e0ebc46cb222b4E-64x32.webp 64w\" sizes=\"(max-width: 790px) 100vw, 790px\" \/>\t\t\t\t\t\t\t\t\t\t\t\t\t\t\t<\/div>\n\t\t\t\t<div class=\"elementor-element elementor-element-082d1ac elementor-widget elementor-widget-image\" data-id=\"082d1ac\" data-element_type=\"widget\" data-e-type=\"widget\" data-widget_type=\"image.default\">\n\t\t\t\t\t\t\t\t\t\t\t\t\t\t\t<img loading=\"lazy\" decoding=\"async\" width=\"790\" height=\"444\" src=\"https:\/\/thetatauhome.com\/wp-content\/uploads\/2024\/08\/S2885475937b44f8ba2a505dd3640f7329.webp\" class=\"attachment-large size-large wp-image-6736\" alt=\"\" srcset=\"https:\/\/thetatauhome.com\/wp-content\/uploads\/2024\/08\/S2885475937b44f8ba2a505dd3640f7329.webp 790w, https:\/\/thetatauhome.com\/wp-content\/uploads\/2024\/08\/S2885475937b44f8ba2a505dd3640f7329-300x169.webp 300w, https:\/\/thetatauhome.com\/wp-content\/uploads\/2024\/08\/S2885475937b44f8ba2a505dd3640f7329-768x432.webp 768w, https:\/\/thetatauhome.com\/wp-content\/uploads\/2024\/08\/S2885475937b44f8ba2a505dd3640f7329-18x10.webp 18w, https:\/\/thetatauhome.com\/wp-content\/uploads\/2024\/08\/S2885475937b44f8ba2a505dd3640f7329-600x337.webp 600w, https:\/\/thetatauhome.com\/wp-content\/uploads\/2024\/08\/S2885475937b44f8ba2a505dd3640f7329-64x36.webp 64w\" sizes=\"(max-width: 790px) 100vw, 790px\" \/>\t\t\t\t\t\t\t\t\t\t\t\t\t\t\t<\/div>\n\t\t\t\t<div class=\"elementor-element elementor-element-338c97f elementor-widget elementor-widget-image\" data-id=\"338c97f\" data-element_type=\"widget\" data-e-type=\"widget\" data-widget_type=\"image.default\">\n\t\t\t\t\t\t\t\t\t\t\t\t\t\t\t<img loading=\"lazy\" decoding=\"async\" width=\"790\" height=\"634\" src=\"https:\/\/thetatauhome.com\/wp-content\/uploads\/2024\/08\/S3d0d65f7bf3b4585bee7b27c85fb3230g.webp\" class=\"attachment-large size-large wp-image-6737\" alt=\"\" srcset=\"https:\/\/thetatauhome.com\/wp-content\/uploads\/2024\/08\/S3d0d65f7bf3b4585bee7b27c85fb3230g.webp 790w, https:\/\/thetatauhome.com\/wp-content\/uploads\/2024\/08\/S3d0d65f7bf3b4585bee7b27c85fb3230g-300x241.webp 300w, https:\/\/thetatauhome.com\/wp-content\/uploads\/2024\/08\/S3d0d65f7bf3b4585bee7b27c85fb3230g-768x616.webp 768w, https:\/\/thetatauhome.com\/wp-content\/uploads\/2024\/08\/S3d0d65f7bf3b4585bee7b27c85fb3230g-15x12.webp 15w, https:\/\/thetatauhome.com\/wp-content\/uploads\/2024\/08\/S3d0d65f7bf3b4585bee7b27c85fb3230g-600x482.webp 600w, https:\/\/thetatauhome.com\/wp-content\/uploads\/2024\/08\/S3d0d65f7bf3b4585bee7b27c85fb3230g-64x51.webp 64w\" sizes=\"(max-width: 790px) 100vw, 790px\" \/>\t\t\t\t\t\t\t\t\t\t\t\t\t\t\t<\/div>\n\t\t\t\t<div class=\"elementor-element elementor-element-2c24df5 elementor-widget elementor-widget-image\" data-id=\"2c24df5\" data-element_type=\"widget\" data-e-type=\"widget\" data-widget_type=\"image.default\">\n\t\t\t\t\t\t\t\t\t\t\t\t\t\t\t<img loading=\"lazy\" decoding=\"async\" width=\"790\" height=\"440\" src=\"https:\/\/thetatauhome.com\/wp-content\/uploads\/2024\/08\/S5e8787790dad41c3b093175c5dd84515k.webp\" class=\"attachment-large size-large wp-image-6738\" alt=\"\" srcset=\"https:\/\/thetatauhome.com\/wp-content\/uploads\/2024\/08\/S5e8787790dad41c3b093175c5dd84515k.webp 790w, https:\/\/thetatauhome.com\/wp-content\/uploads\/2024\/08\/S5e8787790dad41c3b093175c5dd84515k-300x167.webp 300w, https:\/\/thetatauhome.com\/wp-content\/uploads\/2024\/08\/S5e8787790dad41c3b093175c5dd84515k-768x428.webp 768w, https:\/\/thetatauhome.com\/wp-content\/uploads\/2024\/08\/S5e8787790dad41c3b093175c5dd84515k-18x10.webp 18w, https:\/\/thetatauhome.com\/wp-content\/uploads\/2024\/08\/S5e8787790dad41c3b093175c5dd84515k-600x334.webp 600w, https:\/\/thetatauhome.com\/wp-content\/uploads\/2024\/08\/S5e8787790dad41c3b093175c5dd84515k-64x36.webp 64w\" sizes=\"(max-width: 790px) 100vw, 790px\" \/>\t\t\t\t\t\t\t\t\t\t\t\t\t\t\t<\/div>\n\t\t\t\t<div class=\"elementor-element elementor-element-1b69654 elementor-widget elementor-widget-image\" data-id=\"1b69654\" data-element_type=\"widget\" data-e-type=\"widget\" data-widget_type=\"image.default\">\n\t\t\t\t\t\t\t\t\t\t\t\t\t\t\t<img loading=\"lazy\" decoding=\"async\" width=\"790\" height=\"439\" src=\"https:\/\/thetatauhome.com\/wp-content\/uploads\/2024\/08\/S295ea9da42294c7f9f9ee01bb06af690b.webp\" class=\"attachment-large size-large wp-image-6739\" alt=\"\" srcset=\"https:\/\/thetatauhome.com\/wp-content\/uploads\/2024\/08\/S295ea9da42294c7f9f9ee01bb06af690b.webp 790w, https:\/\/thetatauhome.com\/wp-content\/uploads\/2024\/08\/S295ea9da42294c7f9f9ee01bb06af690b-300x167.webp 300w, https:\/\/thetatauhome.com\/wp-content\/uploads\/2024\/08\/S295ea9da42294c7f9f9ee01bb06af690b-768x427.webp 768w, https:\/\/thetatauhome.com\/wp-content\/uploads\/2024\/08\/S295ea9da42294c7f9f9ee01bb06af690b-18x10.webp 18w, https:\/\/thetatauhome.com\/wp-content\/uploads\/2024\/08\/S295ea9da42294c7f9f9ee01bb06af690b-600x333.webp 600w, https:\/\/thetatauhome.com\/wp-content\/uploads\/2024\/08\/S295ea9da42294c7f9f9ee01bb06af690b-64x36.webp 64w\" sizes=\"(max-width: 790px) 100vw, 790px\" \/>\t\t\t\t\t\t\t\t\t\t\t\t\t\t\t<\/div>\n\t\t\t\t<div class=\"elementor-element elementor-element-8d33ff2 elementor-widget elementor-widget-image\" data-id=\"8d33ff2\" data-element_type=\"widget\" data-e-type=\"widget\" data-widget_type=\"image.default\">\n\t\t\t\t\t\t\t\t\t\t\t\t\t\t\t<img loading=\"lazy\" decoding=\"async\" width=\"790\" height=\"442\" src=\"https:\/\/thetatauhome.com\/wp-content\/uploads\/2024\/08\/Sca7a6d83b90a43c3a799c31625eb85a3d.webp\" class=\"attachment-large size-large wp-image-6740\" alt=\"\" srcset=\"https:\/\/thetatauhome.com\/wp-content\/uploads\/2024\/08\/Sca7a6d83b90a43c3a799c31625eb85a3d.webp 790w, https:\/\/thetatauhome.com\/wp-content\/uploads\/2024\/08\/Sca7a6d83b90a43c3a799c31625eb85a3d-300x168.webp 300w, https:\/\/thetatauhome.com\/wp-content\/uploads\/2024\/08\/Sca7a6d83b90a43c3a799c31625eb85a3d-768x430.webp 768w, https:\/\/thetatauhome.com\/wp-content\/uploads\/2024\/08\/Sca7a6d83b90a43c3a799c31625eb85a3d-18x10.webp 18w, https:\/\/thetatauhome.com\/wp-content\/uploads\/2024\/08\/Sca7a6d83b90a43c3a799c31625eb85a3d-600x336.webp 600w, https:\/\/thetatauhome.com\/wp-content\/uploads\/2024\/08\/Sca7a6d83b90a43c3a799c31625eb85a3d-64x36.webp 64w\" sizes=\"(max-width: 790px) 100vw, 790px\" \/>\t\t\t\t\t\t\t\t\t\t\t\t\t\t\t<\/div>\n\t\t\t\t<div class=\"elementor-element elementor-element-f18f2a1 elementor-widget elementor-widget-image\" data-id=\"f18f2a1\" data-element_type=\"widget\" data-e-type=\"widget\" data-widget_type=\"image.default\">\n\t\t\t\t\t\t\t\t\t\t\t\t\t\t\t<img loading=\"lazy\" decoding=\"async\" width=\"790\" height=\"528\" src=\"https:\/\/thetatauhome.com\/wp-content\/uploads\/2024\/08\/S4b6d805788a6404e867415f1386b3056P.webp\" class=\"attachment-large size-large wp-image-6741\" alt=\"\" srcset=\"https:\/\/thetatauhome.com\/wp-content\/uploads\/2024\/08\/S4b6d805788a6404e867415f1386b3056P.webp 790w, https:\/\/thetatauhome.com\/wp-content\/uploads\/2024\/08\/S4b6d805788a6404e867415f1386b3056P-300x201.webp 300w, https:\/\/thetatauhome.com\/wp-content\/uploads\/2024\/08\/S4b6d805788a6404e867415f1386b3056P-768x513.webp 768w, https:\/\/thetatauhome.com\/wp-content\/uploads\/2024\/08\/S4b6d805788a6404e867415f1386b3056P-18x12.webp 18w, https:\/\/thetatauhome.com\/wp-content\/uploads\/2024\/08\/S4b6d805788a6404e867415f1386b3056P-600x401.webp 600w, https:\/\/thetatauhome.com\/wp-content\/uploads\/2024\/08\/S4b6d805788a6404e867415f1386b3056P-64x43.webp 64w\" sizes=\"(max-width: 790px) 100vw, 790px\" \/>\t\t\t\t\t\t\t\t\t\t\t\t\t\t\t<\/div>\n\t\t\t\t\t<\/div>\n\t\t<\/div>\n\t\t\t\t\t<\/div>\n\t\t<\/section>\n\t\t\t\t<section class=\"elementor-section elementor-top-section elementor-element elementor-element-6f98a9c elementor-section-boxed elementor-section-height-default elementor-section-height-default\" data-id=\"6f98a9c\" data-element_type=\"section\" data-e-type=\"section\">\n\t\t\t\t\t\t<div class=\"elementor-container elementor-column-gap-default\">\n\t\t\t\t\t<div class=\"elementor-column elementor-col-100 elementor-top-column elementor-element elementor-element-032b7c2\" data-id=\"032b7c2\" data-element_type=\"column\" data-e-type=\"column\">\n\t\t\t<div class=\"elementor-widget-wrap elementor-element-populated\">\n\t\t\t\t\t\t<div class=\"elementor-element elementor-element-6436a00 elementor-widget elementor-widget-text-editor\" data-id=\"6436a00\" data-element_type=\"widget\" data-e-type=\"widget\" data-widget_type=\"text-editor.default\">\n\t\t\t\t\t\t\t\t\t<ul class=\"specification--list--GZuXzRX\" style=\"-webkit-tap-highlight-color: transparent; outline: 0px; list-style: none; border-bottom: 1px solid rgb(234, 234, 234); color: rgb(34, 34, 34); font-family: &quot;TT Norms Pro&quot;, &quot;Open Sans&quot;, Roboto, Arial, Helvetica, sans-serif, SimSun; font-size: 14px; text-align: start;\"><li class=\"specification--line--IXeRJI7\" style=\"-webkit-tap-highlight-color: transparent; outline: 0px; border-top: 1px solid rgb(234, 234, 234); display: flex;\"><div class=\"specification--prop--Jh28bKu\" style=\"-webkit-tap-highlight-color: transparent; outline: 0px; margin: 0px; padding: 0px; display: flex; float: left; line-height: 28px; list-style: none; max-width: 50%; position: relative; width: 605.996px;\"><div class=\"specification--title--SfH3sA8\" style=\"-webkit-tap-highlight-color: transparent; outline: 0px; margin: 0px; padding: 16px; background: var(--color-grey-1); color: var(--color-grey-10); width: 174px;\"><span style=\"-webkit-tap-highlight-color: transparent; outline: 0px; margin: 0px; padding: 0px; line-height: 20px;\">Producto qu\u00edmico muy preocupado<\/span><\/div><div class=\"specification--desc--Dxx6W0W\" title=\"Ninguno\" style=\"-webkit-tap-highlight-color: transparent; outline: 0px; margin: 0px; padding: 16px; color: rgb(21, 21, 21); flex: 1 1 0%; word-break: break-word;\"><span style=\"-webkit-tap-highlight-color: transparent; outline: 0px; margin: 0px; padding: 0px; line-height: 20px;\">Ninguno<\/span><\/div><\/div><div class=\"specification--prop--Jh28bKu\" style=\"-webkit-tap-highlight-color: transparent; outline: 0px; margin: 0px; padding: 0px; display: flex; float: left; line-height: 28px; list-style: none; max-width: 50%; position: relative; width: 605.996px;\"><div class=\"specification--title--SfH3sA8\" style=\"-webkit-tap-highlight-color: transparent; outline: 0px; margin: 0px; padding: 16px; background: var(--color-grey-1); color: var(--color-grey-10); width: 174px;\"><span style=\"-webkit-tap-highlight-color: transparent; outline: 0px; margin: 0px; padding: 0px; line-height: 20px;\">Tipo de accesorio<\/span><\/div><div class=\"specification--desc--Dxx6W0W\" title=\"Gancho de tienda\" style=\"-webkit-tap-highlight-color: transparent; outline: 0px; margin: 0px; padding: 16px; color: rgb(21, 21, 21); flex: 1 1 0%; word-break: break-word;\"><span style=\"-webkit-tap-highlight-color: transparent; outline: 0px; margin: 0px; padding: 0px; line-height: 20px;\">Gancho de tienda<\/span><\/div><\/div><\/li><li class=\"specification--line--IXeRJI7\" style=\"-webkit-tap-highlight-color: transparent; outline: 0px; border-top: 1px solid rgb(234, 234, 234); display: flex;\"><div class=\"specification--prop--Jh28bKu\" style=\"-webkit-tap-highlight-color: transparent; outline: 0px; margin: 0px; padding: 0px; display: flex; float: left; line-height: 28px; list-style: none; max-width: 50%; position: relative; width: 605.996px;\"><div class=\"specification--title--SfH3sA8\" style=\"-webkit-tap-highlight-color: transparent; outline: 0px; margin: 0px; padding: 16px; background: var(--color-grey-1); color: var(--color-grey-10); width: 174px;\"><span style=\"-webkit-tap-highlight-color: transparent; outline: 0px; margin: 0px; padding: 0px; line-height: 20px;\">Tipo<\/span><\/div><div class=\"specification--desc--Dxx6W0W\" title=\"Tienda para 3-4 personas\" style=\"-webkit-tap-highlight-color: transparent; outline: 0px; margin: 0px; padding: 16px; color: rgb(21, 21, 21); flex: 1 1 0%; word-break: break-word;\"><span style=\"-webkit-tap-highlight-color: transparent; outline: 0px; margin: 0px; padding: 0px; line-height: 20px;\">Tienda para 3-4 personas<\/span><\/div><\/div><div class=\"specification--prop--Jh28bKu\" style=\"-webkit-tap-highlight-color: transparent; outline: 0px; margin: 0px; padding: 0px; display: flex; float: left; line-height: 28px; list-style: none; max-width: 50%; position: relative; width: 605.996px;\"><div class=\"specification--title--SfH3sA8\" style=\"-webkit-tap-highlight-color: transparent; outline: 0px; margin: 0px; padding: 16px; background: var(--color-grey-1); color: var(--color-grey-10); width: 174px;\"><span style=\"-webkit-tap-highlight-color: transparent; outline: 0px; margin: 0px; padding: 0px; line-height: 20px;\">Nombre de la marca<\/span><\/div><div class=\"specification--desc--Dxx6W0W\" title=\"Naturehike\" style=\"-webkit-tap-highlight-color: transparent; outline: 0px; margin: 0px; padding: 16px; color: rgb(21, 21, 21); flex: 1 1 0%; word-break: break-word;\"><span style=\"-webkit-tap-highlight-color: transparent; outline: 0px; margin: 0px; padding: 0px; line-height: 20px;\">Naturehike<\/span><\/div><\/div><\/li><li class=\"specification--line--IXeRJI7\" style=\"-webkit-tap-highlight-color: transparent; outline: 0px; border-top: 1px solid rgb(234, 234, 234); display: flex;\"><div class=\"specification--prop--Jh28bKu\" style=\"-webkit-tap-highlight-color: transparent; outline: 0px; margin: 0px; padding: 0px; display: flex; float: left; line-height: 28px; list-style: none; max-width: 50%; position: relative; width: 605.996px;\"><div class=\"specification--title--SfH3sA8\" style=\"-webkit-tap-highlight-color: transparent; outline: 0px; margin: 0px; padding: 16px; background: var(--color-grey-1); color: var(--color-grey-10); width: 174px;\"><span style=\"-webkit-tap-highlight-color: transparent; outline: 0px; margin: 0px; padding: 0px; line-height: 20px;\">Origen<\/span><\/div><div class=\"specification--desc--Dxx6W0W\" title=\"CN(Origen)\" style=\"-webkit-tap-highlight-color: transparent; outline: 0px; margin: 0px; padding: 16px; color: rgb(21, 21, 21); flex: 1 1 0%; word-break: break-word;\"><span style=\"-webkit-tap-highlight-color: transparent; outline: 0px; margin: 0px; padding: 0px; line-height: 20px;\">CN(Origen)<\/span><\/div><\/div><div class=\"specification--prop--Jh28bKu\" style=\"-webkit-tap-highlight-color: transparent; outline: 0px; margin: 0px; padding: 0px; display: flex; float: left; line-height: 28px; list-style: none; max-width: 50%; position: relative; width: 605.996px;\"><div class=\"specification--title--SfH3sA8\" style=\"-webkit-tap-highlight-color: transparent; outline: 0px; margin: 0px; padding: 16px; background: var(--color-grey-1); color: var(--color-grey-10); width: 174px;\"><span style=\"-webkit-tap-highlight-color: transparent; outline: 0px; margin: 0px; padding: 0px; line-height: 20px;\">Model NO.<\/span><\/div><div class=\"specification--desc--Dxx6W0W\" title=\"NH15A004-H\" style=\"-webkit-tap-highlight-color: transparent; outline: 0px; margin: 0px; padding: 16px; color: rgb(21, 21, 21); flex: 1 1 0%; word-break: break-word;\"><span style=\"-webkit-tap-highlight-color: transparent; outline: 0px; margin: 0px; padding: 0px; line-height: 20px;\">NH15A004-H<\/span><\/div><\/div><\/li><li class=\"specification--line--IXeRJI7\" style=\"-webkit-tap-highlight-color: transparent; outline: 0px; border-top: 1px solid rgb(234, 234, 234); display: flex;\"><div class=\"specification--prop--Jh28bKu\" style=\"-webkit-tap-highlight-color: transparent; outline: 0px; margin: 0px; padding: 0px; display: flex; float: left; line-height: 28px; list-style: none; max-width: 50%; position: relative; width: 605.996px;\"><div class=\"specification--title--SfH3sA8\" style=\"-webkit-tap-highlight-color: transparent; outline: 0px; margin: 0px; padding: 16px; background: var(--color-grey-1); color: var(--color-grey-10); width: 174px;\"><span style=\"-webkit-tap-highlight-color: transparent; outline: 0px; margin: 0px; padding: 0px; line-height: 20px;\">Size<\/span><\/div><div class=\"specification--desc--Dxx6W0W\" title=\"4x40mm\" style=\"-webkit-tap-highlight-color: transparent; outline: 0px; margin: 0px; padding: 16px; color: rgb(21, 21, 21); flex: 1 1 0%; word-break: break-word;\"><span style=\"-webkit-tap-highlight-color: transparent; outline: 0px; margin: 0px; padding: 0px; line-height: 20px;\">4x40mm<\/span><\/div><\/div><div class=\"specification--prop--Jh28bKu\" style=\"-webkit-tap-highlight-color: transparent; outline: 0px; margin: 0px; padding: 0px; display: flex; float: left; line-height: 28px; list-style: none; max-width: 50%; position: relative; width: 605.996px;\"><div class=\"specification--title--SfH3sA8\" style=\"-webkit-tap-highlight-color: transparent; outline: 0px; margin: 0px; padding: 16px; background: var(--color-grey-1); color: var(--color-grey-10); width: 174px;\"><span style=\"-webkit-tap-highlight-color: transparent; outline: 0px; margin: 0px; padding: 0px; line-height: 20px;\">Material<\/span><\/div><div class=\"specification--desc--Dxx6W0W\" title=\"Aluminium Alloy\" style=\"-webkit-tap-highlight-color: transparent; outline: 0px; margin: 0px; padding: 16px; color: rgb(21, 21, 21); flex: 1 1 0%; word-break: break-word;\"><span style=\"-webkit-tap-highlight-color: transparent; outline: 0px; margin: 0px; padding: 0px; line-height: 20px;\">Aluminium Alloy<\/span><\/div><\/div><\/li><li class=\"specification--line--IXeRJI7\" style=\"-webkit-tap-highlight-color: transparent; outline: 0px; border-top: 1px solid rgb(234, 234, 234); display: flex;\"><div class=\"specification--prop--Jh28bKu\" style=\"-webkit-tap-highlight-color: transparent; outline: 0px; margin: 0px; padding: 0px; display: flex; float: left; line-height: 28px; list-style: none; max-width: 50%; position: relative; width: 605.996px;\"><div class=\"specification--title--SfH3sA8\" style=\"-webkit-tap-highlight-color: transparent; outline: 0px; margin: 0px; padding: 16px; background: var(--color-grey-1); color: var(--color-grey-10); width: 174px;\"><span style=\"-webkit-tap-highlight-color: transparent; outline: 0px; margin: 0px; padding: 0px; line-height: 20px;\">Color<\/span><\/div><div class=\"specification--desc--Dxx6W0W\" title=\"Blue \/ Orange \/ Green \/ Red\" data-spm-anchor-id=\"a2g0o.detail.0.i11.1b0eky6nky6nqe\" style=\"-webkit-tap-highlight-color: transparent; outline: 0px; margin: 0px; padding: 16px; color: rgb(21, 21, 21); flex: 1 1 0%; word-break: break-word;\"><span style=\"-webkit-tap-highlight-color: transparent; outline: 0px; margin: 0px; padding: 0px; line-height: 20px;\">Blue \/ Orange \/ Green \/ Red<\/span><\/div><\/div><\/li><\/ul>\t\t\t\t\t\t\t\t<\/div>\n\t\t\t\t\t<\/div>\n\t\t<\/div>\n\t\t\t\t\t<\/div>\n\t\t<\/section>\n\t\t\t\t<\/div>","protected":false},"excerpt":{"rendered":"<p>Producto qu\u00edmico muy preocupadoNingunoTipo de accesorioGancho de tienda TipoTienda para 3-4 personasNombre de la marcaNaturehike OrigenCN(Origen)Model NO.NH15A004-H Size4x40mmMaterialAluminium Alloy ColorBlue \/ Orange \/ Green \/ Red<\/p>","protected":false},"featured_media":6724,"comment_status":"open","ping_status":"closed","template":"","meta":{"om_disable_all_campaigns":false,"_monsterinsights_skip_tracking":false,"_monsterinsights_sitenote_active":false,"_monsterinsights_sitenote_note":"","_monsterinsights_sitenote_category":0,"_joinchat":[]},"product_brand":[],"product_cat":[89,78],"product_tag":[],"class_list":{"0":"post-6719","1":"product","2":"type-product","3":"status-publish","4":"has-post-thumbnail","6":"product_cat-carabiner","7":"product_cat-x-accessories-2","8":"product_shipping_class-small-standard","10":"first","11":"onbackorder","12":"taxable","13":"shipping-taxable","14":"purchasable","15":"product-type-variable"},"aioseo_notices":[],"jetpack_sharing_enabled":true,"_links":{"self":[{"href":"https:\/\/thetatauhome.com\/es\/wp-json\/wp\/v2\/product\/6719","targetHints":{"allow":["GET"]}}],"collection":[{"href":"https:\/\/thetatauhome.com\/es\/wp-json\/wp\/v2\/product"}],"about":[{"href":"https:\/\/thetatauhome.com\/es\/wp-json\/wp\/v2\/types\/product"}],"replies":[{"embeddable":true,"href":"https:\/\/thetatauhome.com\/es\/wp-json\/wp\/v2\/comments?post=6719"}],"version-history":[{"count":6,"href":"https:\/\/thetatauhome.com\/es\/wp-json\/wp\/v2\/product\/6719\/revisions"}],"predecessor-version":[{"id":6746,"href":"https:\/\/thetatauhome.com\/es\/wp-json\/wp\/v2\/product\/6719\/revisions\/6746"}],"wp:featuredmedia":[{"embeddable":true,"href":"https:\/\/thetatauhome.com\/es\/wp-json\/wp\/v2\/media\/6724"}],"wp:attachment":[{"href":"https:\/\/thetatauhome.com\/es\/wp-json\/wp\/v2\/media?parent=6719"}],"wp:term":[{"taxonomy":"product_brand","embeddable":true,"href":"https:\/\/thetatauhome.com\/es\/wp-json\/wp\/v2\/product_brand?post=6719"},{"taxonomy":"product_cat","embeddable":true,"href":"https:\/\/thetatauhome.com\/es\/wp-json\/wp\/v2\/product_cat?post=6719"},{"taxonomy":"product_tag","embeddable":true,"href":"https:\/\/thetatauhome.com\/es\/wp-json\/wp\/v2\/product_tag?post=6719"}],"curies":[{"name":"wp","href":"https:\/\/api.w.org\/{rel}","templated":true}]}}