{"id":6701,"date":"2024-08-20T10:33:39","date_gmt":"2024-08-20T08:33:39","guid":{"rendered":"https:\/\/thetatauhome.com\/?post_type=product&#038;p=6701"},"modified":"2024-08-20T10:38:40","modified_gmt":"2024-08-20T08:38:40","slug":"naturehike-serie-accesorios-mosqueton-de-campana-tipo-d-8cm-hebilla-colgante-multifuncional-tipo-8-d-sin-cerradura-mochila-hebilla-colgante-rapida-llavero-de-viaje-para-acampar","status":"publish","type":"product","link":"https:\/\/thetatauhome.com\/es\/producto\/naturehike-serie-accesorios-mosqueton-de-campana-tipo-d-8cm-hebilla-colgante-multifuncional-tipo-8-d-sin-cerradura-mochila-hebilla-colgante-rapida-llavero-de-viaje-para-acampar\/","title":{"rendered":"Naturehike Serie-Accesorios Mosquet\u00f3n de campa\u00f1a tipo D, 8cm, hebilla colgante multifuncional tipo 8 D sin cerradura, mochila, hebilla colgante r\u00e1pida, llavero de viaje para acampar"},"content":{"rendered":"<div data-elementor-type=\"product-post\" data-elementor-id=\"6701\" class=\"elementor elementor-6701\" data-elementor-post-type=\"product\">\n\t\t\t\t\t\t<section class=\"elementor-section elementor-top-section elementor-element elementor-element-dec9049 elementor-section-boxed elementor-section-height-default elementor-section-height-default\" data-id=\"dec9049\" data-element_type=\"section\" data-e-type=\"section\">\n\t\t\t\t\t\t<div class=\"elementor-container elementor-column-gap-default\">\n\t\t\t\t\t<div class=\"elementor-column elementor-col-100 elementor-top-column elementor-element elementor-element-6401f65\" data-id=\"6401f65\" data-element_type=\"column\" data-e-type=\"column\">\n\t\t\t<div class=\"elementor-widget-wrap elementor-element-populated\">\n\t\t\t\t\t\t<div class=\"elementor-element elementor-element-6696d9d elementor-widget elementor-widget-image\" data-id=\"6696d9d\" data-element_type=\"widget\" data-e-type=\"widget\" data-widget_type=\"image.default\">\n\t\t\t\t\t\t\t\t\t\t\t\t\t\t\t<img fetchpriority=\"high\" decoding=\"async\" width=\"300\" height=\"300\" src=\"https:\/\/thetatauhome.com\/wp-content\/uploads\/2024\/01\/X-TENT-CARPA-300x300.png\" class=\"attachment-medium size-medium wp-image-3366\" alt=\"\" srcset=\"https:\/\/thetatauhome.com\/wp-content\/uploads\/2024\/01\/X-TENT-CARPA-300x300.png 300w, https:\/\/thetatauhome.com\/wp-content\/uploads\/2024\/01\/X-TENT-CARPA-150x150.png 150w, https:\/\/thetatauhome.com\/wp-content\/uploads\/2024\/01\/X-TENT-CARPA-12x12.png 12w, https:\/\/thetatauhome.com\/wp-content\/uploads\/2024\/01\/X-TENT-CARPA-100x100.png 100w, https:\/\/thetatauhome.com\/wp-content\/uploads\/2024\/01\/X-TENT-CARPA-64x64.png 64w, https:\/\/thetatauhome.com\/wp-content\/uploads\/2024\/01\/X-TENT-CARPA.png 600w\" sizes=\"(max-width: 300px) 100vw, 300px\" \/>\t\t\t\t\t\t\t\t\t\t\t\t\t\t\t<\/div>\n\t\t\t\t\t<\/div>\n\t\t<\/div>\n\t\t\t\t\t<\/div>\n\t\t<\/section>\n\t\t\t\t<section class=\"elementor-section elementor-top-section elementor-element elementor-element-00321ab elementor-section-boxed elementor-section-height-default elementor-section-height-default\" data-id=\"00321ab\" data-element_type=\"section\" data-e-type=\"section\">\n\t\t\t\t\t\t<div class=\"elementor-container elementor-column-gap-default\">\n\t\t\t\t\t<div class=\"elementor-column elementor-col-100 elementor-top-column elementor-element elementor-element-bf395f9\" data-id=\"bf395f9\" data-element_type=\"column\" data-e-type=\"column\">\n\t\t\t<div class=\"elementor-widget-wrap elementor-element-populated\">\n\t\t\t\t\t\t<div class=\"elementor-element elementor-element-c04ff8a elementor-widget elementor-widget-image\" data-id=\"c04ff8a\" data-element_type=\"widget\" data-e-type=\"widget\" data-widget_type=\"image.default\">\n\t\t\t\t\t\t\t\t\t\t\t\t\t\t\t<img decoding=\"async\" width=\"731\" height=\"1024\" src=\"https:\/\/thetatauhome.com\/wp-content\/uploads\/2024\/08\/S2e185097d08343ef98e24794f5314d01V-731x1024.webp\" class=\"attachment-large size-large wp-image-6713\" alt=\"\" srcset=\"https:\/\/thetatauhome.com\/wp-content\/uploads\/2024\/08\/S2e185097d08343ef98e24794f5314d01V-731x1024.webp 731w, https:\/\/thetatauhome.com\/wp-content\/uploads\/2024\/08\/S2e185097d08343ef98e24794f5314d01V-214x300.webp 214w, https:\/\/thetatauhome.com\/wp-content\/uploads\/2024\/08\/S2e185097d08343ef98e24794f5314d01V-768x1075.webp 768w, https:\/\/thetatauhome.com\/wp-content\/uploads\/2024\/08\/S2e185097d08343ef98e24794f5314d01V-9x12.webp 9w, https:\/\/thetatauhome.com\/wp-content\/uploads\/2024\/08\/S2e185097d08343ef98e24794f5314d01V-300x420.webp 300w, https:\/\/thetatauhome.com\/wp-content\/uploads\/2024\/08\/S2e185097d08343ef98e24794f5314d01V-600x840.webp 600w, https:\/\/thetatauhome.com\/wp-content\/uploads\/2024\/08\/S2e185097d08343ef98e24794f5314d01V-64x90.webp 64w, https:\/\/thetatauhome.com\/wp-content\/uploads\/2024\/08\/S2e185097d08343ef98e24794f5314d01V.webp 790w\" sizes=\"(max-width: 731px) 100vw, 731px\" \/>\t\t\t\t\t\t\t\t\t\t\t\t\t\t\t<\/div>\n\t\t\t\t<div class=\"elementor-element elementor-element-8275d6a elementor-widget elementor-widget-image\" data-id=\"8275d6a\" data-element_type=\"widget\" data-e-type=\"widget\" data-widget_type=\"image.default\">\n\t\t\t\t\t\t\t\t\t\t\t\t\t\t\t<img decoding=\"async\" width=\"790\" height=\"813\" src=\"https:\/\/thetatauhome.com\/wp-content\/uploads\/2024\/08\/S1897010d5b4446b0aafa7e9613276251F.webp\" class=\"attachment-large size-large wp-image-6714\" alt=\"\" srcset=\"https:\/\/thetatauhome.com\/wp-content\/uploads\/2024\/08\/S1897010d5b4446b0aafa7e9613276251F.webp 790w, https:\/\/thetatauhome.com\/wp-content\/uploads\/2024\/08\/S1897010d5b4446b0aafa7e9613276251F-292x300.webp 292w, https:\/\/thetatauhome.com\/wp-content\/uploads\/2024\/08\/S1897010d5b4446b0aafa7e9613276251F-768x790.webp 768w, https:\/\/thetatauhome.com\/wp-content\/uploads\/2024\/08\/S1897010d5b4446b0aafa7e9613276251F-12x12.webp 12w, https:\/\/thetatauhome.com\/wp-content\/uploads\/2024\/08\/S1897010d5b4446b0aafa7e9613276251F-300x309.webp 300w, https:\/\/thetatauhome.com\/wp-content\/uploads\/2024\/08\/S1897010d5b4446b0aafa7e9613276251F-600x617.webp 600w, https:\/\/thetatauhome.com\/wp-content\/uploads\/2024\/08\/S1897010d5b4446b0aafa7e9613276251F-64x66.webp 64w\" sizes=\"(max-width: 790px) 100vw, 790px\" \/>\t\t\t\t\t\t\t\t\t\t\t\t\t\t\t<\/div>\n\t\t\t\t<div class=\"elementor-element elementor-element-6be3226 elementor-widget elementor-widget-image\" data-id=\"6be3226\" data-element_type=\"widget\" data-e-type=\"widget\" data-widget_type=\"image.default\">\n\t\t\t\t\t\t\t\t\t\t\t\t\t\t\t<img loading=\"lazy\" decoding=\"async\" width=\"748\" height=\"1024\" src=\"https:\/\/thetatauhome.com\/wp-content\/uploads\/2024\/08\/S7068d72d801541129a478393c0bcee76l-748x1024.webp\" class=\"attachment-large size-large wp-image-6715\" alt=\"\" srcset=\"https:\/\/thetatauhome.com\/wp-content\/uploads\/2024\/08\/S7068d72d801541129a478393c0bcee76l-748x1024.webp 748w, https:\/\/thetatauhome.com\/wp-content\/uploads\/2024\/08\/S7068d72d801541129a478393c0bcee76l-219x300.webp 219w, https:\/\/thetatauhome.com\/wp-content\/uploads\/2024\/08\/S7068d72d801541129a478393c0bcee76l-768x1051.webp 768w, https:\/\/thetatauhome.com\/wp-content\/uploads\/2024\/08\/S7068d72d801541129a478393c0bcee76l-9x12.webp 9w, https:\/\/thetatauhome.com\/wp-content\/uploads\/2024\/08\/S7068d72d801541129a478393c0bcee76l-300x411.webp 300w, https:\/\/thetatauhome.com\/wp-content\/uploads\/2024\/08\/S7068d72d801541129a478393c0bcee76l-600x821.webp 600w, https:\/\/thetatauhome.com\/wp-content\/uploads\/2024\/08\/S7068d72d801541129a478393c0bcee76l-64x88.webp 64w, https:\/\/thetatauhome.com\/wp-content\/uploads\/2024\/08\/S7068d72d801541129a478393c0bcee76l.webp 790w\" sizes=\"(max-width: 748px) 100vw, 748px\" \/>\t\t\t\t\t\t\t\t\t\t\t\t\t\t\t<\/div>\n\t\t\t\t\t<\/div>\n\t\t<\/div>\n\t\t\t\t\t<\/div>\n\t\t<\/section>\n\t\t\t\t<section class=\"elementor-section elementor-top-section elementor-element elementor-element-d48a1dd elementor-section-boxed elementor-section-height-default elementor-section-height-default\" data-id=\"d48a1dd\" data-element_type=\"section\" data-e-type=\"section\">\n\t\t\t\t\t\t<div class=\"elementor-container elementor-column-gap-default\">\n\t\t\t\t\t<div class=\"elementor-column elementor-col-100 elementor-top-column elementor-element elementor-element-9a3dee2\" data-id=\"9a3dee2\" data-element_type=\"column\" data-e-type=\"column\">\n\t\t\t<div class=\"elementor-widget-wrap elementor-element-populated\">\n\t\t\t\t\t\t<div class=\"elementor-element elementor-element-0d163c9 elementor-widget elementor-widget-text-editor\" data-id=\"0d163c9\" data-element_type=\"widget\" data-e-type=\"widget\" data-widget_type=\"text-editor.default\">\n\t\t\t\t\t\t\t\t\t<p>especificaciones:<\/p><pre style=\"-webkit-tap-highlight-color: transparent; outline: 0px; margin-top: 0px; margin-bottom: 0px; padding: 0px; overflow-wrap: break-word; text-wrap: wrap; font-family: inherit; line-height: 24px; word-break: break-word; color: #222222; font-size: 14px; font-style: normal; font-weight: 400; letter-spacing: normal; text-transform: none; text-decoration-thickness: initial; text-decoration-style: initial; text-decoration-color: initial;\" data-spm-anchor-id=\"a2g0o.detail.1000023.i3.4f0fSor5Sor5MK\">Material: 100% aleaci\u00f3n de aluminio\nTama\u00f1o: 8cm\nMax rodamiento: 60kg (no utilizar para la escalada)\nOpciones de color: azul, naranja, verde\nOrigen: China\nDise\u00f1o: Hebilla de tienda de campa\u00f1a tipo D\nUso: accesorios de tienda, mochila r\u00e1pida hebilla colgante, mosquet\u00f3n de botella de agua, llavero de viaje de camping\n\nCaracter\u00edsticas:\n| Buckingham Gancho de escalada | R Hebilla Desierto | S Doble mosquet\u00f3n |\n\n** Dise\u00f1o duradero y ligero **\nElaborado a partir de aleaci\u00f3n de aluminio de alta calidad 100%, la hebilla de tienda de campa\u00f1a tipo D de 8cm de Naturehike es un testimonio de la durabilidad y el dise\u00f1o ligero. Su construcci\u00f3n robusta garantiza que pueda soportar los rigores de las aventuras al aire libre, mientras que su tama\u00f1o compacto lo convierte en un complemento ideal para cualquier equipo de camping o viaje. El elegante dise\u00f1o de la hebilla no solo es est\u00e9ticamente agradable sino tambi\u00e9n funcional, proporcionando una conexi\u00f3n segura y confiable para su tienda de campa\u00f1a, mochila u otro equipo.\n\n** Vers\u00e1til y conveniente **\nEste accesorio vers\u00e1til no se limita solo a las tiendas de campa\u00f1a; se dobla como una hebilla colgante r\u00e1pida de mochila, un mosquet\u00f3n de botella de agua y un llavero de viaje de camping. Su doble funcionalidad lo convierte en un elemento imprescindible para cualquier entusiasta del aire libre. Ya sea que est\u00e9 caminando, acampando o viajando, la facilidad de uso y la compatibilidad de la hebilla con varios art\u00edculos la convierten en una herramienta pr\u00e1ctica y conveniente para sus aventuras al aire libre.\n\n* Seguridad y fiabilidad *\nCon una capacidad de carga m\u00e1xima de 60kg, la hebilla de la tienda de campa\u00f1a tipo D de Naturehike 8cm est\u00e1 dise\u00f1ada para manejar el peso de su equipo sin comprometer la seguridad. Aunque no se recomienda para escalar, su construcci\u00f3n robusta garantiza que pueda sostener de forma segura sus art\u00edculos, lo que le brinda tranquilidad durante sus actividades al aire libre. Los colores brillantes de la hebilla lo hacen f\u00e1cilmente identificable, reduciendo el riesgo de perder su equipo en el desierto. Su Origen de China garantiza que cumple con los est\u00e1ndares de alta calidad, por lo que es una opci\u00f3n confiable para sus necesidades <\/pre><p>\u00a0<\/p><p>\u00a0<\/p>\t\t\t\t\t\t\t\t<\/div>\n\t\t\t\t<div class=\"elementor-element elementor-element-60244b2 elementor-widget elementor-widget-text-editor\" data-id=\"60244b2\" data-element_type=\"widget\" data-e-type=\"widget\" data-widget_type=\"text-editor.default\">\n\t\t\t\t\t\t\t\t\t<ul class=\"specification--list--GZuXzRX\" style=\"-webkit-tap-highlight-color: transparent; outline: 0px; list-style: none; border-bottom: 1px solid rgb(234, 234, 234); color: rgb(34, 34, 34); font-family: &quot;TT Norms Pro&quot;, &quot;Open Sans&quot;, Roboto, Arial, Helvetica, sans-serif, SimSun; font-size: 14px; text-align: start;\"><li class=\"specification--line--IXeRJI7\" style=\"-webkit-tap-highlight-color: transparent; outline: 0px; border-top: 1px solid rgb(234, 234, 234); display: flex;\"><div class=\"specification--prop--Jh28bKu\" style=\"-webkit-tap-highlight-color: transparent; outline: 0px; margin: 0px; padding: 0px; display: flex; float: left; line-height: 28px; list-style: none; max-width: 50%; position: relative; width: 605.996px;\"><div class=\"specification--title--SfH3sA8\" style=\"-webkit-tap-highlight-color: transparent; outline: 0px; margin: 0px; padding: 16px; background: var(--color-grey-1); color: var(--color-grey-10); width: 174px;\"><span style=\"-webkit-tap-highlight-color: transparent; outline: 0px; margin: 0px; padding: 0px; line-height: 20px;\">Tipo de accesorio<\/span><\/div><div class=\"specification--desc--Dxx6W0W\" title=\"Gancho de tienda\" style=\"-webkit-tap-highlight-color: transparent; outline: 0px; margin: 0px; padding: 16px; color: rgb(21, 21, 21); flex: 1 1 0%; word-break: break-word;\"><span style=\"-webkit-tap-highlight-color: transparent; outline: 0px; margin: 0px; padding: 0px; line-height: 20px;\">Gancho de tienda<\/span><\/div><\/div><div class=\"specification--prop--Jh28bKu\" style=\"-webkit-tap-highlight-color: transparent; outline: 0px; margin: 0px; padding: 0px; display: flex; float: left; line-height: 28px; list-style: none; max-width: 50%; position: relative; width: 605.996px;\"><div class=\"specification--title--SfH3sA8\" style=\"-webkit-tap-highlight-color: transparent; outline: 0px; margin: 0px; padding: 16px; background: var(--color-grey-1); color: var(--color-grey-10); width: 174px;\"><span style=\"-webkit-tap-highlight-color: transparent; outline: 0px; margin: 0px; padding: 0px; line-height: 20px;\">Tipo<\/span><\/div><div class=\"specification--desc--Dxx6W0W\" title=\"Tienda para m\u00e1s de 5 personas\" style=\"-webkit-tap-highlight-color: transparent; outline: 0px; margin: 0px; padding: 16px; color: rgb(21, 21, 21); flex: 1 1 0%; word-break: break-word;\"><span style=\"-webkit-tap-highlight-color: transparent; outline: 0px; margin: 0px; padding: 0px; line-height: 20px;\">Tienda para m\u00e1s de 5 personas<\/span><\/div><\/div><\/li><li class=\"specification--line--IXeRJI7\" style=\"-webkit-tap-highlight-color: transparent; outline: 0px; border-top: 1px solid rgb(234, 234, 234); display: flex;\"><div class=\"specification--prop--Jh28bKu\" style=\"-webkit-tap-highlight-color: transparent; outline: 0px; margin: 0px; padding: 0px; display: flex; float: left; line-height: 28px; list-style: none; max-width: 50%; position: relative; width: 605.996px;\"><div class=\"specification--title--SfH3sA8\" style=\"-webkit-tap-highlight-color: transparent; outline: 0px; margin: 0px; padding: 16px; background: var(--color-grey-1); color: var(--color-grey-10); width: 174px;\"><span style=\"-webkit-tap-highlight-color: transparent; outline: 0px; margin: 0px; padding: 0px; line-height: 20px;\">Nombre de la marca<\/span><\/div><div class=\"specification--desc--Dxx6W0W\" title=\"Senderismo en la naturaleza\" style=\"-webkit-tap-highlight-color: transparent; outline: 0px; margin: 0px; padding: 16px; color: rgb(21, 21, 21); flex: 1 1 0%; word-break: break-word;\"><span style=\"-webkit-tap-highlight-color: transparent; outline: 0px; margin: 0px; padding: 0px; line-height: 20px;\">Senderismo en la naturaleza<\/span><\/div><\/div><div class=\"specification--prop--Jh28bKu\" style=\"-webkit-tap-highlight-color: transparent; outline: 0px; margin: 0px; padding: 0px; display: flex; float: left; line-height: 28px; list-style: none; max-width: 50%; position: relative; width: 605.996px;\"><div class=\"specification--title--SfH3sA8\" style=\"-webkit-tap-highlight-color: transparent; outline: 0px; margin: 0px; padding: 16px; background: var(--color-grey-1); color: var(--color-grey-10); width: 174px;\"><span style=\"-webkit-tap-highlight-color: transparent; outline: 0px; margin: 0px; padding: 0px; line-height: 20px;\">Origen<\/span><\/div><div class=\"specification--desc--Dxx6W0W\" title=\"CN(Origen)\" style=\"-webkit-tap-highlight-color: transparent; outline: 0px; margin: 0px; padding: 16px; color: rgb(21, 21, 21); flex: 1 1 0%; word-break: break-word;\"><span style=\"-webkit-tap-highlight-color: transparent; outline: 0px; margin: 0px; padding: 0px; line-height: 20px;\">CN(Origen)<\/span><\/div><\/div><\/li><li class=\"specification--line--IXeRJI7\" style=\"-webkit-tap-highlight-color: transparent; outline: 0px; border-top: 1px solid rgb(234, 234, 234); display: flex;\"><div class=\"specification--prop--Jh28bKu\" style=\"-webkit-tap-highlight-color: transparent; outline: 0px; margin: 0px; padding: 0px; display: flex; float: left; line-height: 28px; list-style: none; max-width: 50%; position: relative; width: 605.996px;\"><div class=\"specification--title--SfH3sA8\" style=\"-webkit-tap-highlight-color: transparent; outline: 0px; margin: 0px; padding: 16px; background: var(--color-grey-1); color: var(--color-grey-10); width: 174px;\"><span style=\"-webkit-tap-highlight-color: transparent; outline: 0px; margin: 0px; padding: 0px; line-height: 20px;\">Number<\/span><\/div><div class=\"specification--desc--Dxx6W0W\" title=\"NH15A001-H\" data-spm-anchor-id=\"a2g0o.detail.0.i12.4f0fSor5Sor5MK\" style=\"-webkit-tap-highlight-color: transparent; outline: 0px; margin: 0px; padding: 16px; color: rgb(21, 21, 21); flex: 1 1 0%; word-break: break-word;\"><span style=\"-webkit-tap-highlight-color: transparent; outline: 0px; margin: 0px; padding: 0px; line-height: 20px;\">NH15A001-H<\/span><\/div><\/div><\/li><\/ul>\t\t\t\t\t\t\t\t<\/div>\n\t\t\t\t\t<\/div>\n\t\t<\/div>\n\t\t\t\t\t<\/div>\n\t\t<\/section>\n\t\t\t\t<section class=\"elementor-section elementor-top-section elementor-element elementor-element-d7ac400 elementor-section-boxed elementor-section-height-default elementor-section-height-default\" data-id=\"d7ac400\" data-element_type=\"section\" data-e-type=\"section\">\n\t\t\t\t\t\t<div class=\"elementor-container elementor-column-gap-default\">\n\t\t\t\t\t<div class=\"elementor-column elementor-col-100 elementor-top-column elementor-element elementor-element-997bc08\" data-id=\"997bc08\" data-element_type=\"column\" data-e-type=\"column\">\n\t\t\t<div class=\"elementor-widget-wrap\">\n\t\t\t\t\t\t\t<\/div>\n\t\t<\/div>\n\t\t\t\t\t<\/div>\n\t\t<\/section>\n\t\t\t\t<\/div>","protected":false},"excerpt":{"rendered":"<p>especificaciones: Material: 100% aleaci\u00f3n de aluminio Tama\u00f1o: 8cm Max rodamiento: 60kg (no utilizar para la escalada) Opciones de color: azul, naranja, verde Origen: China Dise\u00f1o: Hebilla de tienda de campa\u00f1a tipo D Uso: accesorios de tienda, mochila r\u00e1pida hebilla colgante, mosquet\u00f3n de botella de agua, llavero de viaje de camping Caracter\u00edsticas: | Buckingham Gancho de [&hellip;]<\/p>","protected":false},"featured_media":6705,"comment_status":"open","ping_status":"closed","template":"","meta":{"om_disable_all_campaigns":false,"_monsterinsights_skip_tracking":false,"_monsterinsights_sitenote_active":false,"_monsterinsights_sitenote_note":"","_monsterinsights_sitenote_category":0,"_joinchat":[]},"product_brand":[],"product_cat":[89,78],"product_tag":[],"class_list":{"0":"post-6701","1":"product","2":"type-product","3":"status-publish","4":"has-post-thumbnail","6":"product_cat-carabiner","7":"product_cat-x-accessories-2","8":"product_shipping_class-small-standard","10":"first","11":"onbackorder","12":"taxable","13":"shipping-taxable","14":"purchasable","15":"product-type-variable"},"aioseo_notices":[],"jetpack_sharing_enabled":true,"_links":{"self":[{"href":"https:\/\/thetatauhome.com\/es\/wp-json\/wp\/v2\/product\/6701","targetHints":{"allow":["GET"]}}],"collection":[{"href":"https:\/\/thetatauhome.com\/es\/wp-json\/wp\/v2\/product"}],"about":[{"href":"https:\/\/thetatauhome.com\/es\/wp-json\/wp\/v2\/types\/product"}],"replies":[{"embeddable":true,"href":"https:\/\/thetatauhome.com\/es\/wp-json\/wp\/v2\/comments?post=6701"}],"version-history":[{"count":4,"href":"https:\/\/thetatauhome.com\/es\/wp-json\/wp\/v2\/product\/6701\/revisions"}],"predecessor-version":[{"id":6718,"href":"https:\/\/thetatauhome.com\/es\/wp-json\/wp\/v2\/product\/6701\/revisions\/6718"}],"wp:featuredmedia":[{"embeddable":true,"href":"https:\/\/thetatauhome.com\/es\/wp-json\/wp\/v2\/media\/6705"}],"wp:attachment":[{"href":"https:\/\/thetatauhome.com\/es\/wp-json\/wp\/v2\/media?parent=6701"}],"wp:term":[{"taxonomy":"product_brand","embeddable":true,"href":"https:\/\/thetatauhome.com\/es\/wp-json\/wp\/v2\/product_brand?post=6701"},{"taxonomy":"product_cat","embeddable":true,"href":"https:\/\/thetatauhome.com\/es\/wp-json\/wp\/v2\/product_cat?post=6701"},{"taxonomy":"product_tag","embeddable":true,"href":"https:\/\/thetatauhome.com\/es\/wp-json\/wp\/v2\/product_tag?post=6701"}],"curies":[{"name":"wp","href":"https:\/\/api.w.org\/{rel}","templated":true}]}}