{"id":6608,"date":"2024-08-16T20:40:48","date_gmt":"2024-08-16T18:40:48","guid":{"rendered":"https:\/\/thetatauhome.com\/?post_type=product&#038;p=6608"},"modified":"2025-03-11T10:16:19","modified_gmt":"2025-03-11T09:16:19","slug":"naturehike-martillo-multifuncional-de-aleacion-de-aluminio-para-acampar-al-aire-libre-clavo-fijo-para-tienda-de-campana-con-tirador-de-estaca-herramienta-de-supervivencia-para-montanismo-y-senderism","status":"publish","type":"product","link":"https:\/\/thetatauhome.com\/es\/producto\/naturehike-martillo-multifuncional-de-aleacion-de-aluminio-para-acampar-al-aire-libre-clavo-fijo-para-tienda-de-campana-con-tirador-de-estaca-herramienta-de-supervivencia-para-montanismo-y-senderism\/","title":{"rendered":"Naturehike Martillo multifuncional de aleaci\u00f3n de aluminio para acampar al aire libre, clavo fijo para tienda de campa\u00f1a con tirador de estaca, herramienta de supervivencia para monta\u00f1ismo y senderismo"},"content":{"rendered":"<div data-elementor-type=\"product-post\" data-elementor-id=\"6608\" class=\"elementor elementor-6608\" data-elementor-post-type=\"product\">\n\t\t\t\t\t\t<section class=\"elementor-section elementor-top-section elementor-element elementor-element-16ded3f elementor-section-boxed elementor-section-height-default elementor-section-height-default\" data-id=\"16ded3f\" data-element_type=\"section\" data-e-type=\"section\">\n\t\t\t\t\t\t<div class=\"elementor-container elementor-column-gap-default\">\n\t\t\t\t\t<div class=\"elementor-column elementor-col-100 elementor-top-column elementor-element elementor-element-6f89e66\" data-id=\"6f89e66\" data-element_type=\"column\" data-e-type=\"column\">\n\t\t\t<div class=\"elementor-widget-wrap elementor-element-populated\">\n\t\t\t\t\t\t<div class=\"elementor-element elementor-element-39f5d4c elementor-widget elementor-widget-image\" data-id=\"39f5d4c\" data-element_type=\"widget\" data-e-type=\"widget\" data-widget_type=\"image.default\">\n\t\t\t\t\t\t\t\t\t\t\t\t\t\t\t<img fetchpriority=\"high\" decoding=\"async\" width=\"300\" height=\"300\" src=\"https:\/\/thetatauhome.com\/wp-content\/uploads\/2024\/01\/X-TENT-CARPA-300x300.png\" class=\"attachment-medium size-medium wp-image-3366\" alt=\"\" srcset=\"https:\/\/thetatauhome.com\/wp-content\/uploads\/2024\/01\/X-TENT-CARPA-300x300.png 300w, https:\/\/thetatauhome.com\/wp-content\/uploads\/2024\/01\/X-TENT-CARPA-150x150.png 150w, https:\/\/thetatauhome.com\/wp-content\/uploads\/2024\/01\/X-TENT-CARPA-12x12.png 12w, https:\/\/thetatauhome.com\/wp-content\/uploads\/2024\/01\/X-TENT-CARPA-100x100.png 100w, https:\/\/thetatauhome.com\/wp-content\/uploads\/2024\/01\/X-TENT-CARPA-64x64.png 64w, https:\/\/thetatauhome.com\/wp-content\/uploads\/2024\/01\/X-TENT-CARPA.png 600w\" sizes=\"(max-width: 300px) 100vw, 300px\" \/>\t\t\t\t\t\t\t\t\t\t\t\t\t\t\t<\/div>\n\t\t\t\t\t<\/div>\n\t\t<\/div>\n\t\t\t\t\t<\/div>\n\t\t<\/section>\n\t\t\t\t<section class=\"elementor-section elementor-top-section elementor-element elementor-element-47546ab elementor-section-boxed elementor-section-height-default elementor-section-height-default\" data-id=\"47546ab\" data-element_type=\"section\" data-e-type=\"section\">\n\t\t\t\t\t\t<div class=\"elementor-container elementor-column-gap-default\">\n\t\t\t\t\t<div class=\"elementor-column elementor-col-50 elementor-top-column elementor-element elementor-element-b30618c\" data-id=\"b30618c\" data-element_type=\"column\" data-e-type=\"column\">\n\t\t\t<div class=\"elementor-widget-wrap elementor-element-populated\">\n\t\t\t\t\t\t<div class=\"elementor-element elementor-element-8830031 elementor-widget elementor-widget-image\" data-id=\"8830031\" data-element_type=\"widget\" data-e-type=\"widget\" data-widget_type=\"image.default\">\n\t\t\t\t\t\t\t\t\t\t\t\t\t\t\t<img decoding=\"async\" width=\"790\" height=\"666\" src=\"https:\/\/thetatauhome.com\/wp-content\/uploads\/2024\/08\/S59657b7471494987ababd1fc28071aa2O.webp\" class=\"attachment-large size-large wp-image-6620\" alt=\"\" srcset=\"https:\/\/thetatauhome.com\/wp-content\/uploads\/2024\/08\/S59657b7471494987ababd1fc28071aa2O.webp 790w, https:\/\/thetatauhome.com\/wp-content\/uploads\/2024\/08\/S59657b7471494987ababd1fc28071aa2O-300x253.webp 300w, https:\/\/thetatauhome.com\/wp-content\/uploads\/2024\/08\/S59657b7471494987ababd1fc28071aa2O-768x647.webp 768w, https:\/\/thetatauhome.com\/wp-content\/uploads\/2024\/08\/S59657b7471494987ababd1fc28071aa2O-14x12.webp 14w, https:\/\/thetatauhome.com\/wp-content\/uploads\/2024\/08\/S59657b7471494987ababd1fc28071aa2O-600x506.webp 600w, https:\/\/thetatauhome.com\/wp-content\/uploads\/2024\/08\/S59657b7471494987ababd1fc28071aa2O-64x54.webp 64w\" sizes=\"(max-width: 790px) 100vw, 790px\" \/>\t\t\t\t\t\t\t\t\t\t\t\t\t\t\t<\/div>\n\t\t\t\t<div class=\"elementor-element elementor-element-a60bcf3 elementor-widget elementor-widget-image\" data-id=\"a60bcf3\" data-element_type=\"widget\" data-e-type=\"widget\" data-widget_type=\"image.default\">\n\t\t\t\t\t\t\t\t\t\t\t\t\t\t\t<img decoding=\"async\" width=\"790\" height=\"613\" src=\"https:\/\/thetatauhome.com\/wp-content\/uploads\/2024\/08\/Sb7873f817d14466d99565c851b2ff025r.webp\" class=\"attachment-large size-large wp-image-6622\" alt=\"\" srcset=\"https:\/\/thetatauhome.com\/wp-content\/uploads\/2024\/08\/Sb7873f817d14466d99565c851b2ff025r.webp 790w, https:\/\/thetatauhome.com\/wp-content\/uploads\/2024\/08\/Sb7873f817d14466d99565c851b2ff025r-300x233.webp 300w, https:\/\/thetatauhome.com\/wp-content\/uploads\/2024\/08\/Sb7873f817d14466d99565c851b2ff025r-768x596.webp 768w, https:\/\/thetatauhome.com\/wp-content\/uploads\/2024\/08\/Sb7873f817d14466d99565c851b2ff025r-15x12.webp 15w, https:\/\/thetatauhome.com\/wp-content\/uploads\/2024\/08\/Sb7873f817d14466d99565c851b2ff025r-600x466.webp 600w, https:\/\/thetatauhome.com\/wp-content\/uploads\/2024\/08\/Sb7873f817d14466d99565c851b2ff025r-64x50.webp 64w\" sizes=\"(max-width: 790px) 100vw, 790px\" \/>\t\t\t\t\t\t\t\t\t\t\t\t\t\t\t<\/div>\n\t\t\t\t<div class=\"elementor-element elementor-element-92a6cf7 elementor-widget elementor-widget-image\" data-id=\"92a6cf7\" data-element_type=\"widget\" data-e-type=\"widget\" data-widget_type=\"image.default\">\n\t\t\t\t\t\t\t\t\t\t\t\t\t\t\t<img loading=\"lazy\" decoding=\"async\" width=\"790\" height=\"681\" src=\"https:\/\/thetatauhome.com\/wp-content\/uploads\/2024\/08\/S7a6c352751ee478c83cf4fc25f47eb06n.webp\" class=\"attachment-large size-large wp-image-6624\" alt=\"\" srcset=\"https:\/\/thetatauhome.com\/wp-content\/uploads\/2024\/08\/S7a6c352751ee478c83cf4fc25f47eb06n.webp 790w, https:\/\/thetatauhome.com\/wp-content\/uploads\/2024\/08\/S7a6c352751ee478c83cf4fc25f47eb06n-300x259.webp 300w, https:\/\/thetatauhome.com\/wp-content\/uploads\/2024\/08\/S7a6c352751ee478c83cf4fc25f47eb06n-768x662.webp 768w, https:\/\/thetatauhome.com\/wp-content\/uploads\/2024\/08\/S7a6c352751ee478c83cf4fc25f47eb06n-14x12.webp 14w, https:\/\/thetatauhome.com\/wp-content\/uploads\/2024\/08\/S7a6c352751ee478c83cf4fc25f47eb06n-600x517.webp 600w, https:\/\/thetatauhome.com\/wp-content\/uploads\/2024\/08\/S7a6c352751ee478c83cf4fc25f47eb06n-64x55.webp 64w\" sizes=\"(max-width: 790px) 100vw, 790px\" \/>\t\t\t\t\t\t\t\t\t\t\t\t\t\t\t<\/div>\n\t\t\t\t\t<\/div>\n\t\t<\/div>\n\t\t\t\t<div class=\"elementor-column elementor-col-50 elementor-top-column elementor-element elementor-element-f80f343\" data-id=\"f80f343\" data-element_type=\"column\" data-e-type=\"column\">\n\t\t\t<div class=\"elementor-widget-wrap elementor-element-populated\">\n\t\t\t\t\t\t<div class=\"elementor-element elementor-element-8054832 elementor-widget elementor-widget-image\" data-id=\"8054832\" data-element_type=\"widget\" data-e-type=\"widget\" data-widget_type=\"image.default\">\n\t\t\t\t\t\t\t\t\t\t\t\t\t\t\t<img loading=\"lazy\" decoding=\"async\" width=\"790\" height=\"1010\" src=\"https:\/\/thetatauhome.com\/wp-content\/uploads\/2024\/08\/S9cc268720c2d4eb891d4d440db00ed04f.webp\" class=\"attachment-large size-large wp-image-6621\" alt=\"\" srcset=\"https:\/\/thetatauhome.com\/wp-content\/uploads\/2024\/08\/S9cc268720c2d4eb891d4d440db00ed04f.webp 790w, https:\/\/thetatauhome.com\/wp-content\/uploads\/2024\/08\/S9cc268720c2d4eb891d4d440db00ed04f-235x300.webp 235w, https:\/\/thetatauhome.com\/wp-content\/uploads\/2024\/08\/S9cc268720c2d4eb891d4d440db00ed04f-768x982.webp 768w, https:\/\/thetatauhome.com\/wp-content\/uploads\/2024\/08\/S9cc268720c2d4eb891d4d440db00ed04f-9x12.webp 9w, https:\/\/thetatauhome.com\/wp-content\/uploads\/2024\/08\/S9cc268720c2d4eb891d4d440db00ed04f-300x384.webp 300w, https:\/\/thetatauhome.com\/wp-content\/uploads\/2024\/08\/S9cc268720c2d4eb891d4d440db00ed04f-600x767.webp 600w, https:\/\/thetatauhome.com\/wp-content\/uploads\/2024\/08\/S9cc268720c2d4eb891d4d440db00ed04f-64x82.webp 64w\" sizes=\"(max-width: 790px) 100vw, 790px\" \/>\t\t\t\t\t\t\t\t\t\t\t\t\t\t\t<\/div>\n\t\t\t\t<div class=\"elementor-element elementor-element-3f69a2b elementor-widget elementor-widget-image\" data-id=\"3f69a2b\" data-element_type=\"widget\" data-e-type=\"widget\" data-widget_type=\"image.default\">\n\t\t\t\t\t\t\t\t\t\t\t\t\t\t\t<img loading=\"lazy\" decoding=\"async\" width=\"790\" height=\"894\" src=\"https:\/\/thetatauhome.com\/wp-content\/uploads\/2024\/08\/S1128db6439d1447ebb2602d30ee21deb4.webp\" class=\"attachment-large size-large wp-image-6623\" alt=\"\" srcset=\"https:\/\/thetatauhome.com\/wp-content\/uploads\/2024\/08\/S1128db6439d1447ebb2602d30ee21deb4.webp 790w, https:\/\/thetatauhome.com\/wp-content\/uploads\/2024\/08\/S1128db6439d1447ebb2602d30ee21deb4-265x300.webp 265w, https:\/\/thetatauhome.com\/wp-content\/uploads\/2024\/08\/S1128db6439d1447ebb2602d30ee21deb4-768x869.webp 768w, https:\/\/thetatauhome.com\/wp-content\/uploads\/2024\/08\/S1128db6439d1447ebb2602d30ee21deb4-11x12.webp 11w, https:\/\/thetatauhome.com\/wp-content\/uploads\/2024\/08\/S1128db6439d1447ebb2602d30ee21deb4-300x339.webp 300w, https:\/\/thetatauhome.com\/wp-content\/uploads\/2024\/08\/S1128db6439d1447ebb2602d30ee21deb4-600x679.webp 600w, https:\/\/thetatauhome.com\/wp-content\/uploads\/2024\/08\/S1128db6439d1447ebb2602d30ee21deb4-64x72.webp 64w\" sizes=\"(max-width: 790px) 100vw, 790px\" \/>\t\t\t\t\t\t\t\t\t\t\t\t\t\t\t<\/div>\n\t\t\t\t<div class=\"elementor-element elementor-element-ce3ec8b elementor-widget elementor-widget-image\" data-id=\"ce3ec8b\" data-element_type=\"widget\" data-e-type=\"widget\" data-widget_type=\"image.default\">\n\t\t\t\t\t\t\t\t\t\t\t\t\t\t\t<img loading=\"lazy\" decoding=\"async\" width=\"790\" height=\"882\" src=\"https:\/\/thetatauhome.com\/wp-content\/uploads\/2024\/08\/S0dbcc85057d94fb8a42a25b84df42422H.webp\" class=\"attachment-large size-large wp-image-6625\" alt=\"\" srcset=\"https:\/\/thetatauhome.com\/wp-content\/uploads\/2024\/08\/S0dbcc85057d94fb8a42a25b84df42422H.webp 790w, https:\/\/thetatauhome.com\/wp-content\/uploads\/2024\/08\/S0dbcc85057d94fb8a42a25b84df42422H-269x300.webp 269w, https:\/\/thetatauhome.com\/wp-content\/uploads\/2024\/08\/S0dbcc85057d94fb8a42a25b84df42422H-768x857.webp 768w, https:\/\/thetatauhome.com\/wp-content\/uploads\/2024\/08\/S0dbcc85057d94fb8a42a25b84df42422H-11x12.webp 11w, https:\/\/thetatauhome.com\/wp-content\/uploads\/2024\/08\/S0dbcc85057d94fb8a42a25b84df42422H-300x335.webp 300w, https:\/\/thetatauhome.com\/wp-content\/uploads\/2024\/08\/S0dbcc85057d94fb8a42a25b84df42422H-600x670.webp 600w, https:\/\/thetatauhome.com\/wp-content\/uploads\/2024\/08\/S0dbcc85057d94fb8a42a25b84df42422H-64x71.webp 64w\" sizes=\"(max-width: 790px) 100vw, 790px\" \/>\t\t\t\t\t\t\t\t\t\t\t\t\t\t\t<\/div>\n\t\t\t\t\t<\/div>\n\t\t<\/div>\n\t\t\t\t\t<\/div>\n\t\t<\/section>\n\t\t\t\t<section class=\"elementor-section elementor-top-section elementor-element elementor-element-273c6be elementor-section-boxed elementor-section-height-default elementor-section-height-default\" data-id=\"273c6be\" data-element_type=\"section\" data-e-type=\"section\">\n\t\t\t\t\t\t<div class=\"elementor-container elementor-column-gap-default\">\n\t\t\t\t\t<div class=\"elementor-column elementor-col-100 elementor-top-column elementor-element elementor-element-cb00c3e\" data-id=\"cb00c3e\" data-element_type=\"column\" data-e-type=\"column\">\n\t\t\t<div class=\"elementor-widget-wrap elementor-element-populated\">\n\t\t\t\t\t\t<div class=\"elementor-element elementor-element-790f988 elementor-widget elementor-widget-text-editor\" data-id=\"790f988\" data-element_type=\"widget\" data-e-type=\"widget\" data-widget_type=\"text-editor.default\">\n\t\t\t\t\t\t\t\t\t<ul style=\"-webkit-tap-highlight-color: transparent; outline: 0px; list-style: none; border-bottom: 1px solid rgb(234, 234, 234); color: rgb(34, 34, 34); font-family: &quot;TT Norms Pro&quot;, &quot;Open Sans&quot;, Roboto, Arial, Helvetica, sans-serif, SimSun; font-size: 14px; text-align: start;\"><li style=\"-webkit-tap-highlight-color: transparent; outline: 0px; border-top: 1px solid rgb(234, 234, 234); display: flex;\"><div style=\"-webkit-tap-highlight-color: transparent; outline: 0px; margin: 0px; padding: 16px; background: var(--color-grey-1); color: var(--color-grey-10); width: 174px;\"><span style=\"-webkit-tap-highlight-color: transparent; outline: 0px; margin: 0px; padding: 0px; line-height: 20px;\"><br><\/span><\/div><\/li><li style=\"-webkit-tap-highlight-color: transparent; outline: 0px; border-top: 1px solid rgb(234, 234, 234); display: flex;\"><div style=\"-webkit-tap-highlight-color: transparent; outline: 0px; margin: 0px; padding: 16px; background: var(--color-grey-1); color: var(--color-grey-10); width: 174px;\"><span style=\"-webkit-tap-highlight-color: transparent; outline: 0px; margin: 0px; padding: 0px; line-height: 20px;\"><br><\/span><\/div><\/li><li style=\"-webkit-tap-highlight-color: transparent; outline: 0px; border-top: 1px solid rgb(234, 234, 234); display: flex;\"><div style=\"-webkit-tap-highlight-color: transparent; outline: 0px; margin: 0px; padding: 0px; display: flex; float: left; line-height: 28px; list-style: none; max-width: 50%; position: relative; width: 504px;\"><div style=\"-webkit-tap-highlight-color: transparent; outline: 0px; margin: 0px; padding: 16px; background: var(--color-grey-1); color: var(--color-grey-10); width: 174px;\"><span style=\"-webkit-tap-highlight-color: transparent; outline: 0px; margin: 0px; padding: 0px; line-height: 20px;\">Tipo<\/span><\/div><div title=\"Palas de camping\" style=\"-webkit-tap-highlight-color: transparent; outline: 0px; margin: 0px; padding: 16px; color: rgb(21, 21, 21); flex: 1 1 0%; word-break: break-word;\"><span style=\"-webkit-tap-highlight-color: transparent; outline: 0px; margin: 0px; padding: 0px; line-height: 20px;\">Palas de camping<\/span><\/div><\/div><div style=\"-webkit-tap-highlight-color: transparent; outline: 0px; margin: 0px; padding: 0px; display: flex; float: left; line-height: 28px; list-style: none; max-width: 50%; position: relative; width: 504px;\"><div style=\"-webkit-tap-highlight-color: transparent; outline: 0px; margin: 0px; padding: 16px; background: var(--color-grey-1); color: var(--color-grey-10); width: 174px;\"><span style=\"-webkit-tap-highlight-color: transparent; outline: 0px; margin: 0px; padding: 0px; line-height: 20px;\">Nombre de la marca<\/span><\/div><div title=\"Naturehike\" style=\"-webkit-tap-highlight-color: transparent; outline: 0px; margin: 0px; padding: 16px; color: rgb(21, 21, 21); flex: 1 1 0%; word-break: break-word;\"><span style=\"-webkit-tap-highlight-color: transparent; outline: 0px; margin: 0px; padding: 0px; line-height: 20px;\">Naturehike<\/span><\/div><\/div><\/li><li style=\"-webkit-tap-highlight-color: transparent; outline: 0px; border-top: 1px solid rgb(234, 234, 234); display: flex;\"><div style=\"-webkit-tap-highlight-color: transparent; outline: 0px; margin: 0px; padding: 0px; display: flex; float: left; line-height: 28px; list-style: none; max-width: 50%; position: relative; width: 504px;\"><div style=\"-webkit-tap-highlight-color: transparent; outline: 0px; margin: 0px; padding: 16px; background: var(--color-grey-1); color: var(--color-grey-10); width: 174px;\"><span style=\"-webkit-tap-highlight-color: transparent; outline: 0px; margin: 0px; padding: 0px; line-height: 20px;\">Origen<\/span><\/div><div title=\"CN(Origen)\" style=\"-webkit-tap-highlight-color: transparent; outline: 0px; margin: 0px; padding: 16px; color: rgb(21, 21, 21); flex: 1 1 0%; word-break: break-word;\"><span style=\"-webkit-tap-highlight-color: transparent; outline: 0px; margin: 0px; padding: 0px; line-height: 20px;\">CN(Origen)<\/span><\/div><\/div><div style=\"-webkit-tap-highlight-color: transparent; outline: 0px; margin: 0px; padding: 0px; display: flex; float: left; line-height: 28px; list-style: none; max-width: 50%; position: relative; width: 504px;\"><div style=\"-webkit-tap-highlight-color: transparent; outline: 0px; margin: 0px; padding: 16px; background: var(--color-grey-1); color: var(--color-grey-10); width: 174px;\"><span style=\"-webkit-tap-highlight-color: transparent; outline: 0px; margin: 0px; padding: 0px; line-height: 20px;\">Size<\/span><\/div><div title=\"32.5x11cm\" style=\"-webkit-tap-highlight-color: transparent; outline: 0px; margin: 0px; padding: 16px; color: rgb(21, 21, 21); flex: 1 1 0%; word-break: break-word;\"><span style=\"-webkit-tap-highlight-color: transparent; outline: 0px; margin: 0px; padding: 0px; line-height: 20px;\">32.5x11cm<\/span><\/div><\/div><\/li><li style=\"-webkit-tap-highlight-color: transparent; outline: 0px; border-top: 1px solid rgb(234, 234, 234); display: flex;\"><div style=\"-webkit-tap-highlight-color: transparent; outline: 0px; margin: 0px; padding: 0px; display: flex; float: left; line-height: 28px; list-style: none; max-width: 50%; position: relative; width: 504px;\"><div style=\"-webkit-tap-highlight-color: transparent; outline: 0px; margin: 0px; padding: 16px; background: var(--color-grey-1); color: var(--color-grey-10); width: 174px;\"><span style=\"-webkit-tap-highlight-color: transparent; outline: 0px; margin: 0px; padding: 0px; line-height: 20px;\">Weight<\/span><\/div><div title=\"about 374g\" data-spm-anchor-id=\"a2g0o.detail.0.i12.37c8bcvSbcvSNu\" style=\"-webkit-tap-highlight-color: transparent; outline: 0px; margin: 0px; padding: 16px; color: rgb(21, 21, 21); flex: 1 1 0%; word-break: break-word;\"><span style=\"-webkit-tap-highlight-color: transparent; outline: 0px; margin: 0px; padding: 0px; line-height: 20px;\">about 374g<\/span><\/div><\/div><\/li><\/ul>\t\t\t\t\t\t\t\t<\/div>\n\t\t\t\t\t<\/div>\n\t\t<\/div>\n\t\t\t\t\t<\/div>\n\t\t<\/section>\n\t\t\t\t<\/div>","protected":false},"excerpt":{"rendered":"<p>TipoPalas de campingNombre de la marcaNaturehike OrigenCN(Origen)Size32.5x11cm Weightabout 374g<\/p>","protected":false},"featured_media":6611,"comment_status":"open","ping_status":"closed","template":"","meta":{"om_disable_all_campaigns":false,"_monsterinsights_skip_tracking":false,"_monsterinsights_sitenote_active":false,"_monsterinsights_sitenote_note":"","_monsterinsights_sitenote_category":0,"_joinchat":[]},"product_brand":[],"product_cat":[90,78],"product_tag":[],"class_list":{"0":"post-6608","1":"product","2":"type-product","3":"status-publish","4":"has-post-thumbnail","6":"product_cat-tools","7":"product_cat-x-accessories-2","8":"product_shipping_class-small-standard","10":"first","11":"onbackorder","12":"taxable","13":"shipping-taxable","14":"purchasable","15":"product-type-variable"},"aioseo_notices":[],"jetpack_sharing_enabled":true,"_links":{"self":[{"href":"https:\/\/thetatauhome.com\/es\/wp-json\/wp\/v2\/product\/6608","targetHints":{"allow":["GET"]}}],"collection":[{"href":"https:\/\/thetatauhome.com\/es\/wp-json\/wp\/v2\/product"}],"about":[{"href":"https:\/\/thetatauhome.com\/es\/wp-json\/wp\/v2\/types\/product"}],"replies":[{"embeddable":true,"href":"https:\/\/thetatauhome.com\/es\/wp-json\/wp\/v2\/comments?post=6608"}],"version-history":[{"count":4,"href":"https:\/\/thetatauhome.com\/es\/wp-json\/wp\/v2\/product\/6608\/revisions"}],"predecessor-version":[{"id":6628,"href":"https:\/\/thetatauhome.com\/es\/wp-json\/wp\/v2\/product\/6608\/revisions\/6628"}],"wp:featuredmedia":[{"embeddable":true,"href":"https:\/\/thetatauhome.com\/es\/wp-json\/wp\/v2\/media\/6611"}],"wp:attachment":[{"href":"https:\/\/thetatauhome.com\/es\/wp-json\/wp\/v2\/media?parent=6608"}],"wp:term":[{"taxonomy":"product_brand","embeddable":true,"href":"https:\/\/thetatauhome.com\/es\/wp-json\/wp\/v2\/product_brand?post=6608"},{"taxonomy":"product_cat","embeddable":true,"href":"https:\/\/thetatauhome.com\/es\/wp-json\/wp\/v2\/product_cat?post=6608"},{"taxonomy":"product_tag","embeddable":true,"href":"https:\/\/thetatauhome.com\/es\/wp-json\/wp\/v2\/product_tag?post=6608"}],"curies":[{"name":"wp","href":"https:\/\/api.w.org\/{rel}","templated":true}]}}