{"id":3606,"date":"2024-02-22T23:37:07","date_gmt":"2024-02-22T22:37:07","guid":{"rendered":"https:\/\/thetatauhome.com\/?post_type=product&#038;p=3606"},"modified":"2024-11-25T10:37:54","modified_gmt":"2024-11-25T09:37:54","slug":"naturehike-serie-u-saco-de-dormir-ultraligero-impermeable-edredon-de-algodon-portatil-para-acampar","status":"publish","type":"product","link":"https:\/\/thetatauhome.com\/es\/producto\/naturehike-serie-u-saco-de-dormir-ultraligero-impermeable-edredon-de-algodon-portatil-para-acampar\/","title":{"rendered":"Naturehike Serie-U Saco de dormir ultraligero impermeable, edred\u00f3n de algod\u00f3n, port\u00e1til, para acampar"},"content":{"rendered":"<div data-elementor-type=\"product-post\" data-elementor-id=\"3606\" class=\"elementor elementor-3606\" data-elementor-post-type=\"product\">\n\t\t\t\t\t\t<section class=\"elementor-section elementor-top-section elementor-element elementor-element-2bf03da elementor-section-boxed elementor-section-height-default elementor-section-height-default\" data-id=\"2bf03da\" data-element_type=\"section\" data-e-type=\"section\">\n\t\t\t\t\t\t<div class=\"elementor-container elementor-column-gap-default\">\n\t\t\t\t\t<div class=\"elementor-column elementor-col-100 elementor-top-column elementor-element elementor-element-17eb56b\" data-id=\"17eb56b\" data-element_type=\"column\" data-e-type=\"column\">\n\t\t\t<div class=\"elementor-widget-wrap elementor-element-populated\">\n\t\t\t\t\t\t<div class=\"elementor-element elementor-element-8b7619b elementor-widget elementor-widget-image\" data-id=\"8b7619b\" data-element_type=\"widget\" data-e-type=\"widget\" data-widget_type=\"image.default\">\n\t\t\t\t\t\t\t\t\t\t\t\t\t\t\t<img fetchpriority=\"high\" decoding=\"async\" width=\"300\" height=\"300\" src=\"https:\/\/thetatauhome.com\/wp-content\/uploads\/2024\/01\/X-TENT-CARPA-300x300.png\" class=\"attachment-medium size-medium wp-image-3366\" alt=\"\" srcset=\"https:\/\/thetatauhome.com\/wp-content\/uploads\/2024\/01\/X-TENT-CARPA-300x300.png 300w, https:\/\/thetatauhome.com\/wp-content\/uploads\/2024\/01\/X-TENT-CARPA-150x150.png 150w, https:\/\/thetatauhome.com\/wp-content\/uploads\/2024\/01\/X-TENT-CARPA-12x12.png 12w, https:\/\/thetatauhome.com\/wp-content\/uploads\/2024\/01\/X-TENT-CARPA-100x100.png 100w, https:\/\/thetatauhome.com\/wp-content\/uploads\/2024\/01\/X-TENT-CARPA-64x64.png 64w, https:\/\/thetatauhome.com\/wp-content\/uploads\/2024\/01\/X-TENT-CARPA.png 600w\" sizes=\"(max-width: 300px) 100vw, 300px\" \/>\t\t\t\t\t\t\t\t\t\t\t\t\t\t\t<\/div>\n\t\t\t\t\t<\/div>\n\t\t<\/div>\n\t\t\t\t\t<\/div>\n\t\t<\/section>\n\t\t\t\t<section class=\"elementor-section elementor-top-section elementor-element elementor-element-92754b2 elementor-section-boxed elementor-section-height-default elementor-section-height-default\" data-id=\"92754b2\" data-element_type=\"section\" data-e-type=\"section\">\n\t\t\t\t\t\t<div class=\"elementor-container elementor-column-gap-default\">\n\t\t\t\t\t<div class=\"elementor-column elementor-col-50 elementor-top-column elementor-element elementor-element-f98bae6\" data-id=\"f98bae6\" data-element_type=\"column\" data-e-type=\"column\">\n\t\t\t<div class=\"elementor-widget-wrap elementor-element-populated\">\n\t\t\t\t\t\t<div class=\"elementor-element elementor-element-a0e9018 elementor-widget elementor-widget-image\" data-id=\"a0e9018\" data-element_type=\"widget\" data-e-type=\"widget\" data-widget_type=\"image.default\">\n\t\t\t\t\t\t\t\t\t\t\t\t\t\t\t<img decoding=\"async\" width=\"800\" height=\"714\" src=\"https:\/\/thetatauhome.com\/wp-content\/uploads\/2024\/02\/H093ba9a931bc4a43881f7c199a0a9e4ch.webp\" class=\"attachment-large size-large wp-image-3648\" alt=\"\" srcset=\"https:\/\/thetatauhome.com\/wp-content\/uploads\/2024\/02\/H093ba9a931bc4a43881f7c199a0a9e4ch.webp 800w, https:\/\/thetatauhome.com\/wp-content\/uploads\/2024\/02\/H093ba9a931bc4a43881f7c199a0a9e4ch-300x268.webp 300w, https:\/\/thetatauhome.com\/wp-content\/uploads\/2024\/02\/H093ba9a931bc4a43881f7c199a0a9e4ch-768x685.webp 768w, https:\/\/thetatauhome.com\/wp-content\/uploads\/2024\/02\/H093ba9a931bc4a43881f7c199a0a9e4ch-13x12.webp 13w, https:\/\/thetatauhome.com\/wp-content\/uploads\/2024\/02\/H093ba9a931bc4a43881f7c199a0a9e4ch-600x536.webp 600w, https:\/\/thetatauhome.com\/wp-content\/uploads\/2024\/02\/H093ba9a931bc4a43881f7c199a0a9e4ch-64x57.webp 64w\" sizes=\"(max-width: 800px) 100vw, 800px\" \/>\t\t\t\t\t\t\t\t\t\t\t\t\t\t\t<\/div>\n\t\t\t\t<div class=\"elementor-element elementor-element-11f52ff elementor-widget elementor-widget-image\" data-id=\"11f52ff\" data-element_type=\"widget\" data-e-type=\"widget\" data-widget_type=\"image.default\">\n\t\t\t\t\t\t\t\t\t\t\t\t\t\t\t<img decoding=\"async\" width=\"800\" height=\"800\" src=\"https:\/\/thetatauhome.com\/wp-content\/uploads\/2024\/02\/H25fff046c9534777b841beb7b2b424f1y.webp\" class=\"attachment-large size-large wp-image-3650\" alt=\"\" srcset=\"https:\/\/thetatauhome.com\/wp-content\/uploads\/2024\/02\/H25fff046c9534777b841beb7b2b424f1y.webp 800w, https:\/\/thetatauhome.com\/wp-content\/uploads\/2024\/02\/H25fff046c9534777b841beb7b2b424f1y-300x300.webp 300w, https:\/\/thetatauhome.com\/wp-content\/uploads\/2024\/02\/H25fff046c9534777b841beb7b2b424f1y-150x150.webp 150w, https:\/\/thetatauhome.com\/wp-content\/uploads\/2024\/02\/H25fff046c9534777b841beb7b2b424f1y-768x768.webp 768w, https:\/\/thetatauhome.com\/wp-content\/uploads\/2024\/02\/H25fff046c9534777b841beb7b2b424f1y-12x12.webp 12w, https:\/\/thetatauhome.com\/wp-content\/uploads\/2024\/02\/H25fff046c9534777b841beb7b2b424f1y-600x600.webp 600w, https:\/\/thetatauhome.com\/wp-content\/uploads\/2024\/02\/H25fff046c9534777b841beb7b2b424f1y-100x100.webp 100w, https:\/\/thetatauhome.com\/wp-content\/uploads\/2024\/02\/H25fff046c9534777b841beb7b2b424f1y-64x64.webp 64w\" sizes=\"(max-width: 800px) 100vw, 800px\" \/>\t\t\t\t\t\t\t\t\t\t\t\t\t\t\t<\/div>\n\t\t\t\t<div class=\"elementor-element elementor-element-6a38349 elementor-widget elementor-widget-image\" data-id=\"6a38349\" data-element_type=\"widget\" data-e-type=\"widget\" data-widget_type=\"image.default\">\n\t\t\t\t\t\t\t\t\t\t\t\t\t\t\t<img loading=\"lazy\" decoding=\"async\" width=\"626\" height=\"1024\" src=\"https:\/\/thetatauhome.com\/wp-content\/uploads\/2024\/02\/Hce87fc4e418c442fb9248d936668f3efC-626x1024.webp\" class=\"attachment-large size-large wp-image-3652\" alt=\"\" srcset=\"https:\/\/thetatauhome.com\/wp-content\/uploads\/2024\/02\/Hce87fc4e418c442fb9248d936668f3efC-626x1024.webp 626w, https:\/\/thetatauhome.com\/wp-content\/uploads\/2024\/02\/Hce87fc4e418c442fb9248d936668f3efC-183x300.webp 183w, https:\/\/thetatauhome.com\/wp-content\/uploads\/2024\/02\/Hce87fc4e418c442fb9248d936668f3efC-768x1256.webp 768w, https:\/\/thetatauhome.com\/wp-content\/uploads\/2024\/02\/Hce87fc4e418c442fb9248d936668f3efC-7x12.webp 7w, https:\/\/thetatauhome.com\/wp-content\/uploads\/2024\/02\/Hce87fc4e418c442fb9248d936668f3efC-300x491.webp 300w, https:\/\/thetatauhome.com\/wp-content\/uploads\/2024\/02\/Hce87fc4e418c442fb9248d936668f3efC-600x981.webp 600w, https:\/\/thetatauhome.com\/wp-content\/uploads\/2024\/02\/Hce87fc4e418c442fb9248d936668f3efC-64x105.webp 64w, https:\/\/thetatauhome.com\/wp-content\/uploads\/2024\/02\/Hce87fc4e418c442fb9248d936668f3efC.webp 800w\" sizes=\"(max-width: 626px) 100vw, 626px\" \/>\t\t\t\t\t\t\t\t\t\t\t\t\t\t\t<\/div>\n\t\t\t\t<div class=\"elementor-element elementor-element-f202211 elementor-widget elementor-widget-image\" data-id=\"f202211\" data-element_type=\"widget\" data-e-type=\"widget\" data-widget_type=\"image.default\">\n\t\t\t\t\t\t\t\t\t\t\t\t\t\t\t<img loading=\"lazy\" decoding=\"async\" width=\"735\" height=\"1024\" src=\"https:\/\/thetatauhome.com\/wp-content\/uploads\/2024\/02\/H6310099e580f45c98372a3ea6da217023-735x1024.webp\" class=\"attachment-large size-large wp-image-3654\" alt=\"\" srcset=\"https:\/\/thetatauhome.com\/wp-content\/uploads\/2024\/02\/H6310099e580f45c98372a3ea6da217023-735x1024.webp 735w, https:\/\/thetatauhome.com\/wp-content\/uploads\/2024\/02\/H6310099e580f45c98372a3ea6da217023-215x300.webp 215w, https:\/\/thetatauhome.com\/wp-content\/uploads\/2024\/02\/H6310099e580f45c98372a3ea6da217023-768x1070.webp 768w, https:\/\/thetatauhome.com\/wp-content\/uploads\/2024\/02\/H6310099e580f45c98372a3ea6da217023-9x12.webp 9w, https:\/\/thetatauhome.com\/wp-content\/uploads\/2024\/02\/H6310099e580f45c98372a3ea6da217023-300x418.webp 300w, https:\/\/thetatauhome.com\/wp-content\/uploads\/2024\/02\/H6310099e580f45c98372a3ea6da217023-600x836.webp 600w, https:\/\/thetatauhome.com\/wp-content\/uploads\/2024\/02\/H6310099e580f45c98372a3ea6da217023-64x89.webp 64w, https:\/\/thetatauhome.com\/wp-content\/uploads\/2024\/02\/H6310099e580f45c98372a3ea6da217023.webp 800w\" sizes=\"(max-width: 735px) 100vw, 735px\" \/>\t\t\t\t\t\t\t\t\t\t\t\t\t\t\t<\/div>\n\t\t\t\t\t<\/div>\n\t\t<\/div>\n\t\t\t\t<div class=\"elementor-column elementor-col-50 elementor-top-column elementor-element elementor-element-6520c76\" data-id=\"6520c76\" data-element_type=\"column\" data-e-type=\"column\">\n\t\t\t<div class=\"elementor-widget-wrap elementor-element-populated\">\n\t\t\t\t\t\t<div class=\"elementor-element elementor-element-ba21528 elementor-widget elementor-widget-image\" data-id=\"ba21528\" data-element_type=\"widget\" data-e-type=\"widget\" data-widget_type=\"image.default\">\n\t\t\t\t\t\t\t\t\t\t\t\t\t\t\t<img loading=\"lazy\" decoding=\"async\" width=\"735\" height=\"1024\" src=\"https:\/\/thetatauhome.com\/wp-content\/uploads\/2024\/02\/H4d56e4bb971248588157c6fa2646a174c-735x1024.webp\" class=\"attachment-large size-large wp-image-3649\" alt=\"\" srcset=\"https:\/\/thetatauhome.com\/wp-content\/uploads\/2024\/02\/H4d56e4bb971248588157c6fa2646a174c-735x1024.webp 735w, https:\/\/thetatauhome.com\/wp-content\/uploads\/2024\/02\/H4d56e4bb971248588157c6fa2646a174c-215x300.webp 215w, https:\/\/thetatauhome.com\/wp-content\/uploads\/2024\/02\/H4d56e4bb971248588157c6fa2646a174c-768x1070.webp 768w, https:\/\/thetatauhome.com\/wp-content\/uploads\/2024\/02\/H4d56e4bb971248588157c6fa2646a174c-9x12.webp 9w, https:\/\/thetatauhome.com\/wp-content\/uploads\/2024\/02\/H4d56e4bb971248588157c6fa2646a174c-300x418.webp 300w, https:\/\/thetatauhome.com\/wp-content\/uploads\/2024\/02\/H4d56e4bb971248588157c6fa2646a174c-600x836.webp 600w, https:\/\/thetatauhome.com\/wp-content\/uploads\/2024\/02\/H4d56e4bb971248588157c6fa2646a174c-64x89.webp 64w, https:\/\/thetatauhome.com\/wp-content\/uploads\/2024\/02\/H4d56e4bb971248588157c6fa2646a174c.webp 800w\" sizes=\"(max-width: 735px) 100vw, 735px\" \/>\t\t\t\t\t\t\t\t\t\t\t\t\t\t\t<\/div>\n\t\t\t\t<div class=\"elementor-element elementor-element-935998f elementor-widget elementor-widget-image\" data-id=\"935998f\" data-element_type=\"widget\" data-e-type=\"widget\" data-widget_type=\"image.default\">\n\t\t\t\t\t\t\t\t\t\t\t\t\t\t\t<img loading=\"lazy\" decoding=\"async\" width=\"1024\" height=\"1024\" src=\"https:\/\/thetatauhome.com\/wp-content\/uploads\/2024\/02\/Hcf3231f4ae574383b6c5cf75b8e5cb41S-1024x1024.webp\" class=\"attachment-large size-large wp-image-3651\" alt=\"\" srcset=\"https:\/\/thetatauhome.com\/wp-content\/uploads\/2024\/02\/Hcf3231f4ae574383b6c5cf75b8e5cb41S-1024x1024.webp 1024w, https:\/\/thetatauhome.com\/wp-content\/uploads\/2024\/02\/Hcf3231f4ae574383b6c5cf75b8e5cb41S-300x300.webp 300w, https:\/\/thetatauhome.com\/wp-content\/uploads\/2024\/02\/Hcf3231f4ae574383b6c5cf75b8e5cb41S-150x150.webp 150w, https:\/\/thetatauhome.com\/wp-content\/uploads\/2024\/02\/Hcf3231f4ae574383b6c5cf75b8e5cb41S-768x768.webp 768w, https:\/\/thetatauhome.com\/wp-content\/uploads\/2024\/02\/Hcf3231f4ae574383b6c5cf75b8e5cb41S-12x12.webp 12w, https:\/\/thetatauhome.com\/wp-content\/uploads\/2024\/02\/Hcf3231f4ae574383b6c5cf75b8e5cb41S-600x600.webp 600w, https:\/\/thetatauhome.com\/wp-content\/uploads\/2024\/02\/Hcf3231f4ae574383b6c5cf75b8e5cb41S-100x100.webp 100w, https:\/\/thetatauhome.com\/wp-content\/uploads\/2024\/02\/Hcf3231f4ae574383b6c5cf75b8e5cb41S-64x64.webp 64w, https:\/\/thetatauhome.com\/wp-content\/uploads\/2024\/02\/Hcf3231f4ae574383b6c5cf75b8e5cb41S.webp 1200w\" sizes=\"(max-width: 1024px) 100vw, 1024px\" \/>\t\t\t\t\t\t\t\t\t\t\t\t\t\t\t<\/div>\n\t\t\t\t<div class=\"elementor-element elementor-element-9fc9941 elementor-widget elementor-widget-image\" data-id=\"9fc9941\" data-element_type=\"widget\" data-e-type=\"widget\" data-widget_type=\"image.default\">\n\t\t\t\t\t\t\t\t\t\t\t\t\t\t\t<img loading=\"lazy\" decoding=\"async\" width=\"623\" height=\"1024\" src=\"https:\/\/thetatauhome.com\/wp-content\/uploads\/2024\/02\/H7f31389c578a47a7a94d9a2bb709668f5-623x1024.webp\" class=\"attachment-large size-large wp-image-3653\" alt=\"\" srcset=\"https:\/\/thetatauhome.com\/wp-content\/uploads\/2024\/02\/H7f31389c578a47a7a94d9a2bb709668f5-623x1024.webp 623w, https:\/\/thetatauhome.com\/wp-content\/uploads\/2024\/02\/H7f31389c578a47a7a94d9a2bb709668f5-183x300.webp 183w, https:\/\/thetatauhome.com\/wp-content\/uploads\/2024\/02\/H7f31389c578a47a7a94d9a2bb709668f5-768x1261.webp 768w, https:\/\/thetatauhome.com\/wp-content\/uploads\/2024\/02\/H7f31389c578a47a7a94d9a2bb709668f5-7x12.webp 7w, https:\/\/thetatauhome.com\/wp-content\/uploads\/2024\/02\/H7f31389c578a47a7a94d9a2bb709668f5-300x493.webp 300w, https:\/\/thetatauhome.com\/wp-content\/uploads\/2024\/02\/H7f31389c578a47a7a94d9a2bb709668f5-600x986.webp 600w, https:\/\/thetatauhome.com\/wp-content\/uploads\/2024\/02\/H7f31389c578a47a7a94d9a2bb709668f5-64x105.webp 64w, https:\/\/thetatauhome.com\/wp-content\/uploads\/2024\/02\/H7f31389c578a47a7a94d9a2bb709668f5.webp 800w\" sizes=\"(max-width: 623px) 100vw, 623px\" \/>\t\t\t\t\t\t\t\t\t\t\t\t\t\t\t<\/div>\n\t\t\t\t<div class=\"elementor-element elementor-element-df65301 elementor-widget elementor-widget-image\" data-id=\"df65301\" data-element_type=\"widget\" data-e-type=\"widget\" data-widget_type=\"image.default\">\n\t\t\t\t\t\t\t\t\t\t\t\t\t\t\t<img loading=\"lazy\" decoding=\"async\" width=\"600\" height=\"600\" src=\"https:\/\/thetatauhome.com\/wp-content\/uploads\/2024\/02\/X-TENT-CARPA-3.png\" class=\"attachment-large size-large wp-image-3631\" alt=\"\" srcset=\"https:\/\/thetatauhome.com\/wp-content\/uploads\/2024\/02\/X-TENT-CARPA-3.png 600w, https:\/\/thetatauhome.com\/wp-content\/uploads\/2024\/02\/X-TENT-CARPA-3-300x300.png 300w, https:\/\/thetatauhome.com\/wp-content\/uploads\/2024\/02\/X-TENT-CARPA-3-150x150.png 150w, https:\/\/thetatauhome.com\/wp-content\/uploads\/2024\/02\/X-TENT-CARPA-3-12x12.png 12w, https:\/\/thetatauhome.com\/wp-content\/uploads\/2024\/02\/X-TENT-CARPA-3-100x100.png 100w, https:\/\/thetatauhome.com\/wp-content\/uploads\/2024\/02\/X-TENT-CARPA-3-64x64.png 64w\" sizes=\"(max-width: 600px) 100vw, 600px\" \/>\t\t\t\t\t\t\t\t\t\t\t\t\t\t\t<\/div>\n\t\t\t\t\t<\/div>\n\t\t<\/div>\n\t\t\t\t\t<\/div>\n\t\t<\/section>\n\t\t\t\t<section class=\"elementor-section elementor-top-section elementor-element elementor-element-6b14927 elementor-section-boxed elementor-section-height-default elementor-section-height-default\" data-id=\"6b14927\" data-element_type=\"section\" data-e-type=\"section\">\n\t\t\t\t\t\t<div class=\"elementor-container elementor-column-gap-default\">\n\t\t\t\t\t<div class=\"elementor-column elementor-col-50 elementor-top-column elementor-element elementor-element-c86314d\" data-id=\"c86314d\" data-element_type=\"column\" data-e-type=\"column\">\n\t\t\t<div class=\"elementor-widget-wrap\">\n\t\t\t\t\t\t\t<\/div>\n\t\t<\/div>\n\t\t\t\t<div class=\"elementor-column elementor-col-50 elementor-top-column elementor-element elementor-element-f25497b\" data-id=\"f25497b\" data-element_type=\"column\" data-e-type=\"column\">\n\t\t\t<div class=\"elementor-widget-wrap\">\n\t\t\t\t\t\t\t<\/div>\n\t\t<\/div>\n\t\t\t\t\t<\/div>\n\t\t<\/section>\n\t\t\t\t<section class=\"elementor-section elementor-top-section elementor-element elementor-element-b31916a elementor-section-boxed elementor-section-height-default elementor-section-height-default\" data-id=\"b31916a\" data-element_type=\"section\" data-e-type=\"section\">\n\t\t\t\t\t\t<div class=\"elementor-container elementor-column-gap-default\">\n\t\t\t\t\t<div class=\"elementor-column elementor-col-100 elementor-top-column elementor-element elementor-element-4199533\" data-id=\"4199533\" data-element_type=\"column\" data-e-type=\"column\">\n\t\t\t<div class=\"elementor-widget-wrap elementor-element-populated\">\n\t\t\t\t\t\t\t<\/div>\n\t\t<\/div>\n\t\t\t\t\t<\/div>\n\t\t<\/section>\n\t\t\t\t<section class=\"elementor-section elementor-top-section elementor-element elementor-element-92e38a6 elementor-section-boxed elementor-section-height-default elementor-section-height-default\" data-id=\"92e38a6\" data-element_type=\"section\" data-e-type=\"section\">\n\t\t\t\t\t\t<div class=\"elementor-container elementor-column-gap-default\">\n\t\t\t\t\t<div class=\"elementor-column elementor-col-50 elementor-top-column elementor-element elementor-element-e3e1b12\" data-id=\"e3e1b12\" data-element_type=\"column\" data-e-type=\"column\">\n\t\t\t<div class=\"elementor-widget-wrap elementor-element-populated\">\n\t\t\t\t\t\t<div class=\"elementor-element elementor-element-81f797c elementor-widget elementor-widget-image\" data-id=\"81f797c\" data-element_type=\"widget\" data-e-type=\"widget\" data-widget_type=\"image.default\">\n\t\t\t\t\t\t\t\t\t\t\t\t\t\t\t<img loading=\"lazy\" decoding=\"async\" width=\"800\" height=\"883\" src=\"https:\/\/thetatauhome.com\/wp-content\/uploads\/2024\/02\/H8398b387efbd44ceb9bc181046812440K.webp\" class=\"attachment-large size-large wp-image-3655\" alt=\"\" srcset=\"https:\/\/thetatauhome.com\/wp-content\/uploads\/2024\/02\/H8398b387efbd44ceb9bc181046812440K.webp 800w, https:\/\/thetatauhome.com\/wp-content\/uploads\/2024\/02\/H8398b387efbd44ceb9bc181046812440K-272x300.webp 272w, https:\/\/thetatauhome.com\/wp-content\/uploads\/2024\/02\/H8398b387efbd44ceb9bc181046812440K-768x848.webp 768w, https:\/\/thetatauhome.com\/wp-content\/uploads\/2024\/02\/H8398b387efbd44ceb9bc181046812440K-11x12.webp 11w, https:\/\/thetatauhome.com\/wp-content\/uploads\/2024\/02\/H8398b387efbd44ceb9bc181046812440K-300x331.webp 300w, https:\/\/thetatauhome.com\/wp-content\/uploads\/2024\/02\/H8398b387efbd44ceb9bc181046812440K-600x662.webp 600w, https:\/\/thetatauhome.com\/wp-content\/uploads\/2024\/02\/H8398b387efbd44ceb9bc181046812440K-64x71.webp 64w\" sizes=\"(max-width: 800px) 100vw, 800px\" \/>\t\t\t\t\t\t\t\t\t\t\t\t\t\t\t<\/div>\n\t\t\t\t\t<\/div>\n\t\t<\/div>\n\t\t\t\t<div class=\"elementor-column elementor-col-50 elementor-top-column elementor-element elementor-element-f56693e\" data-id=\"f56693e\" data-element_type=\"column\" data-e-type=\"column\">\n\t\t\t<div class=\"elementor-widget-wrap elementor-element-populated\">\n\t\t\t\t\t\t<div class=\"elementor-element elementor-element-181d74b elementor-widget elementor-widget-image\" data-id=\"181d74b\" data-element_type=\"widget\" data-e-type=\"widget\" data-widget_type=\"image.default\">\n\t\t\t\t\t\t\t\t\t\t\t\t\t\t\t<img loading=\"lazy\" decoding=\"async\" width=\"600\" height=\"600\" src=\"https:\/\/thetatauhome.com\/wp-content\/uploads\/2024\/02\/122.png\" class=\"attachment-large size-large wp-image-3630\" alt=\"\" srcset=\"https:\/\/thetatauhome.com\/wp-content\/uploads\/2024\/02\/122.png 600w, https:\/\/thetatauhome.com\/wp-content\/uploads\/2024\/02\/122-300x300.png 300w, https:\/\/thetatauhome.com\/wp-content\/uploads\/2024\/02\/122-150x150.png 150w, https:\/\/thetatauhome.com\/wp-content\/uploads\/2024\/02\/122-12x12.png 12w, https:\/\/thetatauhome.com\/wp-content\/uploads\/2024\/02\/122-100x100.png 100w, https:\/\/thetatauhome.com\/wp-content\/uploads\/2024\/02\/122-64x64.png 64w\" sizes=\"(max-width: 600px) 100vw, 600px\" \/>\t\t\t\t\t\t\t\t\t\t\t\t\t\t\t<\/div>\n\t\t\t\t\t<\/div>\n\t\t<\/div>\n\t\t\t\t\t<\/div>\n\t\t<\/section>\n\t\t\t\t<\/div>","protected":false},"excerpt":{"rendered":"","protected":false},"featured_media":3631,"comment_status":"open","ping_status":"closed","template":"","meta":{"om_disable_all_campaigns":false,"_monsterinsights_skip_tracking":false,"_monsterinsights_sitenote_active":false,"_monsterinsights_sitenote_note":"","_monsterinsights_sitenote_category":0,"_joinchat":[]},"product_brand":[],"product_cat":[83,25],"product_tag":[],"class_list":{"0":"post-3606","1":"product","2":"type-product","3":"status-publish","4":"has-post-thumbnail","6":"product_cat-saco-de-dormir","7":"product_cat-x-sleeping","8":"product_shipping_class-small-standard","10":"first","11":"onbackorder","12":"taxable","13":"shipping-taxable","14":"purchasable","15":"product-type-variable"},"aioseo_notices":[],"jetpack_sharing_enabled":true,"_links":{"self":[{"href":"https:\/\/thetatauhome.com\/es\/wp-json\/wp\/v2\/product\/3606","targetHints":{"allow":["GET"]}}],"collection":[{"href":"https:\/\/thetatauhome.com\/es\/wp-json\/wp\/v2\/product"}],"about":[{"href":"https:\/\/thetatauhome.com\/es\/wp-json\/wp\/v2\/types\/product"}],"replies":[{"embeddable":true,"href":"https:\/\/thetatauhome.com\/es\/wp-json\/wp\/v2\/comments?post=3606"}],"version-history":[{"count":5,"href":"https:\/\/thetatauhome.com\/es\/wp-json\/wp\/v2\/product\/3606\/revisions"}],"predecessor-version":[{"id":3661,"href":"https:\/\/thetatauhome.com\/es\/wp-json\/wp\/v2\/product\/3606\/revisions\/3661"}],"wp:featuredmedia":[{"embeddable":true,"href":"https:\/\/thetatauhome.com\/es\/wp-json\/wp\/v2\/media\/3631"}],"wp:attachment":[{"href":"https:\/\/thetatauhome.com\/es\/wp-json\/wp\/v2\/media?parent=3606"}],"wp:term":[{"taxonomy":"product_brand","embeddable":true,"href":"https:\/\/thetatauhome.com\/es\/wp-json\/wp\/v2\/product_brand?post=3606"},{"taxonomy":"product_cat","embeddable":true,"href":"https:\/\/thetatauhome.com\/es\/wp-json\/wp\/v2\/product_cat?post=3606"},{"taxonomy":"product_tag","embeddable":true,"href":"https:\/\/thetatauhome.com\/es\/wp-json\/wp\/v2\/product_tag?post=3606"}],"curies":[{"name":"wp","href":"https:\/\/api.w.org\/{rel}","templated":true}]}}