{"id":3449,"date":"2024-01-29T18:05:16","date_gmt":"2024-01-29T17:05:16","guid":{"rendered":"https:\/\/thetatauhome.com\/?post_type=product&#038;p=3449"},"modified":"2025-02-10T09:50:06","modified_gmt":"2025-02-10T08:50:06","slug":"naturehike-lw180-mini-lightweight-summer-sleeping-bag-ultralight-with-synthetic-silk-cotton","status":"publish","type":"product","link":"https:\/\/thetatauhome.com\/es\/producto\/naturehike-lw180-mini-lightweight-summer-sleeping-bag-ultralight-with-synthetic-silk-cotton\/","title":{"rendered":"Naturehike LW180 Mini lightweight summer sleeping bag ultralight with synthetic silk cotton"},"content":{"rendered":"<div data-elementor-type=\"product-post\" data-elementor-id=\"3449\" class=\"elementor elementor-3449\" data-elementor-post-type=\"product\">\n\t\t\t\t\t\t<section class=\"elementor-section elementor-top-section elementor-element elementor-element-50fd5bb elementor-section-boxed elementor-section-height-default elementor-section-height-default\" data-id=\"50fd5bb\" data-element_type=\"section\" data-e-type=\"section\">\n\t\t\t\t\t\t<div class=\"elementor-container elementor-column-gap-default\">\n\t\t\t\t\t<div class=\"elementor-column elementor-col-100 elementor-top-column elementor-element elementor-element-82bc4f2\" data-id=\"82bc4f2\" data-element_type=\"column\" data-e-type=\"column\">\n\t\t\t<div class=\"elementor-widget-wrap elementor-element-populated\">\n\t\t\t\t\t\t<div class=\"elementor-element elementor-element-6c57b06 elementor-widget elementor-widget-image\" data-id=\"6c57b06\" data-element_type=\"widget\" data-e-type=\"widget\" data-widget_type=\"image.default\">\n\t\t\t\t\t\t\t\t\t\t\t\t\t\t\t<img fetchpriority=\"high\" decoding=\"async\" width=\"600\" height=\"600\" src=\"https:\/\/thetatauhome.com\/wp-content\/uploads\/2024\/01\/X-TENT-CARPA.png\" class=\"attachment-large size-large wp-image-3366\" alt=\"\" srcset=\"https:\/\/thetatauhome.com\/wp-content\/uploads\/2024\/01\/X-TENT-CARPA.png 600w, https:\/\/thetatauhome.com\/wp-content\/uploads\/2024\/01\/X-TENT-CARPA-300x300.png 300w, https:\/\/thetatauhome.com\/wp-content\/uploads\/2024\/01\/X-TENT-CARPA-150x150.png 150w, https:\/\/thetatauhome.com\/wp-content\/uploads\/2024\/01\/X-TENT-CARPA-12x12.png 12w, https:\/\/thetatauhome.com\/wp-content\/uploads\/2024\/01\/X-TENT-CARPA-100x100.png 100w, https:\/\/thetatauhome.com\/wp-content\/uploads\/2024\/01\/X-TENT-CARPA-64x64.png 64w\" sizes=\"(max-width: 600px) 100vw, 600px\" \/>\t\t\t\t\t\t\t\t\t\t\t\t\t\t\t<\/div>\n\t\t\t\t\t<\/div>\n\t\t<\/div>\n\t\t\t\t\t<\/div>\n\t\t<\/section>\n\t\t\t\t<section class=\"elementor-section elementor-top-section elementor-element elementor-element-3d88198 elementor-section-boxed elementor-section-height-default elementor-section-height-default\" data-id=\"3d88198\" data-element_type=\"section\" data-e-type=\"section\">\n\t\t\t\t\t\t<div class=\"elementor-container elementor-column-gap-default\">\n\t\t\t\t\t<div class=\"elementor-column elementor-col-50 elementor-top-column elementor-element elementor-element-77d6490\" data-id=\"77d6490\" data-element_type=\"column\" data-e-type=\"column\">\n\t\t\t<div class=\"elementor-widget-wrap\">\n\t\t\t\t\t\t\t<\/div>\n\t\t<\/div>\n\t\t\t\t<div class=\"elementor-column elementor-col-50 elementor-top-column elementor-element elementor-element-2625182\" data-id=\"2625182\" data-element_type=\"column\" data-e-type=\"column\">\n\t\t\t<div class=\"elementor-widget-wrap\">\n\t\t\t\t\t\t\t<\/div>\n\t\t<\/div>\n\t\t\t\t\t<\/div>\n\t\t<\/section>\n\t\t\t\t<section class=\"elementor-section elementor-top-section elementor-element elementor-element-958bea1 elementor-section-boxed elementor-section-height-default elementor-section-height-default\" data-id=\"958bea1\" data-element_type=\"section\" data-e-type=\"section\">\n\t\t\t\t\t\t<div class=\"elementor-container elementor-column-gap-default\">\n\t\t\t\t\t<div class=\"elementor-column elementor-col-50 elementor-top-column elementor-element elementor-element-8eb1774\" data-id=\"8eb1774\" data-element_type=\"column\" data-e-type=\"column\">\n\t\t\t<div class=\"elementor-widget-wrap\">\n\t\t\t\t\t\t\t<\/div>\n\t\t<\/div>\n\t\t\t\t<div class=\"elementor-column elementor-col-50 elementor-top-column elementor-element elementor-element-86ddd96\" data-id=\"86ddd96\" data-element_type=\"column\" data-e-type=\"column\">\n\t\t\t<div class=\"elementor-widget-wrap\">\n\t\t\t\t\t\t\t<\/div>\n\t\t<\/div>\n\t\t\t\t\t<\/div>\n\t\t<\/section>\n\t\t\t\t<section class=\"elementor-section elementor-top-section elementor-element elementor-element-2ea1a0e elementor-section-boxed elementor-section-height-default elementor-section-height-default\" data-id=\"2ea1a0e\" data-element_type=\"section\" data-e-type=\"section\">\n\t\t\t\t\t\t<div class=\"elementor-container elementor-column-gap-default\">\n\t\t\t\t\t<div class=\"elementor-column elementor-col-50 elementor-top-column elementor-element elementor-element-b7e2928\" data-id=\"b7e2928\" data-element_type=\"column\" data-e-type=\"column\">\n\t\t\t<div class=\"elementor-widget-wrap elementor-element-populated\">\n\t\t\t\t\t\t<div class=\"elementor-element elementor-element-13aa7d9 elementor-widget elementor-widget-image\" data-id=\"13aa7d9\" data-element_type=\"widget\" data-e-type=\"widget\" data-widget_type=\"image.default\">\n\t\t\t\t\t\t\t\t\t\t\t\t\t\t\t<img decoding=\"async\" width=\"800\" height=\"600\" src=\"https:\/\/thetatauhome.com\/wp-content\/uploads\/2024\/01\/LW180-Sleeping-Bag-1.webp\" class=\"attachment-large size-large wp-image-3522\" alt=\"\" srcset=\"https:\/\/thetatauhome.com\/wp-content\/uploads\/2024\/01\/LW180-Sleeping-Bag-1.webp 800w, https:\/\/thetatauhome.com\/wp-content\/uploads\/2024\/01\/LW180-Sleeping-Bag-1-300x225.webp 300w, https:\/\/thetatauhome.com\/wp-content\/uploads\/2024\/01\/LW180-Sleeping-Bag-1-768x576.webp 768w, https:\/\/thetatauhome.com\/wp-content\/uploads\/2024\/01\/LW180-Sleeping-Bag-1-16x12.webp 16w, https:\/\/thetatauhome.com\/wp-content\/uploads\/2024\/01\/LW180-Sleeping-Bag-1-600x450.webp 600w, https:\/\/thetatauhome.com\/wp-content\/uploads\/2024\/01\/LW180-Sleeping-Bag-1-64x48.webp 64w\" sizes=\"(max-width: 800px) 100vw, 800px\" \/>\t\t\t\t\t\t\t\t\t\t\t\t\t\t\t<\/div>\n\t\t\t\t\t<\/div>\n\t\t<\/div>\n\t\t\t\t<div class=\"elementor-column elementor-col-50 elementor-top-column elementor-element elementor-element-0902ee9\" data-id=\"0902ee9\" data-element_type=\"column\" data-e-type=\"column\">\n\t\t\t<div class=\"elementor-widget-wrap elementor-element-populated\">\n\t\t\t\t\t\t<div class=\"elementor-element elementor-element-9692522 elementor-widget elementor-widget-text-editor\" data-id=\"9692522\" data-element_type=\"widget\" data-e-type=\"widget\" data-widget_type=\"text-editor.default\">\n\t\t\t\t\t\t\t\t\t<p><span style=\"font-size: inherit; text-align: inherit; background-color: var(--theme-palette-color-8); color: var(--theme-text-color); font-family: var(--theme-font-family); font-style: var(--theme-font-style, inherit); font-weight: var(--theme-font-weight); letter-spacing: var(--theme-letter-spacing); text-transform: var(--theme-text-transform);\">&nbsp;<\/span><\/p>\n<p><span style=\"font-size: inherit; text-align: inherit; background-color: var(--theme-palette-color-8); color: var(--theme-text-color); font-family: var(--theme-font-family); font-style: var(--theme-font-style, inherit); font-weight: var(--theme-font-weight); letter-spacing: var(--theme-letter-spacing); text-transform: var(--theme-text-transform);\">&nbsp;<\/span><\/p><p><b style=\"font-size: inherit; text-align: inherit; color: var(--theme-text-color); font-family: var(--theme-font-family); font-style: var(--theme-font-style, inherit); letter-spacing: var(--theme-letter-spacing); text-decoration-line: ; text-transform: var(--theme-text-transform); background-color: var(--theme-palette-color-8);\"><span style=\"font-size: inherit; text-align: inherit; background-color: var(--theme-palette-color-8); color: var(--theme-text-color); font-family: var(--theme-font-family); font-style: var(--theme-font-style, inherit); letter-spacing: var(--theme-letter-spacing); text-transform: var(--theme-text-transform);\">T<\/span><span style=\"font-size: inherit; text-align: inherit; color: var(--theme-text-color); font-family: var(--theme-font-family); font-style: var(--theme-font-style, inherit); letter-spacing: var(--theme-letter-spacing); text-transform: var(--theme-text-transform); background-color: var(--theme-palette-color-8);\">EJIDO DE ALTA CALIDAD<\/span><\/b><\/p>\n<p>Utilizamos tela de nailon ultraligera 20D 380T, que es suave y transpirable y puede resistir eficazmente la repelencia al agua.<\/p>\t\t\t\t\t\t\t\t<\/div>\n\t\t\t\t\t<\/div>\n\t\t<\/div>\n\t\t\t\t\t<\/div>\n\t\t<\/section>\n\t\t\t\t<section class=\"elementor-section elementor-top-section elementor-element elementor-element-724610d elementor-section-boxed elementor-section-height-default elementor-section-height-default\" data-id=\"724610d\" data-element_type=\"section\" data-e-type=\"section\">\n\t\t\t\t\t\t<div class=\"elementor-container elementor-column-gap-default\">\n\t\t\t\t\t<div class=\"elementor-column elementor-col-50 elementor-top-column elementor-element elementor-element-f040101\" data-id=\"f040101\" data-element_type=\"column\" data-e-type=\"column\">\n\t\t\t<div class=\"elementor-widget-wrap\">\n\t\t\t\t\t\t\t<\/div>\n\t\t<\/div>\n\t\t\t\t<div class=\"elementor-column elementor-col-50 elementor-top-column elementor-element elementor-element-eeeb7c0\" data-id=\"eeeb7c0\" data-element_type=\"column\" data-e-type=\"column\">\n\t\t\t<div class=\"elementor-widget-wrap\">\n\t\t\t\t\t\t\t<\/div>\n\t\t<\/div>\n\t\t\t\t\t<\/div>\n\t\t<\/section>\n\t\t\t\t<section class=\"elementor-section elementor-top-section elementor-element elementor-element-bc58a79 elementor-section-boxed elementor-section-height-default elementor-section-height-default\" data-id=\"bc58a79\" data-element_type=\"section\" data-e-type=\"section\">\n\t\t\t\t\t\t<div class=\"elementor-container elementor-column-gap-default\">\n\t\t\t\t\t<div class=\"elementor-column elementor-col-50 elementor-top-column elementor-element elementor-element-2469280\" data-id=\"2469280\" data-element_type=\"column\" data-e-type=\"column\">\n\t\t\t<div class=\"elementor-widget-wrap\">\n\t\t\t\t\t\t\t<\/div>\n\t\t<\/div>\n\t\t\t\t<div class=\"elementor-column elementor-col-50 elementor-top-column elementor-element elementor-element-39d56be\" data-id=\"39d56be\" data-element_type=\"column\" data-e-type=\"column\">\n\t\t\t<div class=\"elementor-widget-wrap\">\n\t\t\t\t\t\t\t<\/div>\n\t\t<\/div>\n\t\t\t\t\t<\/div>\n\t\t<\/section>\n\t\t\t\t<section class=\"elementor-section elementor-top-section elementor-element elementor-element-bec8220 elementor-section-boxed elementor-section-height-default elementor-section-height-default\" data-id=\"bec8220\" data-element_type=\"section\" data-e-type=\"section\">\n\t\t\t\t\t\t<div class=\"elementor-container elementor-column-gap-default\">\n\t\t\t\t\t<div class=\"elementor-column elementor-col-50 elementor-top-column elementor-element elementor-element-d58f31d\" data-id=\"d58f31d\" data-element_type=\"column\" data-e-type=\"column\">\n\t\t\t<div class=\"elementor-widget-wrap elementor-element-populated\">\n\t\t\t\t\t\t<div class=\"elementor-element elementor-element-0b3ca3a elementor-widget elementor-widget-text-editor\" data-id=\"0b3ca3a\" data-element_type=\"widget\" data-e-type=\"widget\" data-widget_type=\"text-editor.default\">\n\t\t\t\t\t\t\t\t\t<p><\/p>\n<p><b>LIGERO Y PORT\u00c1TIL<\/b><\/p>\n<p>El peso es de s\u00f3lo 1,68 libras y el tama\u00f1o de almacenamiento es de s\u00f3lo 12,2&#8243;*5,1&#8243;. Ponerlo en una mochila o maleta no ocupar\u00e1 demasiado espacio y no le supondr\u00e1 demasiada carga. El tama\u00f1o desplegado es de 80,7 &#8220;* 33,5&#8221;, que es suficiente para que un adulto o un ni\u00f1o cambien de posici\u00f3n para dormir a voluntad, lo que le permite dormir c\u00f3modamente al aire libre.<\/p>\t\t\t\t\t\t\t\t<\/div>\n\t\t\t\t\t<\/div>\n\t\t<\/div>\n\t\t\t\t<div class=\"elementor-column elementor-col-50 elementor-top-column elementor-element elementor-element-6a2b4ff\" data-id=\"6a2b4ff\" data-element_type=\"column\" data-e-type=\"column\">\n\t\t\t<div class=\"elementor-widget-wrap elementor-element-populated\">\n\t\t\t\t\t\t<div class=\"elementor-element elementor-element-7474626 elementor-widget elementor-widget-image\" data-id=\"7474626\" data-element_type=\"widget\" data-e-type=\"widget\" data-widget_type=\"image.default\">\n\t\t\t\t\t\t\t\t\t\t\t\t\t\t\t<img decoding=\"async\" width=\"800\" height=\"600\" src=\"https:\/\/thetatauhome.com\/wp-content\/uploads\/2024\/01\/1_9b0a10e2-e4af-4fa0-a065-d964d474c557_1920x.webp\" class=\"attachment-large size-large wp-image-3523\" alt=\"\" srcset=\"https:\/\/thetatauhome.com\/wp-content\/uploads\/2024\/01\/1_9b0a10e2-e4af-4fa0-a065-d964d474c557_1920x.webp 800w, https:\/\/thetatauhome.com\/wp-content\/uploads\/2024\/01\/1_9b0a10e2-e4af-4fa0-a065-d964d474c557_1920x-300x225.webp 300w, https:\/\/thetatauhome.com\/wp-content\/uploads\/2024\/01\/1_9b0a10e2-e4af-4fa0-a065-d964d474c557_1920x-768x576.webp 768w, https:\/\/thetatauhome.com\/wp-content\/uploads\/2024\/01\/1_9b0a10e2-e4af-4fa0-a065-d964d474c557_1920x-16x12.webp 16w, https:\/\/thetatauhome.com\/wp-content\/uploads\/2024\/01\/1_9b0a10e2-e4af-4fa0-a065-d964d474c557_1920x-600x450.webp 600w, https:\/\/thetatauhome.com\/wp-content\/uploads\/2024\/01\/1_9b0a10e2-e4af-4fa0-a065-d964d474c557_1920x-64x48.webp 64w\" sizes=\"(max-width: 800px) 100vw, 800px\" \/>\t\t\t\t\t\t\t\t\t\t\t\t\t\t\t<\/div>\n\t\t\t\t\t<\/div>\n\t\t<\/div>\n\t\t\t\t\t<\/div>\n\t\t<\/section>\n\t\t\t\t<section class=\"elementor-section elementor-top-section elementor-element elementor-element-f6569ed elementor-section-boxed elementor-section-height-default elementor-section-height-default\" data-id=\"f6569ed\" data-element_type=\"section\" data-e-type=\"section\">\n\t\t\t\t\t\t<div class=\"elementor-container elementor-column-gap-default\">\n\t\t\t\t\t<div class=\"elementor-column elementor-col-100 elementor-top-column elementor-element elementor-element-dab3ad7\" data-id=\"dab3ad7\" data-element_type=\"column\" data-e-type=\"column\">\n\t\t\t<div class=\"elementor-widget-wrap\">\n\t\t\t\t\t\t\t<\/div>\n\t\t<\/div>\n\t\t\t\t\t<\/div>\n\t\t<\/section>\n\t\t\t\t<section class=\"elementor-section elementor-top-section elementor-element elementor-element-f0ad6ff elementor-section-boxed elementor-section-height-default elementor-section-height-default\" data-id=\"f0ad6ff\" data-element_type=\"section\" data-e-type=\"section\">\n\t\t\t\t\t\t<div class=\"elementor-container elementor-column-gap-default\">\n\t\t\t\t\t<div class=\"elementor-column elementor-col-100 elementor-top-column elementor-element elementor-element-c4be89c\" data-id=\"c4be89c\" data-element_type=\"column\" data-e-type=\"column\">\n\t\t\t<div class=\"elementor-widget-wrap\">\n\t\t\t\t\t\t\t<\/div>\n\t\t<\/div>\n\t\t\t\t\t<\/div>\n\t\t<\/section>\n\t\t\t\t<section class=\"elementor-section elementor-top-section elementor-element elementor-element-be900f2 elementor-section-boxed elementor-section-height-default elementor-section-height-default\" data-id=\"be900f2\" data-element_type=\"section\" data-e-type=\"section\">\n\t\t\t\t\t\t<div class=\"elementor-container elementor-column-gap-default\">\n\t\t\t\t\t<div class=\"elementor-column elementor-col-50 elementor-top-column elementor-element elementor-element-ba79dfd\" data-id=\"ba79dfd\" data-element_type=\"column\" data-e-type=\"column\">\n\t\t\t<div class=\"elementor-widget-wrap elementor-element-populated\">\n\t\t\t\t\t\t<div class=\"elementor-element elementor-element-0484c46 elementor-widget elementor-widget-image\" data-id=\"0484c46\" data-element_type=\"widget\" data-e-type=\"widget\" data-widget_type=\"image.default\">\n\t\t\t\t\t\t\t\t\t\t\t\t\t\t\t<img loading=\"lazy\" decoding=\"async\" width=\"800\" height=\"600\" src=\"https:\/\/thetatauhome.com\/wp-content\/uploads\/2024\/01\/LW180-Sleeping-Bag-2.webp\" class=\"attachment-large size-large wp-image-3524\" alt=\"\" srcset=\"https:\/\/thetatauhome.com\/wp-content\/uploads\/2024\/01\/LW180-Sleeping-Bag-2.webp 800w, https:\/\/thetatauhome.com\/wp-content\/uploads\/2024\/01\/LW180-Sleeping-Bag-2-300x225.webp 300w, https:\/\/thetatauhome.com\/wp-content\/uploads\/2024\/01\/LW180-Sleeping-Bag-2-768x576.webp 768w, https:\/\/thetatauhome.com\/wp-content\/uploads\/2024\/01\/LW180-Sleeping-Bag-2-16x12.webp 16w, https:\/\/thetatauhome.com\/wp-content\/uploads\/2024\/01\/LW180-Sleeping-Bag-2-600x450.webp 600w, https:\/\/thetatauhome.com\/wp-content\/uploads\/2024\/01\/LW180-Sleeping-Bag-2-64x48.webp 64w\" sizes=\"(max-width: 800px) 100vw, 800px\" \/>\t\t\t\t\t\t\t\t\t\t\t\t\t\t\t<\/div>\n\t\t\t\t\t<\/div>\n\t\t<\/div>\n\t\t\t\t<div class=\"elementor-column elementor-col-50 elementor-top-column elementor-element elementor-element-8e3167d\" data-id=\"8e3167d\" data-element_type=\"column\" data-e-type=\"column\">\n\t\t\t<div class=\"elementor-widget-wrap elementor-element-populated\">\n\t\t\t\t\t\t<div class=\"elementor-element elementor-element-0580436 elementor-widget elementor-widget-text-editor\" data-id=\"0580436\" data-element_type=\"widget\" data-e-type=\"widget\" data-widget_type=\"text-editor.default\">\n\t\t\t\t\t\t\t\t\t<p>\u00a0<\/p><p>\u00a0<\/p><p><b>DISE\u00d1O DE EMPALME<\/b><\/p><p>El saco de dormir se puede unir de un saco de dormir individual a un saco de dormir doble, lo cual es simple y conveniente, y le da al cuerpo m\u00e1s espacio libre.<\/p>\t\t\t\t\t\t\t\t<\/div>\n\t\t\t\t\t<\/div>\n\t\t<\/div>\n\t\t\t\t\t<\/div>\n\t\t<\/section>\n\t\t\t\t<section class=\"elementor-section elementor-top-section elementor-element elementor-element-12d83a9 elementor-section-boxed elementor-section-height-default elementor-section-height-default\" data-id=\"12d83a9\" data-element_type=\"section\" data-e-type=\"section\">\n\t\t\t\t\t\t<div class=\"elementor-container elementor-column-gap-default\">\n\t\t\t\t\t<div class=\"elementor-column elementor-col-50 elementor-top-column elementor-element elementor-element-3a6e957\" data-id=\"3a6e957\" data-element_type=\"column\" data-e-type=\"column\">\n\t\t\t<div class=\"elementor-widget-wrap elementor-element-populated\">\n\t\t\t\t\t\t<div class=\"elementor-element elementor-element-c496594 elementor-widget elementor-widget-text-editor\" data-id=\"c496594\" data-element_type=\"widget\" data-e-type=\"widget\" data-widget_type=\"text-editor.default\">\n\t\t\t\t\t\t\t\t\t<p><b>\u00a0<\/b><\/p><p><b>\u00a0<\/b><\/p><p><b>DISE\u00d1O DE CREMALLERA DE DOS V\u00cdAS<\/b><\/p><p>La cremallera adopta controles deslizantes de doble cara de dos v\u00edas, lo que facilita su apertura y cierre por dentro y por fuera, y es suave y antipellizcos.<\/p>\t\t\t\t\t\t\t\t<\/div>\n\t\t\t\t\t<\/div>\n\t\t<\/div>\n\t\t\t\t<div class=\"elementor-column elementor-col-50 elementor-top-column elementor-element elementor-element-bce237d\" data-id=\"bce237d\" data-element_type=\"column\" data-e-type=\"column\">\n\t\t\t<div class=\"elementor-widget-wrap elementor-element-populated\">\n\t\t\t\t\t\t<div class=\"elementor-element elementor-element-ba3e854 elementor-widget elementor-widget-image\" data-id=\"ba3e854\" data-element_type=\"widget\" data-e-type=\"widget\" data-widget_type=\"image.default\">\n\t\t\t\t\t\t\t\t\t\t\t\t\t\t\t<img loading=\"lazy\" decoding=\"async\" width=\"800\" height=\"600\" src=\"https:\/\/thetatauhome.com\/wp-content\/uploads\/2024\/01\/8_4b064522-d662-47b3-8cb1-169ea954466f_1920x.webp\" class=\"attachment-large size-large wp-image-3525\" alt=\"\" srcset=\"https:\/\/thetatauhome.com\/wp-content\/uploads\/2024\/01\/8_4b064522-d662-47b3-8cb1-169ea954466f_1920x.webp 800w, https:\/\/thetatauhome.com\/wp-content\/uploads\/2024\/01\/8_4b064522-d662-47b3-8cb1-169ea954466f_1920x-300x225.webp 300w, https:\/\/thetatauhome.com\/wp-content\/uploads\/2024\/01\/8_4b064522-d662-47b3-8cb1-169ea954466f_1920x-768x576.webp 768w, https:\/\/thetatauhome.com\/wp-content\/uploads\/2024\/01\/8_4b064522-d662-47b3-8cb1-169ea954466f_1920x-16x12.webp 16w, https:\/\/thetatauhome.com\/wp-content\/uploads\/2024\/01\/8_4b064522-d662-47b3-8cb1-169ea954466f_1920x-600x450.webp 600w, https:\/\/thetatauhome.com\/wp-content\/uploads\/2024\/01\/8_4b064522-d662-47b3-8cb1-169ea954466f_1920x-64x48.webp 64w\" sizes=\"(max-width: 800px) 100vw, 800px\" \/>\t\t\t\t\t\t\t\t\t\t\t\t\t\t\t<\/div>\n\t\t\t\t\t<\/div>\n\t\t<\/div>\n\t\t\t\t\t<\/div>\n\t\t<\/section>\n\t\t\t\t<section class=\"elementor-section elementor-top-section elementor-element elementor-element-a4e5666 elementor-section-boxed elementor-section-height-default elementor-section-height-default\" data-id=\"a4e5666\" data-element_type=\"section\" data-e-type=\"section\">\n\t\t\t\t\t\t<div class=\"elementor-container elementor-column-gap-default\">\n\t\t\t\t\t<div class=\"elementor-column elementor-col-100 elementor-top-column elementor-element elementor-element-1e58fb5\" data-id=\"1e58fb5\" data-element_type=\"column\" data-e-type=\"column\">\n\t\t\t<div class=\"elementor-widget-wrap\">\n\t\t\t\t\t\t\t<\/div>\n\t\t<\/div>\n\t\t\t\t\t<\/div>\n\t\t<\/section>\n\t\t\t\t<section class=\"elementor-section elementor-top-section elementor-element elementor-element-3d0fc8a elementor-section-boxed elementor-section-height-default elementor-section-height-default\" data-id=\"3d0fc8a\" data-element_type=\"section\" data-e-type=\"section\">\n\t\t\t\t\t\t<div class=\"elementor-container elementor-column-gap-default\">\n\t\t\t\t\t<div class=\"elementor-column elementor-col-100 elementor-top-column elementor-element elementor-element-383614e\" data-id=\"383614e\" data-element_type=\"column\" data-e-type=\"column\">\n\t\t\t<div class=\"elementor-widget-wrap\">\n\t\t\t\t\t\t\t<\/div>\n\t\t<\/div>\n\t\t\t\t\t<\/div>\n\t\t<\/section>\n\t\t\t\t<section class=\"elementor-section elementor-top-section elementor-element elementor-element-b6c2338 elementor-section-boxed elementor-section-height-default elementor-section-height-default\" data-id=\"b6c2338\" data-element_type=\"section\" data-e-type=\"section\">\n\t\t\t\t\t\t<div class=\"elementor-container elementor-column-gap-default\">\n\t\t\t\t\t<div class=\"elementor-column elementor-col-100 elementor-top-column elementor-element elementor-element-3eeebb3\" data-id=\"3eeebb3\" data-element_type=\"column\" data-e-type=\"column\">\n\t\t\t<div class=\"elementor-widget-wrap elementor-element-populated\">\n\t\t\t\t\t\t<div class=\"elementor-element elementor-element-45a9781 elementor-widget elementor-widget-heading\" data-id=\"45a9781\" data-element_type=\"widget\" data-e-type=\"widget\" data-widget_type=\"heading.default\">\n\t\t\t\t\t<h2 class=\"elementor-heading-title elementor-size-default\">ESPECIFICACI\u00d3N DEL PRODUCTO<\/h2>\t\t\t\t<\/div>\n\t\t\t\t<div class=\"elementor-element elementor-element-3ccd4ed elementor-widget elementor-widget-text-editor\" data-id=\"3ccd4ed\" data-element_type=\"widget\" data-e-type=\"widget\" data-widget_type=\"text-editor.default\">\n\t\t\t\t\t\t\t\t\t<table width=\"100%\"><tbody><tr><td><b>MODELO<\/b><\/td><td>NH21MSD04<\/td><\/tr><tr><td><b>MEDIDAS DESPLEGADO<\/b><\/td><td><p>L:190\u00a0X 75 cm\/\u00a074.8 X\u00a019.5 in<\/p><p>XL:205 X 85 cm\/ 80.7 X 33.5 in<\/p><\/td><\/tr><tr><td><b>MEDIDAS EMPACADO<\/b><\/td><td><p>L:29\u00a0X \u03c612 cm\/11.4 X \u03c64.7 in<\/p><p>XL:31 X \u03c613 cm\/12.2 X \u03c65.1 in<\/p><\/td><\/tr><tr><td><b>PESO<\/b><\/td><td><p>L:680g\/1.5 lbs<\/p><p>XL:760g\/1.68 lbs<\/p><\/td><\/tr><tr><td><b>MATERIALES<\/b><\/td><td>380T 20D Nylon<\/td><\/tr><tr><td><b>RECUBRIMIENTO<\/b><\/td><td>240T Pongee<\/td><\/tr><tr><td><b>RELLENO<\/b><\/td><td>Algod\u00f3n imitaci\u00f3n seda 80 g\/m2.<\/td><\/tr><tr><td><b>TEMPERATURA<\/b><\/td><td><p>Confort 15\u00ba\/ L\u00edmite -3\u00ba<\/p><\/td><\/tr><tr><td><b>COLOR<\/b><\/td><td>Marr\u00f3n gris\u00e1ceo\/ Azul sombra\/ Verde pino<\/td><\/tr><\/tbody><\/table>\t\t\t\t\t\t\t\t<\/div>\n\t\t\t\t\t<\/div>\n\t\t<\/div>\n\t\t\t\t\t<\/div>\n\t\t<\/section>\n\t\t\t\t<\/div>","protected":false},"excerpt":{"rendered":"<p>&nbsp; &nbsp; TEJIDO DE ALTA CALIDAD Utilizamos tela de nailon ultraligera 20D 380T, que es suave y transpirable y puede resistir eficazmente la repelencia al agua. LIGERO Y PORT\u00c1TIL El peso es de s\u00f3lo 1,68 libras y el tama\u00f1o de almacenamiento es de s\u00f3lo 12,2&#8243;*5,1&#8243;. Ponerlo en una mochila o maleta no ocupar\u00e1 demasiado espacio [&hellip;]<\/p>","protected":false},"featured_media":3507,"comment_status":"open","ping_status":"closed","template":"","meta":{"om_disable_all_campaigns":false,"_monsterinsights_skip_tracking":false,"_monsterinsights_sitenote_active":false,"_monsterinsights_sitenote_note":"","_monsterinsights_sitenote_category":0,"_joinchat":[]},"product_brand":[],"product_cat":[83,25],"product_tag":[],"class_list":{"0":"post-3449","1":"product","2":"type-product","3":"status-publish","4":"has-post-thumbnail","6":"product_cat-saco-de-dormir","7":"product_cat-x-sleeping","8":"product_shipping_class-small-standard","10":"first","11":"onbackorder","12":"taxable","13":"shipping-taxable","14":"purchasable","15":"product-type-variable"},"aioseo_notices":[],"jetpack_sharing_enabled":true,"_links":{"self":[{"href":"https:\/\/thetatauhome.com\/es\/wp-json\/wp\/v2\/product\/3449","targetHints":{"allow":["GET"]}}],"collection":[{"href":"https:\/\/thetatauhome.com\/es\/wp-json\/wp\/v2\/product"}],"about":[{"href":"https:\/\/thetatauhome.com\/es\/wp-json\/wp\/v2\/types\/product"}],"replies":[{"embeddable":true,"href":"https:\/\/thetatauhome.com\/es\/wp-json\/wp\/v2\/comments?post=3449"}],"version-history":[{"count":8,"href":"https:\/\/thetatauhome.com\/es\/wp-json\/wp\/v2\/product\/3449\/revisions"}],"predecessor-version":[{"id":3603,"href":"https:\/\/thetatauhome.com\/es\/wp-json\/wp\/v2\/product\/3449\/revisions\/3603"}],"wp:featuredmedia":[{"embeddable":true,"href":"https:\/\/thetatauhome.com\/es\/wp-json\/wp\/v2\/media\/3507"}],"wp:attachment":[{"href":"https:\/\/thetatauhome.com\/es\/wp-json\/wp\/v2\/media?parent=3449"}],"wp:term":[{"taxonomy":"product_brand","embeddable":true,"href":"https:\/\/thetatauhome.com\/es\/wp-json\/wp\/v2\/product_brand?post=3449"},{"taxonomy":"product_cat","embeddable":true,"href":"https:\/\/thetatauhome.com\/es\/wp-json\/wp\/v2\/product_cat?post=3449"},{"taxonomy":"product_tag","embeddable":true,"href":"https:\/\/thetatauhome.com\/es\/wp-json\/wp\/v2\/product_tag?post=3449"}],"curies":[{"name":"wp","href":"https:\/\/api.w.org\/{rel}","templated":true}]}}