{"id":3237,"date":"2024-01-15T15:38:02","date_gmt":"2024-01-15T14:38:02","guid":{"rendered":"https:\/\/thetatauhome.com\/?post_type=product&#038;p=3237"},"modified":"2025-08-27T16:31:21","modified_gmt":"2025-08-27T14:31:21","slug":"naturehike-cloud-up-ultraligero-opcion-1-2-3-personastienda-de-campana-impermeable-doble-capa-camping-tienda-de-campana","status":"publish","type":"product","link":"https:\/\/thetatauhome.com\/es\/producto\/naturehike-cloud-up-ultraligero-opcion-1-2-3-personastienda-de-campana-impermeable-doble-capa-camping-tienda-de-campana\/","title":{"rendered":"Naturehike Cloud-Up Ultraligero (Opci\u00f3n 1-2-3 Personas)Tienda de campa\u00f1a Impermeable Doble Capa Camping Tienda de campa\u00f1a"},"content":{"rendered":"<div data-elementor-type=\"product-post\" data-elementor-id=\"3237\" class=\"elementor elementor-3237\" data-elementor-post-type=\"product\">\n\t\t\t\t\t\t<section class=\"elementor-section elementor-top-section elementor-element elementor-element-53a73e0 elementor-section-boxed elementor-section-height-default elementor-section-height-default\" data-id=\"53a73e0\" data-element_type=\"section\" data-e-type=\"section\">\n\t\t\t\t\t\t<div class=\"elementor-container elementor-column-gap-default\">\n\t\t\t\t\t<div class=\"elementor-column elementor-col-50 elementor-top-column elementor-element elementor-element-e60a07b\" data-id=\"e60a07b\" data-element_type=\"column\" data-e-type=\"column\">\n\t\t\t<div class=\"elementor-widget-wrap elementor-element-populated\">\n\t\t\t\t\t\t<div class=\"elementor-element elementor-element-10ca06d elementor-widget elementor-widget-image\" data-id=\"10ca06d\" data-element_type=\"widget\" data-e-type=\"widget\" data-widget_type=\"image.default\">\n\t\t\t\t\t\t\t\t\t\t\t\t\t\t\t<img fetchpriority=\"high\" decoding=\"async\" width=\"709\" height=\"1024\" src=\"https:\/\/thetatauhome.com\/wp-content\/uploads\/2024\/01\/\u4e91\u5c1a123\u8be6\u60c5\u5347\u7ea7\u7248_20-709x1024.jpg\" class=\"attachment-large size-large wp-image-3267\" alt=\"\" srcset=\"https:\/\/thetatauhome.com\/wp-content\/uploads\/2024\/01\/\u4e91\u5c1a123\u8be6\u60c5\u5347\u7ea7\u7248_20-709x1024.jpg 709w, https:\/\/thetatauhome.com\/wp-content\/uploads\/2024\/01\/\u4e91\u5c1a123\u8be6\u60c5\u5347\u7ea7\u7248_20-208x300.jpg 208w, https:\/\/thetatauhome.com\/wp-content\/uploads\/2024\/01\/\u4e91\u5c1a123\u8be6\u60c5\u5347\u7ea7\u7248_20-768x1109.jpg 768w, https:\/\/thetatauhome.com\/wp-content\/uploads\/2024\/01\/\u4e91\u5c1a123\u8be6\u60c5\u5347\u7ea7\u7248_20-8x12.jpg 8w, https:\/\/thetatauhome.com\/wp-content\/uploads\/2024\/01\/\u4e91\u5c1a123\u8be6\u60c5\u5347\u7ea7\u7248_20-300x433.jpg 300w, https:\/\/thetatauhome.com\/wp-content\/uploads\/2024\/01\/\u4e91\u5c1a123\u8be6\u60c5\u5347\u7ea7\u7248_20-600x866.jpg 600w, https:\/\/thetatauhome.com\/wp-content\/uploads\/2024\/01\/\u4e91\u5c1a123\u8be6\u60c5\u5347\u7ea7\u7248_20-64x92.jpg 64w, https:\/\/thetatauhome.com\/wp-content\/uploads\/2024\/01\/\u4e91\u5c1a123\u8be6\u60c5\u5347\u7ea7\u7248_20.jpg 800w\" sizes=\"(max-width: 709px) 100vw, 709px\" \/>\t\t\t\t\t\t\t\t\t\t\t\t\t\t\t<\/div>\n\t\t\t\t<div class=\"elementor-element elementor-element-f213ebb elementor-widget elementor-widget-image\" data-id=\"f213ebb\" data-element_type=\"widget\" data-e-type=\"widget\" data-widget_type=\"image.default\">\n\t\t\t\t\t\t\t\t\t\t\t\t\t\t\t<img decoding=\"async\" width=\"695\" height=\"1024\" src=\"https:\/\/thetatauhome.com\/wp-content\/uploads\/2024\/01\/\u4e91\u5c1a123\u8be6\u60c5\u5347\u7ea7\u7248_09-695x1024.jpg\" class=\"attachment-large size-large wp-image-3271\" alt=\"\" srcset=\"https:\/\/thetatauhome.com\/wp-content\/uploads\/2024\/01\/\u4e91\u5c1a123\u8be6\u60c5\u5347\u7ea7\u7248_09-695x1024.jpg 695w, https:\/\/thetatauhome.com\/wp-content\/uploads\/2024\/01\/\u4e91\u5c1a123\u8be6\u60c5\u5347\u7ea7\u7248_09-204x300.jpg 204w, https:\/\/thetatauhome.com\/wp-content\/uploads\/2024\/01\/\u4e91\u5c1a123\u8be6\u60c5\u5347\u7ea7\u7248_09-768x1131.jpg 768w, https:\/\/thetatauhome.com\/wp-content\/uploads\/2024\/01\/\u4e91\u5c1a123\u8be6\u60c5\u5347\u7ea7\u7248_09-8x12.jpg 8w, https:\/\/thetatauhome.com\/wp-content\/uploads\/2024\/01\/\u4e91\u5c1a123\u8be6\u60c5\u5347\u7ea7\u7248_09-300x442.jpg 300w, https:\/\/thetatauhome.com\/wp-content\/uploads\/2024\/01\/\u4e91\u5c1a123\u8be6\u60c5\u5347\u7ea7\u7248_09-600x884.jpg 600w, https:\/\/thetatauhome.com\/wp-content\/uploads\/2024\/01\/\u4e91\u5c1a123\u8be6\u60c5\u5347\u7ea7\u7248_09-64x94.jpg 64w, https:\/\/thetatauhome.com\/wp-content\/uploads\/2024\/01\/\u4e91\u5c1a123\u8be6\u60c5\u5347\u7ea7\u7248_09.jpg 800w\" sizes=\"(max-width: 695px) 100vw, 695px\" \/>\t\t\t\t\t\t\t\t\t\t\t\t\t\t\t<\/div>\n\t\t\t\t<div class=\"elementor-element elementor-element-2bbd99d elementor-widget elementor-widget-text-editor\" data-id=\"2bbd99d\" data-element_type=\"widget\" data-e-type=\"widget\" data-widget_type=\"text-editor.default\">\n\t\t\t\t\t\t\t\t\t<p><strong><span class=\"a-text-bold\">Carpas de actualizaci\u00f3n Cloud-Up 2, tejido de nailon recubierto de silicona 20D, postes de aluminio 7001. Tiene el equilibrio \u00f3ptimo de peso y resistencia.Ofrece una protecci\u00f3n c\u00f3moda y segura en su viaje de mochila o viaje de monta\u00f1ismo.<\/span><\/strong><\/p><p>\u00a0<\/p><ul class=\"a-unordered-list a-vertical\"><li><span class=\"a-list-item\">Impermeable: tejido recubierto de silicona, costuras totalmente selladas<\/span><\/li><li><span class=\"a-list-item\">Resistente al viento: poste de aluminio profesional 7001 y clavos gruesos de aluminio para carpa<\/span><\/li><li><span class=\"a-list-item\">Prevenci\u00f3n de insectos y ventilaci\u00f3n: malla de alta densidad.<\/span><\/li><\/ul>\t\t\t\t\t\t\t\t<\/div>\n\t\t\t\t<div class=\"elementor-element elementor-element-86be4a6 elementor-widget elementor-widget-text-editor\" data-id=\"86be4a6\" data-element_type=\"widget\" data-e-type=\"widget\" data-widget_type=\"text-editor.default\">\n\t\t\t\t\t\t\t\t\t<p>1<\/p><p>1<\/p><p>1<\/p><p>1<\/p>\t\t\t\t\t\t\t\t<\/div>\n\t\t\t\t<div class=\"elementor-element elementor-element-8c6e01e elementor-widget elementor-widget-text-editor\" data-id=\"8c6e01e\" data-element_type=\"widget\" data-e-type=\"widget\" data-widget_type=\"text-editor.default\">\n\t\t\t\t\t\t\t\t\t<p><strong><span class=\"a-text-bold\">Los accesorioes incluyen.<\/span><\/strong><\/p><ul class=\"a-unordered-list a-vertical\"><li><span class=\"a-list-item\"><span class=\"a-size-base\">Cuerda de viento<\/span><\/span><\/li><li><span class=\"a-list-item\"><span class=\"a-size-base\">Clavos de tierra<\/span><\/span><\/li><li><span class=\"a-list-item\"><span class=\"a-size-base\">Tapetes<\/span><\/span><\/li><li><span class=\"a-list-item\"><span class=\"a-size-base\">Carpas interiores<\/span><\/span><\/li><li><span class=\"a-list-item\"><span class=\"a-size-base\">Carpas exteriores<\/span><\/span><\/li><li><span class=\"a-list-item\"><span class=\"a-size-base\">Postes de carpa<\/span><\/span><\/li><li><span class=\"a-list-item\"><span class=\"a-size-base\">Correas<\/span><\/span><\/li><\/ul>\t\t\t\t\t\t\t\t<\/div>\n\t\t\t\t\t<\/div>\n\t\t<\/div>\n\t\t\t\t<div class=\"elementor-column elementor-col-50 elementor-top-column elementor-element elementor-element-3a398c1\" data-id=\"3a398c1\" data-element_type=\"column\" data-e-type=\"column\">\n\t\t\t<div class=\"elementor-widget-wrap elementor-element-populated\">\n\t\t\t\t\t\t<div class=\"elementor-element elementor-element-2512e0e elementor-widget elementor-widget-image\" data-id=\"2512e0e\" data-element_type=\"widget\" data-e-type=\"widget\" data-widget_type=\"image.default\">\n\t\t\t\t\t\t\t\t\t\t\t\t\t\t\t<img decoding=\"async\" width=\"800\" height=\"894\" src=\"https:\/\/thetatauhome.com\/wp-content\/uploads\/2024\/01\/\u4e91\u5c1a123\u8be6\u60c5\u5347\u7ea7\u7248_19.jpg\" class=\"attachment-large size-large wp-image-3268\" alt=\"\" srcset=\"https:\/\/thetatauhome.com\/wp-content\/uploads\/2024\/01\/\u4e91\u5c1a123\u8be6\u60c5\u5347\u7ea7\u7248_19.jpg 800w, https:\/\/thetatauhome.com\/wp-content\/uploads\/2024\/01\/\u4e91\u5c1a123\u8be6\u60c5\u5347\u7ea7\u7248_19-268x300.jpg 268w, https:\/\/thetatauhome.com\/wp-content\/uploads\/2024\/01\/\u4e91\u5c1a123\u8be6\u60c5\u5347\u7ea7\u7248_19-768x858.jpg 768w, https:\/\/thetatauhome.com\/wp-content\/uploads\/2024\/01\/\u4e91\u5c1a123\u8be6\u60c5\u5347\u7ea7\u7248_19-11x12.jpg 11w, https:\/\/thetatauhome.com\/wp-content\/uploads\/2024\/01\/\u4e91\u5c1a123\u8be6\u60c5\u5347\u7ea7\u7248_19-300x335.jpg 300w, https:\/\/thetatauhome.com\/wp-content\/uploads\/2024\/01\/\u4e91\u5c1a123\u8be6\u60c5\u5347\u7ea7\u7248_19-600x671.jpg 600w, https:\/\/thetatauhome.com\/wp-content\/uploads\/2024\/01\/\u4e91\u5c1a123\u8be6\u60c5\u5347\u7ea7\u7248_19-64x72.jpg 64w\" sizes=\"(max-width: 800px) 100vw, 800px\" \/>\t\t\t\t\t\t\t\t\t\t\t\t\t\t\t<\/div>\n\t\t\t\t<div class=\"elementor-element elementor-element-33bac8d elementor-widget elementor-widget-image\" data-id=\"33bac8d\" data-element_type=\"widget\" data-e-type=\"widget\" data-widget_type=\"image.default\">\n\t\t\t\t\t\t\t\t\t\t\t\t\t\t\t<img loading=\"lazy\" decoding=\"async\" width=\"656\" height=\"1024\" src=\"https:\/\/thetatauhome.com\/wp-content\/uploads\/2024\/01\/\u4e91\u5c1a123\u8be6\u60c5\u5347\u7ea7\u7248_10-656x1024.jpg\" class=\"attachment-large size-large wp-image-3270\" alt=\"\" srcset=\"https:\/\/thetatauhome.com\/wp-content\/uploads\/2024\/01\/\u4e91\u5c1a123\u8be6\u60c5\u5347\u7ea7\u7248_10-656x1024.jpg 656w, https:\/\/thetatauhome.com\/wp-content\/uploads\/2024\/01\/\u4e91\u5c1a123\u8be6\u60c5\u5347\u7ea7\u7248_10-192x300.jpg 192w, https:\/\/thetatauhome.com\/wp-content\/uploads\/2024\/01\/\u4e91\u5c1a123\u8be6\u60c5\u5347\u7ea7\u7248_10-768x1199.jpg 768w, https:\/\/thetatauhome.com\/wp-content\/uploads\/2024\/01\/\u4e91\u5c1a123\u8be6\u60c5\u5347\u7ea7\u7248_10-8x12.jpg 8w, https:\/\/thetatauhome.com\/wp-content\/uploads\/2024\/01\/\u4e91\u5c1a123\u8be6\u60c5\u5347\u7ea7\u7248_10-300x468.jpg 300w, https:\/\/thetatauhome.com\/wp-content\/uploads\/2024\/01\/\u4e91\u5c1a123\u8be6\u60c5\u5347\u7ea7\u7248_10-600x937.jpg 600w, https:\/\/thetatauhome.com\/wp-content\/uploads\/2024\/01\/\u4e91\u5c1a123\u8be6\u60c5\u5347\u7ea7\u7248_10-64x100.jpg 64w, https:\/\/thetatauhome.com\/wp-content\/uploads\/2024\/01\/\u4e91\u5c1a123\u8be6\u60c5\u5347\u7ea7\u7248_10.jpg 800w\" sizes=\"(max-width: 656px) 100vw, 656px\" \/>\t\t\t\t\t\t\t\t\t\t\t\t\t\t\t<\/div>\n\t\t\t\t<div class=\"elementor-element elementor-element-5130d29 elementor-widget elementor-widget-image\" data-id=\"5130d29\" data-element_type=\"widget\" data-e-type=\"widget\" data-widget_type=\"image.default\">\n\t\t\t\t\t\t\t\t\t\t\t\t\t\t\t<img loading=\"lazy\" decoding=\"async\" width=\"544\" height=\"1024\" src=\"https:\/\/thetatauhome.com\/wp-content\/uploads\/2024\/01\/\u4e91\u5c1a123\u8be6\u60c5\u5347\u7ea7\u7248_07-544x1024.jpg\" class=\"attachment-large size-large wp-image-3272\" alt=\"\" srcset=\"https:\/\/thetatauhome.com\/wp-content\/uploads\/2024\/01\/\u4e91\u5c1a123\u8be6\u60c5\u5347\u7ea7\u7248_07-544x1024.jpg 544w, https:\/\/thetatauhome.com\/wp-content\/uploads\/2024\/01\/\u4e91\u5c1a123\u8be6\u60c5\u5347\u7ea7\u7248_07-159x300.jpg 159w, https:\/\/thetatauhome.com\/wp-content\/uploads\/2024\/01\/\u4e91\u5c1a123\u8be6\u60c5\u5347\u7ea7\u7248_07-768x1446.jpg 768w, https:\/\/thetatauhome.com\/wp-content\/uploads\/2024\/01\/\u4e91\u5c1a123\u8be6\u60c5\u5347\u7ea7\u7248_07-6x12.jpg 6w, https:\/\/thetatauhome.com\/wp-content\/uploads\/2024\/01\/\u4e91\u5c1a123\u8be6\u60c5\u5347\u7ea7\u7248_07-300x565.jpg 300w, https:\/\/thetatauhome.com\/wp-content\/uploads\/2024\/01\/\u4e91\u5c1a123\u8be6\u60c5\u5347\u7ea7\u7248_07-600x1130.jpg 600w, https:\/\/thetatauhome.com\/wp-content\/uploads\/2024\/01\/\u4e91\u5c1a123\u8be6\u60c5\u5347\u7ea7\u7248_07-64x120.jpg 64w, https:\/\/thetatauhome.com\/wp-content\/uploads\/2024\/01\/\u4e91\u5c1a123\u8be6\u60c5\u5347\u7ea7\u7248_07.jpg 800w\" sizes=\"(max-width: 544px) 100vw, 544px\" \/>\t\t\t\t\t\t\t\t\t\t\t\t\t\t\t<\/div>\n\t\t\t\t\t<\/div>\n\t\t<\/div>\n\t\t\t\t\t<\/div>\n\t\t<\/section>\n\t\t\t\t<section class=\"elementor-section elementor-top-section elementor-element elementor-element-cf3d905 elementor-section-boxed elementor-section-height-default elementor-section-height-default\" data-id=\"cf3d905\" data-element_type=\"section\" data-e-type=\"section\">\n\t\t\t\t\t\t<div class=\"elementor-container elementor-column-gap-default\">\n\t\t\t\t\t<div class=\"elementor-column elementor-col-100 elementor-top-column elementor-element elementor-element-12f2f39\" data-id=\"12f2f39\" data-element_type=\"column\" data-e-type=\"column\">\n\t\t\t<div class=\"elementor-widget-wrap\">\n\t\t\t\t\t\t\t<\/div>\n\t\t<\/div>\n\t\t\t\t\t<\/div>\n\t\t<\/section>\n\t\t\t\t<section class=\"elementor-section elementor-top-section elementor-element elementor-element-2894174 elementor-section-boxed elementor-section-height-default elementor-section-height-default\" data-id=\"2894174\" data-element_type=\"section\" data-e-type=\"section\">\n\t\t\t\t\t\t<div class=\"elementor-container elementor-column-gap-default\">\n\t\t\t\t\t<div class=\"elementor-column elementor-col-33 elementor-top-column elementor-element elementor-element-03deb47\" data-id=\"03deb47\" data-element_type=\"column\" data-e-type=\"column\">\n\t\t\t<div class=\"elementor-widget-wrap elementor-element-populated\">\n\t\t\t\t\t\t<div class=\"elementor-element elementor-element-f21fd5e elementor-widget elementor-widget-heading\" data-id=\"f21fd5e\" data-element_type=\"widget\" data-e-type=\"widget\" data-widget_type=\"heading.default\">\n\t\t\t\t\t<h2 class=\"elementor-heading-title elementor-size-default\">Para 1 personas<\/h2>\t\t\t\t<\/div>\n\t\t\t\t<div class=\"elementor-element elementor-element-612cdc9 elementor-widget elementor-widget-text-editor\" data-id=\"612cdc9\" data-element_type=\"widget\" data-e-type=\"widget\" data-widget_type=\"text-editor.default\">\n\t\t\t\t\t\t\t\t\t<p>\u00a0<\/p><table class=\"a-normal a-spacing-micro\"><tbody><tr class=\"a-spacing-small po-special_feature\"><td class=\"a-span3\"><span class=\"a-size-base a-text-bold\">Funci\u00f3n especial<\/span><\/td><td class=\"a-span9\"><span class=\"a-size-base po-break-word\">Impermeable<\/span><\/td><\/tr><tr class=\"a-spacing-small po-brand\"><td class=\"a-span3\"><span class=\"a-size-base a-text-bold\">Marca<\/span><\/td><td class=\"a-span9\"><span class=\"a-size-base po-break-word\">Naturehike<\/span><\/td><\/tr><tr class=\"a-spacing-small po-occupant_capacity\"><td class=\"a-span3\"><span class=\"a-size-base a-text-bold\">Capacidad de ocupaci\u00f3n<\/span><\/td><td class=\"a-span9\">1<\/td><\/tr><tr class=\"a-spacing-small po-tent_design\"><td class=\"a-span3\"><span class=\"a-size-base a-text-bold\">Dise\u00f1o<\/span><\/td><td class=\"a-span9\"><span class=\"a-size-base po-break-word\">Tienda para Acampar<\/span><\/td><\/tr><tr class=\"a-spacing-small po-material\"><td class=\"a-span3\"><span class=\"a-size-base a-text-bold\">Material<\/span><\/td><td class=\"a-span9\"><span style=\"color: #0f1111; font-family: 'Amazon Ember', Arial, sans-serif; font-size: 14px;\">Nailon, Poli\u00e9ster, De aluminio<\/span><\/td><\/tr><tr class=\"a-spacing-small po-recommended_uses_for_product\"><td class=\"a-span3\"><span class=\"a-size-base a-text-bold\">Usos\u00a0<\/span>recomendados para el producto<\/td><td class=\"a-span9\"><span class=\"a-size-base po-break-word\">De mochilero<\/span><\/td><\/tr><tr class=\"a-spacing-small po-item_length_width_height\"><td class=\"a-span3\"><span class=\"a-size-base a-text-bold\">Dimensiones del producto<\/span><\/td><td class=\"a-span9\"><span class=\"a-size-base po-break-word\">2,1L x 1,1W x 1,01H metros<\/span><\/td><\/tr><tr class=\"a-spacing-small po-seasons\"><td class=\"a-span3\"><span class=\"a-size-base a-text-bold\">Temporadas<\/span><\/td><td class=\"a-span9\"><span class=\"a-size-base po-break-word\">3Temporada<\/span><\/td><\/tr><tr class=\"a-spacing-small po-color\"><td class=\"a-span3\"><span class=\"a-size-base a-text-bold\">Color<\/span><\/td><td class=\"a-span9\"><span class=\"a-size-base po-break-word\">Naranja, Verde,Luz verde, Gris.<\/span><\/td><\/tr><tr class=\"a-spacing-small po-item_weight\"><td class=\"a-span3\"><span class=\"a-size-base a-text-bold\">Peso del producto<\/span><\/td><td class=\"a-span9\"><span class=\"a-size-base po-break-word\">1.6 Kg<\/span><\/td><\/tr><\/tbody><\/table>\t\t\t\t\t\t\t\t<\/div>\n\t\t\t\t\t<\/div>\n\t\t<\/div>\n\t\t\t\t<div class=\"elementor-column elementor-col-33 elementor-top-column elementor-element elementor-element-502e805\" data-id=\"502e805\" data-element_type=\"column\" data-e-type=\"column\">\n\t\t\t<div class=\"elementor-widget-wrap elementor-element-populated\">\n\t\t\t\t\t\t<div class=\"elementor-element elementor-element-c3f6b3e elementor-widget elementor-widget-heading\" data-id=\"c3f6b3e\" data-element_type=\"widget\" data-e-type=\"widget\" data-widget_type=\"heading.default\">\n\t\t\t\t\t<h2 class=\"elementor-heading-title elementor-size-default\">Para 2 personas<\/h2>\t\t\t\t<\/div>\n\t\t\t\t<div class=\"elementor-element elementor-element-2446d22 elementor-widget elementor-widget-text-editor\" data-id=\"2446d22\" data-element_type=\"widget\" data-e-type=\"widget\" data-widget_type=\"text-editor.default\">\n\t\t\t\t\t\t\t\t\t<p>\u00a0<\/p><table class=\"a-normal a-spacing-micro\"><tbody><tr class=\"a-spacing-small po-special_feature\"><td class=\"a-span3\"><span class=\"a-size-base a-text-bold\">Funci\u00f3n especial<\/span><\/td><td class=\"a-span9\"><span class=\"a-size-base po-break-word\">Impermeable<\/span><\/td><\/tr><tr class=\"a-spacing-small po-brand\"><td class=\"a-span3\"><span class=\"a-size-base a-text-bold\">Marca<\/span><\/td><td class=\"a-span9\"><span class=\"a-size-base po-break-word\">Naturehike<\/span><\/td><\/tr><tr class=\"a-spacing-small po-occupant_capacity\"><td class=\"a-span3\"><span class=\"a-size-base a-text-bold\">Capacidad de ocupaci\u00f3n<\/span><\/td><td class=\"a-span9\"><span class=\"a-size-base po-break-word\">2<\/span><\/td><\/tr><tr class=\"a-spacing-small po-tent_design\"><td class=\"a-span3\"><span class=\"a-size-base a-text-bold\">Dise\u00f1o<\/span><\/td><td class=\"a-span9\"><span class=\"a-size-base po-break-word\">Tienda para Acampar<\/span><\/td><\/tr><tr class=\"a-spacing-small po-material\"><td class=\"a-span3\"><span class=\"a-size-base a-text-bold\">Material<\/span><\/td><td class=\"a-span9\"><span style=\"color: #0f1111; font-family: 'Amazon Ember', Arial, sans-serif; font-size: 14px;\">Nailon, Poli\u00e9ster, De aluminio<\/span><\/td><\/tr><tr class=\"a-spacing-small po-recommended_uses_for_product\"><td class=\"a-span3\"><span class=\"a-size-base a-text-bold\">Usos\u00a0<\/span>recomendados para el producto<\/td><td class=\"a-span9\"><span class=\"a-size-base po-break-word\">De mochilero<\/span><\/td><\/tr><tr class=\"a-spacing-small po-item_length_width_height\"><td class=\"a-span3\"><span class=\"a-size-base a-text-bold\">Dimensiones del producto<\/span><\/td><td class=\"a-span9\"><span class=\"a-size-base po-break-word\">2,1L x 1,3W x 1,05H metros<\/span><\/td><\/tr><tr class=\"a-spacing-small po-seasons\"><td class=\"a-span3\"><span class=\"a-size-base a-text-bold\">Temporadas<\/span><\/td><td class=\"a-span9\"><span class=\"a-size-base po-break-word\">4Temporada<\/span><\/td><\/tr><tr class=\"a-spacing-small po-color\"><td class=\"a-span3\"><span class=\"a-size-base a-text-bold\">Color<\/span><\/td><td class=\"a-span9\">Naranja, Verde,Luz verde, Gris.<\/td><\/tr><tr class=\"a-spacing-small po-item_weight\"><td class=\"a-span3\"><span class=\"a-size-base a-text-bold\">Peso del producto<\/span><\/td><td class=\"a-span9\"><span class=\"a-size-base po-break-word\">1,7Kg<\/span><\/td><\/tr><\/tbody><\/table>\t\t\t\t\t\t\t\t<\/div>\n\t\t\t\t\t<\/div>\n\t\t<\/div>\n\t\t\t\t<div class=\"elementor-column elementor-col-33 elementor-top-column elementor-element elementor-element-2878736\" data-id=\"2878736\" data-element_type=\"column\" data-e-type=\"column\">\n\t\t\t<div class=\"elementor-widget-wrap elementor-element-populated\">\n\t\t\t\t\t\t<div class=\"elementor-element elementor-element-612d479 elementor-widget elementor-widget-heading\" data-id=\"612d479\" data-element_type=\"widget\" data-e-type=\"widget\" data-widget_type=\"heading.default\">\n\t\t\t\t\t<h2 class=\"elementor-heading-title elementor-size-default\">Para 3 personas<\/h2>\t\t\t\t<\/div>\n\t\t\t\t<div class=\"elementor-element elementor-element-b5d4c85 elementor-widget elementor-widget-text-editor\" data-id=\"b5d4c85\" data-element_type=\"widget\" data-e-type=\"widget\" data-widget_type=\"text-editor.default\">\n\t\t\t\t\t\t\t\t\t<p>\u00a0<\/p><table class=\"a-normal a-spacing-micro\"><tbody><tr class=\"a-spacing-small po-special_feature\"><td class=\"a-span3\"><span class=\"a-size-base a-text-bold\">Funci\u00f3n especial<\/span><\/td><td class=\"a-span9\"><span class=\"a-size-base po-break-word\">Impermeable<\/span><\/td><\/tr><tr class=\"a-spacing-small po-brand\"><td class=\"a-span3\"><span class=\"a-size-base a-text-bold\">Marca<\/span><\/td><td class=\"a-span9\"><span class=\"a-size-base po-break-word\">Naturehike<\/span><\/td><\/tr><tr class=\"a-spacing-small po-occupant_capacity\"><td class=\"a-span3\"><span class=\"a-size-base a-text-bold\">Capacidad de ocupaci\u00f3n<\/span><\/td><td class=\"a-span9\">3<\/td><\/tr><tr class=\"a-spacing-small po-tent_design\"><td class=\"a-span3\"><span class=\"a-size-base a-text-bold\">Dise\u00f1o<\/span><\/td><td class=\"a-span9\"><span class=\"a-size-base po-break-word\">Tienda para Acampar<\/span><\/td><\/tr><tr class=\"a-spacing-small po-material\"><td class=\"a-span3\"><span class=\"a-size-base a-text-bold\">Material<\/span><\/td><td class=\"a-span9\"><span style=\"color: #0f1111; font-family: 'Amazon Ember', Arial, sans-serif; font-size: 14px;\">Nailon, Poli\u00e9ster, De aluminio<\/span><\/td><\/tr><tr class=\"a-spacing-small po-recommended_uses_for_product\"><td class=\"a-span3\"><span class=\"a-size-base a-text-bold\">Usos\u00a0<\/span>recomendados para el producto<\/td><td class=\"a-span9\"><span class=\"a-size-base po-break-word\">De mochilero<\/span><\/td><\/tr><tr class=\"a-spacing-small po-item_length_width_height\"><td class=\"a-span3\"><span class=\"a-size-base a-text-bold\">Dimensiones del producto<\/span><\/td><td class=\"a-span9\"><span class=\"a-size-base po-break-word\">2,15L x 1,8W x 1,1H metros<\/span><\/td><\/tr><tr class=\"a-spacing-small po-seasons\"><td class=\"a-span3\"><span class=\"a-size-base a-text-bold\">Temporadas<\/span><\/td><td class=\"a-span9\"><span class=\"a-size-base po-break-word\">3 Temporada<\/span><\/td><\/tr><tr class=\"a-spacing-small po-color\"><td class=\"a-span3\"><span class=\"a-size-base a-text-bold\">Color<\/span><\/td><td class=\"a-span9\">Naranja, Verde,Luz verde, Gris.<\/td><\/tr><tr class=\"a-spacing-small po-item_weight\"><td class=\"a-span3\"><span class=\"a-size-base a-text-bold\">Peso del producto<\/span><\/td><td class=\"a-span9\">2 Kg<\/td><\/tr><\/tbody><\/table>\t\t\t\t\t\t\t\t<\/div>\n\t\t\t\t\t<\/div>\n\t\t<\/div>\n\t\t\t\t\t<\/div>\n\t\t<\/section>\n\t\t\t\t<section class=\"elementor-section elementor-top-section elementor-element elementor-element-dca9a46 elementor-section-boxed elementor-section-height-default elementor-section-height-default\" data-id=\"dca9a46\" data-element_type=\"section\" data-e-type=\"section\">\n\t\t\t\t\t\t<div class=\"elementor-container elementor-column-gap-default\">\n\t\t\t\t\t<div class=\"elementor-column elementor-col-100 elementor-top-column elementor-element elementor-element-b8e161d\" data-id=\"b8e161d\" data-element_type=\"column\" data-e-type=\"column\">\n\t\t\t<div class=\"elementor-widget-wrap\">\n\t\t\t\t\t\t\t<\/div>\n\t\t<\/div>\n\t\t\t\t\t<\/div>\n\t\t<\/section>\n\t\t\t\t<\/div>","protected":false},"excerpt":{"rendered":"<p>Carpas de actualizaci\u00f3n Cloud-Up 2, tejido de nailon recubierto de silicona 20D, postes de aluminio 7001. Tiene el equilibrio \u00f3ptimo de peso y resistencia.Ofrece una protecci\u00f3n c\u00f3moda y segura en su viaje de mochila o viaje de monta\u00f1ismo. Impermeable: tejido recubierto de silicona, costuras totalmente selladas Resistente al viento: poste de aluminio profesional 7001 y [&hellip;]<\/p>","protected":false},"featured_media":3261,"comment_status":"open","ping_status":"closed","template":"","meta":{"om_disable_all_campaigns":false,"_monsterinsights_skip_tracking":false,"_monsterinsights_sitenote_active":false,"_monsterinsights_sitenote_note":"","_monsterinsights_sitenote_category":0,"_joinchat":[]},"product_brand":[],"product_cat":[80,24],"product_tag":[],"class_list":{"0":"post-3237","1":"product","2":"type-product","3":"status-publish","4":"has-post-thumbnail","6":"product_cat-camping-tent","7":"product_cat-x-tent","8":"product_shipping_class-small-standard","10":"first","11":"onbackorder","12":"taxable","13":"shipping-taxable","14":"purchasable","15":"product-type-variable"},"aioseo_notices":[],"jetpack_sharing_enabled":true,"_links":{"self":[{"href":"https:\/\/thetatauhome.com\/es\/wp-json\/wp\/v2\/product\/3237","targetHints":{"allow":["GET"]}}],"collection":[{"href":"https:\/\/thetatauhome.com\/es\/wp-json\/wp\/v2\/product"}],"about":[{"href":"https:\/\/thetatauhome.com\/es\/wp-json\/wp\/v2\/types\/product"}],"replies":[{"embeddable":true,"href":"https:\/\/thetatauhome.com\/es\/wp-json\/wp\/v2\/comments?post=3237"}],"version-history":[{"count":13,"href":"https:\/\/thetatauhome.com\/es\/wp-json\/wp\/v2\/product\/3237\/revisions"}],"predecessor-version":[{"id":9200,"href":"https:\/\/thetatauhome.com\/es\/wp-json\/wp\/v2\/product\/3237\/revisions\/9200"}],"wp:featuredmedia":[{"embeddable":true,"href":"https:\/\/thetatauhome.com\/es\/wp-json\/wp\/v2\/media\/3261"}],"wp:attachment":[{"href":"https:\/\/thetatauhome.com\/es\/wp-json\/wp\/v2\/media?parent=3237"}],"wp:term":[{"taxonomy":"product_brand","embeddable":true,"href":"https:\/\/thetatauhome.com\/es\/wp-json\/wp\/v2\/product_brand?post=3237"},{"taxonomy":"product_cat","embeddable":true,"href":"https:\/\/thetatauhome.com\/es\/wp-json\/wp\/v2\/product_cat?post=3237"},{"taxonomy":"product_tag","embeddable":true,"href":"https:\/\/thetatauhome.com\/es\/wp-json\/wp\/v2\/product_tag?post=3237"}],"curies":[{"name":"wp","href":"https:\/\/api.w.org\/{rel}","templated":true}]}}