{"id":2947,"date":"2023-07-19T23:23:12","date_gmt":"2023-07-19T21:23:12","guid":{"rendered":"https:\/\/thetatauhome.com\/?post_type=product&#038;p=2947"},"modified":"2024-05-21T16:55:43","modified_gmt":"2024-05-21T14:55:43","slug":"super-oferta-compra-1-pecron-e2000lfp-1-eb3000-regala-3-aurora-200-paneles-solares","status":"publish","type":"product","link":"https:\/\/thetatauhome.com\/es\/producto\/super-oferta-compra-1-pecron-e2000lfp-1-eb3000-regala-3-aurora-200-paneles-solares\/","title":{"rendered":"Super offer!!! Buy 1 Pecron E2000LFP + 1 EB3000, Give 3 Aurora 200 solar panels for free !!!!"},"content":{"rendered":"","protected":false},"excerpt":{"rendered":"<ul class=\"uk-list uk-list-disc uk-text-small uk-text-500\">\n<li>Inversor de onda sinusoidal pura de CA de 2000 W (sobrecarga de 6000 W).<\/li>\n<li>Capacidad de 4992 Wh (ampliable con hasta 2 \u00d7 EB3000 para 8064 Wh).<\/li>\n<li>3 formas de recarga (CA\/solar\/autom\u00f3vil\/generador\/bater\u00eda de plomo\/doble CA\/CA+Solar).<\/li>\n<li>1200W M\u00e1x. entrada solar.<\/li>\n<li>2400W M\u00e1x. carga doble r\u00e1pida (solar + adaptador de CA simult\u00e1neamente).<\/li>\n<li>SAI 24\/7 Bater\u00eda de respaldo para el hogar.<\/li>\n<li>3 a\u00f1os de garant\u00eda<\/li>\n<\/ul>","protected":false},"featured_media":2949,"comment_status":"open","ping_status":"closed","template":"","meta":{"om_disable_all_campaigns":false,"_monsterinsights_skip_tracking":false,"_monsterinsights_sitenote_active":false,"_monsterinsights_sitenote_note":"","_monsterinsights_sitenote_category":0,"_joinchat":[]},"product_brand":[],"product_cat":[56],"product_tag":[],"class_list":{"0":"post-2947","1":"product","2":"type-product","3":"status-publish","4":"has-post-thumbnail","6":"product_cat-pecron-kits-x-camping","7":"product_shipping_class-kits","9":"first","10":"instock","11":"sale","12":"featured","13":"taxable","14":"shipping-taxable","15":"purchasable","16":"product-type-simple"},"aioseo_notices":[],"jetpack_sharing_enabled":true,"_links":{"self":[{"href":"https:\/\/thetatauhome.com\/es\/wp-json\/wp\/v2\/product\/2947","targetHints":{"allow":["GET"]}}],"collection":[{"href":"https:\/\/thetatauhome.com\/es\/wp-json\/wp\/v2\/product"}],"about":[{"href":"https:\/\/thetatauhome.com\/es\/wp-json\/wp\/v2\/types\/product"}],"replies":[{"embeddable":true,"href":"https:\/\/thetatauhome.com\/es\/wp-json\/wp\/v2\/comments?post=2947"}],"version-history":[{"count":4,"href":"https:\/\/thetatauhome.com\/es\/wp-json\/wp\/v2\/product\/2947\/revisions"}],"predecessor-version":[{"id":2952,"href":"https:\/\/thetatauhome.com\/es\/wp-json\/wp\/v2\/product\/2947\/revisions\/2952"}],"wp:featuredmedia":[{"embeddable":true,"href":"https:\/\/thetatauhome.com\/es\/wp-json\/wp\/v2\/media\/2949"}],"wp:attachment":[{"href":"https:\/\/thetatauhome.com\/es\/wp-json\/wp\/v2\/media?parent=2947"}],"wp:term":[{"taxonomy":"product_brand","embeddable":true,"href":"https:\/\/thetatauhome.com\/es\/wp-json\/wp\/v2\/product_brand?post=2947"},{"taxonomy":"product_cat","embeddable":true,"href":"https:\/\/thetatauhome.com\/es\/wp-json\/wp\/v2\/product_cat?post=2947"},{"taxonomy":"product_tag","embeddable":true,"href":"https:\/\/thetatauhome.com\/es\/wp-json\/wp\/v2\/product_tag?post=2947"}],"curies":[{"name":"wp","href":"https:\/\/api.w.org\/{rel}","templated":true}]}}