{"id":1269,"date":"2022-11-10T18:52:19","date_gmt":"2022-11-10T18:52:19","guid":{"rendered":"https:\/\/thetatauhome.com\/?post_type=product&#038;p=1269"},"modified":"2024-07-10T20:30:13","modified_gmt":"2024-07-10T18:30:13","slug":"pecron-eb3000-expasion-battery-3072wh","status":"publish","type":"product","link":"https:\/\/thetatauhome.com\/es\/producto\/pecron-eb3000-expasion-battery-3072wh\/","title":{"rendered":"PECRON EB3000 EXPASION BATTERY (Bater\u00eda de Expansi\u00f3n) 3.072Wh"},"content":{"rendered":"<p>La EB3000 es una bater\u00eda de expansi\u00f3n.<\/p>\n<p>\u00b7 Puerto de carga GX16MF-5: PV (voltaje operativo) rango 12V~95V, 400W m\u00e1ximo;<\/p>\n<p>\u00b7 EB3000-24V tiene un controlador de carga MPPT incorporado, que admite 12V-95V (m\u00e1x. 400W).<\/p>\n<p>\u00b7 EB3000 se puede utilizar como una sola salida de CC.<\/p>\n<p>\u00b7 Un m\u00e1ximo de 2 unidades de EB3000-24V se pueden conectar en cascada a E2000 LFP. \u00a1Extendido hasta 8064Wh!<\/p>\n<p>\u00b7 Actualmente EB3000-24V solo se puede utilizar para E2000 LFP.<\/p>\n<p>\u00b7 EB3000-24V utiliza una bater\u00eda LiFePO4 automotriz de alta calidad certificada por UL.<\/p>\n<p><strong>ESPECIFICACIONES DE SALIDA<\/strong>:<br \/>\n<strong>\u00b7\u00a0<\/strong>Salida XT60*1: CC 12V-30A<br \/>\n<strong>\u00b7\u00a0<\/strong>USB-A*1: (5 V, 9 V, 12 V, m\u00e1x. 18 W)*1<br \/>\n<strong>\u00b7\u00a0<\/strong>USB-C*1: (5 V, 9 V, 12 V, 20 V, m\u00e1x. 100 W)*1<\/p>\n<p><strong>ESPECIFICACIONES DE ENTRADA<\/strong>:<br \/>\n<strong>\u00b7\u00a0<\/strong>GX16MF*1: Carga CC (12V~95V) M\u00e1x. 400W<\/p>\n<p><strong>\u00b7\u00a0<\/strong>Entrada del adaptador de CA: 220 V ~ 230 V. Salida: 42V\u239315A<\/p>\n<p><strong>\u00b7\u00a0<\/strong>Entrada de coche:\u00a0CC 12 V ~ 95 V-100 W (m\u00e1x.)<\/p>\n<p><strong>FUNCI\u00d3N CASCADA<\/strong>:<br \/>\nPuerto para Cascada *2 (Cascada disponible para E2000LFP)<\/p>","protected":false},"excerpt":{"rendered":"<ul>\n<li>Capacidad: 3072 Wh (25,6 V\/120 Ah)<\/li>\n<li>Tipo de bater\u00eda: LiFePo4<\/li>\n<li>Entrada: carga del adaptador de CA\/carga solar\/carga del coche<\/li>\n<li>Entrada del adaptador de CA: 220 V ~ 230 V. Salida: 42 V\u239315 A.<\/li>\n<li>Entrada solar:\u00a0Voc 12 V~95 V \/ 400 W m\u00e1x. \/ 15 A m\u00e1x.<\/li>\n<li>Entrada de coche:\u00a0CC 12 V ~ 95 V-100 W (m\u00e1x.)<\/li>\n<li>Salida de CC:\u00a01x12V XT60 (30A m\u00e1x.); 1xUSB-C; 1xUSB-A<\/li>\n<li>Salida USB: 1 PD de 100 W, 1 de 18 W<\/li>\n<li>Tipo de bater\u00eda: LiFePO4<\/li>\n<li>Peso: 57,3 libras (26 kg)<\/li>\n<li>L441*W312*H200mm; L17.3xW12.2xH7.8in<\/li>\n<li>Temperatura de carga:\u00a00 \u00b0C~45 \u00b0C\/32 \u00b0F-113 \u00b0F<\/li>\n<li>Temperatura de descarga: -20 \u00b0C~45 \u00b0C \/ -4 \u00b0F-113 \u00b0F<\/li>\n<\/ul>","protected":false},"featured_media":1270,"comment_status":"open","ping_status":"closed","template":"","meta":{"om_disable_all_campaigns":false,"_monsterinsights_skip_tracking":false,"_monsterinsights_sitenote_active":false,"_monsterinsights_sitenote_note":"","_monsterinsights_sitenote_category":0,"_joinchat":[]},"product_brand":[],"product_cat":[57,54],"product_tag":[],"class_list":{"0":"post-1269","1":"product","2":"type-product","3":"status-publish","4":"has-post-thumbnail","6":"product_cat-pecron-accessories","7":"product_cat-pecron-power-station","8":"product_shipping_class-standard","10":"first","11":"instock","12":"sale","13":"taxable","14":"shipping-taxable","15":"purchasable","16":"product-type-simple"},"aioseo_notices":[],"jetpack_sharing_enabled":true,"_links":{"self":[{"href":"https:\/\/thetatauhome.com\/es\/wp-json\/wp\/v2\/product\/1269","targetHints":{"allow":["GET"]}}],"collection":[{"href":"https:\/\/thetatauhome.com\/es\/wp-json\/wp\/v2\/product"}],"about":[{"href":"https:\/\/thetatauhome.com\/es\/wp-json\/wp\/v2\/types\/product"}],"replies":[{"embeddable":true,"href":"https:\/\/thetatauhome.com\/es\/wp-json\/wp\/v2\/comments?post=1269"}],"version-history":[{"count":1,"href":"https:\/\/thetatauhome.com\/es\/wp-json\/wp\/v2\/product\/1269\/revisions"}],"predecessor-version":[{"id":2706,"href":"https:\/\/thetatauhome.com\/es\/wp-json\/wp\/v2\/product\/1269\/revisions\/2706"}],"wp:featuredmedia":[{"embeddable":true,"href":"https:\/\/thetatauhome.com\/es\/wp-json\/wp\/v2\/media\/1270"}],"wp:attachment":[{"href":"https:\/\/thetatauhome.com\/es\/wp-json\/wp\/v2\/media?parent=1269"}],"wp:term":[{"taxonomy":"product_brand","embeddable":true,"href":"https:\/\/thetatauhome.com\/es\/wp-json\/wp\/v2\/product_brand?post=1269"},{"taxonomy":"product_cat","embeddable":true,"href":"https:\/\/thetatauhome.com\/es\/wp-json\/wp\/v2\/product_cat?post=1269"},{"taxonomy":"product_tag","embeddable":true,"href":"https:\/\/thetatauhome.com\/es\/wp-json\/wp\/v2\/product_tag?post=1269"}],"curies":[{"name":"wp","href":"https:\/\/api.w.org\/{rel}","templated":true}]}}