{"id":1172,"date":"2022-11-06T21:59:15","date_gmt":"2022-11-06T21:59:15","guid":{"rendered":"https:\/\/thetatauhome.com\/?post_type=product&#038;p=1172"},"modified":"2023-08-30T12:40:21","modified_gmt":"2023-08-30T10:40:21","slug":"pecron-440w-external-mppt-solar-charging-controller-compatible","status":"publish","type":"product","link":"https:\/\/thetatauhome.com\/es\/producto\/pecron-440w-external-mppt-solar-charging-controller-compatible\/","title":{"rendered":"CONTROLADOR DE CARGA SOLAR MPPT EXTERNO PECRON 440W COMPATIBLE"},"content":{"rendered":"<p>Aceptado para paneles solares\/matrices con voltaje de funcionamiento entre 30 y 90 V. La salida m\u00e1xima de 440W puede recargar su Pecron<strong> E2000LFP, E1500, E600LFP<\/strong>\u00a0by 30% faster.<\/p>\n<p>Tecnolog\u00eda de seguimiento de puntos de m\u00e1xima potencia con una alta eficiencia de seguimiento y eficiencia de conversi\u00f3n de hasta el 96%. Es la mejor soluci\u00f3n de carga incluso en entornos nublados.<\/p>\n<p>Protecci\u00f3n m\u00faltiple contra sobrecarga, sobredescarga, sobrecarga, cortocircuito, sobrecalentamiento y bajo voltaje de la bater\u00eda<\/p>\n<p><strong>Especificaciones<\/strong><\/p>\n<ul>\n<li>Entrada: 30-90V<\/li>\n<li>Salida: 29,4 V, 15 A<\/li>\n<li>Conector de entrada: MC4\/MC5, GX16-4\/GX16-5 pin aviaci\u00f3n hembra<\/li>\n<li>Conector de salida: macho de aviaci\u00f3n de 4\/5 pines<\/li>\n<li>Longitud del cable: 3,6 pies<\/li>\n<li>Peso: 1Kg<\/li>\n<li>Dimensiones: 9 x 4 x 1,6 pulgadas.<\/li>\n<\/ul>\n<p><strong>Nota:<\/strong><\/p>\n<p><strong><span style=\"vertical-align: inherit;\"><span style=\"vertical-align: inherit;\">Conector GX16-4 PIN: solo se puede usar para el modelo E1500<\/span><\/span><\/strong><\/p>\n<p><strong><span style=\"vertical-align: inherit;\"><span style=\"vertical-align: inherit;\">Conector GX16-5 PIN: solo se puede usar para el modelo E2000LFP, E600LFP\u00a0<\/span><\/span><\/strong><\/p>\n<p>&nbsp;<\/p>","protected":false},"excerpt":{"rendered":"<ul>\n<li>Entrada: 30-90V<\/li>\n<li>Salida: 29,4 V, 15 A<\/li>\n<li>Conector de entrada: MC4\/MC5, GX16-4\/GX16-5 pin aviaci\u00f3n hembra<\/li>\n<li>Conector de salida: macho de aviaci\u00f3n de 4\/5 pines<\/li>\n<li>Longitud del cable: 3,6 pies<\/li>\n<li>Peso: 1Kg<\/li>\n<li>Dimensiones: 9 x 4 x 1,6 pulgadas.<\/li>\n<\/ul>\n<p><strong>PLEASE SELECT FOR THE TYPE OF THE CONNECTOR\u00a0<\/strong><\/p>","protected":false},"featured_media":1173,"comment_status":"open","ping_status":"closed","template":"","meta":{"om_disable_all_campaigns":false,"_monsterinsights_skip_tracking":false,"_monsterinsights_sitenote_active":false,"_monsterinsights_sitenote_note":"","_monsterinsights_sitenote_category":0,"_joinchat":[]},"product_brand":[],"product_cat":[57],"product_tag":[],"class_list":{"0":"post-1172","1":"product","2":"type-product","3":"status-publish","4":"has-post-thumbnail","6":"product_cat-pecron-accessories","7":"product_shipping_class-small-standard","9":"first","10":"onbackorder","11":"taxable","12":"shipping-taxable","13":"purchasable","14":"product-type-variable"},"aioseo_notices":[],"jetpack_sharing_enabled":true,"_links":{"self":[{"href":"https:\/\/thetatauhome.com\/es\/wp-json\/wp\/v2\/product\/1172","targetHints":{"allow":["GET"]}}],"collection":[{"href":"https:\/\/thetatauhome.com\/es\/wp-json\/wp\/v2\/product"}],"about":[{"href":"https:\/\/thetatauhome.com\/es\/wp-json\/wp\/v2\/types\/product"}],"replies":[{"embeddable":true,"href":"https:\/\/thetatauhome.com\/es\/wp-json\/wp\/v2\/comments?post=1172"}],"version-history":[{"count":2,"href":"https:\/\/thetatauhome.com\/es\/wp-json\/wp\/v2\/product\/1172\/revisions"}],"predecessor-version":[{"id":2705,"href":"https:\/\/thetatauhome.com\/es\/wp-json\/wp\/v2\/product\/1172\/revisions\/2705"}],"wp:featuredmedia":[{"embeddable":true,"href":"https:\/\/thetatauhome.com\/es\/wp-json\/wp\/v2\/media\/1173"}],"wp:attachment":[{"href":"https:\/\/thetatauhome.com\/es\/wp-json\/wp\/v2\/media?parent=1172"}],"wp:term":[{"taxonomy":"product_brand","embeddable":true,"href":"https:\/\/thetatauhome.com\/es\/wp-json\/wp\/v2\/product_brand?post=1172"},{"taxonomy":"product_cat","embeddable":true,"href":"https:\/\/thetatauhome.com\/es\/wp-json\/wp\/v2\/product_cat?post=1172"},{"taxonomy":"product_tag","embeddable":true,"href":"https:\/\/thetatauhome.com\/es\/wp-json\/wp\/v2\/product_tag?post=1172"}],"curies":[{"name":"wp","href":"https:\/\/api.w.org\/{rel}","templated":true}]}}