{"id":1168,"date":"2022-11-06T20:52:18","date_gmt":"2022-11-06T20:52:18","guid":{"rendered":"https:\/\/thetatauhome.com\/?post_type=product&#038;p=1168"},"modified":"2023-08-30T12:40:38","modified_gmt":"2023-08-30T10:40:38","slug":"fast-charger-ac-270w-42v7a-cargador-rapido-for-e600lfp","status":"publish","type":"product","link":"https:\/\/thetatauhome.com\/es\/producto\/fast-charger-ac-270w-42v7a-cargador-rapido-for-e600lfp\/","title":{"rendered":"CARGADOR RAPIDO AC 270W 42V7A (CARGADOR RAPIDO) PARA E600LFP"},"content":{"rendered":"<div id=\"product-1145\" class=\"product type-product post-1145 status-publish first onbackorder product_cat-pecron-accessories has-post-thumbnail taxable shipping-taxable purchasable product-type-simple ct-default-gallery\">\n<div class=\"woocommerce-tabs wc-tabs-wrapper\" data-type=\"type-1:center\">\n<article>\n<div id=\"tab-description\" class=\"woocommerce-Tabs-panel woocommerce-Tabs-panel--description panel entry-content wc-tab\" role=\"tabpanel\" aria-labelledby=\"tab-title-description\">\n<p>Este cargador r\u00e1pido de CA es adecuado para modelos clasificados<strong> 400W and above<\/strong>, solo usa para el modelo\u00a0<strong>E600LFP<\/strong><\/p>\n<p>&nbsp;<\/p>\n<p><strong>Descripci\u00f3n:<\/strong><\/p>\n<p>Estas t\u00e9cnicas asegurar\u00e1n la integridad del sistema y controlar\u00e1n con precisi\u00f3n el voltaje y la corriente de carga. La bater\u00eda estar\u00e1 completamente cargada pero no sobrecargada.<\/p>\n<p>&nbsp;<\/p>\n<p><em><strong>NOTA<\/strong>: La velocidad de carga disminuir\u00e1 gradualmente cuando la bater\u00eda est\u00e9 casi completamente cargada<\/em><\/p>\n<p><strong>Especificaci\u00f3n:<\/strong><\/p>\n<ul>\n<li>Entrada: 220-230V 50\/60Hz<\/li>\n<li>Output: 42V 7A (270W)<\/li>\n<li>Indicador LED<\/li>\n<li>Tama\u00f1o: 26x7x2.5mm<\/li>\n<li>Peso: 1.38Kg<\/li>\n<\/ul>\n<\/div>\n<\/article>\n<\/div>\n<\/div>","protected":false},"excerpt":{"rendered":"<ul>\n<li>Carga r\u00e1pida de 270 W<\/li>\n<li>Corriente y voltaje constantes (CC y CV)<\/li>\n<li>Carga multietapa<\/li>\n<li>Microcontrolador incorporado (MCU)<\/li>\n<li>Modulaci\u00f3n de ancho de pulso (PWM)<\/li>\n<li>LLC Resonancia y Rectificaci\u00f3n S\u00edncrona<\/li>\n<\/ul>","protected":false},"featured_media":1169,"comment_status":"open","ping_status":"closed","template":"","meta":{"om_disable_all_campaigns":false,"_monsterinsights_skip_tracking":false,"_monsterinsights_sitenote_active":false,"_monsterinsights_sitenote_note":"","_monsterinsights_sitenote_category":0,"_joinchat":[]},"product_brand":[],"product_cat":[57],"product_tag":[],"class_list":{"0":"post-1168","1":"product","2":"type-product","3":"status-publish","4":"has-post-thumbnail","6":"product_cat-pecron-accessories","7":"product_shipping_class-small-standard","9":"first","10":"onbackorder","11":"taxable","12":"shipping-taxable","13":"purchasable","14":"product-type-simple"},"aioseo_notices":[],"jetpack_sharing_enabled":true,"_links":{"self":[{"href":"https:\/\/thetatauhome.com\/es\/wp-json\/wp\/v2\/product\/1168","targetHints":{"allow":["GET"]}}],"collection":[{"href":"https:\/\/thetatauhome.com\/es\/wp-json\/wp\/v2\/product"}],"about":[{"href":"https:\/\/thetatauhome.com\/es\/wp-json\/wp\/v2\/types\/product"}],"replies":[{"embeddable":true,"href":"https:\/\/thetatauhome.com\/es\/wp-json\/wp\/v2\/comments?post=1168"}],"version-history":[{"count":1,"href":"https:\/\/thetatauhome.com\/es\/wp-json\/wp\/v2\/product\/1168\/revisions"}],"predecessor-version":[{"id":2703,"href":"https:\/\/thetatauhome.com\/es\/wp-json\/wp\/v2\/product\/1168\/revisions\/2703"}],"wp:featuredmedia":[{"embeddable":true,"href":"https:\/\/thetatauhome.com\/es\/wp-json\/wp\/v2\/media\/1169"}],"wp:attachment":[{"href":"https:\/\/thetatauhome.com\/es\/wp-json\/wp\/v2\/media?parent=1168"}],"wp:term":[{"taxonomy":"product_brand","embeddable":true,"href":"https:\/\/thetatauhome.com\/es\/wp-json\/wp\/v2\/product_brand?post=1168"},{"taxonomy":"product_cat","embeddable":true,"href":"https:\/\/thetatauhome.com\/es\/wp-json\/wp\/v2\/product_cat?post=1168"},{"taxonomy":"product_tag","embeddable":true,"href":"https:\/\/thetatauhome.com\/es\/wp-json\/wp\/v2\/product_tag?post=1168"}],"curies":[{"name":"wp","href":"https:\/\/api.w.org\/{rel}","templated":true}]}}