{"id":1130,"date":"2022-10-31T21:17:26","date_gmt":"2022-10-31T21:17:26","guid":{"rendered":"https:\/\/thetatauhome.com\/?post_type=product&#038;p=1130"},"modified":"2025-07-02T10:33:46","modified_gmt":"2025-07-02T08:33:46","slug":"portable-solar-panel-pecron-aurora200-200w-36v","status":"publish","type":"product","link":"https:\/\/thetatauhome.com\/es\/producto\/portable-solar-panel-pecron-aurora200-200w-36v\/","title":{"rendered":"PANEL SOLAR PORT\u00c1TIL PECRON AURORA200 (200W, 36V)"},"content":{"rendered":"<ul>\n<li><strong>GENERADOR SILENCIOSO Y ENERG\u00cdA LIMPIA ECOL\u00d3GICA<\/strong>: Construya su sistema de generador solar port\u00e1til junto con la central el\u00e9ctrica Pecron E2000LFP, E1500, E600LFP (se vende por separado). Ideal para la vida al aire libre e incluso cortes de energ\u00eda inesperados.<\/li>\n<li><strong>GENERADOR SOLAR DE ALTA EFICIENCIA DE CONVERSI\u00d3N<\/strong>: Alta eficiencia de conversi\u00f3n de hasta el 21 %, convierte m\u00e1s luz solar en energ\u00eda limpia y funciona mejor que los paneles convencionales en climas c\u00e1lidos<\/li>\n<li><strong>CARGADOR SOLAR UNIVERSAL<\/strong>: Equipado con conectores MC4 universales\u00a0que\u00a0pueden\u00a0conectarse f\u00e1cilmente a la mayor\u00eda de los dispositivos compatibles con energ\u00eda solar. Tambi\u00e9n puede obtener dos de ellos en paralelo para cargar nuestras unidades de 1000 W y superiores.<\/li>\n<li><strong>Dise\u00f1o ligero y elegante:<\/strong> Pesa solo 8Kg, s\u00faper delgada, se pliega f\u00e1cilmente y a su vez no ocupa mucho espacio. El dise\u00f1o plegable facilita el transporte y cabe convenientemente en la cajuela de su autom\u00f3vil o en cualquier espacio de almacenamiento.<\/li>\n<\/ul>\n<p><strong>Especificaciones<\/strong><\/p>\n<ul>\n<li>Aurora200: panel solar de 4 pliegues de 200 W y 36 V<\/li>\n<li>Vmp: 36V<\/li>\n<li>Color del paquete: Gris<\/li>\n<li>Dimensi\u00f3n de pliegue: 705 * 470 * 60 mm<\/li>\n<li>Dimensi\u00f3n de despliegue: 2086*705*25mm<\/li>\n<li>Peso: 8Kg<\/li>\n<li>Conector:\u00a0MC4<\/li>\n<li>Impermeable: IPX4 (Resistente a salpicaduras de agua)<\/li>\n<\/ul>\n<p><strong>M\u00e9todo de almacenamiento<\/strong><\/p>\n<p>Cuando los paneles solares no est\u00e9n en uso, gu\u00e1rdelos en posici\u00f3n vertical,<br \/>\nno apile objetos pesados y afilados sobre ellos, para no da\u00f1ar los paneles solares. y evite colocarlos en lugares con agua estancada.<\/p>\n<p><strong>Recomendaci\u00f3n de uso con PECRON<\/strong><\/p>\n<ul>\n<li><strong>Modelo E2000LFP<\/strong><\/li>\n<\/ul>\n<p>&nbsp;<\/p>\n<p><img fetchpriority=\"high\" decoding=\"async\" class=\"wp-image-1136 aligncenter\" src=\"https:\/\/thetatauhome.com\/wp-content\/uploads\/2022\/10\/\u5c4f\u5e55\u5feb\u7167-2022-10-31-22.27.41-300x75.png\" alt=\"\" width=\"831\" height=\"208\" srcset=\"https:\/\/thetatauhome.com\/wp-content\/uploads\/2022\/10\/\u5c4f\u5e55\u5feb\u7167-2022-10-31-22.27.41-300x75.png 300w, https:\/\/thetatauhome.com\/wp-content\/uploads\/2022\/10\/\u5c4f\u5e55\u5feb\u7167-2022-10-31-22.27.41-600x150.png 600w, https:\/\/thetatauhome.com\/wp-content\/uploads\/2022\/10\/\u5c4f\u5e55\u5feb\u7167-2022-10-31-22.27.41-64x16.png 64w, https:\/\/thetatauhome.com\/wp-content\/uploads\/2022\/10\/\u5c4f\u5e55\u5feb\u7167-2022-10-31-22.27.41-1024x257.png 1024w, https:\/\/thetatauhome.com\/wp-content\/uploads\/2022\/10\/\u5c4f\u5e55\u5feb\u7167-2022-10-31-22.27.41-768x192.png 768w, https:\/\/thetatauhome.com\/wp-content\/uploads\/2022\/10\/\u5c4f\u5e55\u5feb\u7167-2022-10-31-22.27.41-1536x385.png 1536w, https:\/\/thetatauhome.com\/wp-content\/uploads\/2022\/10\/\u5c4f\u5e55\u5feb\u7167-2022-10-31-22.27.41.png 1788w\" sizes=\"(max-width: 831px) 100vw, 831px\" \/><\/p>\n<ul>\n<li><strong>Modelo E1500<\/strong><\/li>\n<\/ul>\n<p><img decoding=\"async\" class=\"wp-image-1138 aligncenter\" src=\"https:\/\/thetatauhome.com\/wp-content\/uploads\/2022\/10\/\u5c4f\u5e55\u5feb\u7167-2022-10-31-22.31.36-300x86.png\" alt=\"\" width=\"740\" height=\"212\" srcset=\"https:\/\/thetatauhome.com\/wp-content\/uploads\/2022\/10\/\u5c4f\u5e55\u5feb\u7167-2022-10-31-22.31.36-300x86.png 300w, https:\/\/thetatauhome.com\/wp-content\/uploads\/2022\/10\/\u5c4f\u5e55\u5feb\u7167-2022-10-31-22.31.36-600x172.png 600w, https:\/\/thetatauhome.com\/wp-content\/uploads\/2022\/10\/\u5c4f\u5e55\u5feb\u7167-2022-10-31-22.31.36-64x18.png 64w, https:\/\/thetatauhome.com\/wp-content\/uploads\/2022\/10\/\u5c4f\u5e55\u5feb\u7167-2022-10-31-22.31.36-1024x293.png 1024w, https:\/\/thetatauhome.com\/wp-content\/uploads\/2022\/10\/\u5c4f\u5e55\u5feb\u7167-2022-10-31-22.31.36-768x220.png 768w, https:\/\/thetatauhome.com\/wp-content\/uploads\/2022\/10\/\u5c4f\u5e55\u5feb\u7167-2022-10-31-22.31.36.png 1284w\" sizes=\"(max-width: 740px) 100vw, 740px\" \/><\/p>\n<ul>\n<li><strong>Modelo E600LFP<\/strong><\/li>\n<\/ul>\n<p><img decoding=\"async\" class=\"wp-image-1138 aligncenter\" src=\"https:\/\/thetatauhome.com\/wp-content\/uploads\/2022\/10\/\u5c4f\u5e55\u5feb\u7167-2022-10-31-22.31.36-300x86.png\" alt=\"\" width=\"750\" height=\"215\" srcset=\"https:\/\/thetatauhome.com\/wp-content\/uploads\/2022\/10\/\u5c4f\u5e55\u5feb\u7167-2022-10-31-22.31.36-300x86.png 300w, https:\/\/thetatauhome.com\/wp-content\/uploads\/2022\/10\/\u5c4f\u5e55\u5feb\u7167-2022-10-31-22.31.36-600x172.png 600w, https:\/\/thetatauhome.com\/wp-content\/uploads\/2022\/10\/\u5c4f\u5e55\u5feb\u7167-2022-10-31-22.31.36-64x18.png 64w, https:\/\/thetatauhome.com\/wp-content\/uploads\/2022\/10\/\u5c4f\u5e55\u5feb\u7167-2022-10-31-22.31.36-1024x293.png 1024w, https:\/\/thetatauhome.com\/wp-content\/uploads\/2022\/10\/\u5c4f\u5e55\u5feb\u7167-2022-10-31-22.31.36-768x220.png 768w, https:\/\/thetatauhome.com\/wp-content\/uploads\/2022\/10\/\u5c4f\u5e55\u5feb\u7167-2022-10-31-22.31.36.png 1284w\" sizes=\"(max-width: 750px) 100vw, 750px\" \/><\/p>\n<p><img decoding=\"async\" id=\"image-hover-icon\" style=\"position: absolute; width: 25px; height: 25px; cursor: pointer; left: 315.5px; top: 1240.88px; display: none; opacity: 0.7;\" src=\"https:\/\/statics.imgkits.com\/images\/image_translator_chrome_icon.png\" \/><\/p>","protected":false},"excerpt":{"rendered":"<ul>\n<li>Aurora200: panel solar de 4 pliegues de 200 W y 36 V<\/li>\n<li>Vmp: 36V<\/li>\n<li>Modelo compatible: E200LFP, E1500, E600LFP<\/li>\n<li>Color del paquete: Gris<\/li>\n<li>Dimensi\u00f3n de pliegue: 705 * 470 * 60 mm<\/li>\n<li>Dimensi\u00f3n de despliegue: 2086*705*25mm<\/li>\n<li>Peso: 8Kg<\/li>\n<li>Conector:\u00a0MC4<\/li>\n<li>Impermeable: IPX4 (Resistente a salpicaduras de agua)<\/li>\n<\/ul>","protected":false},"featured_media":1131,"comment_status":"open","ping_status":"closed","template":"","meta":{"om_disable_all_campaigns":false,"_monsterinsights_skip_tracking":false,"_monsterinsights_sitenote_active":false,"_monsterinsights_sitenote_note":"","_monsterinsights_sitenote_category":0,"_joinchat":[]},"product_brand":[],"product_cat":[57],"product_tag":[],"class_list":{"0":"post-1130","1":"product","2":"type-product","3":"status-publish","4":"has-post-thumbnail","6":"product_cat-pecron-accessories","7":"product_shipping_class-standard","9":"first","10":"instock","11":"sale","12":"taxable","13":"shipping-taxable","14":"purchasable","15":"product-type-simple"},"aioseo_notices":[],"jetpack_sharing_enabled":true,"_links":{"self":[{"href":"https:\/\/thetatauhome.com\/es\/wp-json\/wp\/v2\/product\/1130","targetHints":{"allow":["GET"]}}],"collection":[{"href":"https:\/\/thetatauhome.com\/es\/wp-json\/wp\/v2\/product"}],"about":[{"href":"https:\/\/thetatauhome.com\/es\/wp-json\/wp\/v2\/types\/product"}],"replies":[{"embeddable":true,"href":"https:\/\/thetatauhome.com\/es\/wp-json\/wp\/v2\/comments?post=1130"}],"version-history":[{"count":4,"href":"https:\/\/thetatauhome.com\/es\/wp-json\/wp\/v2\/product\/1130\/revisions"}],"predecessor-version":[{"id":3972,"href":"https:\/\/thetatauhome.com\/es\/wp-json\/wp\/v2\/product\/1130\/revisions\/3972"}],"wp:featuredmedia":[{"embeddable":true,"href":"https:\/\/thetatauhome.com\/es\/wp-json\/wp\/v2\/media\/1131"}],"wp:attachment":[{"href":"https:\/\/thetatauhome.com\/es\/wp-json\/wp\/v2\/media?parent=1130"}],"wp:term":[{"taxonomy":"product_brand","embeddable":true,"href":"https:\/\/thetatauhome.com\/es\/wp-json\/wp\/v2\/product_brand?post=1130"},{"taxonomy":"product_cat","embeddable":true,"href":"https:\/\/thetatauhome.com\/es\/wp-json\/wp\/v2\/product_cat?post=1130"},{"taxonomy":"product_tag","embeddable":true,"href":"https:\/\/thetatauhome.com\/es\/wp-json\/wp\/v2\/product_tag?post=1130"}],"curies":[{"name":"wp","href":"https:\/\/api.w.org\/{rel}","templated":true}]}}