{"id":902,"date":"2022-09-12T09:39:24","date_gmt":"2022-09-12T09:39:24","guid":{"rendered":"https:\/\/thetatauhome.com\/?page_id=902"},"modified":"2025-08-21T13:06:25","modified_gmt":"2025-08-21T11:06:25","slug":"about-us","status":"publish","type":"page","link":"https:\/\/thetatauhome.com\/es\/about-us\/","title":{"rendered":"Sobre nosotros"},"content":{"rendered":"<div data-elementor-type=\"wp-page\" data-elementor-id=\"902\" class=\"elementor elementor-902\" data-elementor-post-type=\"page\">\n\t\t\t\t\t\t<section class=\"elementor-section elementor-top-section elementor-element elementor-element-633df7d elementor-section-boxed elementor-section-height-default elementor-section-height-default\" data-id=\"633df7d\" data-element_type=\"section\" data-e-type=\"section\">\n\t\t\t\t\t\t<div class=\"elementor-container elementor-column-gap-default\">\n\t\t\t\t\t<div class=\"elementor-column elementor-col-100 elementor-top-column elementor-element elementor-element-e0637bf\" data-id=\"e0637bf\" data-element_type=\"column\" data-e-type=\"column\">\n\t\t\t<div class=\"elementor-widget-wrap elementor-element-populated\">\n\t\t\t\t\t\t<div class=\"elementor-element elementor-element-16005dd elementor-widget elementor-widget-heading\" data-id=\"16005dd\" data-element_type=\"widget\" data-e-type=\"widget\" data-widget_type=\"heading.default\">\n\t\t\t\t\t<h2 class=\"elementor-heading-title elementor-size-default\">8<br>8<\/h2>\t\t\t\t<\/div>\n\t\t\t\t<div class=\"elementor-element elementor-element-f8db742 elementor-widget elementor-widget-heading\" data-id=\"f8db742\" data-element_type=\"widget\" data-e-type=\"widget\" data-widget_type=\"heading.default\">\n\t\t\t\t\t<h2 class=\"elementor-heading-title elementor-size-default\">\u00bfEL UNIVERSO ES SIM\u00c9TRICO?<\/h2>\t\t\t\t<\/div>\n\t\t\t\t\t<\/div>\n\t\t<\/div>\n\t\t\t\t\t<\/div>\n\t\t<\/section>\n\t\t\t\t<section class=\"elementor-section elementor-top-section elementor-element elementor-element-40e8b59 elementor-section-boxed elementor-section-height-default elementor-section-height-default\" data-id=\"40e8b59\" data-element_type=\"section\" data-e-type=\"section\">\n\t\t\t\t\t\t<div class=\"elementor-container elementor-column-gap-default\">\n\t\t\t\t\t<div class=\"elementor-column elementor-col-100 elementor-top-column elementor-element elementor-element-5a6dd7c\" data-id=\"5a6dd7c\" data-element_type=\"column\" data-e-type=\"column\">\n\t\t\t<div class=\"elementor-widget-wrap elementor-element-populated\">\n\t\t\t\t\t\t<div class=\"elementor-element elementor-element-15314b8 elementor-widget elementor-widget-heading\" data-id=\"15314b8\" data-element_type=\"widget\" data-e-type=\"widget\" data-widget_type=\"heading.default\">\n\t\t\t\t\t<h2 class=\"elementor-heading-title elementor-size-default\">8<br>8<\/h2>\t\t\t\t<\/div>\n\t\t\t\t\t<\/div>\n\t\t<\/div>\n\t\t\t\t\t<\/div>\n\t\t<\/section>\n\t\t<div class=\"elementor-element elementor-element-c2ae930 e-flex e-con-boxed e-con e-parent\" data-id=\"c2ae930\" data-element_type=\"container\" data-e-type=\"container\">\n\t\t\t\t\t<div class=\"e-con-inner\">\n\t\t<div class=\"elementor-element elementor-element-c3b9577 e-con-full e-flex e-con e-child\" data-id=\"c3b9577\" data-element_type=\"container\" data-e-type=\"container\">\n\t\t\t\t<div class=\"elementor-element elementor-element-1cda868 elementor-widget elementor-widget-text-editor\" data-id=\"1cda868\" data-element_type=\"widget\" data-e-type=\"widget\" data-widget_type=\"text-editor.default\">\n\t\t\t\t\t\t\t\t\t<p>En 1956, en una prueba de colisi\u00f3n accidental, Dios choc\u00f3 un par de part\u00edculas \u03b8-\u03c4 (Theta y Tau), lo que cambi\u00f3 la base de la teor\u00eda f\u00edsica tradicional y rompi\u00f3 la ley de paridad del universo. Mientras, los j\u00f3venes cient\u00edficos Chen Nin Franklin y Tsung-Dao Lee demostraron por primera vez la falta de simetr\u00eda P o violaci\u00f3n de la paridad. La paridad no es sim\u00e9trica en nuestro universo, y el mundo que conoces no es el mundo que ves en tus ojos.<\/p><p>Theta (el mundo en los ojos) \u2260 Tau (el mundo real)<\/p>\t\t\t\t\t\t\t\t<\/div>\n\t\t\t\t<div class=\"elementor-element elementor-element-096500b elementor-widget elementor-widget-text-editor\" data-id=\"096500b\" data-element_type=\"widget\" data-e-type=\"widget\" data-widget_type=\"text-editor.default\">\n\t\t\t\t\t\t\t\t\t<p>En 2022, THETATAU HOME lo llevar\u00e1 a volver a comprender el mundo, romper la ley de paridad y explorar la esencia del \u03b8-\u03c4 mundo real.<\/p>\t\t\t\t\t\t\t\t<\/div>\n\t\t\t\t<\/div>\n\t\t<div class=\"elementor-element elementor-element-94dfaf6 e-con-full e-flex e-con e-child\" data-id=\"94dfaf6\" data-element_type=\"container\" data-e-type=\"container\">\n\t\t\t\t<div class=\"elementor-element elementor-element-d582ee9 elementor-widget elementor-widget-image\" data-id=\"d582ee9\" data-element_type=\"widget\" data-e-type=\"widget\" data-widget_type=\"image.default\">\n\t\t\t\t\t\t\t\t\t\t\t\t\t\t\t<img fetchpriority=\"high\" decoding=\"async\" width=\"820\" height=\"143\" src=\"https:\/\/thetatauhome.com\/wp-content\/uploads\/2024\/04\/logo-theta-tau.svg\" class=\"attachment-large size-large wp-image-3949\" alt=\"theta tau\" \/>\t\t\t\t\t\t\t\t\t\t\t\t\t\t\t<\/div>\n\t\t\t\t<\/div>\n\t\t\t\t\t<\/div>\n\t\t\t\t<\/div>\n\t\t\t\t<section class=\"elementor-section elementor-top-section elementor-element elementor-element-f4967a0 elementor-section-boxed elementor-section-height-default elementor-section-height-default\" data-id=\"f4967a0\" data-element_type=\"section\" data-e-type=\"section\">\n\t\t\t\t\t\t<div class=\"elementor-container elementor-column-gap-default\">\n\t\t\t\t\t<div class=\"elementor-column elementor-col-100 elementor-top-column elementor-element elementor-element-5ee2051\" data-id=\"5ee2051\" data-element_type=\"column\" data-e-type=\"column\">\n\t\t\t<div class=\"elementor-widget-wrap elementor-element-populated\">\n\t\t\t\t\t\t<div class=\"elementor-element elementor-element-294104c elementor-widget elementor-widget-heading\" data-id=\"294104c\" data-element_type=\"widget\" data-e-type=\"widget\" data-widget_type=\"heading.default\">\n\t\t\t\t\t<h3 class=\"elementor-heading-title elementor-size-default\">\u00bfQu\u00e9 es Thetatau Home?<\/h3>\t\t\t\t<\/div>\n\t\t\t\t\t<\/div>\n\t\t<\/div>\n\t\t\t\t\t<\/div>\n\t\t<\/section>\n\t\t\t\t<section class=\"elementor-section elementor-top-section elementor-element elementor-element-8ff55ba elementor-section-boxed elementor-section-height-default elementor-section-height-default\" data-id=\"8ff55ba\" data-element_type=\"section\" data-e-type=\"section\">\n\t\t\t\t\t\t<div class=\"elementor-container elementor-column-gap-default\">\n\t\t\t\t\t<div class=\"elementor-column elementor-col-100 elementor-top-column elementor-element elementor-element-6c3e52f\" data-id=\"6c3e52f\" data-element_type=\"column\" data-e-type=\"column\">\n\t\t\t<div class=\"elementor-widget-wrap elementor-element-populated\">\n\t\t\t\t\t\t<div class=\"elementor-element elementor-element-c43cc10 elementor-widget elementor-widget-heading\" data-id=\"c43cc10\" data-element_type=\"widget\" data-e-type=\"widget\" data-widget_type=\"heading.default\">\n\t\t\t\t\t<h2 class=\"elementor-heading-title elementor-size-default\">8<\/h2>\t\t\t\t<\/div>\n\t\t\t\t\t<\/div>\n\t\t<\/div>\n\t\t\t\t\t<\/div>\n\t\t<\/section>\n\t\t\t\t<section class=\"elementor-section elementor-top-section elementor-element elementor-element-bba0fdf elementor-section-boxed elementor-section-height-default elementor-section-height-default\" data-id=\"bba0fdf\" data-element_type=\"section\" data-e-type=\"section\">\n\t\t\t\t\t\t<div class=\"elementor-container elementor-column-gap-default\">\n\t\t\t\t\t<div class=\"elementor-column elementor-col-50 elementor-top-column elementor-element elementor-element-38f0b36\" data-id=\"38f0b36\" data-element_type=\"column\" data-e-type=\"column\">\n\t\t\t<div class=\"elementor-widget-wrap elementor-element-populated\">\n\t\t\t\t\t\t<div class=\"elementor-element elementor-element-a07a59f elementor-widget elementor-widget-text-editor\" data-id=\"a07a59f\" data-element_type=\"widget\" data-e-type=\"widget\" data-widget_type=\"text-editor.default\">\n\t\t\t\t\t\t\t\t\t<p>8<\/p>\t\t\t\t\t\t\t\t<\/div>\n\t\t\t\t<div class=\"elementor-element elementor-element-878ae19 elementor-widget elementor-widget-image\" data-id=\"878ae19\" data-element_type=\"widget\" data-e-type=\"widget\" data-widget_type=\"image.default\">\n\t\t\t\t\t\t\t\t\t\t\t\t\t\t\t<img decoding=\"async\" src=\"https:\/\/thetatauhome.com\/wp-content\/uploads\/elementor\/thumbs\/\u03b8-q0fevm6o1777mij5mk2x8fu0v4sus584ocyhgxcszc.png\" title=\"\u03b8\" alt=\"\u03b8\" loading=\"lazy\" \/>\t\t\t\t\t\t\t\t\t\t\t\t\t\t\t<\/div>\n\t\t\t\t\t<\/div>\n\t\t<\/div>\n\t\t\t\t<div class=\"elementor-column elementor-col-50 elementor-top-column elementor-element elementor-element-f47e325\" data-id=\"f47e325\" data-element_type=\"column\" data-e-type=\"column\">\n\t\t\t<div class=\"elementor-widget-wrap elementor-element-populated\">\n\t\t\t\t\t\t<div class=\"elementor-element elementor-element-7a2f7af elementor-widget elementor-widget-text-editor\" data-id=\"7a2f7af\" data-element_type=\"widget\" data-e-type=\"widget\" data-widget_type=\"text-editor.default\">\n\t\t\t\t\t\t\t\t\t<p>THETATAU HOME es el punto de encuentro entre la aventura y la innovaci\u00f3n. Creemos que acampar no es solo salir al aire libre, sino redefinir nuestra conexi\u00f3n con la naturaleza a trav\u00e9s de la libertad, la comodidad y la independencia energ\u00e9tica.<br data-start=\"432\" data-end=\"435\" \/>Al igual que la part\u00edcula \u03b8\u2013\u03c4 rompi\u00f3 las leyes establecidas de la f\u00edsica, nosotros rompemos los l\u00edmites de la vida tradicional al aire libre: ofrecemos equipos de camping inteligentes, soluciones de energ\u00eda port\u00e1til y sostenibilidad que potencian cada viaje.<\/p>\t\t\t\t\t\t\t\t<\/div>\n\t\t\t\t<div class=\"elementor-element elementor-element-dbce4d7 elementor-widget elementor-widget-text-editor\" data-id=\"dbce4d7\" data-element_type=\"widget\" data-e-type=\"widget\" data-widget_type=\"text-editor.default\">\n\t\t\t\t\t\t\t\t\t<p>Desde las monta\u00f1as m\u00e1s salvajes hasta tu propio jard\u00edn, Thetatau Home ilumina tu camino, da energ\u00eda a tu campamento y te permite explorar sin fronteras.<\/p>\t\t\t\t\t\t\t\t<\/div>\n\t\t\t\t\t<\/div>\n\t\t<\/div>\n\t\t\t\t\t<\/div>\n\t\t<\/section>\n\t\t<div class=\"elementor-element elementor-element-6a1181d e-flex e-con-boxed e-con e-parent\" data-id=\"6a1181d\" data-element_type=\"container\" data-e-type=\"container\">\n\t\t\t\t\t<div class=\"e-con-inner\">\n\t\t\t\t<div class=\"elementor-element elementor-element-e41d986 elementor-widget-divider--view-line elementor-widget elementor-widget-divider\" data-id=\"e41d986\" data-element_type=\"widget\" data-e-type=\"widget\" data-widget_type=\"divider.default\">\n\t\t\t\t\t\t\t<div class=\"elementor-divider\">\n\t\t\t<span class=\"elementor-divider-separator\">\n\t\t\t\t\t\t<\/span>\n\t\t<\/div>\n\t\t\t\t\t\t<\/div>\n\t\t\t\t\t<\/div>\n\t\t\t\t<\/div>\n\t\t\t\t<section class=\"elementor-section elementor-top-section elementor-element elementor-element-80dece1 elementor-section-boxed elementor-section-height-default elementor-section-height-default\" data-id=\"80dece1\" data-element_type=\"section\" data-e-type=\"section\">\n\t\t\t\t\t\t<div class=\"elementor-container elementor-column-gap-default\">\n\t\t\t\t\t<div class=\"elementor-column elementor-col-100 elementor-top-column elementor-element elementor-element-8146d12\" data-id=\"8146d12\" data-element_type=\"column\" data-e-type=\"column\">\n\t\t\t<div class=\"elementor-widget-wrap elementor-element-populated\">\n\t\t\t\t\t\t<div class=\"elementor-element elementor-element-2e2f6e5 elementor-widget elementor-widget-heading\" data-id=\"2e2f6e5\" data-element_type=\"widget\" data-e-type=\"widget\" data-widget_type=\"heading.default\">\n\t\t\t\t\t<h3 class=\"elementor-heading-title elementor-size-default\">Los productos \"X\"<\/h3>\t\t\t\t<\/div>\n\t\t\t\t\t<\/div>\n\t\t<\/div>\n\t\t\t\t\t<\/div>\n\t\t<\/section>\n\t\t\t\t<section class=\"elementor-section elementor-top-section elementor-element elementor-element-1bbdda3 elementor-section-boxed elementor-section-height-default elementor-section-height-default\" data-id=\"1bbdda3\" data-element_type=\"section\" data-e-type=\"section\">\n\t\t\t\t\t\t<div class=\"elementor-container elementor-column-gap-default\">\n\t\t\t\t\t<div class=\"elementor-column elementor-col-100 elementor-top-column elementor-element elementor-element-491aa0d\" data-id=\"491aa0d\" data-element_type=\"column\" data-e-type=\"column\">\n\t\t\t<div class=\"elementor-widget-wrap elementor-element-populated\">\n\t\t\t\t\t\t<div class=\"elementor-element elementor-element-3bd8654 elementor-widget elementor-widget-image\" data-id=\"3bd8654\" data-element_type=\"widget\" data-e-type=\"widget\" data-widget_type=\"image.default\">\n\t\t\t\t\t\t\t\t\t\t\t\t\t\t\t<img decoding=\"async\" width=\"768\" height=\"432\" src=\"https:\/\/thetatauhome.com\/wp-content\/uploads\/2023\/01\/X-768x432.png\" class=\"attachment-medium_large size-medium_large wp-image-2605\" alt=\"\" srcset=\"https:\/\/thetatauhome.com\/wp-content\/uploads\/2023\/01\/X-768x432.png 768w, https:\/\/thetatauhome.com\/wp-content\/uploads\/2023\/01\/X-300x169.png 300w, https:\/\/thetatauhome.com\/wp-content\/uploads\/2023\/01\/X-600x338.png 600w, https:\/\/thetatauhome.com\/wp-content\/uploads\/2023\/01\/X-64x36.png 64w, https:\/\/thetatauhome.com\/wp-content\/uploads\/2023\/01\/X-1024x576.png 1024w, https:\/\/thetatauhome.com\/wp-content\/uploads\/2023\/01\/X-1536x864.png 1536w, https:\/\/thetatauhome.com\/wp-content\/uploads\/2023\/01\/X-18x10.png 18w, https:\/\/thetatauhome.com\/wp-content\/uploads\/2023\/01\/X.png 1920w\" sizes=\"(max-width: 768px) 100vw, 768px\" \/>\t\t\t\t\t\t\t\t\t\t\t\t\t\t\t<\/div>\n\t\t\t\t\t<\/div>\n\t\t<\/div>\n\t\t\t\t\t<\/div>\n\t\t<\/section>\n\t\t<div class=\"elementor-element elementor-element-b50119b e-flex e-con-boxed e-con e-parent\" data-id=\"b50119b\" data-element_type=\"container\" data-e-type=\"container\">\n\t\t\t\t\t<div class=\"e-con-inner\">\n\t\t<div class=\"elementor-element elementor-element-cbde0bf e-con-full e-flex e-con e-child\" data-id=\"cbde0bf\" data-element_type=\"container\" data-e-type=\"container\">\n\t\t\t\t<div class=\"elementor-element elementor-element-af6d13a elementor-widget__width-initial elementor-widget elementor-widget-text-editor\" data-id=\"af6d13a\" data-element_type=\"widget\" data-e-type=\"widget\" data-widget_type=\"text-editor.default\">\n\t\t\t\t\t\t\t\t\t<p>En THETATAU HOME, \u201cX\u201d no es solo un s\u00edmbolo. Representa lo desconocido, la innovaci\u00f3n y la libertad de redefinir la vida al aire libre.<br data-start=\"471\" data-end=\"474\" \/>Desde X-Tent, X-Sleeping, X-Camping, X-Hiking, X-Cooking, X-Accessories hasta X-Epower, creamos un ecosistema completo para tus aventuras, combinando dise\u00f1o inteligente, sostenibilidad y tecnolog\u00eda innovadora.<\/p>\t\t\t\t\t\t\t\t<\/div>\n\t\t\t\t<div class=\"elementor-element elementor-element-25ca770 elementor-widget__width-initial elementor-widget elementor-widget-text-editor\" data-id=\"25ca770\" data-element_type=\"widget\" data-e-type=\"widget\" data-widget_type=\"text-editor.default\">\n\t\t\t\t\t\t\t\t\t<p>Nos enorgullece ser socio oficial de Naturehike, Pecron y Anker, reuniendo el mejor equipamiento de camping y soluciones energ\u00e9ticas de clase mundial para que cada exploraci\u00f3n sea ilimitada.<\/p>\t\t\t\t\t\t\t\t<\/div>\n\t\t\t\t<\/div>\n\t\t\t\t\t<\/div>\n\t\t\t\t<\/div>\n\t\t<div class=\"elementor-element elementor-element-9e19984 e-flex e-con-boxed e-con e-parent\" data-id=\"9e19984\" data-element_type=\"container\" data-e-type=\"container\">\n\t\t\t\t\t<div class=\"e-con-inner\">\n\t\t\t\t<div class=\"elementor-element elementor-element-34e1532 elementor-widget elementor-widget-image-carousel\" data-id=\"34e1532\" data-element_type=\"widget\" data-e-type=\"widget\" data-settings=\"{&quot;slides_to_show&quot;:&quot;3&quot;,&quot;slides_to_scroll&quot;:&quot;1&quot;,&quot;navigation&quot;:&quot;none&quot;,&quot;autoplay_speed&quot;:400,&quot;speed&quot;:5000,&quot;autoplay&quot;:&quot;yes&quot;,&quot;pause_on_hover&quot;:&quot;yes&quot;,&quot;pause_on_interaction&quot;:&quot;yes&quot;,&quot;infinite&quot;:&quot;yes&quot;}\" data-widget_type=\"image-carousel.default\">\n\t\t\t\t\t\t\t<div class=\"elementor-image-carousel-wrapper swiper\" role=\"region\" aria-roledescription=\"carousel\" aria-label=\"Carrusel de im\u00e1genes\" dir=\"ltr\">\n\t\t\t<div class=\"elementor-image-carousel swiper-wrapper\" aria-live=\"off\">\n\t\t\t\t\t\t\t\t<div class=\"swiper-slide\" role=\"group\" aria-roledescription=\"slide\" aria-label=\"1 de 3\" data-no-translation-aria-label=\"\"><figure class=\"swiper-slide-inner\"><img decoding=\"async\" class=\"swiper-slide-image\" src=\"https:\/\/thetatauhome.com\/wp-content\/uploads\/2025\/08\/W1siZiIsIjIzNjg2L2F0dGFjaGVkX3Bob3Rvcy8xNzA1NDYxODQ0X-acquWRveWQjS0xLnBuZy5wbmciXV0-1-300x300.png\" alt=\"W1siZiIsIjIzNjg2L2F0dGFjaGVkX3Bob3Rvcy8xNzA1NDYxODQ0X-acquWRveWQjS0xLnBuZy5wbmciXV0 (1)\" \/><\/figure><\/div><div class=\"swiper-slide\" role=\"group\" aria-roledescription=\"slide\" aria-label=\"2 de 3\" data-no-translation-aria-label=\"\"><figure class=\"swiper-slide-inner\"><img decoding=\"async\" class=\"swiper-slide-image\" src=\"https:\/\/thetatauhome.com\/wp-content\/uploads\/2025\/08\/Anker-300x300.png\" alt=\"Anker\" \/><\/figure><\/div><div class=\"swiper-slide\" role=\"group\" aria-roledescription=\"slide\" aria-label=\"3 de 3\" data-no-translation-aria-label=\"\"><figure class=\"swiper-slide-inner\"><img decoding=\"async\" class=\"swiper-slide-image\" src=\"https:\/\/thetatauhome.com\/wp-content\/uploads\/2025\/08\/Pecron-1-300x300.png\" alt=\"Pecron (1)\" \/><\/figure><\/div>\t\t\t<\/div>\n\t\t\t\t\t\t\t\n\t\t\t\t\t\t\t\t\t<\/div>\n\t\t\t\t\t\t<\/div>\n\t\t\t\t\t<\/div>\n\t\t\t\t<\/div>\n\t\t<div class=\"elementor-element elementor-element-e967ec3 e-flex e-con-boxed e-con e-parent\" data-id=\"e967ec3\" data-element_type=\"container\" data-e-type=\"container\">\n\t\t\t\t\t<div class=\"e-con-inner\">\n\t\t\t\t<div class=\"elementor-element elementor-element-15f9c5e elementor-widget-divider--view-line elementor-widget elementor-widget-divider\" data-id=\"15f9c5e\" data-element_type=\"widget\" data-e-type=\"widget\" data-widget_type=\"divider.default\">\n\t\t\t\t\t\t\t<div class=\"elementor-divider\">\n\t\t\t<span class=\"elementor-divider-separator\">\n\t\t\t\t\t\t<\/span>\n\t\t<\/div>\n\t\t\t\t\t\t<\/div>\n\t\t\t\t\t<\/div>\n\t\t\t\t<\/div>\n\t\t\t\t<section class=\"elementor-section elementor-top-section elementor-element elementor-element-42b7c2b elementor-section-boxed elementor-section-height-default elementor-section-height-default\" data-id=\"42b7c2b\" data-element_type=\"section\" data-e-type=\"section\">\n\t\t\t\t\t\t<div class=\"elementor-container elementor-column-gap-default\">\n\t\t\t\t\t<div class=\"elementor-column elementor-col-100 elementor-top-column elementor-element elementor-element-7744b8a\" data-id=\"7744b8a\" data-element_type=\"column\" data-e-type=\"column\">\n\t\t\t<div class=\"elementor-widget-wrap elementor-element-populated\">\n\t\t\t\t\t\t<div class=\"elementor-element elementor-element-77a75d3 elementor-widget elementor-widget-heading\" data-id=\"77a75d3\" data-element_type=\"widget\" data-e-type=\"widget\" data-widget_type=\"heading.default\">\n\t\t\t\t\t<h2 class=\"elementor-heading-title elementor-size-large\"><br><br><span style=\"font-size: 16px;text-align: center;white-space: normal\"><b>THETATAU HOME, adhiri\u00e9ndose al concepto de protecci\u00f3n ambiental y desarrollo sostenible, selecciona productos que se ajustan a los temas de tecnolog\u00eda, innovaci\u00f3n y protecci\u00f3n ambiental. Da vida a \"X\" y demuestra la diversidad del universo.<\/b><\/span><br><br><br><\/h2>\t\t\t\t<\/div>\n\t\t\t\t\t<\/div>\n\t\t<\/div>\n\t\t\t\t\t<\/div>\n\t\t<\/section>\n\t\t\t\t<\/div>","protected":false},"excerpt":{"rendered":"<p>88 IS THE UNIVERSE SYMMETRICAL? 88 In 1956, in an accidental collision test, God collided a pair of \u03b8-\u03c4 particles (Theta and Tau), changing the basis of traditional physical theory and breaking the law of parity of the universe. Meanwhile, young scientists Chen Nin Franklin and Tsung-Dao Lee first demonstrated P lack of symmetry, or [&hellip;]<\/p>","protected":false},"author":1,"featured_media":0,"parent":0,"menu_order":0,"comment_status":"closed","ping_status":"closed","template":"elementor_header_footer","meta":{"om_disable_all_campaigns":false,"_monsterinsights_skip_tracking":false,"_monsterinsights_sitenote_active":false,"_monsterinsights_sitenote_note":"","_monsterinsights_sitenote_category":0,"_joinchat":[],"footnotes":""},"class_list":["post-902","page","type-page","status-publish","hentry"],"blocksy_meta":{"styles_descriptor":{"styles":{"desktop":"","tablet":"","mobile":""},"google_fonts":[],"version":6}},"aioseo_notices":[],"jetpack_sharing_enabled":true,"_links":{"self":[{"href":"https:\/\/thetatauhome.com\/es\/wp-json\/wp\/v2\/pages\/902","targetHints":{"allow":["GET"]}}],"collection":[{"href":"https:\/\/thetatauhome.com\/es\/wp-json\/wp\/v2\/pages"}],"about":[{"href":"https:\/\/thetatauhome.com\/es\/wp-json\/wp\/v2\/types\/page"}],"author":[{"embeddable":true,"href":"https:\/\/thetatauhome.com\/es\/wp-json\/wp\/v2\/users\/1"}],"replies":[{"embeddable":true,"href":"https:\/\/thetatauhome.com\/es\/wp-json\/wp\/v2\/comments?post=902"}],"version-history":[{"count":106,"href":"https:\/\/thetatauhome.com\/es\/wp-json\/wp\/v2\/pages\/902\/revisions"}],"predecessor-version":[{"id":9164,"href":"https:\/\/thetatauhome.com\/es\/wp-json\/wp\/v2\/pages\/902\/revisions\/9164"}],"wp:attachment":[{"href":"https:\/\/thetatauhome.com\/es\/wp-json\/wp\/v2\/media?parent=902"}],"curies":[{"name":"wp","href":"https:\/\/api.w.org\/{rel}","templated":true}]}}