{"id":2479,"date":"2023-01-08T15:13:17","date_gmt":"2023-01-08T15:13:17","guid":{"rendered":"https:\/\/thetatauhome.com\/?page_id=2479"},"modified":"2023-11-14T21:17:39","modified_gmt":"2023-11-14T20:17:39","slug":"privacy-policy","status":"publish","type":"page","link":"https:\/\/thetatauhome.com\/es\/privacy-policy\/","title":{"rendered":"Pol\u00edtica de privacidad"},"content":{"rendered":"<h4 class=\"wp-block-heading\"><strong>1.<\/strong> <strong>INFORMACI\u00d3N AL USUARIO<\/strong><\/h4>\n\n\n\n<p><strong>THETATAU CORP, S.L. <\/strong>, como Responsable del Tratamiento, le informa que, seg\u00fan lo dispuesto en el Reglamento (UE) 2016\/679, de 27 de abril, (RGPD) y en la L.O. 3\/2018, de 5 de diciembre, de protecci\u00f3n de datos y garant\u00eda de los derechos digitales (LOPDGDD), trataremos su datos tal y como reflejamos en la presente Pol\u00edtica de privacidad.<\/p>\n\n\n\n<p>En esta Pol\u00edtica de Privacidad describimos c\u00f3mo recogemos sus datos personales y por qu\u00e9 los recogemos, qu\u00e9 hacemos con ellos, con qui\u00e9n los compartimos, c\u00f3mo los protegemos y sus opciones en cuanto al tratamiento de sus datos personales.<\/p>\n\n\n\n<p>Esta Pol\u00edtica se aplica al tratamiento de sus datos personales recogidos por la empresa para la prestaci\u00f3n de sus servicios. Si acepta las medidas de esta Pol\u00edtica, acepta que tratemos sus datos personales como se define en esta Pol\u00edtica.<\/p>\n\n\n\n<h4 class=\"wp-block-heading\"><strong>2. CONTACTO<\/strong><\/h4>\n\n\n\n<p>Nombre de empresa: <strong>THETATAU CORP, S.L.<\/strong><\/p>\n\n\n\n<p>Nombre comercial: <strong>THETATAU CORP.<\/strong><\/p>\n\n\n\n<p>CIF: <strong>B72515109<\/strong><\/p>\n\n\n\n<p>Domicilio: <strong>URBANIZACI\u00d3N SANTELVIRA 15, 08110, BARCELONA<\/strong><\/p>\n\n\n\n<p>correo electr\u00f3nico: <strong>soporte@emove.homes<\/strong><\/p>\n\n\n\n<h4 class=\"wp-block-heading\"><strong>3. PRINCIPIOS CLAVE<\/strong><\/h4>\n\n\n\n<p>Siempre hemos estado comprometidos con prestar nuestros servicios con el m\u00e1s alto grado de calidad, lo que incluye tratar sus datos con seguridad y transparencia. Nuestros principios son:<\/p>\n\n\n\n<p class=\"translation-block\">\u25cf <strong>Legalidad<\/strong>: Solo recopilaremos sus Datos personales para fines espec\u00edficos, expl\u00edcitos y leg\u00edtimos.<\/p>\n\n\n\n<p class=\"translation-block\">\u25cf <strong>Minimizaci\u00f3n de datos<\/strong>:  Limitamos la recogida de datos de car\u00e1cter personal a lo que es estrictamente relevante y necesario para los fines para los que se han recopilado.<\/p>\n\n\n\n<p>\u25cf&nbsp; <strong>Limitaci\u00f3n de la Finalidad<\/strong>: Solo recogeremos sus datos personales para los fines declarados y solo seg\u00fan sus deseos.<\/p>\n\n\n\n<p>\u25cf&nbsp; <strong>Precisi\u00f3n<\/strong>: Mantendremos sus datos personales exactos y actualizados.<\/p>\n\n\n\n<p>\u25cf&nbsp; <strong>Seguridad de los Datos<\/strong>: Aplicamos las medidas t\u00e9cnicas y organizativas adecuadas y proporcionales a los riesgos para garantizar que sus datos no sufran da\u00f1os, tales como divulgaci\u00f3n o acceso no autorizado, la destrucci\u00f3n accidental o il\u00edcita o su p\u00e9rdida accidental o alteraci\u00f3n y cualquier otra forma de tratamiento il\u00edcito.<\/p>\n\n\n\n<p>\u25cf&nbsp; <strong>Acceso y Rectificaci\u00f3n<\/strong>: Disponemos de medios para que acceda o rectifique sus datos cuando lo considere oportuno.<\/p>\n\n\n\n<p>\u25cf&nbsp; <strong>Conservaci\u00f3n<\/strong>: Conservamos sus datos personales de manera legal y apropiada y solo mientras es necesario para los fines para los que se han recopilado.<\/p>\n\n\n\n<p>\u25cf&nbsp; <strong>Las transferencias internacionales<\/strong>: cuando se d\u00e9 el caso de que sus datos vayan a ser transferidos fuera de la UE\/EEE se proteger\u00e1n adecuadamente.<\/p>\n\n\n\n<p>\u25cf&nbsp; <strong>Terceros<\/strong>: El acceso y transferencia de datos personales a terceros se llevan a cabo de acuerdo con las leyes y reglamentos aplicables y con las garant\u00edas contractuales adecuadas.<\/p>\n\n\n\n<p>\u25cf&nbsp; <strong>Marketing Directo y cookies<\/strong>: Cumplimos con la legislaci\u00f3n aplicable en materia de publicidad y cookies.<\/p>\n\n\n\n<h4 class=\"wp-block-heading\"><strong>4. RECOGIDA Y TRATAMIENTO DE SUS DATOS PERSONALES<\/strong><\/h4>\n\n\n\n<p>Cuando visita el Sitio, recopilamos cierta informaci\u00f3n sobre su dispositivo, su interacci\u00f3n con el Sitio y la informaci\u00f3n necesaria para procesar sus compras. Tambi\u00e9n podemos recopilar informaci\u00f3n adicional si se comunica con nosotros para obtener atenci\u00f3n al cliente. En esta Pol\u00edtica de privacidad, nos referimos a cualquier informaci\u00f3n que pueda identificar de manera \u00fanica a una persona (incluida la informaci\u00f3n a continuaci\u00f3n) como \"Informaci\u00f3n personal\". Consulte la lista a continuaci\u00f3n para obtener m\u00e1s informaci\u00f3n sobre qu\u00e9 informaci\u00f3n personal recopilamos y por qu\u00e9.<\/p>\n\n\n\n<p>Las tipos de datos que se pueden solicitar y tratar son:<\/p>\n\n\n\n<p>\u25cf\u00a0Ejemplos de informaci\u00f3n personal recopilada: versi\u00f3n del navegador web, direcci\u00f3n IP, zona horaria, informaci\u00f3n de cookies, qu\u00e9 sitios o productos ve, t\u00e9rminos de b\u00fasqueda y c\u00f3mo interact\u00faa con el sitio.<\/p>\n\n\n\n<p>\u25cf Prop\u00f3sito de la recopilaci\u00f3n: para cargar el Sitio con precisi\u00f3n para usted y para realizar an\u00e1lisis sobre el uso del Sitio para optimizar nuestro Sitio.<\/p>\n\n\n\n<p>\u25cf Fuente de la recopilaci\u00f3n: Recopilada autom\u00e1ticamente cuando accede a nuestro Sitio mediante cookies, archivos de registro, balizas web, etiquetas o p\u00edxeles [AGREGAR O RESTAR CUALQUIER OTRA TECNOLOG\u00cdA DE SEGUIMIENTO UTILIZADA].<\/p>\n\n\n\n<p>\u25cf\u00a0Divulgaci\u00f3n con fines comerciales: compartida con nuestro procesador [AGREGAR CUALQUIER OTRO PROVEEDOR CON QUIEN COMPARTA ESTA INFORMACI\u00d3N].<\/p>\n\n\n\n<p>Tambi\u00e9n recogemos de forma autom\u00e1tica datos sobre su visita a nuestro sitio web  seg\u00fan se describe en la pol\u00edtica de cookies.<\/p>\n\n\n\n<p>Siempre que solicitemos sus Datos personales, le informaremos con claridad de qu\u00e9 datos personales recogemos y con qu\u00e9 fin. En general, recogemos y tratamos sus datos personales con el prop\u00f3sito de:<\/p>\n\n\n\n<p>\u25cf\u00a0Ejemplos de informaci\u00f3n personal recopilada: nombre, direcci\u00f3n de facturaci\u00f3n, direcci\u00f3n de env\u00edo, informaci\u00f3n de pago (incluidos los n\u00fameros de tarjeta de cr\u00e9dito [INSERTAR CUALQUIER OTRO TIPO DE PAGO ACEPTADO]), direcci\u00f3n de correo electr\u00f3nico y n\u00famero de tel\u00e9fono.<\/p>\n\n\n\n<p>\u25cf\u00a0Prop\u00f3sito de la recopilaci\u00f3n: proporcionarle productos o servicios para cumplir con nuestro contrato, procesar su informaci\u00f3n de pago, organizar el env\u00edo y proporcionarle facturas y\/o confirmaciones de pedidos, comunicarnos con usted, examinar nuestros pedidos en busca de posibles riesgos o fraudes y, cuando est\u00e9n en l\u00ednea con las preferencias que ha compartido con nosotros, proporcionarle informaci\u00f3n o publicidad relacionada con nuestros productos o servicios.<\/p>\n\n\n\n<p>\u25cf\u00a0Fuente de la recopilaci\u00f3n: recopilada de usted.<\/p>\n\n\n\n<p>\u25cf\u00a0Divulgaci\u00f3n con fines comerciales: compartida con nuestro procesador [AGREGAR CUALQUIER OTRO PROVEEDOR CON QUIEN COMPARTA ESTA INFORMACI\u00d3N. POR EJEMPLO, CANALES DE VENTA, PASARELAS DE PAGO, APLICACIONES DE ENV\u00cdO Y CUMPLIMIENTO].<\/p>\n\n\n\n<h4 class=\"wp-block-heading\"><strong>5. LEGITIMIDAD<\/strong><\/h4>\n\n\n\n<p>De acuerdo con la normativa de protecci\u00f3n de datos aplicable, sus datos personales podr\u00e1n tratarse siempre que:<\/p>\n\n\n\n<p>\u25cf\u00a0Nos ha dado su consentimiento a los efectos del tratamiento. Por supuesto podr\u00e1 retirar su consentimiento en cualquier momento.<\/p>\n\n\n\n<p>\u25cf Por requerimiento legal.<\/p>\n\n\n\n<p>\u25cf\u00a0Por exisitr un inter\u00e9s leg\u00edtimo que no se vea menoscabado por sus derechos de privacidad, como por ejemplo el env\u00edo de informaci\u00f3n comercial bien por suscripci\u00f3n a nuestra newsletter o por su condici\u00f3n de cliente.<\/p>\n\n\n\n<p>\u25cf Por se necesaria para la prestaci\u00f3n de alguno de nuestros servicios mediante relaci\u00f3n contractual entre usted y nosotros.<\/p>\n\n\n\n<h4 class=\"wp-block-heading\"><strong>6. COMUNICACI\u00d3N DE DATOS PERSONALES<\/strong><\/h4>\n\n\n\n<p>Los datos pueden ser comunicados a empresas relacionadas con <strong>THETATAU CORP, S.L. <\/strong>para la prestaci\u00f3n de los diversos servicios en calidad de Encargados del Tratamiento. La empresa no realizar\u00e1 ninguna cesi\u00f3n, salvo por obligaci\u00f3n legal.<\/p>\n\n\n\n<h4 class=\"wp-block-heading\"><strong>7. SUS DERECHOS<\/strong><\/h4>\n\n\n\n<p>En relaci\u00f3n con la recogida y tratamiento de sus datos personales, puede ponerse en contacto con nosotros en cualquier momento para:<\/p>\n\n\n\n<p>\u25cf\u00a0Acceder a sus datos personales y a cualquier otra informaci\u00f3n indicada en el Art\u00edculo 15.1 del RGPD.<\/p>\n\n\n\n<p>\u25cf\u00a0Rectificar sus datos personales que sean inexactos o est\u00e9n incompletos de acuerdo con el Art\u00edculo 16 del RGPD.<\/p>\n\n\n\n<p>\u25cf\u00a0Suprimir sus datos personales de acuerdo con el Art\u00edculo 17 del RGPD.<\/p>\n\n\n\n<p>\u25cf\u00a0Limitar el tratamiento de sus datos personales de acuerdo con el Art\u00edculo 18 del RGPD.<\/p>\n\n\n\n<p>\u25cf Solicitar la portabilidad de sus datos de acuerdo con el Art\u00edculo 20 del RGPD.<\/p>\n\n\n\n<p>\u25cf\u00a0Oponerse al tratamiento de sus datos personales de acuerdo con el art\u00edculo 21 del RGPD.<\/p>\n\n\n\n<p>Si ha otorgado su consentimiento para alguna finalidad concreta, tiene derecho a retirar el consentimiento otorgado en cualquier momento, sin que ello afecte a la licitud del tratamiento basado en el consentimiento previo a su retirada rrhh.<\/p>\n\n\n\n<p>Puede ejercer estos derechos enviando comunicaci\u00f3n, motivada y acreditada, a <strong>soporte@emove.homes<\/strong>. Tambi\u00e9n tiene derecho a presentar una reclamaci\u00f3n ante la Autoridad de control competente (<a href=\"https:\/\/aepd.es\/\">www.aepd.es<\/a>) si considera que el tratamiento no se ajusta a la normativa vigente.<\/p>\n\n\n\n<h4 class=\"wp-block-heading\"><strong>8. INFORMACI\u00d3N LEGAL<\/strong><\/h4>\n\n\n\n<p>Los requisitos de esta Pol\u00edtica complementan, y no reemplazan, cualquier otro requisito existente bajo la ley de protecci\u00f3n de datos aplicable, que ser\u00e1 la que prevalezca en cualquier caso.<\/p>\n\n\n\n<p>Esta Pol\u00edtica est\u00e1 sujeta a revisiones peri\u00f3dicas y la empresa puede modificarla en cualquier momento. Cuando esto ocurra, le avisaremos de cualquier cambio y le pediremos que vuelva a leer la versi\u00f3n m\u00e1s reciente de nuestra Pol\u00edtica y que confirme su aceptaci\u00f3n.<\/p>","protected":false},"excerpt":{"rendered":"<p>1. USER INFORMATION THETATAU CORP, SL , as Data Controller, informs you that, according to the provisions of Regulation (EU) 2016\/679, of April 27, (RGPD) and LO 3\/2018, of December 5, on the protection of data and guarantee of digital rights (LOPDGDD), we will treat your data as reflected in this Privacy Policy. In this [&hellip;]<\/p>","protected":false},"author":1,"featured_media":0,"parent":0,"menu_order":0,"comment_status":"closed","ping_status":"closed","template":"","meta":{"om_disable_all_campaigns":false,"_monsterinsights_skip_tracking":false,"_monsterinsights_sitenote_active":false,"_monsterinsights_sitenote_note":"","_monsterinsights_sitenote_category":0,"_joinchat":[],"footnotes":""},"class_list":["post-2479","page","type-page","status-publish","hentry"],"blocksy_meta":{"styles_descriptor":{"styles":{"desktop":"","tablet":"","mobile":""},"google_fonts":[],"version":6}},"aioseo_notices":[],"jetpack_sharing_enabled":true,"_links":{"self":[{"href":"https:\/\/thetatauhome.com\/es\/wp-json\/wp\/v2\/pages\/2479","targetHints":{"allow":["GET"]}}],"collection":[{"href":"https:\/\/thetatauhome.com\/es\/wp-json\/wp\/v2\/pages"}],"about":[{"href":"https:\/\/thetatauhome.com\/es\/wp-json\/wp\/v2\/types\/page"}],"author":[{"embeddable":true,"href":"https:\/\/thetatauhome.com\/es\/wp-json\/wp\/v2\/users\/1"}],"replies":[{"embeddable":true,"href":"https:\/\/thetatauhome.com\/es\/wp-json\/wp\/v2\/comments?post=2479"}],"version-history":[{"count":8,"href":"https:\/\/thetatauhome.com\/es\/wp-json\/wp\/v2\/pages\/2479\/revisions"}],"predecessor-version":[{"id":6748,"href":"https:\/\/thetatauhome.com\/es\/wp-json\/wp\/v2\/pages\/2479\/revisions\/6748"}],"wp:attachment":[{"href":"https:\/\/thetatauhome.com\/es\/wp-json\/wp\/v2\/media?parent=2479"}],"curies":[{"name":"wp","href":"https:\/\/api.w.org\/{rel}","templated":true}]}}